{"id":511568,"date":"2025-09-05T12:22:31","date_gmt":"2025-09-05T12:22:31","guid":{"rendered":"https:\/\/www.erresse-shop.it\/?post_type=product&#038;p=511568"},"modified":"2025-09-05T12:35:18","modified_gmt":"2025-09-05T12:35:18","slug":"caso-design-rebanador-multislicer","status":"publish","type":"product","link":"https:\/\/www.erresse-shop.it\/es\/shop\/pequenos-electrodomesticos\/cortadoras\/caso-design-rebanador-multislicer\/","title":{"rendered":"CASO DESIGN Rebanador MultiSlicer"},"content":{"rendered":"<p>Rebanar, rallar, triturar: la vers\u00e1til CASO MultiSlicer<br \/>\nDale un nuevo impulso a tu rutina en la cocina con la CASO MultiSlicer. Este rallador el\u00e9ctrico 5 en 1 combina comodidad, eficiencia y versatilidad en un dispositivo compacto.<\/p>\n<p>Ya sea fruta, verdura, queso, frutos secos o chocolate, la MultiSlicer rebana, ralla y tritura sin esfuerzo tus ingredientes, facilitando la preparaci\u00f3n de deliciosos platos.<\/p>\n<p>Resultados perfectos gracias a su tecnolog\u00eda innovadora<\/p>\n<p>Con sus cinco accesorios intercambiables, la CASO MultiSlicer ofrece la m\u00e1xima flexibilidad. Ya sea que necesites rebanadas finas, juliana gruesa o fina, triturar o rizar para platos creativos, encontrar\u00e1s la herramienta perfecta para cada tarea.<\/p>\n<p>Esto la hace ideal para preparar guarniciones como tortitas de patata, patatas fritas crujientes, queso rallado o ensaladas frescas. Seguro, r\u00e1pido y f\u00e1cil de usar<\/p>\n<p>Las aberturas de alimentaci\u00f3n, grandes y peque\u00f1as, permiten procesar sin esfuerzo ingredientes como patatas enteras o calabacines.<\/p>\n<p>Para m\u00e1xima seguridad, la funci\u00f3n de parada de seguridad detiene inmediatamente la rotaci\u00f3n del aparato al retirar el empujador grande.<\/p>\n<p>El potente motor de 80 vatios garantiza resultados r\u00e1pidos y consistentes, mientras que el manejo con un solo toque simplifica enormemente.<\/p>\n<p>F\u00e1cil de limpiar y ahorra espacio<\/p>\n<p>La MultiSlicer CASO est\u00e1 dise\u00f1ada para integrarse a la perfecci\u00f3n en su rutina diaria.<\/p>\n<p>Los accesorios extra\u00edbles son aptos para lavavajillas, lo que facilita enormemente la limpieza despu\u00e9s de la preparaci\u00f3n.<\/p>\n<p>Gracias a su dise\u00f1o compacto, la MultiSlicer se adapta f\u00e1cilmente incluso a las cocinas m\u00e1s peque\u00f1as.<\/p>\n<p>Dimensiones: 15,3 x 14 x 32,8 cm<br \/>\nPeso: 1,81 kg<\/p>\n","protected":false},"excerpt":{"rendered":"<p>Rebanar, rallar, triturar: la vers\u00e1til CASO MultiSlicer Dale un nuevo impulso a tu rutina en la cocina con la CASO<\/p>\n","protected":false},"featured_media":511592,"template":"","meta":{"_acf_changed":false,"inline_featured_image":false},"product_cat":[17345,16073],"product_tag":[21849,21846,16259,17357],"acf":[],"yoast_head":"<!-- This site is optimized with the Yoast SEO Premium plugin v18.6 (Yoast SEO v19.13) - https:\/\/yoast.com\/wordpress\/plugins\/seo\/ -->\n<title>CASO DESIGN Rebanador MultiSlicer - Erresse Shop<\/title>\n<meta name=\"description\" content=\"Rebanar, rallar, triturar: la vers\u00e1til CASO MultiSlicer Dale un nuevo impulso a tu rutina en la cocina con la CASO MultiSlicer. Este rallador el\u00e9ctrico 5\" \/>\n<meta name=\"robots\" content=\"index, follow, max-snippet:-1, max-image-preview:large, max-video-preview:-1\" \/>\n<link rel=\"canonical\" href=\"https:\/\/www.erresse-shop.it\/es\/shop\/pequenos-electrodomesticos\/cortadoras\/caso-design-rebanador-multislicer\/\" \/>\n<meta property=\"og:locale\" content=\"es_ES\" \/>\n<meta property=\"og:type\" content=\"article\" \/>\n<meta property=\"og:title\" content=\"CASO DESIGN Rebanador MultiSlicer\" \/>\n<meta property=\"og:description\" content=\"Rebanar, rallar, triturar: la vers\u00e1til CASO MultiSlicer Dale un nuevo impulso a tu rutina en la cocina con la CASO MultiSlicer. Este rallador el\u00e9ctrico 5\" \/>\n<meta property=\"og:url\" content=\"https:\/\/www.erresse-shop.it\/es\/shop\/pequenos-electrodomesticos\/cortadoras\/caso-design-rebanador-multislicer\/\" \/>\n<meta property=\"og:site_name\" content=\"Erresse Shop\" \/>\n<meta property=\"article:modified_time\" content=\"2025-09-05T12:35:18+00:00\" \/>\n<meta property=\"og:image\" content=\"https:\/\/www.erresse-shop.it\/wp-content\/uploads\/2025\/09\/CASO-DESIGN-Affettatrice-MultiSlicer.jpg\" \/>\n\t<meta property=\"og:image:width\" content=\"1200\" \/>\n\t<meta property=\"og:image:height\" content=\"1200\" \/>\n\t<meta property=\"og:image:type\" content=\"image\/jpeg\" \/>\n<meta name=\"twitter:card\" content=\"summary_large_image\" \/>\n<script type=\"application\/ld+json\" class=\"yoast-schema-graph\">{\"@context\":\"https:\/\/schema.org\",\"@graph\":[{\"@type\":\"WebPage\",\"@id\":\"https:\/\/www.erresse-shop.it\/es\/shop\/pequenos-electrodomesticos\/cortadoras\/caso-design-rebanador-multislicer\/\",\"url\":\"https:\/\/www.erresse-shop.it\/es\/shop\/pequenos-electrodomesticos\/cortadoras\/caso-design-rebanador-multislicer\/\",\"name\":\"CASO DESIGN Rebanador MultiSlicer - Erresse Shop\",\"isPartOf\":{\"@id\":\"https:\/\/www.erresse-shop.it\/es\/#website\"},\"datePublished\":\"2025-09-05T12:22:31+00:00\",\"dateModified\":\"2025-09-05T12:35:18+00:00\",\"description\":\"Rebanar, rallar, triturar: la vers\u00e1til CASO MultiSlicer Dale un nuevo impulso a tu rutina en la cocina con la CASO MultiSlicer. Este rallador el\u00e9ctrico 5\",\"breadcrumb\":{\"@id\":\"https:\/\/www.erresse-shop.it\/es\/shop\/pequenos-electrodomesticos\/cortadoras\/caso-design-rebanador-multislicer\/#breadcrumb\"},\"inLanguage\":\"es\",\"potentialAction\":[{\"@type\":\"ReadAction\",\"target\":[\"https:\/\/www.erresse-shop.it\/es\/shop\/pequenos-electrodomesticos\/cortadoras\/caso-design-rebanador-multislicer\/\"]}]},{\"@type\":\"BreadcrumbList\",\"@id\":\"https:\/\/www.erresse-shop.it\/es\/shop\/pequenos-electrodomesticos\/cortadoras\/caso-design-rebanador-multislicer\/#breadcrumb\",\"itemListElement\":[{\"@type\":\"ListItem\",\"position\":1,\"name\":\"Home\",\"item\":\"https:\/\/www.erresse-shop.it\/es\/\"},{\"@type\":\"ListItem\",\"position\":2,\"name\":\"Shop\",\"item\":\"https:\/\/www.erresse-shop.it\/es\/shop\/\"},{\"@type\":\"ListItem\",\"position\":3,\"name\":\"CASO DESIGN Rebanador MultiSlicer\"}]},{\"@type\":\"WebSite\",\"@id\":\"https:\/\/www.erresse-shop.it\/es\/#website\",\"url\":\"https:\/\/www.erresse-shop.it\/es\/\",\"name\":\"Erresse Shop\",\"description\":\"Articoli di qualit\u00e0 per la casa\",\"potentialAction\":[{\"@type\":\"SearchAction\",\"target\":{\"@type\":\"EntryPoint\",\"urlTemplate\":\"https:\/\/www.erresse-shop.it\/es\/?s={search_term_string}\"},\"query-input\":\"required name=search_term_string\"}],\"inLanguage\":\"es\"}]}<\/script>\n<!-- \/ Yoast SEO Premium plugin. -->","yoast_head_json":{"title":"CASO DESIGN Rebanador MultiSlicer - Erresse Shop","description":"Rebanar, rallar, triturar: la vers\u00e1til CASO MultiSlicer Dale un nuevo impulso a tu rutina en la cocina con la CASO MultiSlicer. Este rallador el\u00e9ctrico 5","robots":{"index":"index","follow":"follow","max-snippet":"max-snippet:-1","max-image-preview":"max-image-preview:large","max-video-preview":"max-video-preview:-1"},"canonical":"https:\/\/www.erresse-shop.it\/es\/shop\/pequenos-electrodomesticos\/cortadoras\/caso-design-rebanador-multislicer\/","og_locale":"es_ES","og_type":"article","og_title":"CASO DESIGN Rebanador MultiSlicer","og_description":"Rebanar, rallar, triturar: la vers\u00e1til CASO MultiSlicer Dale un nuevo impulso a tu rutina en la cocina con la CASO MultiSlicer. Este rallador el\u00e9ctrico 5","og_url":"https:\/\/www.erresse-shop.it\/es\/shop\/pequenos-electrodomesticos\/cortadoras\/caso-design-rebanador-multislicer\/","og_site_name":"Erresse Shop","article_modified_time":"2025-09-05T12:35:18+00:00","og_image":[{"width":1200,"height":1200,"url":"https:\/\/www.erresse-shop.it\/wp-content\/uploads\/2025\/09\/CASO-DESIGN-Affettatrice-MultiSlicer.jpg","type":"image\/jpeg"}],"twitter_card":"summary_large_image","schema":{"@context":"https:\/\/schema.org","@graph":[{"@type":"WebPage","@id":"https:\/\/www.erresse-shop.it\/es\/shop\/pequenos-electrodomesticos\/cortadoras\/caso-design-rebanador-multislicer\/","url":"https:\/\/www.erresse-shop.it\/es\/shop\/pequenos-electrodomesticos\/cortadoras\/caso-design-rebanador-multislicer\/","name":"CASO DESIGN Rebanador MultiSlicer - Erresse Shop","isPartOf":{"@id":"https:\/\/www.erresse-shop.it\/es\/#website"},"datePublished":"2025-09-05T12:22:31+00:00","dateModified":"2025-09-05T12:35:18+00:00","description":"Rebanar, rallar, triturar: la vers\u00e1til CASO MultiSlicer Dale un nuevo impulso a tu rutina en la cocina con la CASO MultiSlicer. Este rallador el\u00e9ctrico 5","breadcrumb":{"@id":"https:\/\/www.erresse-shop.it\/es\/shop\/pequenos-electrodomesticos\/cortadoras\/caso-design-rebanador-multislicer\/#breadcrumb"},"inLanguage":"es","potentialAction":[{"@type":"ReadAction","target":["https:\/\/www.erresse-shop.it\/es\/shop\/pequenos-electrodomesticos\/cortadoras\/caso-design-rebanador-multislicer\/"]}]},{"@type":"BreadcrumbList","@id":"https:\/\/www.erresse-shop.it\/es\/shop\/pequenos-electrodomesticos\/cortadoras\/caso-design-rebanador-multislicer\/#breadcrumb","itemListElement":[{"@type":"ListItem","position":1,"name":"Home","item":"https:\/\/www.erresse-shop.it\/es\/"},{"@type":"ListItem","position":2,"name":"Shop","item":"https:\/\/www.erresse-shop.it\/es\/shop\/"},{"@type":"ListItem","position":3,"name":"CASO DESIGN Rebanador MultiSlicer"}]},{"@type":"WebSite","@id":"https:\/\/www.erresse-shop.it\/es\/#website","url":"https:\/\/www.erresse-shop.it\/es\/","name":"Erresse Shop","description":"Articoli di qualit\u00e0 per la casa","potentialAction":[{"@type":"SearchAction","target":{"@type":"EntryPoint","urlTemplate":"https:\/\/www.erresse-shop.it\/es\/?s={search_term_string}"},"query-input":"required name=search_term_string"}],"inLanguage":"es"}]}},"df_price":69.99,"df_sale_price":69.99,"df_regular_price":69.99,"df_image_link":"https:\/\/www.erresse-shop.it\/wp-content\/uploads\/2025\/09\/CASO-DESIGN-Affettatrice-MultiSlicer-300x300.jpg","_links":{"self":[{"href":"https:\/\/www.erresse-shop.it\/es\/wp-json\/wp\/v2\/product\/511568"}],"collection":[{"href":"https:\/\/www.erresse-shop.it\/es\/wp-json\/wp\/v2\/product"}],"about":[{"href":"https:\/\/www.erresse-shop.it\/es\/wp-json\/wp\/v2\/types\/product"}],"wp:featuredmedia":[{"embeddable":true,"href":"https:\/\/www.erresse-shop.it\/es\/wp-json\/wp\/v2\/media\/511592"}],"wp:attachment":[{"href":"https:\/\/www.erresse-shop.it\/es\/wp-json\/wp\/v2\/media?parent=511568"}],"wp:term":[{"taxonomy":"product_cat","embeddable":true,"href":"https:\/\/www.erresse-shop.it\/es\/wp-json\/wp\/v2\/product_cat?post=511568"},{"taxonomy":"product_tag","embeddable":true,"href":"https:\/\/www.erresse-shop.it\/es\/wp-json\/wp\/v2\/product_tag?post=511568"}],"curies":[{"name":"wp","href":"https:\/\/api.w.org\/{rel}","templated":true}]}}