{"id":511534,"date":"2025-09-05T10:41:44","date_gmt":"2025-09-05T10:41:44","guid":{"rendered":"https:\/\/www.erresse-shop.it\/?post_type=product&#038;p=511534"},"modified":"2025-09-05T10:51:45","modified_gmt":"2025-09-05T10:51:45","slug":"caso-design-maquina-de-cafe-espressogourmet-crema","status":"publish","type":"product","link":"https:\/\/www.erresse-shop.it\/es\/shop\/pequenos-electrodomesticos\/maquinas-de-cafe\/automatico\/caso-design-maquina-de-cafe-espressogourmet-crema\/","title":{"rendered":"CASO DESIGN M\u00e1quina de caf\u00e9 EspressoGourmet Crema"},"content":{"rendered":"<h4>CASO EspressoGourmet Crema &#8211; \u00a1La cafetera portafiltro para los verdaderos amantes del caf\u00e9!<\/h4>\n<p>CASO EspressoGourmet Crema &#8211; Tu cafetera portafiltro compacta y elegante para el hogar.<\/p>\n<p>Esta cafetera portafiltro lleva el arte de preparar espresso a un nuevo nivel y transforma tu cocina en una aut\u00e9ntica cafeter\u00eda.<\/p>\n<p>Con su acabado en acero inoxidable de alta calidad, combina un dise\u00f1o atemporal con una funcionalidad duradera que satisfar\u00e1 incluso a los amantes del caf\u00e9 m\u00e1s exigentes.<\/p>\n<h4>M\u00e1ximo rendimiento para un espresso con cuerpo<\/h4>\n<p>Con una potente bomba ULKA de 20 bares, la cafetera portafiltro CASO garantiza una extracci\u00f3n ideal del aroma y un sabor intenso y con cuerpo.<\/p>\n<p>Tres ajustes de temperatura precisos (Bajo, Medio, Alto) te permiten ajustar individualmente la temperatura de preparaci\u00f3n para un resultado perfecto, personalizado a tus preferencias.<\/p>\n<p>Ya sea un espresso fuerte o un capuchino aterciopelado, cada taza se convierte en un momento inolvidable. Funciones vers\u00e1tiles para los amantes de la espuma de leche<\/p>\n<p>El tubo de vapor profesional produce vapor seco, que permite crear una espuma de leche incre\u00edblemente cremosa, ideal para lattes, capuchinos o alternativas a la leche vegetal.<\/p>\n<p>Gracias a su r\u00e1pido calentamiento de tan solo 12 segundos, podr\u00e1 disfrutar de su caf\u00e9 sin esperas. La pantalla LCD integrada y los controles intuitivos facilitan su uso.<\/p>\n<p>Dise\u00f1o sofisticado para m\u00e1xima comodidad<\/p>\n<p>La EspressoGourmet Crema se desarroll\u00f3 para una m\u00e1xima facilidad de uso. El dep\u00f3sito de agua extra\u00edble de 1,3 litros, el calentador de tazas integrado y las pr\u00e1cticas funciones de limpieza y descalcificaci\u00f3n simplifican el uso diario y garantizan una larga vida \u00fatil. Con una altura de hasta 13,5 cm, incluso tazas y vasos m\u00e1s grandes caben f\u00e1cilmente debajo del portafiltro. Una amplia gama de accesorios para una aut\u00e9ntica experiencia barista<br \/>\nLa cafetera CASO con portafiltro incluye una completa gama de accesorios, incluyendo un prensador met\u00e1lico de alta resistencia, un portafiltro profesional y varios insertos para opciones de preparaci\u00f3n de pared simple y doble.<\/p>\n<p>Tanto si usa c\u00e1psulas ESE como si prefiere caf\u00e9 reci\u00e9n molido, la m\u00e1quina ofrece la m\u00e1xima flexibilidad para sus creaciones de caf\u00e9.<br \/>\nCalidad que sorprende<br \/>\nCon la CASO EspressoGourmet Crema, elija una cafetera espresso que combina a la perfecci\u00f3n placer, funcionalidad y estilo.<\/p>\n<p>Experimente la calidad barista incluso en los espacios m\u00e1s peque\u00f1os y descubra lo f\u00e1cil que es disfrutar de un caf\u00e9 perfecto en casa. \u00a1Compre este electrodom\u00e9stico de alta calidad y d\u00e9jese inspirar por el mundo del caf\u00e9!<\/p>\n<p>Dimensiones: 32 x 14,5 x 31 cm<br \/>\nPeso: 3,4 kg<br \/>\nPotencia (vatios): 1350<br \/>\nVoltaje: 220-240 V, 50\/60 Hz<\/p>\n","protected":false},"excerpt":{"rendered":"<p>CASO EspressoGourmet Crema &#8211; \u00a1La cafetera portafiltro para los verdaderos amantes del caf\u00e9! CASO EspressoGourmet Crema &#8211; Tu cafetera portafiltro<\/p>\n","protected":false},"featured_media":511546,"template":"","meta":{"_acf_changed":false,"inline_featured_image":false},"product_cat":[25362,16076,16073],"product_tag":[16353,23236,16259,16398],"acf":[],"yoast_head":"<!-- This site is optimized with the Yoast SEO Premium plugin v18.6 (Yoast SEO v19.13) - https:\/\/yoast.com\/wordpress\/plugins\/seo\/ -->\n<title>CASO DESIGN M\u00e1quina de caf\u00e9 EspressoGourmet Crema - Erresse Shop<\/title>\n<meta name=\"description\" content=\"CASO EspressoGourmet Crema - \u00a1La cafetera portafiltro para los verdaderos amantes del caf\u00e9! CASO EspressoGourmet Crema - Tu cafetera portafiltro compacta\" \/>\n<meta name=\"robots\" content=\"index, follow, max-snippet:-1, max-image-preview:large, max-video-preview:-1\" \/>\n<link rel=\"canonical\" href=\"https:\/\/www.erresse-shop.it\/es\/shop\/pequenos-electrodomesticos\/maquinas-de-cafe\/automatico\/caso-design-maquina-de-cafe-espressogourmet-crema\/\" \/>\n<meta property=\"og:locale\" content=\"es_ES\" \/>\n<meta property=\"og:type\" content=\"article\" \/>\n<meta property=\"og:title\" content=\"CASO DESIGN M\u00e1quina de caf\u00e9 EspressoGourmet Crema\" \/>\n<meta property=\"og:description\" content=\"CASO EspressoGourmet Crema - \u00a1La cafetera portafiltro para los verdaderos amantes del caf\u00e9! CASO EspressoGourmet Crema - Tu cafetera portafiltro compacta\" \/>\n<meta property=\"og:url\" content=\"https:\/\/www.erresse-shop.it\/es\/shop\/pequenos-electrodomesticos\/maquinas-de-cafe\/automatico\/caso-design-maquina-de-cafe-espressogourmet-crema\/\" \/>\n<meta property=\"og:site_name\" content=\"Erresse Shop\" \/>\n<meta property=\"article:modified_time\" content=\"2025-09-05T10:51:45+00:00\" \/>\n<meta property=\"og:image\" content=\"https:\/\/www.erresse-shop.it\/wp-content\/uploads\/2025\/09\/CASO-DESIGN-Macchina-da-Caffe-EspressoGourmet-Crema.jpg\" \/>\n\t<meta property=\"og:image:width\" content=\"1200\" \/>\n\t<meta property=\"og:image:height\" content=\"1200\" \/>\n\t<meta property=\"og:image:type\" content=\"image\/jpeg\" \/>\n<meta name=\"twitter:card\" content=\"summary_large_image\" \/>\n<script type=\"application\/ld+json\" class=\"yoast-schema-graph\">{\"@context\":\"https:\/\/schema.org\",\"@graph\":[{\"@type\":\"WebPage\",\"@id\":\"https:\/\/www.erresse-shop.it\/es\/shop\/pequenos-electrodomesticos\/maquinas-de-cafe\/automatico\/caso-design-maquina-de-cafe-espressogourmet-crema\/\",\"url\":\"https:\/\/www.erresse-shop.it\/es\/shop\/pequenos-electrodomesticos\/maquinas-de-cafe\/automatico\/caso-design-maquina-de-cafe-espressogourmet-crema\/\",\"name\":\"CASO DESIGN M\u00e1quina de caf\u00e9 EspressoGourmet Crema - Erresse Shop\",\"isPartOf\":{\"@id\":\"https:\/\/www.erresse-shop.it\/es\/#website\"},\"datePublished\":\"2025-09-05T10:41:44+00:00\",\"dateModified\":\"2025-09-05T10:51:45+00:00\",\"description\":\"CASO EspressoGourmet Crema - \u00a1La cafetera portafiltro para los verdaderos amantes del caf\u00e9! CASO EspressoGourmet Crema - Tu cafetera portafiltro compacta\",\"breadcrumb\":{\"@id\":\"https:\/\/www.erresse-shop.it\/es\/shop\/pequenos-electrodomesticos\/maquinas-de-cafe\/automatico\/caso-design-maquina-de-cafe-espressogourmet-crema\/#breadcrumb\"},\"inLanguage\":\"es\",\"potentialAction\":[{\"@type\":\"ReadAction\",\"target\":[\"https:\/\/www.erresse-shop.it\/es\/shop\/pequenos-electrodomesticos\/maquinas-de-cafe\/automatico\/caso-design-maquina-de-cafe-espressogourmet-crema\/\"]}]},{\"@type\":\"BreadcrumbList\",\"@id\":\"https:\/\/www.erresse-shop.it\/es\/shop\/pequenos-electrodomesticos\/maquinas-de-cafe\/automatico\/caso-design-maquina-de-cafe-espressogourmet-crema\/#breadcrumb\",\"itemListElement\":[{\"@type\":\"ListItem\",\"position\":1,\"name\":\"Home\",\"item\":\"https:\/\/www.erresse-shop.it\/es\/\"},{\"@type\":\"ListItem\",\"position\":2,\"name\":\"Shop\",\"item\":\"https:\/\/www.erresse-shop.it\/es\/shop\/\"},{\"@type\":\"ListItem\",\"position\":3,\"name\":\"CASO DESIGN M\u00e1quina de caf\u00e9 EspressoGourmet Crema\"}]},{\"@type\":\"WebSite\",\"@id\":\"https:\/\/www.erresse-shop.it\/es\/#website\",\"url\":\"https:\/\/www.erresse-shop.it\/es\/\",\"name\":\"Erresse Shop\",\"description\":\"Articoli di qualit\u00e0 per la casa\",\"potentialAction\":[{\"@type\":\"SearchAction\",\"target\":{\"@type\":\"EntryPoint\",\"urlTemplate\":\"https:\/\/www.erresse-shop.it\/es\/?s={search_term_string}\"},\"query-input\":\"required name=search_term_string\"}],\"inLanguage\":\"es\"}]}<\/script>\n<!-- \/ Yoast SEO Premium plugin. -->","yoast_head_json":{"title":"CASO DESIGN M\u00e1quina de caf\u00e9 EspressoGourmet Crema - Erresse Shop","description":"CASO EspressoGourmet Crema - \u00a1La cafetera portafiltro para los verdaderos amantes del caf\u00e9! CASO EspressoGourmet Crema - Tu cafetera portafiltro compacta","robots":{"index":"index","follow":"follow","max-snippet":"max-snippet:-1","max-image-preview":"max-image-preview:large","max-video-preview":"max-video-preview:-1"},"canonical":"https:\/\/www.erresse-shop.it\/es\/shop\/pequenos-electrodomesticos\/maquinas-de-cafe\/automatico\/caso-design-maquina-de-cafe-espressogourmet-crema\/","og_locale":"es_ES","og_type":"article","og_title":"CASO DESIGN M\u00e1quina de caf\u00e9 EspressoGourmet Crema","og_description":"CASO EspressoGourmet Crema - \u00a1La cafetera portafiltro para los verdaderos amantes del caf\u00e9! CASO EspressoGourmet Crema - Tu cafetera portafiltro compacta","og_url":"https:\/\/www.erresse-shop.it\/es\/shop\/pequenos-electrodomesticos\/maquinas-de-cafe\/automatico\/caso-design-maquina-de-cafe-espressogourmet-crema\/","og_site_name":"Erresse Shop","article_modified_time":"2025-09-05T10:51:45+00:00","og_image":[{"width":1200,"height":1200,"url":"https:\/\/www.erresse-shop.it\/wp-content\/uploads\/2025\/09\/CASO-DESIGN-Macchina-da-Caffe-EspressoGourmet-Crema.jpg","type":"image\/jpeg"}],"twitter_card":"summary_large_image","schema":{"@context":"https:\/\/schema.org","@graph":[{"@type":"WebPage","@id":"https:\/\/www.erresse-shop.it\/es\/shop\/pequenos-electrodomesticos\/maquinas-de-cafe\/automatico\/caso-design-maquina-de-cafe-espressogourmet-crema\/","url":"https:\/\/www.erresse-shop.it\/es\/shop\/pequenos-electrodomesticos\/maquinas-de-cafe\/automatico\/caso-design-maquina-de-cafe-espressogourmet-crema\/","name":"CASO DESIGN M\u00e1quina de caf\u00e9 EspressoGourmet Crema - Erresse Shop","isPartOf":{"@id":"https:\/\/www.erresse-shop.it\/es\/#website"},"datePublished":"2025-09-05T10:41:44+00:00","dateModified":"2025-09-05T10:51:45+00:00","description":"CASO EspressoGourmet Crema - \u00a1La cafetera portafiltro para los verdaderos amantes del caf\u00e9! CASO EspressoGourmet Crema - Tu cafetera portafiltro compacta","breadcrumb":{"@id":"https:\/\/www.erresse-shop.it\/es\/shop\/pequenos-electrodomesticos\/maquinas-de-cafe\/automatico\/caso-design-maquina-de-cafe-espressogourmet-crema\/#breadcrumb"},"inLanguage":"es","potentialAction":[{"@type":"ReadAction","target":["https:\/\/www.erresse-shop.it\/es\/shop\/pequenos-electrodomesticos\/maquinas-de-cafe\/automatico\/caso-design-maquina-de-cafe-espressogourmet-crema\/"]}]},{"@type":"BreadcrumbList","@id":"https:\/\/www.erresse-shop.it\/es\/shop\/pequenos-electrodomesticos\/maquinas-de-cafe\/automatico\/caso-design-maquina-de-cafe-espressogourmet-crema\/#breadcrumb","itemListElement":[{"@type":"ListItem","position":1,"name":"Home","item":"https:\/\/www.erresse-shop.it\/es\/"},{"@type":"ListItem","position":2,"name":"Shop","item":"https:\/\/www.erresse-shop.it\/es\/shop\/"},{"@type":"ListItem","position":3,"name":"CASO DESIGN M\u00e1quina de caf\u00e9 EspressoGourmet Crema"}]},{"@type":"WebSite","@id":"https:\/\/www.erresse-shop.it\/es\/#website","url":"https:\/\/www.erresse-shop.it\/es\/","name":"Erresse Shop","description":"Articoli di qualit\u00e0 per la casa","potentialAction":[{"@type":"SearchAction","target":{"@type":"EntryPoint","urlTemplate":"https:\/\/www.erresse-shop.it\/es\/?s={search_term_string}"},"query-input":"required name=search_term_string"}],"inLanguage":"es"}]}},"df_price":179.99,"df_sale_price":179.99,"df_regular_price":179.99,"df_image_link":"https:\/\/www.erresse-shop.it\/wp-content\/uploads\/2025\/09\/CASO-DESIGN-Macchina-da-Caffe-EspressoGourmet-Crema-300x300.jpg","_links":{"self":[{"href":"https:\/\/www.erresse-shop.it\/es\/wp-json\/wp\/v2\/product\/511534"}],"collection":[{"href":"https:\/\/www.erresse-shop.it\/es\/wp-json\/wp\/v2\/product"}],"about":[{"href":"https:\/\/www.erresse-shop.it\/es\/wp-json\/wp\/v2\/types\/product"}],"wp:featuredmedia":[{"embeddable":true,"href":"https:\/\/www.erresse-shop.it\/es\/wp-json\/wp\/v2\/media\/511546"}],"wp:attachment":[{"href":"https:\/\/www.erresse-shop.it\/es\/wp-json\/wp\/v2\/media?parent=511534"}],"wp:term":[{"taxonomy":"product_cat","embeddable":true,"href":"https:\/\/www.erresse-shop.it\/es\/wp-json\/wp\/v2\/product_cat?post=511534"},{"taxonomy":"product_tag","embeddable":true,"href":"https:\/\/www.erresse-shop.it\/es\/wp-json\/wp\/v2\/product_tag?post=511534"}],"curies":[{"name":"wp","href":"https:\/\/api.w.org\/{rel}","templated":true}]}}