{"id":511505,"date":"2025-09-05T10:26:21","date_gmt":"2025-09-05T10:26:21","guid":{"rendered":"https:\/\/www.erresse-shop.it\/?post_type=product&#038;p=511505"},"modified":"2025-09-05T10:38:35","modified_gmt":"2025-09-05T10:38:35","slug":"caso-design-maquina-de-cafe-coffee-taste-style","status":"publish","type":"product","link":"https:\/\/www.erresse-shop.it\/es\/shop\/pequenos-electrodomesticos\/maquinas-de-cafe\/automatico\/caso-design-maquina-de-cafe-coffee-taste-style\/","title":{"rendered":"CASO DESIGN M\u00e1quina de caf\u00e9 Coffee Taste &#038; Style"},"content":{"rendered":"<ul>\n<li>Casa y Ganador de la prueba Garden Relaci\u00f3n calidad-precio: MUY BUENO (1.4), Edici\u00f3n 02\/2022\n<li>Cafetera con un moderno dise\u00f1o de acero inoxidable<\/li>\n<li>Dep\u00f3sito de agua de 1,5 litros con un pr\u00e1ctico indicador de nivel<\/li>\n<li>Con una gran jarra de cristal para hasta 12 tazas de caf\u00e9<\/li>\n<li>F\u00e1cil de usar gracias al panel de control t\u00e1ctil<\/li>\n<li>Gran pantalla LED con reloj<\/li>\n<li>Cabezal de preparaci\u00f3n de 17 orificios para una \u00f3ptima humectaci\u00f3n del caf\u00e9 molido<\/li>\n<li>Infusi\u00f3n retardada gracias a la funci\u00f3n de temporizador integrado<\/li>\n<li>Funci\u00f3n aroma: para una intensidad de infusi\u00f3n de ligera a fuerte<\/li>\n<li>Temperatura de infusi\u00f3n \u00f3ptima de 92-96 \u00b0C<\/li>\n<li>Antigoteo: evita el goteo<\/li>\n<li>Slim: Caf\u00e9 de larga duraci\u00f3n gracias a la placa calefactora integrada (35 min)<\/li>\n<li>Extra\u00edble Cesta de filtro para una limpieza f\u00e1cil.<\/li>\n<li>Incluye filtro permanente para conservar el aroma y cuchara medidora.<\/li>\n<\/ul>\n<p><strong>Dimensiones:<\/strong> 24,5 x 17 x 32,5 cm<br \/>\n<strong>Peso:<\/strong> 2,41 kg<br \/>\n<strong>Potencia (vatios): 900<br \/>\n<strong>Voltaje: 220-240 V~, 50-60 Hz<\/p>\n","protected":false},"excerpt":{"rendered":"<p>Casa y Ganador de la prueba Garden Relaci\u00f3n calidad-precio: MUY BUENO (1.4), Edici\u00f3n 02\/2022 Cafetera con un moderno dise\u00f1o de<\/p>\n","protected":false},"featured_media":511529,"template":"","meta":{"_acf_changed":false,"inline_featured_image":false},"product_cat":[25362,16076,16073],"product_tag":[16353,23236,16259,16398],"acf":[],"yoast_head":"<!-- This site is optimized with the Yoast SEO Premium plugin v18.6 (Yoast SEO v19.13) - https:\/\/yoast.com\/wordpress\/plugins\/seo\/ -->\n<title>CASO DESIGN M\u00e1quina de caf\u00e9 Coffee Taste &amp; Style - Erresse Shop<\/title>\n<meta name=\"description\" content=\"Casa y Ganador de la prueba Garden Relaci\u00f3n calidad-precio: MUY BUENO (1.4), Edici\u00f3n 02\/2022 Cafetera con un moderno dise\u00f1o de acero inoxidable Dep\u00f3sito\" \/>\n<meta name=\"robots\" content=\"index, follow, max-snippet:-1, max-image-preview:large, max-video-preview:-1\" \/>\n<link rel=\"canonical\" href=\"https:\/\/www.erresse-shop.it\/es\/shop\/pequenos-electrodomesticos\/maquinas-de-cafe\/automatico\/caso-design-maquina-de-cafe-coffee-taste-style\/\" \/>\n<meta property=\"og:locale\" content=\"es_ES\" \/>\n<meta property=\"og:type\" content=\"article\" \/>\n<meta property=\"og:title\" content=\"CASO DESIGN M\u00e1quina de caf\u00e9 Coffee Taste &amp; Style\" \/>\n<meta property=\"og:description\" content=\"Casa y Ganador de la prueba Garden Relaci\u00f3n calidad-precio: MUY BUENO (1.4), Edici\u00f3n 02\/2022 Cafetera con un moderno dise\u00f1o de acero inoxidable Dep\u00f3sito\" \/>\n<meta property=\"og:url\" content=\"https:\/\/www.erresse-shop.it\/es\/shop\/pequenos-electrodomesticos\/maquinas-de-cafe\/automatico\/caso-design-maquina-de-cafe-coffee-taste-style\/\" \/>\n<meta property=\"og:site_name\" content=\"Erresse Shop\" \/>\n<meta property=\"article:modified_time\" content=\"2025-09-05T10:38:35+00:00\" \/>\n<meta property=\"og:image\" content=\"https:\/\/www.erresse-shop.it\/wp-content\/uploads\/2025\/09\/CASO-DESIGN-Macchina-da-Caffe-Coffee-Taste-Style.jpg\" \/>\n\t<meta property=\"og:image:width\" content=\"1200\" \/>\n\t<meta property=\"og:image:height\" content=\"1200\" \/>\n\t<meta property=\"og:image:type\" content=\"image\/jpeg\" \/>\n<meta name=\"twitter:card\" content=\"summary_large_image\" \/>\n<script type=\"application\/ld+json\" class=\"yoast-schema-graph\">{\"@context\":\"https:\/\/schema.org\",\"@graph\":[{\"@type\":\"WebPage\",\"@id\":\"https:\/\/www.erresse-shop.it\/es\/shop\/pequenos-electrodomesticos\/maquinas-de-cafe\/automatico\/caso-design-maquina-de-cafe-coffee-taste-style\/\",\"url\":\"https:\/\/www.erresse-shop.it\/es\/shop\/pequenos-electrodomesticos\/maquinas-de-cafe\/automatico\/caso-design-maquina-de-cafe-coffee-taste-style\/\",\"name\":\"CASO DESIGN M\u00e1quina de caf\u00e9 Coffee Taste & Style - Erresse Shop\",\"isPartOf\":{\"@id\":\"https:\/\/www.erresse-shop.it\/es\/#website\"},\"datePublished\":\"2025-09-05T10:26:21+00:00\",\"dateModified\":\"2025-09-05T10:38:35+00:00\",\"description\":\"Casa y Ganador de la prueba Garden Relaci\u00f3n calidad-precio: MUY BUENO (1.4), Edici\u00f3n 02\/2022 Cafetera con un moderno dise\u00f1o de acero inoxidable Dep\u00f3sito\",\"breadcrumb\":{\"@id\":\"https:\/\/www.erresse-shop.it\/es\/shop\/pequenos-electrodomesticos\/maquinas-de-cafe\/automatico\/caso-design-maquina-de-cafe-coffee-taste-style\/#breadcrumb\"},\"inLanguage\":\"es\",\"potentialAction\":[{\"@type\":\"ReadAction\",\"target\":[\"https:\/\/www.erresse-shop.it\/es\/shop\/pequenos-electrodomesticos\/maquinas-de-cafe\/automatico\/caso-design-maquina-de-cafe-coffee-taste-style\/\"]}]},{\"@type\":\"BreadcrumbList\",\"@id\":\"https:\/\/www.erresse-shop.it\/es\/shop\/pequenos-electrodomesticos\/maquinas-de-cafe\/automatico\/caso-design-maquina-de-cafe-coffee-taste-style\/#breadcrumb\",\"itemListElement\":[{\"@type\":\"ListItem\",\"position\":1,\"name\":\"Home\",\"item\":\"https:\/\/www.erresse-shop.it\/es\/\"},{\"@type\":\"ListItem\",\"position\":2,\"name\":\"Shop\",\"item\":\"https:\/\/www.erresse-shop.it\/es\/shop\/\"},{\"@type\":\"ListItem\",\"position\":3,\"name\":\"CASO DESIGN M\u00e1quina de caf\u00e9 Coffee Taste &#038; Style\"}]},{\"@type\":\"WebSite\",\"@id\":\"https:\/\/www.erresse-shop.it\/es\/#website\",\"url\":\"https:\/\/www.erresse-shop.it\/es\/\",\"name\":\"Erresse Shop\",\"description\":\"Articoli di qualit\u00e0 per la casa\",\"potentialAction\":[{\"@type\":\"SearchAction\",\"target\":{\"@type\":\"EntryPoint\",\"urlTemplate\":\"https:\/\/www.erresse-shop.it\/es\/?s={search_term_string}\"},\"query-input\":\"required name=search_term_string\"}],\"inLanguage\":\"es\"}]}<\/script>\n<!-- \/ Yoast SEO Premium plugin. -->","yoast_head_json":{"title":"CASO DESIGN M\u00e1quina de caf\u00e9 Coffee Taste & Style - Erresse Shop","description":"Casa y Ganador de la prueba Garden Relaci\u00f3n calidad-precio: MUY BUENO (1.4), Edici\u00f3n 02\/2022 Cafetera con un moderno dise\u00f1o de acero inoxidable Dep\u00f3sito","robots":{"index":"index","follow":"follow","max-snippet":"max-snippet:-1","max-image-preview":"max-image-preview:large","max-video-preview":"max-video-preview:-1"},"canonical":"https:\/\/www.erresse-shop.it\/es\/shop\/pequenos-electrodomesticos\/maquinas-de-cafe\/automatico\/caso-design-maquina-de-cafe-coffee-taste-style\/","og_locale":"es_ES","og_type":"article","og_title":"CASO DESIGN M\u00e1quina de caf\u00e9 Coffee Taste & Style","og_description":"Casa y Ganador de la prueba Garden Relaci\u00f3n calidad-precio: MUY BUENO (1.4), Edici\u00f3n 02\/2022 Cafetera con un moderno dise\u00f1o de acero inoxidable Dep\u00f3sito","og_url":"https:\/\/www.erresse-shop.it\/es\/shop\/pequenos-electrodomesticos\/maquinas-de-cafe\/automatico\/caso-design-maquina-de-cafe-coffee-taste-style\/","og_site_name":"Erresse Shop","article_modified_time":"2025-09-05T10:38:35+00:00","og_image":[{"width":1200,"height":1200,"url":"https:\/\/www.erresse-shop.it\/wp-content\/uploads\/2025\/09\/CASO-DESIGN-Macchina-da-Caffe-Coffee-Taste-Style.jpg","type":"image\/jpeg"}],"twitter_card":"summary_large_image","schema":{"@context":"https:\/\/schema.org","@graph":[{"@type":"WebPage","@id":"https:\/\/www.erresse-shop.it\/es\/shop\/pequenos-electrodomesticos\/maquinas-de-cafe\/automatico\/caso-design-maquina-de-cafe-coffee-taste-style\/","url":"https:\/\/www.erresse-shop.it\/es\/shop\/pequenos-electrodomesticos\/maquinas-de-cafe\/automatico\/caso-design-maquina-de-cafe-coffee-taste-style\/","name":"CASO DESIGN M\u00e1quina de caf\u00e9 Coffee Taste & Style - Erresse Shop","isPartOf":{"@id":"https:\/\/www.erresse-shop.it\/es\/#website"},"datePublished":"2025-09-05T10:26:21+00:00","dateModified":"2025-09-05T10:38:35+00:00","description":"Casa y Ganador de la prueba Garden Relaci\u00f3n calidad-precio: MUY BUENO (1.4), Edici\u00f3n 02\/2022 Cafetera con un moderno dise\u00f1o de acero inoxidable Dep\u00f3sito","breadcrumb":{"@id":"https:\/\/www.erresse-shop.it\/es\/shop\/pequenos-electrodomesticos\/maquinas-de-cafe\/automatico\/caso-design-maquina-de-cafe-coffee-taste-style\/#breadcrumb"},"inLanguage":"es","potentialAction":[{"@type":"ReadAction","target":["https:\/\/www.erresse-shop.it\/es\/shop\/pequenos-electrodomesticos\/maquinas-de-cafe\/automatico\/caso-design-maquina-de-cafe-coffee-taste-style\/"]}]},{"@type":"BreadcrumbList","@id":"https:\/\/www.erresse-shop.it\/es\/shop\/pequenos-electrodomesticos\/maquinas-de-cafe\/automatico\/caso-design-maquina-de-cafe-coffee-taste-style\/#breadcrumb","itemListElement":[{"@type":"ListItem","position":1,"name":"Home","item":"https:\/\/www.erresse-shop.it\/es\/"},{"@type":"ListItem","position":2,"name":"Shop","item":"https:\/\/www.erresse-shop.it\/es\/shop\/"},{"@type":"ListItem","position":3,"name":"CASO DESIGN M\u00e1quina de caf\u00e9 Coffee Taste &#038; Style"}]},{"@type":"WebSite","@id":"https:\/\/www.erresse-shop.it\/es\/#website","url":"https:\/\/www.erresse-shop.it\/es\/","name":"Erresse Shop","description":"Articoli di qualit\u00e0 per la casa","potentialAction":[{"@type":"SearchAction","target":{"@type":"EntryPoint","urlTemplate":"https:\/\/www.erresse-shop.it\/es\/?s={search_term_string}"},"query-input":"required name=search_term_string"}],"inLanguage":"es"}]}},"df_price":59.99,"df_sale_price":59.99,"df_regular_price":59.99,"df_image_link":"https:\/\/www.erresse-shop.it\/wp-content\/uploads\/2025\/09\/CASO-DESIGN-Macchina-da-Caffe-Coffee-Taste-Style-300x300.jpg","_links":{"self":[{"href":"https:\/\/www.erresse-shop.it\/es\/wp-json\/wp\/v2\/product\/511505"}],"collection":[{"href":"https:\/\/www.erresse-shop.it\/es\/wp-json\/wp\/v2\/product"}],"about":[{"href":"https:\/\/www.erresse-shop.it\/es\/wp-json\/wp\/v2\/types\/product"}],"wp:featuredmedia":[{"embeddable":true,"href":"https:\/\/www.erresse-shop.it\/es\/wp-json\/wp\/v2\/media\/511529"}],"wp:attachment":[{"href":"https:\/\/www.erresse-shop.it\/es\/wp-json\/wp\/v2\/media?parent=511505"}],"wp:term":[{"taxonomy":"product_cat","embeddable":true,"href":"https:\/\/www.erresse-shop.it\/es\/wp-json\/wp\/v2\/product_cat?post=511505"},{"taxonomy":"product_tag","embeddable":true,"href":"https:\/\/www.erresse-shop.it\/es\/wp-json\/wp\/v2\/product_tag?post=511505"}],"curies":[{"name":"wp","href":"https:\/\/api.w.org\/{rel}","templated":true}]}}