{"id":511429,"date":"2025-09-05T09:26:36","date_gmt":"2025-09-05T09:26:36","guid":{"rendered":"https:\/\/www.erresse-shop.it\/?post_type=product&#038;p=511429"},"modified":"2025-09-05T09:43:12","modified_gmt":"2025-09-05T09:43:12","slug":"caso-design-maquina-de-cafe-caffe-crema-one","status":"publish","type":"product","link":"https:\/\/www.erresse-shop.it\/es\/shop\/pequenos-electrodomesticos\/maquinas-de-cafe\/automatico\/caso-design-maquina-de-cafe-caffe-crema-one\/","title":{"rendered":"CASO DESIGN M\u00e1quina de caf\u00e9 Caff\u00e9 Crema One"},"content":{"rendered":"<p>Fino, potente y arom\u00e1tico: el CASO Caf\u00e9 Crema One<br \/>\nCon el CASO Caf\u00e9 Crema One, podr\u00e1 preparar cualquier espresso, cappuccino o latte macchiato a la perfecci\u00f3n. Gracias a su tecnolog\u00eda de vanguardia y su manejo intuitivo, esta cafetera totalmente autom\u00e1tica le brindar\u00e1 el m\u00e1ximo disfrute en su cocina.<\/p>\n<p>Ya sea un espresso intenso por la ma\u00f1ana, un cremoso cappuccino por la tarde o un arom\u00e1tico caff\u00e8 crema entre caf\u00e9s, podr\u00e1 disfrutar del arte del caf\u00e9 al m\u00e1ximo nivel con solo tocar un bot\u00f3n.<\/p>\n<p>Dise\u00f1o elegante, m\u00e1ximo rendimiento<\/p>\n<p>El Caf\u00e9 Crema One impresiona no solo por su dise\u00f1o elegante y compacto, sino tambi\u00e9n por su impresionante rendimiento.<\/p>\n<p>El molinillo c\u00f3nico de acero inoxidable ultrasilencioso garantiza granos reci\u00e9n molidos con el tama\u00f1o de grano perfecto, mientras que el innovador sistema de calentamiento alcanza la temperatura ideal en un instante.<\/p>\n<p>Gracias a la presi\u00f3n de la bomba de 19 bares, los aromas de los granos se liberan de forma \u00f3ptima, para un sabor intenso y con cuerpo, con una crema aterciopelada.<\/p>\n<h4>Espuma de leche perfecta para capuchinos y lattes<\/h4>\n<p>Con la potente boquilla de vapor, puede crear una espuma de leche de poros finos para deliciosas especialidades de latte. Ya sea un cremoso capuchino o un latte macchiato con capas perfectas, CASO Caf\u00e9 Crema One hace realidad la espuma de leche de sus sue\u00f1os.<\/p>\n<p>La funci\u00f3n de agua caliente tambi\u00e9n simplifica la preparaci\u00f3n de t\u00e9 o caf\u00e9 de filtro.<\/p>\n<h4>Ajustes personalizados para su caf\u00e9 favorito<\/h4>\n<p>Cada amante del caf\u00e9 tiene sus preferencias: por eso puede crear su caf\u00e9 perfecto con el molinillo de ajuste continuo y la intensidad del caf\u00e9 variable.<\/p>\n<p>La boquilla de salida de caf\u00e9 ajustable en altura facilita el llenado tanto de tazas peque\u00f1as de espresso como de vasos altos de latte macchiato. La iluminaci\u00f3n integrada en la taza convierte la preparaci\u00f3n en un verdadero momento de placer. F\u00e1cil limpieza y placer duradero<br \/>\nDisfrutar del caf\u00e9 deber\u00eda ser sencillo: por eso, el sistema de preparaci\u00f3n es f\u00e1cil de desmontar y limpiar. La funci\u00f3n autom\u00e1tica de enjuague y descalcificaci\u00f3n garantiza una limpieza higi\u00e9nica y una larga vida \u00fatil.<\/p>\n<p>Gracias al apagado autom\u00e1tico de bajo consumo, Caf\u00e9 Crema One solo consume electricidad cuando realmente la necesita.<br \/>\nDisfrute con solo pulsar un bot\u00f3n, todos los d\u00edas<\/p>\n<p>Ya sea el primer caf\u00e9 del d\u00eda o un capricho especial, con CASO Caf\u00e9 Crema One podr\u00e1 disfrutar del mejor caf\u00e9 en su forma m\u00e1s exquisita.<\/p>\n<p>Una crema perfecta, un aroma \u00fanico y la espuma de leche m\u00e1s fina convierten a esta cafetera totalmente autom\u00e1tica en la pieza central de su cocina.<\/p>\n<p>Dimensiones: 42,5 x 18 x 33,5 cm<br \/>\nPeso: 7,7 kg<\/p>\n","protected":false},"excerpt":{"rendered":"<p>Fino, potente y arom\u00e1tico: el CASO Caf\u00e9 Crema One Con el CASO Caf\u00e9 Crema One, podr\u00e1 preparar cualquier espresso, cappuccino<\/p>\n","protected":false},"featured_media":511459,"template":"","meta":{"_acf_changed":false,"inline_featured_image":false},"product_cat":[25362,16076,16073],"product_tag":[16353,23236,16259,16398],"acf":[],"yoast_head":"<!-- This site is optimized with the Yoast SEO Premium plugin v18.6 (Yoast SEO v19.13) - https:\/\/yoast.com\/wordpress\/plugins\/seo\/ -->\n<title>CASO DESIGN M\u00e1quina de caf\u00e9 Caff\u00e9 Crema One - Erresse Shop<\/title>\n<meta name=\"description\" content=\"Fino, potente y arom\u00e1tico: el CASO Caf\u00e9 Crema One Con el CASO Caf\u00e9 Crema One, podr\u00e1 preparar cualquier espresso, cappuccino o latte macchiato a la\" \/>\n<meta name=\"robots\" content=\"index, follow, max-snippet:-1, max-image-preview:large, max-video-preview:-1\" \/>\n<link rel=\"canonical\" href=\"https:\/\/www.erresse-shop.it\/es\/shop\/pequenos-electrodomesticos\/maquinas-de-cafe\/automatico\/caso-design-maquina-de-cafe-caffe-crema-one\/\" \/>\n<meta property=\"og:locale\" content=\"es_ES\" \/>\n<meta property=\"og:type\" content=\"article\" \/>\n<meta property=\"og:title\" content=\"CASO DESIGN M\u00e1quina de caf\u00e9 Caff\u00e9 Crema One\" \/>\n<meta property=\"og:description\" content=\"Fino, potente y arom\u00e1tico: el CASO Caf\u00e9 Crema One Con el CASO Caf\u00e9 Crema One, podr\u00e1 preparar cualquier espresso, cappuccino o latte macchiato a la\" \/>\n<meta property=\"og:url\" content=\"https:\/\/www.erresse-shop.it\/es\/shop\/pequenos-electrodomesticos\/maquinas-de-cafe\/automatico\/caso-design-maquina-de-cafe-caffe-crema-one\/\" \/>\n<meta property=\"og:site_name\" content=\"Erresse Shop\" \/>\n<meta property=\"article:modified_time\" content=\"2025-09-05T09:43:12+00:00\" \/>\n<meta property=\"og:image\" content=\"https:\/\/www.erresse-shop.it\/wp-content\/uploads\/2025\/09\/CASO-DESIGN-Macchina-da-Caffe-Caffe-Crema-One.jpg\" \/>\n\t<meta property=\"og:image:width\" content=\"1200\" \/>\n\t<meta property=\"og:image:height\" content=\"1200\" \/>\n\t<meta property=\"og:image:type\" content=\"image\/jpeg\" \/>\n<meta name=\"twitter:card\" content=\"summary_large_image\" \/>\n<script type=\"application\/ld+json\" class=\"yoast-schema-graph\">{\"@context\":\"https:\/\/schema.org\",\"@graph\":[{\"@type\":\"WebPage\",\"@id\":\"https:\/\/www.erresse-shop.it\/es\/shop\/pequenos-electrodomesticos\/maquinas-de-cafe\/automatico\/caso-design-maquina-de-cafe-caffe-crema-one\/\",\"url\":\"https:\/\/www.erresse-shop.it\/es\/shop\/pequenos-electrodomesticos\/maquinas-de-cafe\/automatico\/caso-design-maquina-de-cafe-caffe-crema-one\/\",\"name\":\"CASO DESIGN M\u00e1quina de caf\u00e9 Caff\u00e9 Crema One - Erresse Shop\",\"isPartOf\":{\"@id\":\"https:\/\/www.erresse-shop.it\/es\/#website\"},\"datePublished\":\"2025-09-05T09:26:36+00:00\",\"dateModified\":\"2025-09-05T09:43:12+00:00\",\"description\":\"Fino, potente y arom\u00e1tico: el CASO Caf\u00e9 Crema One Con el CASO Caf\u00e9 Crema One, podr\u00e1 preparar cualquier espresso, cappuccino o latte macchiato a la\",\"breadcrumb\":{\"@id\":\"https:\/\/www.erresse-shop.it\/es\/shop\/pequenos-electrodomesticos\/maquinas-de-cafe\/automatico\/caso-design-maquina-de-cafe-caffe-crema-one\/#breadcrumb\"},\"inLanguage\":\"es\",\"potentialAction\":[{\"@type\":\"ReadAction\",\"target\":[\"https:\/\/www.erresse-shop.it\/es\/shop\/pequenos-electrodomesticos\/maquinas-de-cafe\/automatico\/caso-design-maquina-de-cafe-caffe-crema-one\/\"]}]},{\"@type\":\"BreadcrumbList\",\"@id\":\"https:\/\/www.erresse-shop.it\/es\/shop\/pequenos-electrodomesticos\/maquinas-de-cafe\/automatico\/caso-design-maquina-de-cafe-caffe-crema-one\/#breadcrumb\",\"itemListElement\":[{\"@type\":\"ListItem\",\"position\":1,\"name\":\"Home\",\"item\":\"https:\/\/www.erresse-shop.it\/es\/\"},{\"@type\":\"ListItem\",\"position\":2,\"name\":\"Shop\",\"item\":\"https:\/\/www.erresse-shop.it\/es\/shop\/\"},{\"@type\":\"ListItem\",\"position\":3,\"name\":\"CASO DESIGN M\u00e1quina de caf\u00e9 Caff\u00e9 Crema One\"}]},{\"@type\":\"WebSite\",\"@id\":\"https:\/\/www.erresse-shop.it\/es\/#website\",\"url\":\"https:\/\/www.erresse-shop.it\/es\/\",\"name\":\"Erresse Shop\",\"description\":\"Articoli di qualit\u00e0 per la casa\",\"potentialAction\":[{\"@type\":\"SearchAction\",\"target\":{\"@type\":\"EntryPoint\",\"urlTemplate\":\"https:\/\/www.erresse-shop.it\/es\/?s={search_term_string}\"},\"query-input\":\"required name=search_term_string\"}],\"inLanguage\":\"es\"}]}<\/script>\n<!-- \/ Yoast SEO Premium plugin. -->","yoast_head_json":{"title":"CASO DESIGN M\u00e1quina de caf\u00e9 Caff\u00e9 Crema One - Erresse Shop","description":"Fino, potente y arom\u00e1tico: el CASO Caf\u00e9 Crema One Con el CASO Caf\u00e9 Crema One, podr\u00e1 preparar cualquier espresso, cappuccino o latte macchiato a la","robots":{"index":"index","follow":"follow","max-snippet":"max-snippet:-1","max-image-preview":"max-image-preview:large","max-video-preview":"max-video-preview:-1"},"canonical":"https:\/\/www.erresse-shop.it\/es\/shop\/pequenos-electrodomesticos\/maquinas-de-cafe\/automatico\/caso-design-maquina-de-cafe-caffe-crema-one\/","og_locale":"es_ES","og_type":"article","og_title":"CASO DESIGN M\u00e1quina de caf\u00e9 Caff\u00e9 Crema One","og_description":"Fino, potente y arom\u00e1tico: el CASO Caf\u00e9 Crema One Con el CASO Caf\u00e9 Crema One, podr\u00e1 preparar cualquier espresso, cappuccino o latte macchiato a la","og_url":"https:\/\/www.erresse-shop.it\/es\/shop\/pequenos-electrodomesticos\/maquinas-de-cafe\/automatico\/caso-design-maquina-de-cafe-caffe-crema-one\/","og_site_name":"Erresse Shop","article_modified_time":"2025-09-05T09:43:12+00:00","og_image":[{"width":1200,"height":1200,"url":"https:\/\/www.erresse-shop.it\/wp-content\/uploads\/2025\/09\/CASO-DESIGN-Macchina-da-Caffe-Caffe-Crema-One.jpg","type":"image\/jpeg"}],"twitter_card":"summary_large_image","schema":{"@context":"https:\/\/schema.org","@graph":[{"@type":"WebPage","@id":"https:\/\/www.erresse-shop.it\/es\/shop\/pequenos-electrodomesticos\/maquinas-de-cafe\/automatico\/caso-design-maquina-de-cafe-caffe-crema-one\/","url":"https:\/\/www.erresse-shop.it\/es\/shop\/pequenos-electrodomesticos\/maquinas-de-cafe\/automatico\/caso-design-maquina-de-cafe-caffe-crema-one\/","name":"CASO DESIGN M\u00e1quina de caf\u00e9 Caff\u00e9 Crema One - Erresse Shop","isPartOf":{"@id":"https:\/\/www.erresse-shop.it\/es\/#website"},"datePublished":"2025-09-05T09:26:36+00:00","dateModified":"2025-09-05T09:43:12+00:00","description":"Fino, potente y arom\u00e1tico: el CASO Caf\u00e9 Crema One Con el CASO Caf\u00e9 Crema One, podr\u00e1 preparar cualquier espresso, cappuccino o latte macchiato a la","breadcrumb":{"@id":"https:\/\/www.erresse-shop.it\/es\/shop\/pequenos-electrodomesticos\/maquinas-de-cafe\/automatico\/caso-design-maquina-de-cafe-caffe-crema-one\/#breadcrumb"},"inLanguage":"es","potentialAction":[{"@type":"ReadAction","target":["https:\/\/www.erresse-shop.it\/es\/shop\/pequenos-electrodomesticos\/maquinas-de-cafe\/automatico\/caso-design-maquina-de-cafe-caffe-crema-one\/"]}]},{"@type":"BreadcrumbList","@id":"https:\/\/www.erresse-shop.it\/es\/shop\/pequenos-electrodomesticos\/maquinas-de-cafe\/automatico\/caso-design-maquina-de-cafe-caffe-crema-one\/#breadcrumb","itemListElement":[{"@type":"ListItem","position":1,"name":"Home","item":"https:\/\/www.erresse-shop.it\/es\/"},{"@type":"ListItem","position":2,"name":"Shop","item":"https:\/\/www.erresse-shop.it\/es\/shop\/"},{"@type":"ListItem","position":3,"name":"CASO DESIGN M\u00e1quina de caf\u00e9 Caff\u00e9 Crema One"}]},{"@type":"WebSite","@id":"https:\/\/www.erresse-shop.it\/es\/#website","url":"https:\/\/www.erresse-shop.it\/es\/","name":"Erresse Shop","description":"Articoli di qualit\u00e0 per la casa","potentialAction":[{"@type":"SearchAction","target":{"@type":"EntryPoint","urlTemplate":"https:\/\/www.erresse-shop.it\/es\/?s={search_term_string}"},"query-input":"required name=search_term_string"}],"inLanguage":"es"}]}},"df_price":499,"df_sale_price":499,"df_regular_price":499,"df_image_link":"https:\/\/www.erresse-shop.it\/wp-content\/uploads\/2025\/09\/CASO-DESIGN-Macchina-da-Caffe-Caffe-Crema-One-300x300.jpg","_links":{"self":[{"href":"https:\/\/www.erresse-shop.it\/es\/wp-json\/wp\/v2\/product\/511429"}],"collection":[{"href":"https:\/\/www.erresse-shop.it\/es\/wp-json\/wp\/v2\/product"}],"about":[{"href":"https:\/\/www.erresse-shop.it\/es\/wp-json\/wp\/v2\/types\/product"}],"wp:featuredmedia":[{"embeddable":true,"href":"https:\/\/www.erresse-shop.it\/es\/wp-json\/wp\/v2\/media\/511459"}],"wp:attachment":[{"href":"https:\/\/www.erresse-shop.it\/es\/wp-json\/wp\/v2\/media?parent=511429"}],"wp:term":[{"taxonomy":"product_cat","embeddable":true,"href":"https:\/\/www.erresse-shop.it\/es\/wp-json\/wp\/v2\/product_cat?post=511429"},{"taxonomy":"product_tag","embeddable":true,"href":"https:\/\/www.erresse-shop.it\/es\/wp-json\/wp\/v2\/product_tag?post=511429"}],"curies":[{"name":"wp","href":"https:\/\/api.w.org\/{rel}","templated":true}]}}