{"id":511359,"date":"2025-09-05T08:24:07","date_gmt":"2025-09-05T08:24:07","guid":{"rendered":"https:\/\/www.erresse-shop.it\/?post_type=product&#038;p=511359"},"modified":"2025-09-05T08:42:23","modified_gmt":"2025-09-05T08:42:23","slug":"caso-design-hervidor-electrico-hw-1660","status":"publish","type":"product","link":"https:\/\/www.erresse-shop.it\/es\/shop\/pequenos-electrodomesticos\/hervidores-electricos\/caso-design-hervidor-electrico-hw-1660\/","title":{"rendered":"CASO DESIGN  Hervidor el\u00e9ctrico HW 1660"},"content":{"rendered":"<p>Dispensador de agua caliente turbo CASO Design &#8220;HW 1660&#8221;: agua caliente en segundos.<br \/>\nCon el dispensador de agua caliente turbo CASO Design &#8220;HW 1660&#8221;, solo la cantidad de agua realmente necesaria se calienta, en segundos, a la temperatura deseada. Esto ahorra hasta un 50 % de energ\u00eda, agua y tiempo en comparaci\u00f3n con un hervidor tradicional.<\/p>\n<p>Puede elegir entre 7 temperaturas (de 40 a 100 \u00b0C en incrementos de 10 \u00b0C) y 7 vol\u00famenes (de 100 a 400 ml en incrementos de 50 ml): perfecto para una preparaci\u00f3n \u00f3ptima del t\u00e9.<\/p>\n<p>La elecci\u00f3n perfecta para todos los t\u00e9s.<br \/>\nEl HW 1660 es perfecto para todos los t\u00e9s: con la selecci\u00f3n de temperatura entre 40 y 100 \u00b0C en incrementos de 10 \u00b0C, puede seleccionar r\u00e1pida y f\u00e1cilmente la temperatura perfecta del agua para cada tipo de t\u00e9.<\/p>\n<p>Una ventaja adicional: sin molestos tiempos de enfriamiento. Incluye un filtro de agua para una \u00f3ptima calidad y mayor durabilidad, as\u00ed como un soporte para tazas peque\u00f1as.<\/p>\n<h4>Ideal para el hogar, la oficina y buf\u00e9s<\/h4>\n<p>Ya sea para preparar un t\u00e9 perfecto, un vaso de agua caliente o bebidas templadas como una limonada, el HW 1660 dispensa agua a la temperatura ideal de forma r\u00e1pida y sencilla.<\/p>\n<p>Con su dep\u00f3sito extra\u00edble extragrande de cuatro litros, f\u00e1cil de llenar y limpiar, el dispensador de agua caliente Turbo tambi\u00e9n es ideal para cocinas de oficina, salas de conferencias y buf\u00e9s de desayuno, por ejemplo.<\/p>\n<p>El HW 1660 presenta un dise\u00f1o elegante con acero inoxidable de alta calidad y un panel de control t\u00e1ctil frontal con iluminaci\u00f3n LED blanca, intuitivo y f\u00e1cil de usar.<\/p>\n<p>Dimensiones: 30 x 19 x 35 cm<br \/>\nPeso: 3,42 kg<br \/>\nPotencia (vatios): 2200 &#8211; 2600<br \/>\nVoltaje: 220-240 V~, 50-60 Hz<br \/>\nTemperatura (\u00b0C): 40, 50, 60, 70, 80, 90, 100 \u00b0C<\/p>\n","protected":false},"excerpt":{"rendered":"<p><br data-mce-bogus=\"1\"><\/p>\n","protected":false},"featured_media":511371,"template":"","meta":{"_acf_changed":false,"inline_featured_image":false},"product_cat":[16074,16073],"product_tag":[16259,16258,21033,16383],"acf":[],"yoast_head":"<!-- This site is optimized with the Yoast SEO Premium plugin v18.6 (Yoast SEO v19.13) - https:\/\/yoast.com\/wordpress\/plugins\/seo\/ -->\n<title>CASO DESIGN Hervidor el\u00e9ctrico HW 1660 - Erresse Shop<\/title>\n<meta name=\"robots\" content=\"index, follow, max-snippet:-1, max-image-preview:large, max-video-preview:-1\" \/>\n<link rel=\"canonical\" href=\"https:\/\/www.erresse-shop.it\/es\/shop\/pequenos-electrodomesticos\/hervidores-electricos\/caso-design-hervidor-electrico-hw-1660\/\" \/>\n<meta property=\"og:locale\" content=\"es_ES\" \/>\n<meta property=\"og:type\" content=\"article\" \/>\n<meta property=\"og:title\" content=\"CASO DESIGN Hervidor el\u00e9ctrico HW 1660\" \/>\n<meta property=\"og:url\" content=\"https:\/\/www.erresse-shop.it\/es\/shop\/pequenos-electrodomesticos\/hervidores-electricos\/caso-design-hervidor-electrico-hw-1660\/\" \/>\n<meta property=\"og:site_name\" content=\"Erresse Shop\" \/>\n<meta property=\"article:modified_time\" content=\"2025-09-05T08:42:23+00:00\" \/>\n<meta property=\"og:image\" content=\"https:\/\/www.erresse-shop.it\/wp-content\/uploads\/2025\/09\/CASO-DESIGN-Bollitore-Elettrico-HW-1660.jpg\" \/>\n\t<meta property=\"og:image:width\" content=\"1200\" \/>\n\t<meta property=\"og:image:height\" content=\"1200\" \/>\n\t<meta property=\"og:image:type\" content=\"image\/jpeg\" \/>\n<meta name=\"twitter:card\" content=\"summary_large_image\" \/>\n<script type=\"application\/ld+json\" class=\"yoast-schema-graph\">{\"@context\":\"https:\/\/schema.org\",\"@graph\":[{\"@type\":\"WebPage\",\"@id\":\"https:\/\/www.erresse-shop.it\/es\/shop\/pequenos-electrodomesticos\/hervidores-electricos\/caso-design-hervidor-electrico-hw-1660\/\",\"url\":\"https:\/\/www.erresse-shop.it\/es\/shop\/pequenos-electrodomesticos\/hervidores-electricos\/caso-design-hervidor-electrico-hw-1660\/\",\"name\":\"CASO DESIGN Hervidor el\u00e9ctrico HW 1660 - Erresse Shop\",\"isPartOf\":{\"@id\":\"https:\/\/www.erresse-shop.it\/es\/#website\"},\"datePublished\":\"2025-09-05T08:24:07+00:00\",\"dateModified\":\"2025-09-05T08:42:23+00:00\",\"breadcrumb\":{\"@id\":\"https:\/\/www.erresse-shop.it\/es\/shop\/pequenos-electrodomesticos\/hervidores-electricos\/caso-design-hervidor-electrico-hw-1660\/#breadcrumb\"},\"inLanguage\":\"es\",\"potentialAction\":[{\"@type\":\"ReadAction\",\"target\":[\"https:\/\/www.erresse-shop.it\/es\/shop\/pequenos-electrodomesticos\/hervidores-electricos\/caso-design-hervidor-electrico-hw-1660\/\"]}]},{\"@type\":\"BreadcrumbList\",\"@id\":\"https:\/\/www.erresse-shop.it\/es\/shop\/pequenos-electrodomesticos\/hervidores-electricos\/caso-design-hervidor-electrico-hw-1660\/#breadcrumb\",\"itemListElement\":[{\"@type\":\"ListItem\",\"position\":1,\"name\":\"Home\",\"item\":\"https:\/\/www.erresse-shop.it\/es\/\"},{\"@type\":\"ListItem\",\"position\":2,\"name\":\"Shop\",\"item\":\"https:\/\/www.erresse-shop.it\/es\/shop\/\"},{\"@type\":\"ListItem\",\"position\":3,\"name\":\"CASO DESIGN Hervidor el\u00e9ctrico HW 1660\"}]},{\"@type\":\"WebSite\",\"@id\":\"https:\/\/www.erresse-shop.it\/es\/#website\",\"url\":\"https:\/\/www.erresse-shop.it\/es\/\",\"name\":\"Erresse Shop\",\"description\":\"Articoli di qualit\u00e0 per la casa\",\"potentialAction\":[{\"@type\":\"SearchAction\",\"target\":{\"@type\":\"EntryPoint\",\"urlTemplate\":\"https:\/\/www.erresse-shop.it\/es\/?s={search_term_string}\"},\"query-input\":\"required name=search_term_string\"}],\"inLanguage\":\"es\"}]}<\/script>\n<!-- \/ Yoast SEO Premium plugin. -->","yoast_head_json":{"title":"CASO DESIGN Hervidor el\u00e9ctrico HW 1660 - Erresse Shop","robots":{"index":"index","follow":"follow","max-snippet":"max-snippet:-1","max-image-preview":"max-image-preview:large","max-video-preview":"max-video-preview:-1"},"canonical":"https:\/\/www.erresse-shop.it\/es\/shop\/pequenos-electrodomesticos\/hervidores-electricos\/caso-design-hervidor-electrico-hw-1660\/","og_locale":"es_ES","og_type":"article","og_title":"CASO DESIGN Hervidor el\u00e9ctrico HW 1660","og_url":"https:\/\/www.erresse-shop.it\/es\/shop\/pequenos-electrodomesticos\/hervidores-electricos\/caso-design-hervidor-electrico-hw-1660\/","og_site_name":"Erresse Shop","article_modified_time":"2025-09-05T08:42:23+00:00","og_image":[{"width":1200,"height":1200,"url":"https:\/\/www.erresse-shop.it\/wp-content\/uploads\/2025\/09\/CASO-DESIGN-Bollitore-Elettrico-HW-1660.jpg","type":"image\/jpeg"}],"twitter_card":"summary_large_image","schema":{"@context":"https:\/\/schema.org","@graph":[{"@type":"WebPage","@id":"https:\/\/www.erresse-shop.it\/es\/shop\/pequenos-electrodomesticos\/hervidores-electricos\/caso-design-hervidor-electrico-hw-1660\/","url":"https:\/\/www.erresse-shop.it\/es\/shop\/pequenos-electrodomesticos\/hervidores-electricos\/caso-design-hervidor-electrico-hw-1660\/","name":"CASO DESIGN Hervidor el\u00e9ctrico HW 1660 - Erresse Shop","isPartOf":{"@id":"https:\/\/www.erresse-shop.it\/es\/#website"},"datePublished":"2025-09-05T08:24:07+00:00","dateModified":"2025-09-05T08:42:23+00:00","breadcrumb":{"@id":"https:\/\/www.erresse-shop.it\/es\/shop\/pequenos-electrodomesticos\/hervidores-electricos\/caso-design-hervidor-electrico-hw-1660\/#breadcrumb"},"inLanguage":"es","potentialAction":[{"@type":"ReadAction","target":["https:\/\/www.erresse-shop.it\/es\/shop\/pequenos-electrodomesticos\/hervidores-electricos\/caso-design-hervidor-electrico-hw-1660\/"]}]},{"@type":"BreadcrumbList","@id":"https:\/\/www.erresse-shop.it\/es\/shop\/pequenos-electrodomesticos\/hervidores-electricos\/caso-design-hervidor-electrico-hw-1660\/#breadcrumb","itemListElement":[{"@type":"ListItem","position":1,"name":"Home","item":"https:\/\/www.erresse-shop.it\/es\/"},{"@type":"ListItem","position":2,"name":"Shop","item":"https:\/\/www.erresse-shop.it\/es\/shop\/"},{"@type":"ListItem","position":3,"name":"CASO DESIGN Hervidor el\u00e9ctrico HW 1660"}]},{"@type":"WebSite","@id":"https:\/\/www.erresse-shop.it\/es\/#website","url":"https:\/\/www.erresse-shop.it\/es\/","name":"Erresse Shop","description":"Articoli di qualit\u00e0 per la casa","potentialAction":[{"@type":"SearchAction","target":{"@type":"EntryPoint","urlTemplate":"https:\/\/www.erresse-shop.it\/es\/?s={search_term_string}"},"query-input":"required name=search_term_string"}],"inLanguage":"es"}]}},"df_price":159.99,"df_sale_price":159.99,"df_regular_price":159.99,"df_image_link":"https:\/\/www.erresse-shop.it\/wp-content\/uploads\/2025\/09\/CASO-DESIGN-Bollitore-Elettrico-HW-1660-300x300.jpg","_links":{"self":[{"href":"https:\/\/www.erresse-shop.it\/es\/wp-json\/wp\/v2\/product\/511359"}],"collection":[{"href":"https:\/\/www.erresse-shop.it\/es\/wp-json\/wp\/v2\/product"}],"about":[{"href":"https:\/\/www.erresse-shop.it\/es\/wp-json\/wp\/v2\/types\/product"}],"wp:featuredmedia":[{"embeddable":true,"href":"https:\/\/www.erresse-shop.it\/es\/wp-json\/wp\/v2\/media\/511371"}],"wp:attachment":[{"href":"https:\/\/www.erresse-shop.it\/es\/wp-json\/wp\/v2\/media?parent=511359"}],"wp:term":[{"taxonomy":"product_cat","embeddable":true,"href":"https:\/\/www.erresse-shop.it\/es\/wp-json\/wp\/v2\/product_cat?post=511359"},{"taxonomy":"product_tag","embeddable":true,"href":"https:\/\/www.erresse-shop.it\/es\/wp-json\/wp\/v2\/product_tag?post=511359"}],"curies":[{"name":"wp","href":"https:\/\/api.w.org\/{rel}","templated":true}]}}