{"id":511336,"date":"2025-09-05T07:57:40","date_gmt":"2025-09-05T07:57:40","guid":{"rendered":"https:\/\/www.erresse-shop.it\/?post_type=product&#038;p=511336"},"modified":"2025-09-05T08:14:42","modified_gmt":"2025-09-05T08:14:42","slug":"caso-design-extractor-juicefit-copia","status":"publish","type":"product","link":"https:\/\/www.erresse-shop.it\/es\/shop\/pequenos-electrodomesticos\/exprimidores\/caso-design-extractor-juicefit-copia\/","title":{"rendered":"CASO DESIGN Exprimidor CP 300"},"content":{"rendered":"<ul>\n<li>Potente y elegante exprimidor el\u00e9ctrico de c\u00edtricos con cuerpo de acero inoxidable<\/li>\n<li>Ideal para frutas peque\u00f1as y grandes<\/li>\n<li>Cono exprimidor universal para todos los c\u00edtricos comunes, desde limas hasta pomelos<\/li>\n<li>F\u00e1cil manejo gracias al brazo exprimidor con palanca<\/li>\n<li>Filtro de acero inoxidable de alta calidad<\/li>\n<li>Mango suave al tacto con c\u00f3modo arranque autom\u00e1tico<\/li>\n<li>Extremadamente f\u00e1cil de limpiar, las piezas individuales son desmontables y aptas para lavavajillas<\/li>\n<li>Motor extremadamente silencioso<\/li>\n<li>Patas con ventosa para una posici\u00f3n extremadamente segura<\/li>\n<li>Sistema antigoteo<\/li>\n<\/ul>\n<p><strong>Dimensiones: 32 x 30,5 x 32<br \/>\nPeso: 2,7 kg<br \/>\nPotencia (vatios): 160<br \/>\nVoltaje: 220-240 V~, 50-60 Hz<\/p>\n","protected":false},"excerpt":{"rendered":"<p>Potente y elegante exprimidor el\u00e9ctrico de c\u00edtricos con cuerpo de acero inoxidable Ideal para frutas peque\u00f1as y grandes Cono exprimidor<\/p>\n","protected":false},"featured_media":511354,"template":"","meta":{"_acf_changed":false,"inline_featured_image":false},"product_cat":[16078,16073],"product_tag":[16659,21823],"acf":[],"yoast_head":"<!-- This site is optimized with the Yoast SEO Premium plugin v18.6 (Yoast SEO v19.13) - https:\/\/yoast.com\/wordpress\/plugins\/seo\/ -->\n<title>CASO DESIGN Exprimidor CP 300 - Erresse Shop<\/title>\n<meta name=\"description\" content=\"Potente y elegante exprimidor el\u00e9ctrico de c\u00edtricos con cuerpo de acero inoxidable Ideal para frutas peque\u00f1as y grandes Cono exprimidor universal para\" \/>\n<meta name=\"robots\" content=\"index, follow, max-snippet:-1, max-image-preview:large, max-video-preview:-1\" \/>\n<link rel=\"canonical\" href=\"https:\/\/www.erresse-shop.it\/es\/shop\/pequenos-electrodomesticos\/exprimidores\/caso-design-extractor-juicefit-copia\/\" \/>\n<meta property=\"og:locale\" content=\"es_ES\" \/>\n<meta property=\"og:type\" content=\"article\" \/>\n<meta property=\"og:title\" content=\"CASO DESIGN Exprimidor CP 300\" \/>\n<meta property=\"og:description\" content=\"Potente y elegante exprimidor el\u00e9ctrico de c\u00edtricos con cuerpo de acero inoxidable Ideal para frutas peque\u00f1as y grandes Cono exprimidor universal para\" \/>\n<meta property=\"og:url\" content=\"https:\/\/www.erresse-shop.it\/es\/shop\/pequenos-electrodomesticos\/exprimidores\/caso-design-extractor-juicefit-copia\/\" \/>\n<meta property=\"og:site_name\" content=\"Erresse Shop\" \/>\n<meta property=\"article:modified_time\" content=\"2025-09-05T08:14:42+00:00\" \/>\n<meta property=\"og:image\" content=\"https:\/\/www.erresse-shop.it\/wp-content\/uploads\/2025\/09\/CASO-DESIGN-Spremiagrumi-CP-300.jpg\" \/>\n\t<meta property=\"og:image:width\" content=\"1200\" \/>\n\t<meta property=\"og:image:height\" content=\"1200\" \/>\n\t<meta property=\"og:image:type\" content=\"image\/jpeg\" \/>\n<meta name=\"twitter:card\" content=\"summary_large_image\" \/>\n<script type=\"application\/ld+json\" class=\"yoast-schema-graph\">{\"@context\":\"https:\/\/schema.org\",\"@graph\":[{\"@type\":\"WebPage\",\"@id\":\"https:\/\/www.erresse-shop.it\/es\/shop\/pequenos-electrodomesticos\/exprimidores\/caso-design-extractor-juicefit-copia\/\",\"url\":\"https:\/\/www.erresse-shop.it\/es\/shop\/pequenos-electrodomesticos\/exprimidores\/caso-design-extractor-juicefit-copia\/\",\"name\":\"CASO DESIGN Exprimidor CP 300 - Erresse Shop\",\"isPartOf\":{\"@id\":\"https:\/\/www.erresse-shop.it\/es\/#website\"},\"datePublished\":\"2025-09-05T07:57:40+00:00\",\"dateModified\":\"2025-09-05T08:14:42+00:00\",\"description\":\"Potente y elegante exprimidor el\u00e9ctrico de c\u00edtricos con cuerpo de acero inoxidable Ideal para frutas peque\u00f1as y grandes Cono exprimidor universal para\",\"breadcrumb\":{\"@id\":\"https:\/\/www.erresse-shop.it\/es\/shop\/pequenos-electrodomesticos\/exprimidores\/caso-design-extractor-juicefit-copia\/#breadcrumb\"},\"inLanguage\":\"es\",\"potentialAction\":[{\"@type\":\"ReadAction\",\"target\":[\"https:\/\/www.erresse-shop.it\/es\/shop\/pequenos-electrodomesticos\/exprimidores\/caso-design-extractor-juicefit-copia\/\"]}]},{\"@type\":\"BreadcrumbList\",\"@id\":\"https:\/\/www.erresse-shop.it\/es\/shop\/pequenos-electrodomesticos\/exprimidores\/caso-design-extractor-juicefit-copia\/#breadcrumb\",\"itemListElement\":[{\"@type\":\"ListItem\",\"position\":1,\"name\":\"Home\",\"item\":\"https:\/\/www.erresse-shop.it\/es\/\"},{\"@type\":\"ListItem\",\"position\":2,\"name\":\"Shop\",\"item\":\"https:\/\/www.erresse-shop.it\/es\/shop\/\"},{\"@type\":\"ListItem\",\"position\":3,\"name\":\"CASO DESIGN Exprimidor CP 300\"}]},{\"@type\":\"WebSite\",\"@id\":\"https:\/\/www.erresse-shop.it\/es\/#website\",\"url\":\"https:\/\/www.erresse-shop.it\/es\/\",\"name\":\"Erresse Shop\",\"description\":\"Articoli di qualit\u00e0 per la casa\",\"potentialAction\":[{\"@type\":\"SearchAction\",\"target\":{\"@type\":\"EntryPoint\",\"urlTemplate\":\"https:\/\/www.erresse-shop.it\/es\/?s={search_term_string}\"},\"query-input\":\"required name=search_term_string\"}],\"inLanguage\":\"es\"}]}<\/script>\n<!-- \/ Yoast SEO Premium plugin. -->","yoast_head_json":{"title":"CASO DESIGN Exprimidor CP 300 - Erresse Shop","description":"Potente y elegante exprimidor el\u00e9ctrico de c\u00edtricos con cuerpo de acero inoxidable Ideal para frutas peque\u00f1as y grandes Cono exprimidor universal para","robots":{"index":"index","follow":"follow","max-snippet":"max-snippet:-1","max-image-preview":"max-image-preview:large","max-video-preview":"max-video-preview:-1"},"canonical":"https:\/\/www.erresse-shop.it\/es\/shop\/pequenos-electrodomesticos\/exprimidores\/caso-design-extractor-juicefit-copia\/","og_locale":"es_ES","og_type":"article","og_title":"CASO DESIGN Exprimidor CP 300","og_description":"Potente y elegante exprimidor el\u00e9ctrico de c\u00edtricos con cuerpo de acero inoxidable Ideal para frutas peque\u00f1as y grandes Cono exprimidor universal para","og_url":"https:\/\/www.erresse-shop.it\/es\/shop\/pequenos-electrodomesticos\/exprimidores\/caso-design-extractor-juicefit-copia\/","og_site_name":"Erresse Shop","article_modified_time":"2025-09-05T08:14:42+00:00","og_image":[{"width":1200,"height":1200,"url":"https:\/\/www.erresse-shop.it\/wp-content\/uploads\/2025\/09\/CASO-DESIGN-Spremiagrumi-CP-300.jpg","type":"image\/jpeg"}],"twitter_card":"summary_large_image","schema":{"@context":"https:\/\/schema.org","@graph":[{"@type":"WebPage","@id":"https:\/\/www.erresse-shop.it\/es\/shop\/pequenos-electrodomesticos\/exprimidores\/caso-design-extractor-juicefit-copia\/","url":"https:\/\/www.erresse-shop.it\/es\/shop\/pequenos-electrodomesticos\/exprimidores\/caso-design-extractor-juicefit-copia\/","name":"CASO DESIGN Exprimidor CP 300 - Erresse Shop","isPartOf":{"@id":"https:\/\/www.erresse-shop.it\/es\/#website"},"datePublished":"2025-09-05T07:57:40+00:00","dateModified":"2025-09-05T08:14:42+00:00","description":"Potente y elegante exprimidor el\u00e9ctrico de c\u00edtricos con cuerpo de acero inoxidable Ideal para frutas peque\u00f1as y grandes Cono exprimidor universal para","breadcrumb":{"@id":"https:\/\/www.erresse-shop.it\/es\/shop\/pequenos-electrodomesticos\/exprimidores\/caso-design-extractor-juicefit-copia\/#breadcrumb"},"inLanguage":"es","potentialAction":[{"@type":"ReadAction","target":["https:\/\/www.erresse-shop.it\/es\/shop\/pequenos-electrodomesticos\/exprimidores\/caso-design-extractor-juicefit-copia\/"]}]},{"@type":"BreadcrumbList","@id":"https:\/\/www.erresse-shop.it\/es\/shop\/pequenos-electrodomesticos\/exprimidores\/caso-design-extractor-juicefit-copia\/#breadcrumb","itemListElement":[{"@type":"ListItem","position":1,"name":"Home","item":"https:\/\/www.erresse-shop.it\/es\/"},{"@type":"ListItem","position":2,"name":"Shop","item":"https:\/\/www.erresse-shop.it\/es\/shop\/"},{"@type":"ListItem","position":3,"name":"CASO DESIGN Exprimidor CP 300"}]},{"@type":"WebSite","@id":"https:\/\/www.erresse-shop.it\/es\/#website","url":"https:\/\/www.erresse-shop.it\/es\/","name":"Erresse Shop","description":"Articoli di qualit\u00e0 per la casa","potentialAction":[{"@type":"SearchAction","target":{"@type":"EntryPoint","urlTemplate":"https:\/\/www.erresse-shop.it\/es\/?s={search_term_string}"},"query-input":"required name=search_term_string"}],"inLanguage":"es"}]}},"df_price":69.99,"df_sale_price":69.99,"df_regular_price":69.99,"df_image_link":"https:\/\/www.erresse-shop.it\/wp-content\/uploads\/2025\/09\/CASO-DESIGN-Spremiagrumi-CP-300-300x300.jpg","_links":{"self":[{"href":"https:\/\/www.erresse-shop.it\/es\/wp-json\/wp\/v2\/product\/511336"}],"collection":[{"href":"https:\/\/www.erresse-shop.it\/es\/wp-json\/wp\/v2\/product"}],"about":[{"href":"https:\/\/www.erresse-shop.it\/es\/wp-json\/wp\/v2\/types\/product"}],"wp:featuredmedia":[{"embeddable":true,"href":"https:\/\/www.erresse-shop.it\/es\/wp-json\/wp\/v2\/media\/511354"}],"wp:attachment":[{"href":"https:\/\/www.erresse-shop.it\/es\/wp-json\/wp\/v2\/media?parent=511336"}],"wp:term":[{"taxonomy":"product_cat","embeddable":true,"href":"https:\/\/www.erresse-shop.it\/es\/wp-json\/wp\/v2\/product_cat?post=511336"},{"taxonomy":"product_tag","embeddable":true,"href":"https:\/\/www.erresse-shop.it\/es\/wp-json\/wp\/v2\/product_tag?post=511336"}],"curies":[{"name":"wp","href":"https:\/\/api.w.org\/{rel}","templated":true}]}}