{"id":511307,"date":"2025-09-05T07:38:21","date_gmt":"2025-09-05T07:38:21","guid":{"rendered":"https:\/\/www.erresse-shop.it\/?post_type=product&#038;p=511307"},"modified":"2025-09-05T07:53:05","modified_gmt":"2025-09-05T07:53:05","slug":"caso-design-extractor-juicefit","status":"publish","type":"product","link":"https:\/\/www.erresse-shop.it\/es\/shop\/pequenos-electrodomesticos\/extractores-y-centrifugas\/caso-design-extractor-juicefit\/","title":{"rendered":"CASO DESIGN Extractor JuiceFit"},"content":{"rendered":"<h4>Jugos frescos y f\u00e1ciles con el exprimidor lento &#8220;JuiceFit&#8221; de CASO Design<\/h4>\n<p>Disfruta de jugos frescos y nutritivos todos los d\u00edas con el exprimidor lento JuiceFit. Este compacto exprimidor es perfecto para tu cocina y te permite preparar sin esfuerzo deliciosos jugos de frutas, verduras y hierbas.<\/p>\n<p>Sus funciones intuitivas y su elegante dise\u00f1o en negro mate lo convierten en un electrodom\u00e9stico indispensable.<\/p>\n<h4>Tecnolog\u00eda de exprimidor lento suave<\/h4>\n<p>El exprimidor lento JuiceFit utiliza una velocidad baja de 40 rpm para preservar el sabor natural y los valiosos nutrientes y vitaminas de los ingredientes.<\/p>\n<p>Esta tecnolog\u00eda de exprimidor lento garantiza un procesamiento especialmente suave, ofreciendo hasta un 30 % m\u00e1s de rendimiento que los exprimidores tradicionales. As\u00ed, puedes estar seguro de que cada gota de tu jugo es rica en sabor y saludable.<\/p>\n<h4>Usos vers\u00e1tiles<\/h4>\n<p>JuiceFit no solo es adecuado para exprimir frutas y verduras, sino tambi\u00e9n para preparar leche de almendras. Disfruta de la variedad de bebidas saludables que puedes preparar con este vers\u00e1til exprimidor. Ya sea zumo de naranja natural por la ma\u00f1ana o un zumo verde nutritivo despu\u00e9s de entrenar, JuiceFit ofrece infinitas posibilidades.<\/p>\n<h4>Exprimido de fruta entera (manguera de alimentaci\u00f3n extragrande)<\/h4>\n<p>Gracias a la manguera de alimentaci\u00f3n extragrande de 105 mm de di\u00e1metro, puede exprimir frutas y verduras enteras sin tener que cortarlas primero. Esto ahorra tiempo y facilita a\u00fan m\u00e1s la preparaci\u00f3n del zumo.<\/p>\n<p>JuiceFit es ideal para quienes desean preparar zumos frescos de forma r\u00e1pida y c\u00f3moda.<\/p>\n<h4>Pr\u00e1ctico y con un dise\u00f1o elegante<\/h4>\n<p>El exprimidor lento JuiceFit est\u00e1 equipado con dos grandes recipientes para zumo y pulpa, cada uno con una capacidad de 800 ml. Estos recipientes le permiten preparar grandes cantidades de zumo a la vez sin tener que vaciar la pulpa constantemente.<\/p>\n<p>Adem\u00e1s, el cepillo de limpieza incluido facilita mucho la limpieza del aparato despu\u00e9s de su uso, dej\u00e1ndole m\u00e1s tiempo para disfrutar de sus zumos. \u00bfPor qu\u00e9 elegir el exprimidor lento JuiceFit?<br \/>\nElige el exprimidor lento JuiceFit y disfruta de la m\u00e1xima producci\u00f3n de jugo, conservando el sabor natural y los valiosos nutrientes de tus bebidas. Su facilidad de uso y dise\u00f1o elegante lo convierten en un complemento ideal para cualquier cocina.<\/p>\n<p>Date el lujo de preparar jugos frescos y saludables, de forma f\u00e1cil y c\u00f3moda en casa.<\/p>\n<p>Dimensiones: 18 x 18 x 40 cm<br \/>\nPeso: 2,7 kg<br \/>\nPotencia (vatios): 200<br \/>\nVoltaje: 220-240 V~, 50-60 Hz<br \/>\nRPM: 40<br \/>\nTipo de enchufe: Schuko<br \/>\nLongitud del cable: 90 cm<br \/>\nCapacidad de pulpa: 800 ml<\/p>\n","protected":false},"excerpt":{"rendered":"<p>Jugos frescos y f\u00e1ciles con el exprimidor lento &#8220;JuiceFit&#8221; de CASO Design Disfruta de jugos frescos y nutritivos todos los<\/p>\n","protected":false},"featured_media":511331,"template":"","meta":{"_acf_changed":false,"inline_featured_image":false},"product_cat":[16084,16073],"product_tag":[16659,21823],"acf":[],"yoast_head":"<!-- This site is optimized with the Yoast SEO Premium plugin v18.6 (Yoast SEO v19.13) - https:\/\/yoast.com\/wordpress\/plugins\/seo\/ -->\n<title>CASO DESIGN Extractor JuiceFit - Erresse Shop<\/title>\n<meta name=\"description\" content=\"Jugos frescos y f\u00e1ciles con el exprimidor lento &quot;JuiceFit&quot; de CASO Design Disfruta de jugos frescos y nutritivos todos los d\u00edas con el exprimidor lento\" \/>\n<meta name=\"robots\" content=\"index, follow, max-snippet:-1, max-image-preview:large, max-video-preview:-1\" \/>\n<link rel=\"canonical\" href=\"https:\/\/www.erresse-shop.it\/es\/shop\/pequenos-electrodomesticos\/extractores-y-centrifugas\/caso-design-extractor-juicefit\/\" \/>\n<meta property=\"og:locale\" content=\"es_ES\" \/>\n<meta property=\"og:type\" content=\"article\" \/>\n<meta property=\"og:title\" content=\"CASO DESIGN Extractor JuiceFit\" \/>\n<meta property=\"og:description\" content=\"Jugos frescos y f\u00e1ciles con el exprimidor lento &quot;JuiceFit&quot; de CASO Design Disfruta de jugos frescos y nutritivos todos los d\u00edas con el exprimidor lento\" \/>\n<meta property=\"og:url\" content=\"https:\/\/www.erresse-shop.it\/es\/shop\/pequenos-electrodomesticos\/extractores-y-centrifugas\/caso-design-extractor-juicefit\/\" \/>\n<meta property=\"og:site_name\" content=\"Erresse Shop\" \/>\n<meta property=\"article:modified_time\" content=\"2025-09-05T07:53:05+00:00\" \/>\n<meta property=\"og:image\" content=\"https:\/\/www.erresse-shop.it\/wp-content\/uploads\/2025\/09\/CASO-DESIGN-Estrattore-JuiceFit.jpg\" \/>\n\t<meta property=\"og:image:width\" content=\"1200\" \/>\n\t<meta property=\"og:image:height\" content=\"1200\" \/>\n\t<meta property=\"og:image:type\" content=\"image\/jpeg\" \/>\n<meta name=\"twitter:card\" content=\"summary_large_image\" \/>\n<script type=\"application\/ld+json\" class=\"yoast-schema-graph\">{\"@context\":\"https:\/\/schema.org\",\"@graph\":[{\"@type\":\"WebPage\",\"@id\":\"https:\/\/www.erresse-shop.it\/es\/shop\/pequenos-electrodomesticos\/extractores-y-centrifugas\/caso-design-extractor-juicefit\/\",\"url\":\"https:\/\/www.erresse-shop.it\/es\/shop\/pequenos-electrodomesticos\/extractores-y-centrifugas\/caso-design-extractor-juicefit\/\",\"name\":\"CASO DESIGN Extractor JuiceFit - Erresse Shop\",\"isPartOf\":{\"@id\":\"https:\/\/www.erresse-shop.it\/es\/#website\"},\"datePublished\":\"2025-09-05T07:38:21+00:00\",\"dateModified\":\"2025-09-05T07:53:05+00:00\",\"description\":\"Jugos frescos y f\u00e1ciles con el exprimidor lento \\\"JuiceFit\\\" de CASO Design Disfruta de jugos frescos y nutritivos todos los d\u00edas con el exprimidor lento\",\"breadcrumb\":{\"@id\":\"https:\/\/www.erresse-shop.it\/es\/shop\/pequenos-electrodomesticos\/extractores-y-centrifugas\/caso-design-extractor-juicefit\/#breadcrumb\"},\"inLanguage\":\"es\",\"potentialAction\":[{\"@type\":\"ReadAction\",\"target\":[\"https:\/\/www.erresse-shop.it\/es\/shop\/pequenos-electrodomesticos\/extractores-y-centrifugas\/caso-design-extractor-juicefit\/\"]}]},{\"@type\":\"BreadcrumbList\",\"@id\":\"https:\/\/www.erresse-shop.it\/es\/shop\/pequenos-electrodomesticos\/extractores-y-centrifugas\/caso-design-extractor-juicefit\/#breadcrumb\",\"itemListElement\":[{\"@type\":\"ListItem\",\"position\":1,\"name\":\"Home\",\"item\":\"https:\/\/www.erresse-shop.it\/es\/\"},{\"@type\":\"ListItem\",\"position\":2,\"name\":\"Shop\",\"item\":\"https:\/\/www.erresse-shop.it\/es\/shop\/\"},{\"@type\":\"ListItem\",\"position\":3,\"name\":\"CASO DESIGN Extractor JuiceFit\"}]},{\"@type\":\"WebSite\",\"@id\":\"https:\/\/www.erresse-shop.it\/es\/#website\",\"url\":\"https:\/\/www.erresse-shop.it\/es\/\",\"name\":\"Erresse Shop\",\"description\":\"Articoli di qualit\u00e0 per la casa\",\"potentialAction\":[{\"@type\":\"SearchAction\",\"target\":{\"@type\":\"EntryPoint\",\"urlTemplate\":\"https:\/\/www.erresse-shop.it\/es\/?s={search_term_string}\"},\"query-input\":\"required name=search_term_string\"}],\"inLanguage\":\"es\"}]}<\/script>\n<!-- \/ Yoast SEO Premium plugin. -->","yoast_head_json":{"title":"CASO DESIGN Extractor JuiceFit - Erresse Shop","description":"Jugos frescos y f\u00e1ciles con el exprimidor lento \"JuiceFit\" de CASO Design Disfruta de jugos frescos y nutritivos todos los d\u00edas con el exprimidor lento","robots":{"index":"index","follow":"follow","max-snippet":"max-snippet:-1","max-image-preview":"max-image-preview:large","max-video-preview":"max-video-preview:-1"},"canonical":"https:\/\/www.erresse-shop.it\/es\/shop\/pequenos-electrodomesticos\/extractores-y-centrifugas\/caso-design-extractor-juicefit\/","og_locale":"es_ES","og_type":"article","og_title":"CASO DESIGN Extractor JuiceFit","og_description":"Jugos frescos y f\u00e1ciles con el exprimidor lento \"JuiceFit\" de CASO Design Disfruta de jugos frescos y nutritivos todos los d\u00edas con el exprimidor lento","og_url":"https:\/\/www.erresse-shop.it\/es\/shop\/pequenos-electrodomesticos\/extractores-y-centrifugas\/caso-design-extractor-juicefit\/","og_site_name":"Erresse Shop","article_modified_time":"2025-09-05T07:53:05+00:00","og_image":[{"width":1200,"height":1200,"url":"https:\/\/www.erresse-shop.it\/wp-content\/uploads\/2025\/09\/CASO-DESIGN-Estrattore-JuiceFit.jpg","type":"image\/jpeg"}],"twitter_card":"summary_large_image","schema":{"@context":"https:\/\/schema.org","@graph":[{"@type":"WebPage","@id":"https:\/\/www.erresse-shop.it\/es\/shop\/pequenos-electrodomesticos\/extractores-y-centrifugas\/caso-design-extractor-juicefit\/","url":"https:\/\/www.erresse-shop.it\/es\/shop\/pequenos-electrodomesticos\/extractores-y-centrifugas\/caso-design-extractor-juicefit\/","name":"CASO DESIGN Extractor JuiceFit - Erresse Shop","isPartOf":{"@id":"https:\/\/www.erresse-shop.it\/es\/#website"},"datePublished":"2025-09-05T07:38:21+00:00","dateModified":"2025-09-05T07:53:05+00:00","description":"Jugos frescos y f\u00e1ciles con el exprimidor lento \"JuiceFit\" de CASO Design Disfruta de jugos frescos y nutritivos todos los d\u00edas con el exprimidor lento","breadcrumb":{"@id":"https:\/\/www.erresse-shop.it\/es\/shop\/pequenos-electrodomesticos\/extractores-y-centrifugas\/caso-design-extractor-juicefit\/#breadcrumb"},"inLanguage":"es","potentialAction":[{"@type":"ReadAction","target":["https:\/\/www.erresse-shop.it\/es\/shop\/pequenos-electrodomesticos\/extractores-y-centrifugas\/caso-design-extractor-juicefit\/"]}]},{"@type":"BreadcrumbList","@id":"https:\/\/www.erresse-shop.it\/es\/shop\/pequenos-electrodomesticos\/extractores-y-centrifugas\/caso-design-extractor-juicefit\/#breadcrumb","itemListElement":[{"@type":"ListItem","position":1,"name":"Home","item":"https:\/\/www.erresse-shop.it\/es\/"},{"@type":"ListItem","position":2,"name":"Shop","item":"https:\/\/www.erresse-shop.it\/es\/shop\/"},{"@type":"ListItem","position":3,"name":"CASO DESIGN Extractor JuiceFit"}]},{"@type":"WebSite","@id":"https:\/\/www.erresse-shop.it\/es\/#website","url":"https:\/\/www.erresse-shop.it\/es\/","name":"Erresse Shop","description":"Articoli di qualit\u00e0 per la casa","potentialAction":[{"@type":"SearchAction","target":{"@type":"EntryPoint","urlTemplate":"https:\/\/www.erresse-shop.it\/es\/?s={search_term_string}"},"query-input":"required name=search_term_string"}],"inLanguage":"es"}]}},"df_price":119.99,"df_sale_price":119.99,"df_regular_price":119.99,"df_image_link":"https:\/\/www.erresse-shop.it\/wp-content\/uploads\/2025\/09\/CASO-DESIGN-Estrattore-JuiceFit-300x300.jpg","_links":{"self":[{"href":"https:\/\/www.erresse-shop.it\/es\/wp-json\/wp\/v2\/product\/511307"}],"collection":[{"href":"https:\/\/www.erresse-shop.it\/es\/wp-json\/wp\/v2\/product"}],"about":[{"href":"https:\/\/www.erresse-shop.it\/es\/wp-json\/wp\/v2\/types\/product"}],"wp:featuredmedia":[{"embeddable":true,"href":"https:\/\/www.erresse-shop.it\/es\/wp-json\/wp\/v2\/media\/511331"}],"wp:attachment":[{"href":"https:\/\/www.erresse-shop.it\/es\/wp-json\/wp\/v2\/media?parent=511307"}],"wp:term":[{"taxonomy":"product_cat","embeddable":true,"href":"https:\/\/www.erresse-shop.it\/es\/wp-json\/wp\/v2\/product_cat?post=511307"},{"taxonomy":"product_tag","embeddable":true,"href":"https:\/\/www.erresse-shop.it\/es\/wp-json\/wp\/v2\/product_tag?post=511307"}],"curies":[{"name":"wp","href":"https:\/\/api.w.org\/{rel}","templated":true}]}}