{"id":511252,"date":"2025-09-05T06:51:09","date_gmt":"2025-09-05T06:51:09","guid":{"rendered":"https:\/\/www.erresse-shop.it\/?post_type=product&#038;p=511252"},"modified":"2025-09-05T07:11:25","modified_gmt":"2025-09-05T07:11:25","slug":"caso-design-maquina-de-hielo-icechef-compact","status":"publish","type":"product","link":"https:\/\/www.erresse-shop.it\/es\/shop\/pequenos-electrodomesticos\/caso-design-maquina-de-hielo-icechef-compact\/","title":{"rendered":"CASO DESIGN M\u00e1quina de hielo IceChef Compact"},"content":{"rendered":"<p>IceChef Compact: Disfruta de un helado perfecto en cualquier momento y lugar<\/p>\n<p>Refrescante para cualquier ocasi\u00f3n<\/p>\n<p>El IceChef Compact es el compa\u00f1ero ideal para fiestas de verano, reuniones improvisadas o veladas \u00edntimas en casa.<\/p>\n<p>Con esta m\u00e1quina de hielo compacta y potente, siempre tendr\u00e1s cubitos de hielo frescos y cristalinos a mano.<\/p>\n<p>Ya sea que quieras enfriar tus c\u00f3cteles, refrescar bebidas o simplemente servir un postre helado, el IceChef Compact te ofrece justo lo que necesitas.<\/p>\n<p>Dise\u00f1o compacto y f\u00e1cil manejo<\/p>\n<p>Gracias a su moderno dise\u00f1o en negro mate, el IceChef Compact se adapta perfectamente a cualquier cocina y terraza.<\/p>\n<p>Con unas dimensiones de 240 x 269 x 282 mm y un peso de tan solo 6,6 kg, es f\u00e1cil de transportar y est\u00e1 listo para usar en cualquier lugar. Su pr\u00e1ctica asa facilita su transporte, as\u00ed que nunca te quedar\u00e1s sin helado, ni siquiera cuando est\u00e9s fuera de casa.<\/p>\n<p><strong>Producci\u00f3n de hielo r\u00e1pida y eficiente<\/strong><\/p>\n<p>\u00a1No esperes m\u00e1s por el hielo! El IceChef Compact produce cubitos de hielo frescos en tan solo 6-13 minutos.<\/p>\n<p>Elige entre dos tama\u00f1os de cubitos diferentes y disfruta de hasta 12 kg en 24 horas. El dep\u00f3sito de agua de 1 litro y la bandeja de cubitos extra\u00edble garantizan un manejo sencillo y una producci\u00f3n r\u00e1pida de hielo.<\/p>\n<p><strong>Pr\u00e1ctico y f\u00e1cil de usar<\/strong><\/p>\n<p>El IceChef Compact cuenta con una tecnolog\u00eda de compresor silencioso que funciona a tan solo 43 dB, por lo que apenas notar\u00e1s su funcionamiento.<\/p>\n<p>Una ventana de visualizaci\u00f3n te permite ver r\u00e1pidamente tu reserva de cubitos de hielo en todo momento. Los indicadores de dep\u00f3sito de agua vac\u00edo y bandeja de cubitos llena te permiten saber exactamente cu\u00e1ndo necesitas rellenarlo.<\/p>\n<p>Higi\u00e9nico y f\u00e1cil de limpiar<\/p>\n<p>Gracias a la funci\u00f3n de autolimpieza integrada, el IceChef Compact se mantiene siempre higi\u00e9nicamente limpio. Esto ahorra tiempo y esfuerzo durante la limpieza y garantiza cubitos de hielo siempre frescos y limpios.<\/p>\n<p>La pala para hielo y la bandeja de hielo extra\u00edble incluidas facilitan el porcionado y el servicio.<\/p>\n","protected":false},"excerpt":{"rendered":"<p>IceChef Compact: Disfruta de un helado perfecto en cualquier momento y lugar Refrescante para cualquier ocasi\u00f3n El IceChef Compact es<\/p>\n","protected":false},"featured_media":511265,"template":"","meta":{"_acf_changed":false,"inline_featured_image":false},"product_cat":[16073],"product_tag":[16259,24417,23370,16307],"acf":[],"yoast_head":"<!-- This site is optimized with the Yoast SEO Premium plugin v18.6 (Yoast SEO v19.13) - https:\/\/yoast.com\/wordpress\/plugins\/seo\/ -->\n<title>CASO DESIGN M\u00e1quina de hielo IceChef Compact - Erresse Shop<\/title>\n<meta name=\"description\" content=\"IceChef Compact: Disfruta de un helado perfecto en cualquier momento y lugar Refrescante para cualquier ocasi\u00f3n El IceChef Compact es el compa\u00f1ero ideal\" \/>\n<meta name=\"robots\" content=\"index, follow, max-snippet:-1, max-image-preview:large, max-video-preview:-1\" \/>\n<link rel=\"canonical\" href=\"https:\/\/www.erresse-shop.it\/es\/shop\/pequenos-electrodomesticos\/caso-design-maquina-de-hielo-icechef-compact\/\" \/>\n<meta property=\"og:locale\" content=\"es_ES\" \/>\n<meta property=\"og:type\" content=\"article\" \/>\n<meta property=\"og:title\" content=\"CASO DESIGN M\u00e1quina de hielo IceChef Compact\" \/>\n<meta property=\"og:description\" content=\"IceChef Compact: Disfruta de un helado perfecto en cualquier momento y lugar Refrescante para cualquier ocasi\u00f3n El IceChef Compact es el compa\u00f1ero ideal\" \/>\n<meta property=\"og:url\" content=\"https:\/\/www.erresse-shop.it\/es\/shop\/pequenos-electrodomesticos\/caso-design-maquina-de-hielo-icechef-compact\/\" \/>\n<meta property=\"og:site_name\" content=\"Erresse Shop\" \/>\n<meta property=\"article:modified_time\" content=\"2025-09-05T07:11:25+00:00\" \/>\n<meta property=\"og:image\" content=\"https:\/\/www.erresse-shop.it\/wp-content\/uploads\/2025\/09\/CASO-DESIGN-Macchina-del-Ghiaccio-IceChef-Compact.jpg\" \/>\n\t<meta property=\"og:image:width\" content=\"1200\" \/>\n\t<meta property=\"og:image:height\" content=\"1200\" \/>\n\t<meta property=\"og:image:type\" content=\"image\/jpeg\" \/>\n<meta name=\"twitter:card\" content=\"summary_large_image\" \/>\n<script type=\"application\/ld+json\" class=\"yoast-schema-graph\">{\"@context\":\"https:\/\/schema.org\",\"@graph\":[{\"@type\":\"WebPage\",\"@id\":\"https:\/\/www.erresse-shop.it\/es\/shop\/pequenos-electrodomesticos\/caso-design-maquina-de-hielo-icechef-compact\/\",\"url\":\"https:\/\/www.erresse-shop.it\/es\/shop\/pequenos-electrodomesticos\/caso-design-maquina-de-hielo-icechef-compact\/\",\"name\":\"CASO DESIGN M\u00e1quina de hielo IceChef Compact - Erresse Shop\",\"isPartOf\":{\"@id\":\"https:\/\/www.erresse-shop.it\/es\/#website\"},\"datePublished\":\"2025-09-05T06:51:09+00:00\",\"dateModified\":\"2025-09-05T07:11:25+00:00\",\"description\":\"IceChef Compact: Disfruta de un helado perfecto en cualquier momento y lugar Refrescante para cualquier ocasi\u00f3n El IceChef Compact es el compa\u00f1ero ideal\",\"breadcrumb\":{\"@id\":\"https:\/\/www.erresse-shop.it\/es\/shop\/pequenos-electrodomesticos\/caso-design-maquina-de-hielo-icechef-compact\/#breadcrumb\"},\"inLanguage\":\"es\",\"potentialAction\":[{\"@type\":\"ReadAction\",\"target\":[\"https:\/\/www.erresse-shop.it\/es\/shop\/pequenos-electrodomesticos\/caso-design-maquina-de-hielo-icechef-compact\/\"]}]},{\"@type\":\"BreadcrumbList\",\"@id\":\"https:\/\/www.erresse-shop.it\/es\/shop\/pequenos-electrodomesticos\/caso-design-maquina-de-hielo-icechef-compact\/#breadcrumb\",\"itemListElement\":[{\"@type\":\"ListItem\",\"position\":1,\"name\":\"Home\",\"item\":\"https:\/\/www.erresse-shop.it\/es\/\"},{\"@type\":\"ListItem\",\"position\":2,\"name\":\"Shop\",\"item\":\"https:\/\/www.erresse-shop.it\/es\/shop\/\"},{\"@type\":\"ListItem\",\"position\":3,\"name\":\"CASO DESIGN M\u00e1quina de hielo IceChef Compact\"}]},{\"@type\":\"WebSite\",\"@id\":\"https:\/\/www.erresse-shop.it\/es\/#website\",\"url\":\"https:\/\/www.erresse-shop.it\/es\/\",\"name\":\"Erresse Shop\",\"description\":\"Articoli di qualit\u00e0 per la casa\",\"potentialAction\":[{\"@type\":\"SearchAction\",\"target\":{\"@type\":\"EntryPoint\",\"urlTemplate\":\"https:\/\/www.erresse-shop.it\/es\/?s={search_term_string}\"},\"query-input\":\"required name=search_term_string\"}],\"inLanguage\":\"es\"}]}<\/script>\n<!-- \/ Yoast SEO Premium plugin. -->","yoast_head_json":{"title":"CASO DESIGN M\u00e1quina de hielo IceChef Compact - Erresse Shop","description":"IceChef Compact: Disfruta de un helado perfecto en cualquier momento y lugar Refrescante para cualquier ocasi\u00f3n El IceChef Compact es el compa\u00f1ero ideal","robots":{"index":"index","follow":"follow","max-snippet":"max-snippet:-1","max-image-preview":"max-image-preview:large","max-video-preview":"max-video-preview:-1"},"canonical":"https:\/\/www.erresse-shop.it\/es\/shop\/pequenos-electrodomesticos\/caso-design-maquina-de-hielo-icechef-compact\/","og_locale":"es_ES","og_type":"article","og_title":"CASO DESIGN M\u00e1quina de hielo IceChef Compact","og_description":"IceChef Compact: Disfruta de un helado perfecto en cualquier momento y lugar Refrescante para cualquier ocasi\u00f3n El IceChef Compact es el compa\u00f1ero ideal","og_url":"https:\/\/www.erresse-shop.it\/es\/shop\/pequenos-electrodomesticos\/caso-design-maquina-de-hielo-icechef-compact\/","og_site_name":"Erresse Shop","article_modified_time":"2025-09-05T07:11:25+00:00","og_image":[{"width":1200,"height":1200,"url":"https:\/\/www.erresse-shop.it\/wp-content\/uploads\/2025\/09\/CASO-DESIGN-Macchina-del-Ghiaccio-IceChef-Compact.jpg","type":"image\/jpeg"}],"twitter_card":"summary_large_image","schema":{"@context":"https:\/\/schema.org","@graph":[{"@type":"WebPage","@id":"https:\/\/www.erresse-shop.it\/es\/shop\/pequenos-electrodomesticos\/caso-design-maquina-de-hielo-icechef-compact\/","url":"https:\/\/www.erresse-shop.it\/es\/shop\/pequenos-electrodomesticos\/caso-design-maquina-de-hielo-icechef-compact\/","name":"CASO DESIGN M\u00e1quina de hielo IceChef Compact - Erresse Shop","isPartOf":{"@id":"https:\/\/www.erresse-shop.it\/es\/#website"},"datePublished":"2025-09-05T06:51:09+00:00","dateModified":"2025-09-05T07:11:25+00:00","description":"IceChef Compact: Disfruta de un helado perfecto en cualquier momento y lugar Refrescante para cualquier ocasi\u00f3n El IceChef Compact es el compa\u00f1ero ideal","breadcrumb":{"@id":"https:\/\/www.erresse-shop.it\/es\/shop\/pequenos-electrodomesticos\/caso-design-maquina-de-hielo-icechef-compact\/#breadcrumb"},"inLanguage":"es","potentialAction":[{"@type":"ReadAction","target":["https:\/\/www.erresse-shop.it\/es\/shop\/pequenos-electrodomesticos\/caso-design-maquina-de-hielo-icechef-compact\/"]}]},{"@type":"BreadcrumbList","@id":"https:\/\/www.erresse-shop.it\/es\/shop\/pequenos-electrodomesticos\/caso-design-maquina-de-hielo-icechef-compact\/#breadcrumb","itemListElement":[{"@type":"ListItem","position":1,"name":"Home","item":"https:\/\/www.erresse-shop.it\/es\/"},{"@type":"ListItem","position":2,"name":"Shop","item":"https:\/\/www.erresse-shop.it\/es\/shop\/"},{"@type":"ListItem","position":3,"name":"CASO DESIGN M\u00e1quina de hielo IceChef Compact"}]},{"@type":"WebSite","@id":"https:\/\/www.erresse-shop.it\/es\/#website","url":"https:\/\/www.erresse-shop.it\/es\/","name":"Erresse Shop","description":"Articoli di qualit\u00e0 per la casa","potentialAction":[{"@type":"SearchAction","target":{"@type":"EntryPoint","urlTemplate":"https:\/\/www.erresse-shop.it\/es\/?s={search_term_string}"},"query-input":"required name=search_term_string"}],"inLanguage":"es"}]}},"df_price":119.99,"df_sale_price":119.99,"df_regular_price":119.99,"df_image_link":"https:\/\/www.erresse-shop.it\/wp-content\/uploads\/2025\/09\/CASO-DESIGN-Macchina-del-Ghiaccio-IceChef-Compact-300x300.jpg","_links":{"self":[{"href":"https:\/\/www.erresse-shop.it\/es\/wp-json\/wp\/v2\/product\/511252"}],"collection":[{"href":"https:\/\/www.erresse-shop.it\/es\/wp-json\/wp\/v2\/product"}],"about":[{"href":"https:\/\/www.erresse-shop.it\/es\/wp-json\/wp\/v2\/types\/product"}],"wp:featuredmedia":[{"embeddable":true,"href":"https:\/\/www.erresse-shop.it\/es\/wp-json\/wp\/v2\/media\/511265"}],"wp:attachment":[{"href":"https:\/\/www.erresse-shop.it\/es\/wp-json\/wp\/v2\/media?parent=511252"}],"wp:term":[{"taxonomy":"product_cat","embeddable":true,"href":"https:\/\/www.erresse-shop.it\/es\/wp-json\/wp\/v2\/product_cat?post=511252"},{"taxonomy":"product_tag","embeddable":true,"href":"https:\/\/www.erresse-shop.it\/es\/wp-json\/wp\/v2\/product_tag?post=511252"}],"curies":[{"name":"wp","href":"https:\/\/api.w.org\/{rel}","templated":true}]}}