{"id":511212,"date":"2025-09-05T06:05:26","date_gmt":"2025-09-05T06:05:26","guid":{"rendered":"https:\/\/www.erresse-shop.it\/?post_type=product&#038;p=511212"},"modified":"2025-09-05T06:17:35","modified_gmt":"2025-09-05T06:17:35","slug":"caso-design-microonda-mcg-25-ceramic-chef","status":"publish","type":"product","link":"https:\/\/www.erresse-shop.it\/es\/shop\/pequenos-electrodomesticos\/hornos\/caso-design-microonda-mcg-25-ceramic-chef\/","title":{"rendered":"CASO DESIGN Microonda MCG 25 Ceramic Chef"},"content":{"rendered":"<p><strong>Uno para todos: El microondas de dise\u00f1o MCG 25 Ceramic Chef<\/strong><\/p>\n<p>El microondas de dise\u00f1o MCG 25 Ceramic Chef de CASO Design es el ayudante perfecto en la cocina, listo para ayudarte en cualquier situaci\u00f3n.<\/p>\n<p>Este vers\u00e1til electrodom\u00e9stico combina las funciones de microondas, convecci\u00f3n y grill en un solo dispositivo, para que puedas preparar desde aperitivos r\u00e1pidos hasta platos m\u00e1s elaborados con facilidad.<\/p>\n<p>La combinaci\u00f3n de tecnolog\u00eda innovadora y dise\u00f1o elegante convierte al MCG 25 Ceramic Chef en un compa\u00f1ero indispensable en cualquier cocina moderna.<\/p>\n<p><strong>Innovador gracias al reflector de microondas<\/strong><\/p>\n<p>El MCG 25 Ceramic Chef cuenta con una base plana de vidrio de borosilicato de alta calidad, que incorpora un reflector de microondas.<\/p>\n<p>Esta innovadora tecnolog\u00eda permite una distribuci\u00f3n uniforme de las microondas, calentando los alimentos a la temperatura \u00f3ptima.<\/p>\n<p>A diferencia de los hornos microondas convencionales, este electrodom\u00e9stico no necesita plato giratorio, lo que ofrece una superficie \u00fatil mucho mayor.<\/p>\n<p>Esto significa que puedes usar incluso fuentes cuadradas de gran tama\u00f1o sin problemas. La superficie lisa de la base de vidrio tambi\u00e9n facilita la limpieza.<\/p>\n<p><strong>Cocina a dos niveles<\/strong><\/p>\n<p>Con el horno MCG 25 Ceramic Chef, puede cocinar a dos niveles simult\u00e1neamente, lo que le brinda a\u00fan m\u00e1s flexibilidad en la cocina.<\/p>\n<p>Gracias a la rejilla extra\u00edble, puede descongelar y cocinar diferentes alimentos simult\u00e1neamente sin que se mezclen los sabores.<\/p>\n<p>La funci\u00f3n de aire caliente en la parte posterior garantiza resultados de cocci\u00f3n perfectos al distribuir el calor uniformemente por todo el horno. Ya sea que desee hornear panecillos crujientes o preparar asados \u200b\u200bjugosos, con este electrodom\u00e9stico puede convertir cualquier plato en un \u00e9xito.<\/p>\n<p><strong>Potente y vers\u00e1til<\/strong><\/p>\n<p>El MCG 25 Ceramic Chef impresiona por su impresionante rendimiento: 900 vatios de potencia de microondas, 1200 vatios de potencia de grill y 2050 vatios de aire caliente.<\/p>\n<p>Con diez configuraciones de microondas y convecci\u00f3n y nueve programas de cocci\u00f3n autom\u00e1ticos, siempre tendr\u00e1 la configuraci\u00f3n perfecta para sus platos al alcance de la mano.<\/p>\n<p>La funci\u00f3n de precalentamiento garantiza una cocci\u00f3n a\u00fan m\u00e1s r\u00e1pida y uniforme. Tambi\u00e9n dispone de cuatro programas combinados para microondas y convecci\u00f3n, y dos programas combinados para microondas y grill, que le ofrecen a\u00fan m\u00e1s opciones de cocci\u00f3n.<\/p>\n<p><strong>Uso pr\u00e1ctico y dise\u00f1o moderno<\/strong><\/p>\n<p>El MCG 25 Ceramic Chef es especialmente f\u00e1cil e intuitivo de usar gracias a su pantalla t\u00e1ctil y digital.<\/p>\n<p>El temporizador de 95 minutos con se\u00f1al de fin de cocci\u00f3n y la funci\u00f3n de audio ajustable individualmente hacen que cocinar sea a\u00fan m\u00e1s c\u00f3modo.<\/p>\n<p>El elegante dise\u00f1o con interior de acero inoxidable e iluminaci\u00f3n interior le da a su cocina un aspecto moderno y lo convierte en el electrodom\u00e9stico m\u00e1s atractivo.<\/p>\n<p>Con una capacidad de aproximadamente 25 litros, el interior ofrece amplio espacio para todas sus creaciones culinarias.<\/p>\n<p>El CASO Design MCG 25 Ceramic Chef no solo es un utensilio pr\u00e1ctico y vers\u00e1til, sino tambi\u00e9n un complemento elegante para su cocina.<\/p>\n<p>Dimensiones: 48 x 49 x 28,5 cm<br \/>\nPeso: 16,8 kg<br \/>\nMicroondas (vatios): 900<br \/>\nVoltaje: 230-240 V~, 50 Hz<br \/>\nTipo de enchufe: Schuko<br \/>\nLongitud del cable: 100 cm<\/p>\n","protected":false},"excerpt":{"rendered":"<p>Uno para todos: El microondas de dise\u00f1o MCG 25 Ceramic Chef El microondas de dise\u00f1o MCG 25 Ceramic Chef de<\/p>\n","protected":false},"featured_media":511225,"template":"","meta":{"_acf_changed":false,"inline_featured_image":false},"product_cat":[16079,16073],"product_tag":[16259,24417,16402,16307,21085,16168],"acf":[],"yoast_head":"<!-- This site is optimized with the Yoast SEO Premium plugin v18.6 (Yoast SEO v19.13) - https:\/\/yoast.com\/wordpress\/plugins\/seo\/ -->\n<title>CASO DESIGN Microonda MCG 25 Ceramic Chef - Erresse Shop<\/title>\n<meta name=\"description\" content=\"Uno para todos: El microondas de dise\u00f1o MCG 25 Ceramic Chef El microondas de dise\u00f1o MCG 25 Ceramic Chef de CASO Design es el ayudante perfecto en la\" \/>\n<meta name=\"robots\" content=\"index, follow, max-snippet:-1, max-image-preview:large, max-video-preview:-1\" \/>\n<link rel=\"canonical\" href=\"https:\/\/www.erresse-shop.it\/es\/shop\/pequenos-electrodomesticos\/hornos\/caso-design-microonda-mcg-25-ceramic-chef\/\" \/>\n<meta property=\"og:locale\" content=\"es_ES\" \/>\n<meta property=\"og:type\" content=\"article\" \/>\n<meta property=\"og:title\" content=\"CASO DESIGN Microonda MCG 25 Ceramic Chef\" \/>\n<meta property=\"og:description\" content=\"Uno para todos: El microondas de dise\u00f1o MCG 25 Ceramic Chef El microondas de dise\u00f1o MCG 25 Ceramic Chef de CASO Design es el ayudante perfecto en la\" \/>\n<meta property=\"og:url\" content=\"https:\/\/www.erresse-shop.it\/es\/shop\/pequenos-electrodomesticos\/hornos\/caso-design-microonda-mcg-25-ceramic-chef\/\" \/>\n<meta property=\"og:site_name\" content=\"Erresse Shop\" \/>\n<meta property=\"article:modified_time\" content=\"2025-09-05T06:17:35+00:00\" \/>\n<meta property=\"og:image\" content=\"https:\/\/www.erresse-shop.it\/wp-content\/uploads\/2025\/09\/CASO-DESIGN-Microonde-MCG-25-Ceramic-Chef.jpg\" \/>\n\t<meta property=\"og:image:width\" content=\"1200\" \/>\n\t<meta property=\"og:image:height\" content=\"1200\" \/>\n\t<meta property=\"og:image:type\" content=\"image\/jpeg\" \/>\n<meta name=\"twitter:card\" content=\"summary_large_image\" \/>\n<script type=\"application\/ld+json\" class=\"yoast-schema-graph\">{\"@context\":\"https:\/\/schema.org\",\"@graph\":[{\"@type\":\"WebPage\",\"@id\":\"https:\/\/www.erresse-shop.it\/es\/shop\/pequenos-electrodomesticos\/hornos\/caso-design-microonda-mcg-25-ceramic-chef\/\",\"url\":\"https:\/\/www.erresse-shop.it\/es\/shop\/pequenos-electrodomesticos\/hornos\/caso-design-microonda-mcg-25-ceramic-chef\/\",\"name\":\"CASO DESIGN Microonda MCG 25 Ceramic Chef - Erresse Shop\",\"isPartOf\":{\"@id\":\"https:\/\/www.erresse-shop.it\/es\/#website\"},\"datePublished\":\"2025-09-05T06:05:26+00:00\",\"dateModified\":\"2025-09-05T06:17:35+00:00\",\"description\":\"Uno para todos: El microondas de dise\u00f1o MCG 25 Ceramic Chef El microondas de dise\u00f1o MCG 25 Ceramic Chef de CASO Design es el ayudante perfecto en la\",\"breadcrumb\":{\"@id\":\"https:\/\/www.erresse-shop.it\/es\/shop\/pequenos-electrodomesticos\/hornos\/caso-design-microonda-mcg-25-ceramic-chef\/#breadcrumb\"},\"inLanguage\":\"es\",\"potentialAction\":[{\"@type\":\"ReadAction\",\"target\":[\"https:\/\/www.erresse-shop.it\/es\/shop\/pequenos-electrodomesticos\/hornos\/caso-design-microonda-mcg-25-ceramic-chef\/\"]}]},{\"@type\":\"BreadcrumbList\",\"@id\":\"https:\/\/www.erresse-shop.it\/es\/shop\/pequenos-electrodomesticos\/hornos\/caso-design-microonda-mcg-25-ceramic-chef\/#breadcrumb\",\"itemListElement\":[{\"@type\":\"ListItem\",\"position\":1,\"name\":\"Home\",\"item\":\"https:\/\/www.erresse-shop.it\/es\/\"},{\"@type\":\"ListItem\",\"position\":2,\"name\":\"Shop\",\"item\":\"https:\/\/www.erresse-shop.it\/es\/shop\/\"},{\"@type\":\"ListItem\",\"position\":3,\"name\":\"CASO DESIGN Microonda MCG 25 Ceramic Chef\"}]},{\"@type\":\"WebSite\",\"@id\":\"https:\/\/www.erresse-shop.it\/es\/#website\",\"url\":\"https:\/\/www.erresse-shop.it\/es\/\",\"name\":\"Erresse Shop\",\"description\":\"Articoli di qualit\u00e0 per la casa\",\"potentialAction\":[{\"@type\":\"SearchAction\",\"target\":{\"@type\":\"EntryPoint\",\"urlTemplate\":\"https:\/\/www.erresse-shop.it\/es\/?s={search_term_string}\"},\"query-input\":\"required name=search_term_string\"}],\"inLanguage\":\"es\"}]}<\/script>\n<!-- \/ Yoast SEO Premium plugin. -->","yoast_head_json":{"title":"CASO DESIGN Microonda MCG 25 Ceramic Chef - Erresse Shop","description":"Uno para todos: El microondas de dise\u00f1o MCG 25 Ceramic Chef El microondas de dise\u00f1o MCG 25 Ceramic Chef de CASO Design es el ayudante perfecto en la","robots":{"index":"index","follow":"follow","max-snippet":"max-snippet:-1","max-image-preview":"max-image-preview:large","max-video-preview":"max-video-preview:-1"},"canonical":"https:\/\/www.erresse-shop.it\/es\/shop\/pequenos-electrodomesticos\/hornos\/caso-design-microonda-mcg-25-ceramic-chef\/","og_locale":"es_ES","og_type":"article","og_title":"CASO DESIGN Microonda MCG 25 Ceramic Chef","og_description":"Uno para todos: El microondas de dise\u00f1o MCG 25 Ceramic Chef El microondas de dise\u00f1o MCG 25 Ceramic Chef de CASO Design es el ayudante perfecto en la","og_url":"https:\/\/www.erresse-shop.it\/es\/shop\/pequenos-electrodomesticos\/hornos\/caso-design-microonda-mcg-25-ceramic-chef\/","og_site_name":"Erresse Shop","article_modified_time":"2025-09-05T06:17:35+00:00","og_image":[{"width":1200,"height":1200,"url":"https:\/\/www.erresse-shop.it\/wp-content\/uploads\/2025\/09\/CASO-DESIGN-Microonde-MCG-25-Ceramic-Chef.jpg","type":"image\/jpeg"}],"twitter_card":"summary_large_image","schema":{"@context":"https:\/\/schema.org","@graph":[{"@type":"WebPage","@id":"https:\/\/www.erresse-shop.it\/es\/shop\/pequenos-electrodomesticos\/hornos\/caso-design-microonda-mcg-25-ceramic-chef\/","url":"https:\/\/www.erresse-shop.it\/es\/shop\/pequenos-electrodomesticos\/hornos\/caso-design-microonda-mcg-25-ceramic-chef\/","name":"CASO DESIGN Microonda MCG 25 Ceramic Chef - Erresse Shop","isPartOf":{"@id":"https:\/\/www.erresse-shop.it\/es\/#website"},"datePublished":"2025-09-05T06:05:26+00:00","dateModified":"2025-09-05T06:17:35+00:00","description":"Uno para todos: El microondas de dise\u00f1o MCG 25 Ceramic Chef El microondas de dise\u00f1o MCG 25 Ceramic Chef de CASO Design es el ayudante perfecto en la","breadcrumb":{"@id":"https:\/\/www.erresse-shop.it\/es\/shop\/pequenos-electrodomesticos\/hornos\/caso-design-microonda-mcg-25-ceramic-chef\/#breadcrumb"},"inLanguage":"es","potentialAction":[{"@type":"ReadAction","target":["https:\/\/www.erresse-shop.it\/es\/shop\/pequenos-electrodomesticos\/hornos\/caso-design-microonda-mcg-25-ceramic-chef\/"]}]},{"@type":"BreadcrumbList","@id":"https:\/\/www.erresse-shop.it\/es\/shop\/pequenos-electrodomesticos\/hornos\/caso-design-microonda-mcg-25-ceramic-chef\/#breadcrumb","itemListElement":[{"@type":"ListItem","position":1,"name":"Home","item":"https:\/\/www.erresse-shop.it\/es\/"},{"@type":"ListItem","position":2,"name":"Shop","item":"https:\/\/www.erresse-shop.it\/es\/shop\/"},{"@type":"ListItem","position":3,"name":"CASO DESIGN Microonda MCG 25 Ceramic Chef"}]},{"@type":"WebSite","@id":"https:\/\/www.erresse-shop.it\/es\/#website","url":"https:\/\/www.erresse-shop.it\/es\/","name":"Erresse Shop","description":"Articoli di qualit\u00e0 per la casa","potentialAction":[{"@type":"SearchAction","target":{"@type":"EntryPoint","urlTemplate":"https:\/\/www.erresse-shop.it\/es\/?s={search_term_string}"},"query-input":"required name=search_term_string"}],"inLanguage":"es"}]}},"df_price":249.99,"df_sale_price":249.99,"df_regular_price":249.99,"df_image_link":"https:\/\/www.erresse-shop.it\/wp-content\/uploads\/2025\/09\/CASO-DESIGN-Microonde-MCG-25-Ceramic-Chef-300x300.jpg","_links":{"self":[{"href":"https:\/\/www.erresse-shop.it\/es\/wp-json\/wp\/v2\/product\/511212"}],"collection":[{"href":"https:\/\/www.erresse-shop.it\/es\/wp-json\/wp\/v2\/product"}],"about":[{"href":"https:\/\/www.erresse-shop.it\/es\/wp-json\/wp\/v2\/types\/product"}],"wp:featuredmedia":[{"embeddable":true,"href":"https:\/\/www.erresse-shop.it\/es\/wp-json\/wp\/v2\/media\/511225"}],"wp:attachment":[{"href":"https:\/\/www.erresse-shop.it\/es\/wp-json\/wp\/v2\/media?parent=511212"}],"wp:term":[{"taxonomy":"product_cat","embeddable":true,"href":"https:\/\/www.erresse-shop.it\/es\/wp-json\/wp\/v2\/product_cat?post=511212"},{"taxonomy":"product_tag","embeddable":true,"href":"https:\/\/www.erresse-shop.it\/es\/wp-json\/wp\/v2\/product_tag?post=511212"}],"curies":[{"name":"wp","href":"https:\/\/api.w.org\/{rel}","templated":true}]}}