{"id":511175,"date":"2025-09-04T12:59:51","date_gmt":"2025-09-04T12:59:51","guid":{"rendered":"https:\/\/www.erresse-shop.it\/?post_type=product&#038;p=511175"},"modified":"2025-09-04T13:20:17","modified_gmt":"2025-09-04T13:20:17","slug":"caso-design-microonda-mg-20-ceramic-menu","status":"publish","type":"product","link":"https:\/\/www.erresse-shop.it\/es\/shop\/pequenos-electrodomesticos\/hornos\/caso-design-microonda-mg-20-ceramic-menu\/","title":{"rendered":"CASO DESIGN Microonda MG 20 Ceramic Menu"},"content":{"rendered":"<p><strong>CASO MG 20 Ceramic Menu: El placer de cocinar con solo pulsar un bot\u00f3n<\/strong><\/p>\n<p>Con su espaciosa c\u00e1mara de cocci\u00f3n de 20 litros y su interior de acero inoxidable de alta calidad, cada preparaci\u00f3n es un placer.<\/p>\n<p>Su acabado de primera calidad y su sofisticado concepto de funcionamiento ya han obtenido una calificaci\u00f3n de 2.0 (buena) en Haus &#038; Garten Test, lo que confirma su excepcional calidad.<\/p>\n<p><strong>Tecnolog\u00eda innovadora para una cocci\u00f3n uniforme<\/strong><\/p>\n<p>Gracias al fondo plano de vidrio de borosilicato con reflector de microondas, el calor se distribuye de forma \u00f3ptima por toda la c\u00e1mara de cocci\u00f3n.<\/p>\n<p>Esto garantiza un calentamiento y una cocci\u00f3n especialmente uniformes sin plato giratorio. Esto permite el uso de bandejas de horno cuadradas y ofrece m\u00e1s espacio para platos m\u00e1s grandes.<\/p>\n<p>Ya sean verduras crujientes, suculentas carnes o queso fundido a la perfecci\u00f3n, este horno microondas prepara cada comida a la perfecci\u00f3n.<\/p>\n<p>Potente y vers\u00e1til<\/p>\n<p>Con 800 vatios de potencia de microondas y una funci\u00f3n de grill de 1000 vatios, el CASO MG 20 Ceramic Menu ofrece numerosas opciones de preparaci\u00f3n.<\/p>\n<p>Cinco niveles de potencia y 14 programas autom\u00e1ticos de cocci\u00f3n garantizan la m\u00e1xima flexibilidad: desde una descongelaci\u00f3n r\u00e1pida y una cocci\u00f3n suave hasta un gratinado crujiente.<\/p>\n<p>Adem\u00e1s, dispone de dos programas combinados que combinan a la perfecci\u00f3n las funciones de microondas y grill. Esto convierte cada comida en un placer con el m\u00ednimo esfuerzo.<\/p>\n<p>Doble eficiencia con el pr\u00e1ctico grill retr\u00e1ctil<\/p>\n<p>El grill incluido es especialmente pr\u00e1ctico, ya que permite descongelar y cocinar en dos niveles simult\u00e1neamente.<\/p>\n<p>Esto le ahorra un tiempo valioso y le permite utilizar su microondas de forma a\u00fan m\u00e1s eficiente. Tanto si prepara varias porciones como diferentes platos, con el CASO MG 20 Ceramic Menu, podr\u00e1 preparar sus comidas de forma r\u00e1pida y sencilla.<\/p>\n<p>Funcionamiento c\u00f3modo y funciones personalizables<br \/>\nEl microondas cuenta con una pantalla digital con reloj y temporizador, lo que permite un control preciso.<\/p>\n<p>La funci\u00f3n de sonido ajustable individualmente es especialmente pr\u00e1ctica: si prefiere un funcionamiento silencioso, puede desactivar los pitidos, ideal para familias con ni\u00f1os o para cocinar hasta altas horas de la noche.<\/p>\n<p>El panel de control intuitivo garantiza una configuraci\u00f3n r\u00e1pida y sencilla de todos los programas.<\/p>\n<p>F\u00e1cil de limpiar y dise\u00f1o elegante<\/p>\n<p>La higiene y la facilidad de mantenimiento son prioridades principales para el CASO MG 20 Ceramic Menu.<\/p>\n<p>El interior de acero inoxidable es especialmente f\u00e1cil de limpiar, mientras que la base de vidrio liso simplifica la limpieza. Sin plato giratorio, no hay rincones ocultos donde se puedan acumular restos de comida.<\/p>\n<p>Con su dise\u00f1o moderno y elegante, el microondas se convertir\u00e1 en el centro de atenci\u00f3n de cualquier cocina.<\/p>\n<p>Dimensiones: 40 x 46 x 27 cm<br \/>\nPeso: 12,3 kg<br \/>\nGrill (vatios): 1000<br \/>\nMicroondas (vatios): 800<br \/>\nVoltaje: 230-240 V~, 50 Hz<\/p>\n","protected":false},"excerpt":{"rendered":"<p>CASO MG 20 Ceramic Menu: El placer de cocinar con solo pulsar un bot\u00f3n Con su espaciosa c\u00e1mara de cocci\u00f3n<\/p>\n","protected":false},"featured_media":511182,"template":"","meta":{"_acf_changed":false,"inline_featured_image":false},"product_cat":[16079,16073],"product_tag":[16259,24417,16402,16307,21085,16168],"acf":[],"yoast_head":"<!-- This site is optimized with the Yoast SEO Premium plugin v18.6 (Yoast SEO v19.13) - https:\/\/yoast.com\/wordpress\/plugins\/seo\/ -->\n<title>CASO DESIGN Microonda MG 20 Ceramic Menu - Erresse Shop<\/title>\n<meta name=\"description\" content=\"CASO MG 20 Ceramic Menu: El placer de cocinar con solo pulsar un bot\u00f3n Con su espaciosa c\u00e1mara de cocci\u00f3n de 20 litros y su interior de acero inoxidable\" \/>\n<meta name=\"robots\" content=\"index, follow, max-snippet:-1, max-image-preview:large, max-video-preview:-1\" \/>\n<link rel=\"canonical\" href=\"https:\/\/www.erresse-shop.it\/es\/shop\/pequenos-electrodomesticos\/hornos\/caso-design-microonda-mg-20-ceramic-menu\/\" \/>\n<meta property=\"og:locale\" content=\"es_ES\" \/>\n<meta property=\"og:type\" content=\"article\" \/>\n<meta property=\"og:title\" content=\"CASO DESIGN Microonda MG 20 Ceramic Menu\" \/>\n<meta property=\"og:description\" content=\"CASO MG 20 Ceramic Menu: El placer de cocinar con solo pulsar un bot\u00f3n Con su espaciosa c\u00e1mara de cocci\u00f3n de 20 litros y su interior de acero inoxidable\" \/>\n<meta property=\"og:url\" content=\"https:\/\/www.erresse-shop.it\/es\/shop\/pequenos-electrodomesticos\/hornos\/caso-design-microonda-mg-20-ceramic-menu\/\" \/>\n<meta property=\"og:site_name\" content=\"Erresse Shop\" \/>\n<meta property=\"article:modified_time\" content=\"2025-09-04T13:20:17+00:00\" \/>\n<meta property=\"og:image\" content=\"https:\/\/www.erresse-shop.it\/wp-content\/uploads\/2025\/09\/CASO-DESIGN-Microonde-MG-20-Ceramic-Menu.jpg\" \/>\n\t<meta property=\"og:image:width\" content=\"1200\" \/>\n\t<meta property=\"og:image:height\" content=\"1200\" \/>\n\t<meta property=\"og:image:type\" content=\"image\/jpeg\" \/>\n<meta name=\"twitter:card\" content=\"summary_large_image\" \/>\n<script type=\"application\/ld+json\" class=\"yoast-schema-graph\">{\"@context\":\"https:\/\/schema.org\",\"@graph\":[{\"@type\":\"WebPage\",\"@id\":\"https:\/\/www.erresse-shop.it\/es\/shop\/pequenos-electrodomesticos\/hornos\/caso-design-microonda-mg-20-ceramic-menu\/\",\"url\":\"https:\/\/www.erresse-shop.it\/es\/shop\/pequenos-electrodomesticos\/hornos\/caso-design-microonda-mg-20-ceramic-menu\/\",\"name\":\"CASO DESIGN Microonda MG 20 Ceramic Menu - Erresse Shop\",\"isPartOf\":{\"@id\":\"https:\/\/www.erresse-shop.it\/es\/#website\"},\"datePublished\":\"2025-09-04T12:59:51+00:00\",\"dateModified\":\"2025-09-04T13:20:17+00:00\",\"description\":\"CASO MG 20 Ceramic Menu: El placer de cocinar con solo pulsar un bot\u00f3n Con su espaciosa c\u00e1mara de cocci\u00f3n de 20 litros y su interior de acero inoxidable\",\"breadcrumb\":{\"@id\":\"https:\/\/www.erresse-shop.it\/es\/shop\/pequenos-electrodomesticos\/hornos\/caso-design-microonda-mg-20-ceramic-menu\/#breadcrumb\"},\"inLanguage\":\"es\",\"potentialAction\":[{\"@type\":\"ReadAction\",\"target\":[\"https:\/\/www.erresse-shop.it\/es\/shop\/pequenos-electrodomesticos\/hornos\/caso-design-microonda-mg-20-ceramic-menu\/\"]}]},{\"@type\":\"BreadcrumbList\",\"@id\":\"https:\/\/www.erresse-shop.it\/es\/shop\/pequenos-electrodomesticos\/hornos\/caso-design-microonda-mg-20-ceramic-menu\/#breadcrumb\",\"itemListElement\":[{\"@type\":\"ListItem\",\"position\":1,\"name\":\"Home\",\"item\":\"https:\/\/www.erresse-shop.it\/es\/\"},{\"@type\":\"ListItem\",\"position\":2,\"name\":\"Shop\",\"item\":\"https:\/\/www.erresse-shop.it\/es\/shop\/\"},{\"@type\":\"ListItem\",\"position\":3,\"name\":\"CASO DESIGN Microonda MG 20 Ceramic Menu\"}]},{\"@type\":\"WebSite\",\"@id\":\"https:\/\/www.erresse-shop.it\/es\/#website\",\"url\":\"https:\/\/www.erresse-shop.it\/es\/\",\"name\":\"Erresse Shop\",\"description\":\"Articoli di qualit\u00e0 per la casa\",\"potentialAction\":[{\"@type\":\"SearchAction\",\"target\":{\"@type\":\"EntryPoint\",\"urlTemplate\":\"https:\/\/www.erresse-shop.it\/es\/?s={search_term_string}\"},\"query-input\":\"required name=search_term_string\"}],\"inLanguage\":\"es\"}]}<\/script>\n<!-- \/ Yoast SEO Premium plugin. -->","yoast_head_json":{"title":"CASO DESIGN Microonda MG 20 Ceramic Menu - Erresse Shop","description":"CASO MG 20 Ceramic Menu: El placer de cocinar con solo pulsar un bot\u00f3n Con su espaciosa c\u00e1mara de cocci\u00f3n de 20 litros y su interior de acero inoxidable","robots":{"index":"index","follow":"follow","max-snippet":"max-snippet:-1","max-image-preview":"max-image-preview:large","max-video-preview":"max-video-preview:-1"},"canonical":"https:\/\/www.erresse-shop.it\/es\/shop\/pequenos-electrodomesticos\/hornos\/caso-design-microonda-mg-20-ceramic-menu\/","og_locale":"es_ES","og_type":"article","og_title":"CASO DESIGN Microonda MG 20 Ceramic Menu","og_description":"CASO MG 20 Ceramic Menu: El placer de cocinar con solo pulsar un bot\u00f3n Con su espaciosa c\u00e1mara de cocci\u00f3n de 20 litros y su interior de acero inoxidable","og_url":"https:\/\/www.erresse-shop.it\/es\/shop\/pequenos-electrodomesticos\/hornos\/caso-design-microonda-mg-20-ceramic-menu\/","og_site_name":"Erresse Shop","article_modified_time":"2025-09-04T13:20:17+00:00","og_image":[{"width":1200,"height":1200,"url":"https:\/\/www.erresse-shop.it\/wp-content\/uploads\/2025\/09\/CASO-DESIGN-Microonde-MG-20-Ceramic-Menu.jpg","type":"image\/jpeg"}],"twitter_card":"summary_large_image","schema":{"@context":"https:\/\/schema.org","@graph":[{"@type":"WebPage","@id":"https:\/\/www.erresse-shop.it\/es\/shop\/pequenos-electrodomesticos\/hornos\/caso-design-microonda-mg-20-ceramic-menu\/","url":"https:\/\/www.erresse-shop.it\/es\/shop\/pequenos-electrodomesticos\/hornos\/caso-design-microonda-mg-20-ceramic-menu\/","name":"CASO DESIGN Microonda MG 20 Ceramic Menu - Erresse Shop","isPartOf":{"@id":"https:\/\/www.erresse-shop.it\/es\/#website"},"datePublished":"2025-09-04T12:59:51+00:00","dateModified":"2025-09-04T13:20:17+00:00","description":"CASO MG 20 Ceramic Menu: El placer de cocinar con solo pulsar un bot\u00f3n Con su espaciosa c\u00e1mara de cocci\u00f3n de 20 litros y su interior de acero inoxidable","breadcrumb":{"@id":"https:\/\/www.erresse-shop.it\/es\/shop\/pequenos-electrodomesticos\/hornos\/caso-design-microonda-mg-20-ceramic-menu\/#breadcrumb"},"inLanguage":"es","potentialAction":[{"@type":"ReadAction","target":["https:\/\/www.erresse-shop.it\/es\/shop\/pequenos-electrodomesticos\/hornos\/caso-design-microonda-mg-20-ceramic-menu\/"]}]},{"@type":"BreadcrumbList","@id":"https:\/\/www.erresse-shop.it\/es\/shop\/pequenos-electrodomesticos\/hornos\/caso-design-microonda-mg-20-ceramic-menu\/#breadcrumb","itemListElement":[{"@type":"ListItem","position":1,"name":"Home","item":"https:\/\/www.erresse-shop.it\/es\/"},{"@type":"ListItem","position":2,"name":"Shop","item":"https:\/\/www.erresse-shop.it\/es\/shop\/"},{"@type":"ListItem","position":3,"name":"CASO DESIGN Microonda MG 20 Ceramic Menu"}]},{"@type":"WebSite","@id":"https:\/\/www.erresse-shop.it\/es\/#website","url":"https:\/\/www.erresse-shop.it\/es\/","name":"Erresse Shop","description":"Articoli di qualit\u00e0 per la casa","potentialAction":[{"@type":"SearchAction","target":{"@type":"EntryPoint","urlTemplate":"https:\/\/www.erresse-shop.it\/es\/?s={search_term_string}"},"query-input":"required name=search_term_string"}],"inLanguage":"es"}]}},"df_price":149.99,"df_sale_price":149.99,"df_regular_price":149.99,"df_image_link":"https:\/\/www.erresse-shop.it\/wp-content\/uploads\/2025\/09\/CASO-DESIGN-Microonde-MG-20-Ceramic-Menu-300x300.jpg","_links":{"self":[{"href":"https:\/\/www.erresse-shop.it\/es\/wp-json\/wp\/v2\/product\/511175"}],"collection":[{"href":"https:\/\/www.erresse-shop.it\/es\/wp-json\/wp\/v2\/product"}],"about":[{"href":"https:\/\/www.erresse-shop.it\/es\/wp-json\/wp\/v2\/types\/product"}],"wp:featuredmedia":[{"embeddable":true,"href":"https:\/\/www.erresse-shop.it\/es\/wp-json\/wp\/v2\/media\/511182"}],"wp:attachment":[{"href":"https:\/\/www.erresse-shop.it\/es\/wp-json\/wp\/v2\/media?parent=511175"}],"wp:term":[{"taxonomy":"product_cat","embeddable":true,"href":"https:\/\/www.erresse-shop.it\/es\/wp-json\/wp\/v2\/product_cat?post=511175"},{"taxonomy":"product_tag","embeddable":true,"href":"https:\/\/www.erresse-shop.it\/es\/wp-json\/wp\/v2\/product_tag?post=511175"}],"curies":[{"name":"wp","href":"https:\/\/api.w.org\/{rel}","templated":true}]}}