{"id":511161,"date":"2025-09-04T12:16:38","date_gmt":"2025-09-04T12:16:38","guid":{"rendered":"https:\/\/www.erresse-shop.it\/?post_type=product&#038;p=511161"},"modified":"2025-09-04T12:36:25","modified_gmt":"2025-09-04T12:36:25","slug":"caso-design-microonda-mg-20-ecostyle-ceramic","status":"publish","type":"product","link":"https:\/\/www.erresse-shop.it\/es\/shop\/pequenos-electrodomesticos\/hornos\/caso-design-microonda-mg-20-ecostyle-ceramic\/","title":{"rendered":"CASO DESIGN Microonda MG 20 Ecostyle Ceramic"},"content":{"rendered":"<p><strong>CASO Design MG 20 Ecostyle Ceramic: La combinaci\u00f3n perfecta de microondas y grill<\/strong><\/p>\n<p>El MG 20 Ecostyle Ceramic es la soluci\u00f3n ideal para quienes valoran la eficiencia y la versatilidad en la cocina.<\/p>\n<p>Gracias a su innovadora base con reflector de microondas, garantiza un calentamiento \u00f3ptimo y una distribuci\u00f3n uniforme de las ondas.<\/p>\n<p>Esto no solo garantiza resultados de cocci\u00f3n perfectos, sino que tambi\u00e9n ahorra tiempo y energ\u00eda.<\/p>\n<p>El vidrio de borosilicato de alta calidad y resistente al calor garantiza un rendimiento excepcional y soporta f\u00e1cilmente las exigencias diarias de la cocina.<\/p>\n<p><strong>M\u00e1ximo espacio \u00fatil sin plato giratorio<\/strong><\/p>\n<p>Una caracter\u00edstica \u00fanica de este microondas es la ausencia de plato giratorio.<\/p>\n<p>Esto crea una superficie \u00fatil significativamente mayor, ideal para platos grandes y cuadrados.<\/p>\n<p>La base plana ofrece m\u00e1s espacio y flexibilidad durante la cocci\u00f3n y el recalentamiento, lo que permite preparar f\u00e1cilmente platos incluso m\u00e1s grandes. La superficie lisa tambi\u00e9n es muy f\u00e1cil de limpiar y simplifica enormemente la limpieza, dej\u00e1ndole m\u00e1s tiempo para disfrutar de sus comidas.<\/p>\n<p>Potente y vers\u00e1til<\/p>\n<p>Con una potencia de microondas de 700 vatios y una potencia de grill de 1000 vatios, el modelo MG 20 Ecostyle Ceramic ofrece un rendimiento extraordinario.<\/p>\n<p>No solo puede recalentar alimentos de forma r\u00e1pida y eficiente, sino que tambi\u00e9n puede preparar platos crujientes y perfectamente dorados gracias a la potente funci\u00f3n grill.<\/p>\n<p>El intuitivo control giratorio facilita su uso, mientras que su elegante cuerpo plateado le da un toque moderno a su cocina.<\/p>\n<p>F\u00e1cil limpieza y cuidado<\/p>\n<p>El interior del horno microondas MG 20 Ecostyle Ceramic cuenta con un revestimiento protector Caso-Clean de alta calidad, lo que facilita su limpieza.<\/p>\n<p>Despu\u00e9s de cocinar, cualquier residuo se puede eliminar f\u00e1cilmente, lo que facilita enormemente la limpieza y el mantenimiento del horno microondas.<\/p>\n<p>El preciso temporizador de 30 minutos con avisador ac\u00fastico de fin de cocci\u00f3n garantiza que sus platos est\u00e9n siempre listos en el momento justo, mientras que los 5 niveles de potencia del microondas y los 3 programas combinados ofrecen una variedad de opciones de cocci\u00f3n.<\/p>\n<p>Dimensiones: 40 x 46,5 x 27 cm<br \/>\nPeso: 12 kg<br \/>\nGrill (vatios): 1000<br \/>\nMicroondas (vatios): 700<br \/>\nVoltaje: 230-240 V~, 50 Hz<br \/>\nTipo de enchufe: Schuko<br \/>\nLongitud del cable: 100 cm<\/p>\n","protected":false},"excerpt":{"rendered":"<p>CASO Design MG 20 Ecostyle Ceramic: La combinaci\u00f3n perfecta de microondas y grill El MG 20 Ecostyle Ceramic es la<\/p>\n","protected":false},"featured_media":511168,"template":"","meta":{"_acf_changed":false,"inline_featured_image":false},"product_cat":[16079,16073],"product_tag":[16259,24417,16402,16307,21085,16168],"acf":[],"yoast_head":"<!-- This site is optimized with the Yoast SEO Premium plugin v18.6 (Yoast SEO v19.13) - https:\/\/yoast.com\/wordpress\/plugins\/seo\/ -->\n<title>CASO DESIGN Microonda MG 20 Ecostyle Ceramic - Erresse Shop<\/title>\n<meta name=\"description\" content=\"CASO Design MG 20 Ecostyle Ceramic: La combinaci\u00f3n perfecta de microondas y grill El MG 20 Ecostyle Ceramic es la soluci\u00f3n ideal para quienes valoran la\" \/>\n<meta name=\"robots\" content=\"index, follow, max-snippet:-1, max-image-preview:large, max-video-preview:-1\" \/>\n<link rel=\"canonical\" href=\"https:\/\/www.erresse-shop.it\/es\/shop\/pequenos-electrodomesticos\/hornos\/caso-design-microonda-mg-20-ecostyle-ceramic\/\" \/>\n<meta property=\"og:locale\" content=\"es_ES\" \/>\n<meta property=\"og:type\" content=\"article\" \/>\n<meta property=\"og:title\" content=\"CASO DESIGN Microonda MG 20 Ecostyle Ceramic\" \/>\n<meta property=\"og:description\" content=\"CASO Design MG 20 Ecostyle Ceramic: La combinaci\u00f3n perfecta de microondas y grill El MG 20 Ecostyle Ceramic es la soluci\u00f3n ideal para quienes valoran la\" \/>\n<meta property=\"og:url\" content=\"https:\/\/www.erresse-shop.it\/es\/shop\/pequenos-electrodomesticos\/hornos\/caso-design-microonda-mg-20-ecostyle-ceramic\/\" \/>\n<meta property=\"og:site_name\" content=\"Erresse Shop\" \/>\n<meta property=\"article:modified_time\" content=\"2025-09-04T12:36:25+00:00\" \/>\n<meta property=\"og:image\" content=\"https:\/\/www.erresse-shop.it\/wp-content\/uploads\/2025\/09\/CASO-DESIGN-Microonde-MG-20-Ecostyle-Ceramic.jpg\" \/>\n\t<meta property=\"og:image:width\" content=\"1200\" \/>\n\t<meta property=\"og:image:height\" content=\"1200\" \/>\n\t<meta property=\"og:image:type\" content=\"image\/jpeg\" \/>\n<meta name=\"twitter:card\" content=\"summary_large_image\" \/>\n<script type=\"application\/ld+json\" class=\"yoast-schema-graph\">{\"@context\":\"https:\/\/schema.org\",\"@graph\":[{\"@type\":\"WebPage\",\"@id\":\"https:\/\/www.erresse-shop.it\/es\/shop\/pequenos-electrodomesticos\/hornos\/caso-design-microonda-mg-20-ecostyle-ceramic\/\",\"url\":\"https:\/\/www.erresse-shop.it\/es\/shop\/pequenos-electrodomesticos\/hornos\/caso-design-microonda-mg-20-ecostyle-ceramic\/\",\"name\":\"CASO DESIGN Microonda MG 20 Ecostyle Ceramic - Erresse Shop\",\"isPartOf\":{\"@id\":\"https:\/\/www.erresse-shop.it\/es\/#website\"},\"datePublished\":\"2025-09-04T12:16:38+00:00\",\"dateModified\":\"2025-09-04T12:36:25+00:00\",\"description\":\"CASO Design MG 20 Ecostyle Ceramic: La combinaci\u00f3n perfecta de microondas y grill El MG 20 Ecostyle Ceramic es la soluci\u00f3n ideal para quienes valoran la\",\"breadcrumb\":{\"@id\":\"https:\/\/www.erresse-shop.it\/es\/shop\/pequenos-electrodomesticos\/hornos\/caso-design-microonda-mg-20-ecostyle-ceramic\/#breadcrumb\"},\"inLanguage\":\"es\",\"potentialAction\":[{\"@type\":\"ReadAction\",\"target\":[\"https:\/\/www.erresse-shop.it\/es\/shop\/pequenos-electrodomesticos\/hornos\/caso-design-microonda-mg-20-ecostyle-ceramic\/\"]}]},{\"@type\":\"BreadcrumbList\",\"@id\":\"https:\/\/www.erresse-shop.it\/es\/shop\/pequenos-electrodomesticos\/hornos\/caso-design-microonda-mg-20-ecostyle-ceramic\/#breadcrumb\",\"itemListElement\":[{\"@type\":\"ListItem\",\"position\":1,\"name\":\"Home\",\"item\":\"https:\/\/www.erresse-shop.it\/es\/\"},{\"@type\":\"ListItem\",\"position\":2,\"name\":\"Shop\",\"item\":\"https:\/\/www.erresse-shop.it\/es\/shop\/\"},{\"@type\":\"ListItem\",\"position\":3,\"name\":\"CASO DESIGN Microonda MG 20 Ecostyle Ceramic\"}]},{\"@type\":\"WebSite\",\"@id\":\"https:\/\/www.erresse-shop.it\/es\/#website\",\"url\":\"https:\/\/www.erresse-shop.it\/es\/\",\"name\":\"Erresse Shop\",\"description\":\"Articoli di qualit\u00e0 per la casa\",\"potentialAction\":[{\"@type\":\"SearchAction\",\"target\":{\"@type\":\"EntryPoint\",\"urlTemplate\":\"https:\/\/www.erresse-shop.it\/es\/?s={search_term_string}\"},\"query-input\":\"required name=search_term_string\"}],\"inLanguage\":\"es\"}]}<\/script>\n<!-- \/ Yoast SEO Premium plugin. -->","yoast_head_json":{"title":"CASO DESIGN Microonda MG 20 Ecostyle Ceramic - Erresse Shop","description":"CASO Design MG 20 Ecostyle Ceramic: La combinaci\u00f3n perfecta de microondas y grill El MG 20 Ecostyle Ceramic es la soluci\u00f3n ideal para quienes valoran la","robots":{"index":"index","follow":"follow","max-snippet":"max-snippet:-1","max-image-preview":"max-image-preview:large","max-video-preview":"max-video-preview:-1"},"canonical":"https:\/\/www.erresse-shop.it\/es\/shop\/pequenos-electrodomesticos\/hornos\/caso-design-microonda-mg-20-ecostyle-ceramic\/","og_locale":"es_ES","og_type":"article","og_title":"CASO DESIGN Microonda MG 20 Ecostyle Ceramic","og_description":"CASO Design MG 20 Ecostyle Ceramic: La combinaci\u00f3n perfecta de microondas y grill El MG 20 Ecostyle Ceramic es la soluci\u00f3n ideal para quienes valoran la","og_url":"https:\/\/www.erresse-shop.it\/es\/shop\/pequenos-electrodomesticos\/hornos\/caso-design-microonda-mg-20-ecostyle-ceramic\/","og_site_name":"Erresse Shop","article_modified_time":"2025-09-04T12:36:25+00:00","og_image":[{"width":1200,"height":1200,"url":"https:\/\/www.erresse-shop.it\/wp-content\/uploads\/2025\/09\/CASO-DESIGN-Microonde-MG-20-Ecostyle-Ceramic.jpg","type":"image\/jpeg"}],"twitter_card":"summary_large_image","schema":{"@context":"https:\/\/schema.org","@graph":[{"@type":"WebPage","@id":"https:\/\/www.erresse-shop.it\/es\/shop\/pequenos-electrodomesticos\/hornos\/caso-design-microonda-mg-20-ecostyle-ceramic\/","url":"https:\/\/www.erresse-shop.it\/es\/shop\/pequenos-electrodomesticos\/hornos\/caso-design-microonda-mg-20-ecostyle-ceramic\/","name":"CASO DESIGN Microonda MG 20 Ecostyle Ceramic - Erresse Shop","isPartOf":{"@id":"https:\/\/www.erresse-shop.it\/es\/#website"},"datePublished":"2025-09-04T12:16:38+00:00","dateModified":"2025-09-04T12:36:25+00:00","description":"CASO Design MG 20 Ecostyle Ceramic: La combinaci\u00f3n perfecta de microondas y grill El MG 20 Ecostyle Ceramic es la soluci\u00f3n ideal para quienes valoran la","breadcrumb":{"@id":"https:\/\/www.erresse-shop.it\/es\/shop\/pequenos-electrodomesticos\/hornos\/caso-design-microonda-mg-20-ecostyle-ceramic\/#breadcrumb"},"inLanguage":"es","potentialAction":[{"@type":"ReadAction","target":["https:\/\/www.erresse-shop.it\/es\/shop\/pequenos-electrodomesticos\/hornos\/caso-design-microonda-mg-20-ecostyle-ceramic\/"]}]},{"@type":"BreadcrumbList","@id":"https:\/\/www.erresse-shop.it\/es\/shop\/pequenos-electrodomesticos\/hornos\/caso-design-microonda-mg-20-ecostyle-ceramic\/#breadcrumb","itemListElement":[{"@type":"ListItem","position":1,"name":"Home","item":"https:\/\/www.erresse-shop.it\/es\/"},{"@type":"ListItem","position":2,"name":"Shop","item":"https:\/\/www.erresse-shop.it\/es\/shop\/"},{"@type":"ListItem","position":3,"name":"CASO DESIGN Microonda MG 20 Ecostyle Ceramic"}]},{"@type":"WebSite","@id":"https:\/\/www.erresse-shop.it\/es\/#website","url":"https:\/\/www.erresse-shop.it\/es\/","name":"Erresse Shop","description":"Articoli di qualit\u00e0 per la casa","potentialAction":[{"@type":"SearchAction","target":{"@type":"EntryPoint","urlTemplate":"https:\/\/www.erresse-shop.it\/es\/?s={search_term_string}"},"query-input":"required name=search_term_string"}],"inLanguage":"es"}]}},"df_price":149.99,"df_sale_price":149.99,"df_regular_price":149.99,"df_image_link":"https:\/\/www.erresse-shop.it\/wp-content\/uploads\/2025\/09\/CASO-DESIGN-Microonde-MG-20-Ecostyle-Ceramic-300x300.jpg","_links":{"self":[{"href":"https:\/\/www.erresse-shop.it\/es\/wp-json\/wp\/v2\/product\/511161"}],"collection":[{"href":"https:\/\/www.erresse-shop.it\/es\/wp-json\/wp\/v2\/product"}],"about":[{"href":"https:\/\/www.erresse-shop.it\/es\/wp-json\/wp\/v2\/types\/product"}],"wp:featuredmedia":[{"embeddable":true,"href":"https:\/\/www.erresse-shop.it\/es\/wp-json\/wp\/v2\/media\/511168"}],"wp:attachment":[{"href":"https:\/\/www.erresse-shop.it\/es\/wp-json\/wp\/v2\/media?parent=511161"}],"wp:term":[{"taxonomy":"product_cat","embeddable":true,"href":"https:\/\/www.erresse-shop.it\/es\/wp-json\/wp\/v2\/product_cat?post=511161"},{"taxonomy":"product_tag","embeddable":true,"href":"https:\/\/www.erresse-shop.it\/es\/wp-json\/wp\/v2\/product_tag?post=511161"}],"curies":[{"name":"wp","href":"https:\/\/api.w.org\/{rel}","templated":true}]}}