{"id":511105,"date":"2025-09-01T14:15:08","date_gmt":"2025-09-01T14:15:12","guid":{"rendered":"https:\/\/www.erresse-shop.it\/?post_type=product&#038;p=511105"},"modified":"2025-09-04T05:50:43","modified_gmt":"2025-09-04T05:50:43","slug":"magimix-helados-expert-copia","status":"publish","type":"product","link":"https:\/\/www.erresse-shop.it\/es\/shop\/pequenos-electrodomesticos\/heladeras\/magimix-helados-expert-copia\/","title":{"rendered":"CASO DESIGN M\u00e1quina para hacer helados IceCreamer"},"content":{"rendered":"<p><strong>CASO Design &#8220;IceCreamer&#8221; &#8211; M\u00e1quina para hacer helados y yogures: \u00a1Se derrite en la boca!<\/strong><\/p>\n<p>Con esta pr\u00e1ctica m\u00e1quina para hacer helados y yogures 2 en 1, puedes preparar f\u00e1cilmente helados caseros, sorbetes, yogur helado, yogur natural y mucho m\u00e1s, justo como te gusta, sin aditivos artificiales.<\/p>\n<p><strong>\u00bfTe apetece un helado casero?<\/strong><\/p>\n<p>No hay problema: con la Heladera CASO Design, puedes crear tus propias recetas \u00fanicas.<\/p>\n<p>Ya sea helado normal, helado cremoso, sorbete de frutas, yogur cremoso o un refrescante yogur helado, todo es posible porque la Heladera es una aut\u00e9ntica todoterreno.<\/p>\n<p>Y lo mejor: puedes empezar de inmediato; no es necesario preenfriar.<\/p>\n<p><strong>Tus ideas, tus reglas.<\/strong><\/p>\n<p>Puedes preparar tus creaciones favoritas con leche de vaca o vegetal.<\/p>\n<p>Y si de repente se te ocurre una nueva idea, siempre puedes a\u00f1adir m\u00e1s ingredientes a trav\u00e9s del pr\u00e1ctico puerto de llenado, seg\u00fan tus preferencias.<\/p>\n<p>Una vez que el helado de tus sue\u00f1os est\u00e9 listo, puedes mantenerlo fr\u00edo en la Heladera hasta 60 minutos: perfecto para tu pr\u00f3xima fiesta de helados con amigos.<\/p>\n<p>Dimensiones: 28,5 x 43 x 28 cm<br \/>\nPeso: 11,8 kg<br \/>\nPotencia (vatios): 180<br \/>\nVoltaje: 220-240 V~, 50 Hz<br \/>\nTipo de enchufe: Schuko<br \/>\nLongitud del cable: 115 cm<\/p>\n","protected":false},"excerpt":{"rendered":"<p>CASO Design &#8220;IceCreamer&#8221; &#8211; M\u00e1quina para hacer helados y yogures: \u00a1Se derrite en la boca! Con esta pr\u00e1ctica m\u00e1quina para<\/p>\n","protected":false},"featured_media":511112,"template":"","meta":{"_acf_changed":false,"inline_featured_image":false},"product_cat":[16080,16073],"product_tag":[23912,23662,16259,24417,16397,16307,16396,25023],"acf":[],"yoast_head":"<!-- This site is optimized with the Yoast SEO Premium plugin v18.6 (Yoast SEO v19.13) - https:\/\/yoast.com\/wordpress\/plugins\/seo\/ -->\n<title>CASO DESIGN M\u00e1quina para hacer helados IceCreamer - Erresse Shop<\/title>\n<meta name=\"description\" content=\"CASO Design &quot;IceCreamer&quot; - M\u00e1quina para hacer helados y yogures: \u00a1Se derrite en la boca! Con esta pr\u00e1ctica m\u00e1quina para hacer helados y yogures 2 en 1,\" \/>\n<meta name=\"robots\" content=\"index, follow, max-snippet:-1, max-image-preview:large, max-video-preview:-1\" \/>\n<link rel=\"canonical\" href=\"https:\/\/www.erresse-shop.it\/es\/shop\/pequenos-electrodomesticos\/heladeras\/magimix-helados-expert-copia\/\" \/>\n<meta property=\"og:locale\" content=\"es_ES\" \/>\n<meta property=\"og:type\" content=\"article\" \/>\n<meta property=\"og:title\" content=\"CASO DESIGN M\u00e1quina para hacer helados IceCreamer\" \/>\n<meta property=\"og:description\" content=\"CASO Design &quot;IceCreamer&quot; - M\u00e1quina para hacer helados y yogures: \u00a1Se derrite en la boca! Con esta pr\u00e1ctica m\u00e1quina para hacer helados y yogures 2 en 1,\" \/>\n<meta property=\"og:url\" content=\"https:\/\/www.erresse-shop.it\/es\/shop\/pequenos-electrodomesticos\/heladeras\/magimix-helados-expert-copia\/\" \/>\n<meta property=\"og:site_name\" content=\"Erresse Shop\" \/>\n<meta property=\"article:modified_time\" content=\"2025-09-04T05:50:43+00:00\" \/>\n<meta property=\"og:image\" content=\"https:\/\/www.erresse-shop.it\/wp-content\/uploads\/2025\/09\/CASO-DESIGN-Gelatiera-IceCreamer.jpg\" \/>\n\t<meta property=\"og:image:width\" content=\"1200\" \/>\n\t<meta property=\"og:image:height\" content=\"1200\" \/>\n\t<meta property=\"og:image:type\" content=\"image\/jpeg\" \/>\n<meta name=\"twitter:card\" content=\"summary_large_image\" \/>\n<script type=\"application\/ld+json\" class=\"yoast-schema-graph\">{\"@context\":\"https:\/\/schema.org\",\"@graph\":[{\"@type\":\"WebPage\",\"@id\":\"https:\/\/www.erresse-shop.it\/es\/shop\/pequenos-electrodomesticos\/heladeras\/magimix-helados-expert-copia\/\",\"url\":\"https:\/\/www.erresse-shop.it\/es\/shop\/pequenos-electrodomesticos\/heladeras\/magimix-helados-expert-copia\/\",\"name\":\"CASO DESIGN M\u00e1quina para hacer helados IceCreamer - Erresse Shop\",\"isPartOf\":{\"@id\":\"https:\/\/www.erresse-shop.it\/es\/#website\"},\"datePublished\":\"2025-09-01T14:15:12+00:00\",\"dateModified\":\"2025-09-04T05:50:43+00:00\",\"description\":\"CASO Design \\\"IceCreamer\\\" - M\u00e1quina para hacer helados y yogures: \u00a1Se derrite en la boca! Con esta pr\u00e1ctica m\u00e1quina para hacer helados y yogures 2 en 1,\",\"breadcrumb\":{\"@id\":\"https:\/\/www.erresse-shop.it\/es\/shop\/pequenos-electrodomesticos\/heladeras\/magimix-helados-expert-copia\/#breadcrumb\"},\"inLanguage\":\"es\",\"potentialAction\":[{\"@type\":\"ReadAction\",\"target\":[\"https:\/\/www.erresse-shop.it\/es\/shop\/pequenos-electrodomesticos\/heladeras\/magimix-helados-expert-copia\/\"]}]},{\"@type\":\"BreadcrumbList\",\"@id\":\"https:\/\/www.erresse-shop.it\/es\/shop\/pequenos-electrodomesticos\/heladeras\/magimix-helados-expert-copia\/#breadcrumb\",\"itemListElement\":[{\"@type\":\"ListItem\",\"position\":1,\"name\":\"Home\",\"item\":\"https:\/\/www.erresse-shop.it\/es\/\"},{\"@type\":\"ListItem\",\"position\":2,\"name\":\"Shop\",\"item\":\"https:\/\/www.erresse-shop.it\/es\/shop\/\"},{\"@type\":\"ListItem\",\"position\":3,\"name\":\"CASO DESIGN M\u00e1quina para hacer helados IceCreamer\"}]},{\"@type\":\"WebSite\",\"@id\":\"https:\/\/www.erresse-shop.it\/es\/#website\",\"url\":\"https:\/\/www.erresse-shop.it\/es\/\",\"name\":\"Erresse Shop\",\"description\":\"Articoli di qualit\u00e0 per la casa\",\"potentialAction\":[{\"@type\":\"SearchAction\",\"target\":{\"@type\":\"EntryPoint\",\"urlTemplate\":\"https:\/\/www.erresse-shop.it\/es\/?s={search_term_string}\"},\"query-input\":\"required name=search_term_string\"}],\"inLanguage\":\"es\"}]}<\/script>\n<!-- \/ Yoast SEO Premium plugin. -->","yoast_head_json":{"title":"CASO DESIGN M\u00e1quina para hacer helados IceCreamer - Erresse Shop","description":"CASO Design \"IceCreamer\" - M\u00e1quina para hacer helados y yogures: \u00a1Se derrite en la boca! Con esta pr\u00e1ctica m\u00e1quina para hacer helados y yogures 2 en 1,","robots":{"index":"index","follow":"follow","max-snippet":"max-snippet:-1","max-image-preview":"max-image-preview:large","max-video-preview":"max-video-preview:-1"},"canonical":"https:\/\/www.erresse-shop.it\/es\/shop\/pequenos-electrodomesticos\/heladeras\/magimix-helados-expert-copia\/","og_locale":"es_ES","og_type":"article","og_title":"CASO DESIGN M\u00e1quina para hacer helados IceCreamer","og_description":"CASO Design \"IceCreamer\" - M\u00e1quina para hacer helados y yogures: \u00a1Se derrite en la boca! Con esta pr\u00e1ctica m\u00e1quina para hacer helados y yogures 2 en 1,","og_url":"https:\/\/www.erresse-shop.it\/es\/shop\/pequenos-electrodomesticos\/heladeras\/magimix-helados-expert-copia\/","og_site_name":"Erresse Shop","article_modified_time":"2025-09-04T05:50:43+00:00","og_image":[{"width":1200,"height":1200,"url":"https:\/\/www.erresse-shop.it\/wp-content\/uploads\/2025\/09\/CASO-DESIGN-Gelatiera-IceCreamer.jpg","type":"image\/jpeg"}],"twitter_card":"summary_large_image","schema":{"@context":"https:\/\/schema.org","@graph":[{"@type":"WebPage","@id":"https:\/\/www.erresse-shop.it\/es\/shop\/pequenos-electrodomesticos\/heladeras\/magimix-helados-expert-copia\/","url":"https:\/\/www.erresse-shop.it\/es\/shop\/pequenos-electrodomesticos\/heladeras\/magimix-helados-expert-copia\/","name":"CASO DESIGN M\u00e1quina para hacer helados IceCreamer - Erresse Shop","isPartOf":{"@id":"https:\/\/www.erresse-shop.it\/es\/#website"},"datePublished":"2025-09-01T14:15:12+00:00","dateModified":"2025-09-04T05:50:43+00:00","description":"CASO Design \"IceCreamer\" - M\u00e1quina para hacer helados y yogures: \u00a1Se derrite en la boca! Con esta pr\u00e1ctica m\u00e1quina para hacer helados y yogures 2 en 1,","breadcrumb":{"@id":"https:\/\/www.erresse-shop.it\/es\/shop\/pequenos-electrodomesticos\/heladeras\/magimix-helados-expert-copia\/#breadcrumb"},"inLanguage":"es","potentialAction":[{"@type":"ReadAction","target":["https:\/\/www.erresse-shop.it\/es\/shop\/pequenos-electrodomesticos\/heladeras\/magimix-helados-expert-copia\/"]}]},{"@type":"BreadcrumbList","@id":"https:\/\/www.erresse-shop.it\/es\/shop\/pequenos-electrodomesticos\/heladeras\/magimix-helados-expert-copia\/#breadcrumb","itemListElement":[{"@type":"ListItem","position":1,"name":"Home","item":"https:\/\/www.erresse-shop.it\/es\/"},{"@type":"ListItem","position":2,"name":"Shop","item":"https:\/\/www.erresse-shop.it\/es\/shop\/"},{"@type":"ListItem","position":3,"name":"CASO DESIGN M\u00e1quina para hacer helados IceCreamer"}]},{"@type":"WebSite","@id":"https:\/\/www.erresse-shop.it\/es\/#website","url":"https:\/\/www.erresse-shop.it\/es\/","name":"Erresse Shop","description":"Articoli di qualit\u00e0 per la casa","potentialAction":[{"@type":"SearchAction","target":{"@type":"EntryPoint","urlTemplate":"https:\/\/www.erresse-shop.it\/es\/?s={search_term_string}"},"query-input":"required name=search_term_string"}],"inLanguage":"es"}]}},"df_price":349.99,"df_sale_price":349.99,"df_regular_price":349.99,"df_image_link":"https:\/\/www.erresse-shop.it\/wp-content\/uploads\/2025\/09\/CASO-DESIGN-Gelatiera-IceCreamer-300x300.jpg","_links":{"self":[{"href":"https:\/\/www.erresse-shop.it\/es\/wp-json\/wp\/v2\/product\/511105"}],"collection":[{"href":"https:\/\/www.erresse-shop.it\/es\/wp-json\/wp\/v2\/product"}],"about":[{"href":"https:\/\/www.erresse-shop.it\/es\/wp-json\/wp\/v2\/types\/product"}],"wp:featuredmedia":[{"embeddable":true,"href":"https:\/\/www.erresse-shop.it\/es\/wp-json\/wp\/v2\/media\/511112"}],"wp:attachment":[{"href":"https:\/\/www.erresse-shop.it\/es\/wp-json\/wp\/v2\/media?parent=511105"}],"wp:term":[{"taxonomy":"product_cat","embeddable":true,"href":"https:\/\/www.erresse-shop.it\/es\/wp-json\/wp\/v2\/product_cat?post=511105"},{"taxonomy":"product_tag","embeddable":true,"href":"https:\/\/www.erresse-shop.it\/es\/wp-json\/wp\/v2\/product_tag?post=511105"}],"curies":[{"name":"wp","href":"https:\/\/api.w.org\/{rel}","templated":true}]}}