{"id":510979,"date":"2025-08-27T08:47:36","date_gmt":"2025-08-27T08:47:36","guid":{"rendered":"https:\/\/www.erresse-shop.it\/?post_type=product&#038;p=510979"},"modified":"2025-08-27T09:00:28","modified_gmt":"2025-08-27T09:00:28","slug":"caso-design-bascula-de-cocina-kitchen-duo","status":"publish","type":"product","link":"https:\/\/www.erresse-shop.it\/es\/shop\/pequenos-electrodomesticos\/escalas\/caso-design-bascula-de-cocina-kitchen-duo\/","title":{"rendered":"CASO DESIGN B\u00e1scula de Cocina Kitchen Duo"},"content":{"rendered":"<p><strong>Para una organizaci\u00f3n perfecta en la cocina y resultados precisos<\/strong><\/p>\n<p>Con la b\u00e1scula de cocina KitchenDuo, estar\u00e1 listo para cualquier reto en la cocina y la reposter\u00eda.<br \/>\nNo solo es ideal para pesar ingredientes para deliciosas recetas, sino tambi\u00e9n para medir con precisi\u00f3n hierbas, especias y mucho m\u00e1s.<\/p>\n<p><strong>Dos b\u00e1sculas en un solo aparato<\/strong><\/p>\n<p>Esta innovadora b\u00e1scula de cocina combina dos b\u00e1sculas en un pr\u00e1ctico dispositivo.<br \/>\nLa b\u00e1scula est\u00e1ndar le permite pesar hasta 15 kg en incrementos de 1 g, mientras que la b\u00e1scula fina permite mediciones precisas de hasta 1 kg en incrementos de 0,1 g.<\/p>\n<p>Con diferentes unidades de medida como gramos, onzas y mililitros, puede pesar sus ingredientes individualmente y seg\u00fan sus necesidades. Ya sea una receta americana o una receta tradicional alemana, la b\u00e1scula de cocina KitchenDuo se adapta con flexibilidad.<\/p>\n<p>La funci\u00f3n HOLD muestra permanentemente el \u00faltimo peso medido, incluso con la pantalla tapada. As\u00ed, siempre tendr\u00e1 una visi\u00f3n general, incluso durante largos procesos de cocci\u00f3n.<\/p>\n<p>Dise\u00f1o de alta calidad<\/p>\n<p>Las b\u00e1sculas de cocina KitchenDuo impresionan no solo por su funcionalidad, sino tambi\u00e9n por su atractivo dise\u00f1o.<br \/>\nLa superficie de acero inoxidable antihuellas evita que las huellas dactilares dejen marcas.<\/p>\n<p>F\u00e1cil manejo<\/p>\n<p>La gran pantalla LED con sensor t\u00e1ctil hace que la b\u00e1scula sea intuitiva de usar. La funci\u00f3n de apagado autom\u00e1tico tambi\u00e9n ahorra energ\u00eda y prolonga la duraci\u00f3n de la bater\u00eda.<\/p>\n<p>Con la funci\u00f3n de tara, puede a\u00f1adir f\u00e1cilmente ingredientes adicionales sin tener que retirar los ya pesados. Esto simplifica incluso las recetas m\u00e1s complejas.<\/p>\n<p>Dimensiones: 20 x 24 x 4 cm<br \/>\nPeso: 0,72 kg<\/p>\n","protected":false},"excerpt":{"rendered":"<p>Para una organizaci\u00f3n perfecta en la cocina y resultados precisos Con la b\u00e1scula de cocina KitchenDuo, estar\u00e1 listo para cualquier<\/p>\n","protected":false},"featured_media":511010,"template":"","meta":{"_acf_changed":false,"inline_featured_image":false},"product_cat":[25979,16073],"product_tag":[23912],"acf":[],"yoast_head":"<!-- This site is optimized with the Yoast SEO Premium plugin v18.6 (Yoast SEO v19.13) - https:\/\/yoast.com\/wordpress\/plugins\/seo\/ -->\n<title>CASO DESIGN B\u00e1scula de Cocina Kitchen Duo - Erresse Shop<\/title>\n<meta name=\"description\" content=\"Para una organizaci\u00f3n perfecta en la cocina y resultados precisos Con la b\u00e1scula de cocina KitchenDuo, estar\u00e1 listo para cualquier reto en la cocina y la\" \/>\n<meta name=\"robots\" content=\"index, follow, max-snippet:-1, max-image-preview:large, max-video-preview:-1\" \/>\n<link rel=\"canonical\" href=\"https:\/\/www.erresse-shop.it\/es\/shop\/pequenos-electrodomesticos\/escalas\/caso-design-bascula-de-cocina-kitchen-duo\/\" \/>\n<meta property=\"og:locale\" content=\"es_ES\" \/>\n<meta property=\"og:type\" content=\"article\" \/>\n<meta property=\"og:title\" content=\"CASO DESIGN B\u00e1scula de Cocina Kitchen Duo\" \/>\n<meta property=\"og:description\" content=\"Para una organizaci\u00f3n perfecta en la cocina y resultados precisos Con la b\u00e1scula de cocina KitchenDuo, estar\u00e1 listo para cualquier reto en la cocina y la\" \/>\n<meta property=\"og:url\" content=\"https:\/\/www.erresse-shop.it\/es\/shop\/pequenos-electrodomesticos\/escalas\/caso-design-bascula-de-cocina-kitchen-duo\/\" \/>\n<meta property=\"og:site_name\" content=\"Erresse Shop\" \/>\n<meta property=\"article:modified_time\" content=\"2025-08-27T09:00:28+00:00\" \/>\n<meta property=\"og:image\" content=\"https:\/\/www.erresse-shop.it\/wp-content\/uploads\/2025\/08\/CASO-DESIGN-Bilancia-da-Cucina-Kitchen-Duo.jpg\" \/>\n\t<meta property=\"og:image:width\" content=\"1200\" \/>\n\t<meta property=\"og:image:height\" content=\"1200\" \/>\n\t<meta property=\"og:image:type\" content=\"image\/jpeg\" \/>\n<meta name=\"twitter:card\" content=\"summary_large_image\" \/>\n<script type=\"application\/ld+json\" class=\"yoast-schema-graph\">{\"@context\":\"https:\/\/schema.org\",\"@graph\":[{\"@type\":\"WebPage\",\"@id\":\"https:\/\/www.erresse-shop.it\/es\/shop\/pequenos-electrodomesticos\/escalas\/caso-design-bascula-de-cocina-kitchen-duo\/\",\"url\":\"https:\/\/www.erresse-shop.it\/es\/shop\/pequenos-electrodomesticos\/escalas\/caso-design-bascula-de-cocina-kitchen-duo\/\",\"name\":\"CASO DESIGN B\u00e1scula de Cocina Kitchen Duo - Erresse Shop\",\"isPartOf\":{\"@id\":\"https:\/\/www.erresse-shop.it\/es\/#website\"},\"datePublished\":\"2025-08-27T08:47:36+00:00\",\"dateModified\":\"2025-08-27T09:00:28+00:00\",\"description\":\"Para una organizaci\u00f3n perfecta en la cocina y resultados precisos Con la b\u00e1scula de cocina KitchenDuo, estar\u00e1 listo para cualquier reto en la cocina y la\",\"breadcrumb\":{\"@id\":\"https:\/\/www.erresse-shop.it\/es\/shop\/pequenos-electrodomesticos\/escalas\/caso-design-bascula-de-cocina-kitchen-duo\/#breadcrumb\"},\"inLanguage\":\"es\",\"potentialAction\":[{\"@type\":\"ReadAction\",\"target\":[\"https:\/\/www.erresse-shop.it\/es\/shop\/pequenos-electrodomesticos\/escalas\/caso-design-bascula-de-cocina-kitchen-duo\/\"]}]},{\"@type\":\"BreadcrumbList\",\"@id\":\"https:\/\/www.erresse-shop.it\/es\/shop\/pequenos-electrodomesticos\/escalas\/caso-design-bascula-de-cocina-kitchen-duo\/#breadcrumb\",\"itemListElement\":[{\"@type\":\"ListItem\",\"position\":1,\"name\":\"Home\",\"item\":\"https:\/\/www.erresse-shop.it\/es\/\"},{\"@type\":\"ListItem\",\"position\":2,\"name\":\"Shop\",\"item\":\"https:\/\/www.erresse-shop.it\/es\/shop\/\"},{\"@type\":\"ListItem\",\"position\":3,\"name\":\"CASO DESIGN B\u00e1scula de Cocina Kitchen Duo\"}]},{\"@type\":\"WebSite\",\"@id\":\"https:\/\/www.erresse-shop.it\/es\/#website\",\"url\":\"https:\/\/www.erresse-shop.it\/es\/\",\"name\":\"Erresse Shop\",\"description\":\"Articoli di qualit\u00e0 per la casa\",\"potentialAction\":[{\"@type\":\"SearchAction\",\"target\":{\"@type\":\"EntryPoint\",\"urlTemplate\":\"https:\/\/www.erresse-shop.it\/es\/?s={search_term_string}\"},\"query-input\":\"required name=search_term_string\"}],\"inLanguage\":\"es\"}]}<\/script>\n<!-- \/ Yoast SEO Premium plugin. -->","yoast_head_json":{"title":"CASO DESIGN B\u00e1scula de Cocina Kitchen Duo - Erresse Shop","description":"Para una organizaci\u00f3n perfecta en la cocina y resultados precisos Con la b\u00e1scula de cocina KitchenDuo, estar\u00e1 listo para cualquier reto en la cocina y la","robots":{"index":"index","follow":"follow","max-snippet":"max-snippet:-1","max-image-preview":"max-image-preview:large","max-video-preview":"max-video-preview:-1"},"canonical":"https:\/\/www.erresse-shop.it\/es\/shop\/pequenos-electrodomesticos\/escalas\/caso-design-bascula-de-cocina-kitchen-duo\/","og_locale":"es_ES","og_type":"article","og_title":"CASO DESIGN B\u00e1scula de Cocina Kitchen Duo","og_description":"Para una organizaci\u00f3n perfecta en la cocina y resultados precisos Con la b\u00e1scula de cocina KitchenDuo, estar\u00e1 listo para cualquier reto en la cocina y la","og_url":"https:\/\/www.erresse-shop.it\/es\/shop\/pequenos-electrodomesticos\/escalas\/caso-design-bascula-de-cocina-kitchen-duo\/","og_site_name":"Erresse Shop","article_modified_time":"2025-08-27T09:00:28+00:00","og_image":[{"width":1200,"height":1200,"url":"https:\/\/www.erresse-shop.it\/wp-content\/uploads\/2025\/08\/CASO-DESIGN-Bilancia-da-Cucina-Kitchen-Duo.jpg","type":"image\/jpeg"}],"twitter_card":"summary_large_image","schema":{"@context":"https:\/\/schema.org","@graph":[{"@type":"WebPage","@id":"https:\/\/www.erresse-shop.it\/es\/shop\/pequenos-electrodomesticos\/escalas\/caso-design-bascula-de-cocina-kitchen-duo\/","url":"https:\/\/www.erresse-shop.it\/es\/shop\/pequenos-electrodomesticos\/escalas\/caso-design-bascula-de-cocina-kitchen-duo\/","name":"CASO DESIGN B\u00e1scula de Cocina Kitchen Duo - Erresse Shop","isPartOf":{"@id":"https:\/\/www.erresse-shop.it\/es\/#website"},"datePublished":"2025-08-27T08:47:36+00:00","dateModified":"2025-08-27T09:00:28+00:00","description":"Para una organizaci\u00f3n perfecta en la cocina y resultados precisos Con la b\u00e1scula de cocina KitchenDuo, estar\u00e1 listo para cualquier reto en la cocina y la","breadcrumb":{"@id":"https:\/\/www.erresse-shop.it\/es\/shop\/pequenos-electrodomesticos\/escalas\/caso-design-bascula-de-cocina-kitchen-duo\/#breadcrumb"},"inLanguage":"es","potentialAction":[{"@type":"ReadAction","target":["https:\/\/www.erresse-shop.it\/es\/shop\/pequenos-electrodomesticos\/escalas\/caso-design-bascula-de-cocina-kitchen-duo\/"]}]},{"@type":"BreadcrumbList","@id":"https:\/\/www.erresse-shop.it\/es\/shop\/pequenos-electrodomesticos\/escalas\/caso-design-bascula-de-cocina-kitchen-duo\/#breadcrumb","itemListElement":[{"@type":"ListItem","position":1,"name":"Home","item":"https:\/\/www.erresse-shop.it\/es\/"},{"@type":"ListItem","position":2,"name":"Shop","item":"https:\/\/www.erresse-shop.it\/es\/shop\/"},{"@type":"ListItem","position":3,"name":"CASO DESIGN B\u00e1scula de Cocina Kitchen Duo"}]},{"@type":"WebSite","@id":"https:\/\/www.erresse-shop.it\/es\/#website","url":"https:\/\/www.erresse-shop.it\/es\/","name":"Erresse Shop","description":"Articoli di qualit\u00e0 per la casa","potentialAction":[{"@type":"SearchAction","target":{"@type":"EntryPoint","urlTemplate":"https:\/\/www.erresse-shop.it\/es\/?s={search_term_string}"},"query-input":"required name=search_term_string"}],"inLanguage":"es"}]}},"df_price":39.99,"df_sale_price":39.99,"df_regular_price":39.99,"df_image_link":"https:\/\/www.erresse-shop.it\/wp-content\/uploads\/2025\/08\/CASO-DESIGN-Bilancia-da-Cucina-Kitchen-Duo-300x300.jpg","_links":{"self":[{"href":"https:\/\/www.erresse-shop.it\/es\/wp-json\/wp\/v2\/product\/510979"}],"collection":[{"href":"https:\/\/www.erresse-shop.it\/es\/wp-json\/wp\/v2\/product"}],"about":[{"href":"https:\/\/www.erresse-shop.it\/es\/wp-json\/wp\/v2\/types\/product"}],"wp:featuredmedia":[{"embeddable":true,"href":"https:\/\/www.erresse-shop.it\/es\/wp-json\/wp\/v2\/media\/511010"}],"wp:attachment":[{"href":"https:\/\/www.erresse-shop.it\/es\/wp-json\/wp\/v2\/media?parent=510979"}],"wp:term":[{"taxonomy":"product_cat","embeddable":true,"href":"https:\/\/www.erresse-shop.it\/es\/wp-json\/wp\/v2\/product_cat?post=510979"},{"taxonomy":"product_tag","embeddable":true,"href":"https:\/\/www.erresse-shop.it\/es\/wp-json\/wp\/v2\/product_tag?post=510979"}],"curies":[{"name":"wp","href":"https:\/\/api.w.org\/{rel}","templated":true}]}}