{"id":510931,"date":"2025-08-27T08:10:34","date_gmt":"2025-08-27T08:10:34","guid":{"rendered":"https:\/\/www.erresse-shop.it\/?post_type=product&#038;p=510931"},"modified":"2025-08-27T08:31:10","modified_gmt":"2025-08-27T08:31:10","slug":"caso-design-bascula-de-cocina-kitchen-ecostyle","status":"publish","type":"product","link":"https:\/\/www.erresse-shop.it\/es\/shop\/pequenos-electrodomesticos\/escalas\/caso-design-bascula-de-cocina-kitchen-ecostyle\/","title":{"rendered":"CASO DESIGN B\u00e1scula de Cocina Kitchen Ecostyle"},"content":{"rendered":"<p><strong>CASO Design &#8220;Kitchen Ecostyle&#8221; &#8211; B\u00e1scula de cocina sostenible y sin pilas<\/strong><\/p>\n<p>En una era donde la sostenibilidad cobra cada vez m\u00e1s importancia, nos enorgullece presentar Kitchen Ecostyle, una b\u00e1scula de cocina revolucionaria que destaca por su respeto al medio ambiente.<br \/>\nA diferencia de las b\u00e1sculas convencionales, no necesita pilas. Genera energ\u00eda cin\u00e9tica con solo mover la pata. Esto no solo protege el medio ambiente, sino tambi\u00e9n tu bolsillo.<\/p>\n<p><strong>Resultados de medici\u00f3n precisos para cada receta<\/strong><\/p>\n<p>Kitchen Ecostyle no solo ofrece soluciones ecol\u00f3gicas, sino que tambi\u00e9n impresiona por su precisi\u00f3n. Con una pantalla digital de f\u00e1cil lectura, proporciona resultados de medici\u00f3n fiables en gramos, onzas y mililitros para agua y leche.<br \/>\nYa sea que est\u00e9s probando una receta compleja de reposter\u00eda o midiendo los ingredientes de tu plato favorito, esta b\u00e1scula siempre estar\u00e1 a tu lado.<\/p>\n<p>Versatilidad y practicidad en una sola herramienta<\/p>\n<p>Gracias a su b\u00e1scula, que pesa hasta 5 kg en incrementos de 1 g, la Kitchen Ecostyle es extremadamente vers\u00e1til. Es perfecta para cualquier tipo de proyecto de cocina y reposter\u00eda y ofrece m\u00e1xima precisi\u00f3n.<br \/>\nLa pr\u00e1ctica funci\u00f3n de tara permite pesar ingredientes en diferentes recipientes sin preocuparse por el peso del recipiente. Adem\u00e1s, la b\u00e1scula destaca por su dise\u00f1o plano y compacto en acero inoxidable cepillado, que garantiza un manejo sencillo.<\/p>\n<p>Adaptable a cualquier tama\u00f1o de recipiente<\/p>\n<p>No solo ecol\u00f3gica y precisa, sino tambi\u00e9n extremadamente adaptable: la Kitchen Ecostyle puede usarse cerrada o abierta seg\u00fan el tama\u00f1o del recipiente.<br \/>\nPara bases de recipiente de 5 a 12 cm de di\u00e1metro, la b\u00e1scula se usa cerrada, mientras que para bases de recipiente de 9 a 18 cm de di\u00e1metro, el uso abierto es ideal. Esta flexibilidad la convierte en una herramienta indispensable en cualquier cocina.<\/p>\n<p>Dimensiones: 22 x 6,5 x 3 cm<br \/>\nPeso: 0,2 kg<\/p>\n","protected":false},"excerpt":{"rendered":"<p>CASO Design &#8220;Kitchen Ecostyle&#8221; &#8211; B\u00e1scula de cocina sostenible y sin pilas En una era donde la sostenibilidad cobra cada<\/p>\n","protected":false},"featured_media":510967,"template":"","meta":{"_acf_changed":false,"inline_featured_image":false},"product_cat":[25979,16073],"product_tag":[23912],"acf":[],"yoast_head":"<!-- This site is optimized with the Yoast SEO Premium plugin v18.6 (Yoast SEO v19.13) - https:\/\/yoast.com\/wordpress\/plugins\/seo\/ -->\n<title>CASO DESIGN B\u00e1scula de Cocina Kitchen Ecostyle - Erresse Shop<\/title>\n<meta name=\"description\" content=\"CASO Design &quot;Kitchen Ecostyle&quot; - B\u00e1scula de cocina sostenible y sin pilas En una era donde la sostenibilidad cobra cada vez m\u00e1s importancia, nos\" \/>\n<meta name=\"robots\" content=\"index, follow, max-snippet:-1, max-image-preview:large, max-video-preview:-1\" \/>\n<link rel=\"canonical\" href=\"https:\/\/www.erresse-shop.it\/es\/shop\/pequenos-electrodomesticos\/escalas\/caso-design-bascula-de-cocina-kitchen-ecostyle\/\" \/>\n<meta property=\"og:locale\" content=\"es_ES\" \/>\n<meta property=\"og:type\" content=\"article\" \/>\n<meta property=\"og:title\" content=\"CASO DESIGN B\u00e1scula de Cocina Kitchen Ecostyle\" \/>\n<meta property=\"og:description\" content=\"CASO Design &quot;Kitchen Ecostyle&quot; - B\u00e1scula de cocina sostenible y sin pilas En una era donde la sostenibilidad cobra cada vez m\u00e1s importancia, nos\" \/>\n<meta property=\"og:url\" content=\"https:\/\/www.erresse-shop.it\/es\/shop\/pequenos-electrodomesticos\/escalas\/caso-design-bascula-de-cocina-kitchen-ecostyle\/\" \/>\n<meta property=\"og:site_name\" content=\"Erresse Shop\" \/>\n<meta property=\"article:modified_time\" content=\"2025-08-27T08:31:10+00:00\" \/>\n<meta property=\"og:image\" content=\"https:\/\/www.erresse-shop.it\/wp-content\/uploads\/2025\/08\/CASO-DESIGN-Bilancia-da-Cucina-Kitchen-Ecostyle.jpg\" \/>\n\t<meta property=\"og:image:width\" content=\"1200\" \/>\n\t<meta property=\"og:image:height\" content=\"1200\" \/>\n\t<meta property=\"og:image:type\" content=\"image\/jpeg\" \/>\n<meta name=\"twitter:card\" content=\"summary_large_image\" \/>\n<script type=\"application\/ld+json\" class=\"yoast-schema-graph\">{\"@context\":\"https:\/\/schema.org\",\"@graph\":[{\"@type\":\"WebPage\",\"@id\":\"https:\/\/www.erresse-shop.it\/es\/shop\/pequenos-electrodomesticos\/escalas\/caso-design-bascula-de-cocina-kitchen-ecostyle\/\",\"url\":\"https:\/\/www.erresse-shop.it\/es\/shop\/pequenos-electrodomesticos\/escalas\/caso-design-bascula-de-cocina-kitchen-ecostyle\/\",\"name\":\"CASO DESIGN B\u00e1scula de Cocina Kitchen Ecostyle - Erresse Shop\",\"isPartOf\":{\"@id\":\"https:\/\/www.erresse-shop.it\/es\/#website\"},\"datePublished\":\"2025-08-27T08:10:34+00:00\",\"dateModified\":\"2025-08-27T08:31:10+00:00\",\"description\":\"CASO Design \\\"Kitchen Ecostyle\\\" - B\u00e1scula de cocina sostenible y sin pilas En una era donde la sostenibilidad cobra cada vez m\u00e1s importancia, nos\",\"breadcrumb\":{\"@id\":\"https:\/\/www.erresse-shop.it\/es\/shop\/pequenos-electrodomesticos\/escalas\/caso-design-bascula-de-cocina-kitchen-ecostyle\/#breadcrumb\"},\"inLanguage\":\"es\",\"potentialAction\":[{\"@type\":\"ReadAction\",\"target\":[\"https:\/\/www.erresse-shop.it\/es\/shop\/pequenos-electrodomesticos\/escalas\/caso-design-bascula-de-cocina-kitchen-ecostyle\/\"]}]},{\"@type\":\"BreadcrumbList\",\"@id\":\"https:\/\/www.erresse-shop.it\/es\/shop\/pequenos-electrodomesticos\/escalas\/caso-design-bascula-de-cocina-kitchen-ecostyle\/#breadcrumb\",\"itemListElement\":[{\"@type\":\"ListItem\",\"position\":1,\"name\":\"Home\",\"item\":\"https:\/\/www.erresse-shop.it\/es\/\"},{\"@type\":\"ListItem\",\"position\":2,\"name\":\"Shop\",\"item\":\"https:\/\/www.erresse-shop.it\/es\/shop\/\"},{\"@type\":\"ListItem\",\"position\":3,\"name\":\"CASO DESIGN B\u00e1scula de Cocina Kitchen Ecostyle\"}]},{\"@type\":\"WebSite\",\"@id\":\"https:\/\/www.erresse-shop.it\/es\/#website\",\"url\":\"https:\/\/www.erresse-shop.it\/es\/\",\"name\":\"Erresse Shop\",\"description\":\"Articoli di qualit\u00e0 per la casa\",\"potentialAction\":[{\"@type\":\"SearchAction\",\"target\":{\"@type\":\"EntryPoint\",\"urlTemplate\":\"https:\/\/www.erresse-shop.it\/es\/?s={search_term_string}\"},\"query-input\":\"required name=search_term_string\"}],\"inLanguage\":\"es\"}]}<\/script>\n<!-- \/ Yoast SEO Premium plugin. -->","yoast_head_json":{"title":"CASO DESIGN B\u00e1scula de Cocina Kitchen Ecostyle - Erresse Shop","description":"CASO Design \"Kitchen Ecostyle\" - B\u00e1scula de cocina sostenible y sin pilas En una era donde la sostenibilidad cobra cada vez m\u00e1s importancia, nos","robots":{"index":"index","follow":"follow","max-snippet":"max-snippet:-1","max-image-preview":"max-image-preview:large","max-video-preview":"max-video-preview:-1"},"canonical":"https:\/\/www.erresse-shop.it\/es\/shop\/pequenos-electrodomesticos\/escalas\/caso-design-bascula-de-cocina-kitchen-ecostyle\/","og_locale":"es_ES","og_type":"article","og_title":"CASO DESIGN B\u00e1scula de Cocina Kitchen Ecostyle","og_description":"CASO Design \"Kitchen Ecostyle\" - B\u00e1scula de cocina sostenible y sin pilas En una era donde la sostenibilidad cobra cada vez m\u00e1s importancia, nos","og_url":"https:\/\/www.erresse-shop.it\/es\/shop\/pequenos-electrodomesticos\/escalas\/caso-design-bascula-de-cocina-kitchen-ecostyle\/","og_site_name":"Erresse Shop","article_modified_time":"2025-08-27T08:31:10+00:00","og_image":[{"width":1200,"height":1200,"url":"https:\/\/www.erresse-shop.it\/wp-content\/uploads\/2025\/08\/CASO-DESIGN-Bilancia-da-Cucina-Kitchen-Ecostyle.jpg","type":"image\/jpeg"}],"twitter_card":"summary_large_image","schema":{"@context":"https:\/\/schema.org","@graph":[{"@type":"WebPage","@id":"https:\/\/www.erresse-shop.it\/es\/shop\/pequenos-electrodomesticos\/escalas\/caso-design-bascula-de-cocina-kitchen-ecostyle\/","url":"https:\/\/www.erresse-shop.it\/es\/shop\/pequenos-electrodomesticos\/escalas\/caso-design-bascula-de-cocina-kitchen-ecostyle\/","name":"CASO DESIGN B\u00e1scula de Cocina Kitchen Ecostyle - Erresse Shop","isPartOf":{"@id":"https:\/\/www.erresse-shop.it\/es\/#website"},"datePublished":"2025-08-27T08:10:34+00:00","dateModified":"2025-08-27T08:31:10+00:00","description":"CASO Design \"Kitchen Ecostyle\" - B\u00e1scula de cocina sostenible y sin pilas En una era donde la sostenibilidad cobra cada vez m\u00e1s importancia, nos","breadcrumb":{"@id":"https:\/\/www.erresse-shop.it\/es\/shop\/pequenos-electrodomesticos\/escalas\/caso-design-bascula-de-cocina-kitchen-ecostyle\/#breadcrumb"},"inLanguage":"es","potentialAction":[{"@type":"ReadAction","target":["https:\/\/www.erresse-shop.it\/es\/shop\/pequenos-electrodomesticos\/escalas\/caso-design-bascula-de-cocina-kitchen-ecostyle\/"]}]},{"@type":"BreadcrumbList","@id":"https:\/\/www.erresse-shop.it\/es\/shop\/pequenos-electrodomesticos\/escalas\/caso-design-bascula-de-cocina-kitchen-ecostyle\/#breadcrumb","itemListElement":[{"@type":"ListItem","position":1,"name":"Home","item":"https:\/\/www.erresse-shop.it\/es\/"},{"@type":"ListItem","position":2,"name":"Shop","item":"https:\/\/www.erresse-shop.it\/es\/shop\/"},{"@type":"ListItem","position":3,"name":"CASO DESIGN B\u00e1scula de Cocina Kitchen Ecostyle"}]},{"@type":"WebSite","@id":"https:\/\/www.erresse-shop.it\/es\/#website","url":"https:\/\/www.erresse-shop.it\/es\/","name":"Erresse Shop","description":"Articoli di qualit\u00e0 per la casa","potentialAction":[{"@type":"SearchAction","target":{"@type":"EntryPoint","urlTemplate":"https:\/\/www.erresse-shop.it\/es\/?s={search_term_string}"},"query-input":"required name=search_term_string"}],"inLanguage":"es"}]}},"df_price":24.99,"df_sale_price":24.99,"df_regular_price":24.99,"df_image_link":"https:\/\/www.erresse-shop.it\/wp-content\/uploads\/2025\/08\/CASO-DESIGN-Bilancia-da-Cucina-Kitchen-Ecostyle-300x300.jpg","_links":{"self":[{"href":"https:\/\/www.erresse-shop.it\/es\/wp-json\/wp\/v2\/product\/510931"}],"collection":[{"href":"https:\/\/www.erresse-shop.it\/es\/wp-json\/wp\/v2\/product"}],"about":[{"href":"https:\/\/www.erresse-shop.it\/es\/wp-json\/wp\/v2\/types\/product"}],"wp:featuredmedia":[{"embeddable":true,"href":"https:\/\/www.erresse-shop.it\/es\/wp-json\/wp\/v2\/media\/510967"}],"wp:attachment":[{"href":"https:\/\/www.erresse-shop.it\/es\/wp-json\/wp\/v2\/media?parent=510931"}],"wp:term":[{"taxonomy":"product_cat","embeddable":true,"href":"https:\/\/www.erresse-shop.it\/es\/wp-json\/wp\/v2\/product_cat?post=510931"},{"taxonomy":"product_tag","embeddable":true,"href":"https:\/\/www.erresse-shop.it\/es\/wp-json\/wp\/v2\/product_tag?post=510931"}],"curies":[{"name":"wp","href":"https:\/\/api.w.org\/{rel}","templated":true}]}}