{"id":510889,"date":"2025-08-27T07:42:36","date_gmt":"2025-08-27T07:42:36","guid":{"rendered":"https:\/\/www.erresse-shop.it\/?post_type=product&#038;p=510889"},"modified":"2025-08-27T08:08:05","modified_gmt":"2025-08-27T08:08:05","slug":"bascula-de-cocina-smegverde-copia-2","status":"publish","type":"product","link":"https:\/\/www.erresse-shop.it\/es\/shop\/pequenos-electrodomesticos\/escalas\/bascula-de-cocina-smegverde-copia-2\/","title":{"rendered":"CASO DESIGN B\u00e1scula de Cocina Kitchen Energy"},"content":{"rendered":"<p><strong>Siempre lista para usar: la b\u00e1scula de cocina CASO KitchenEnergy Design con rueda de energ\u00eda<\/strong><\/p>\n<p>Simplemente gire la rueda de energ\u00eda tipo dinamo para generar suficiente energ\u00eda durante un minuto.<br \/>\nEste m\u00e9todo sostenible ahorra bater\u00eda, reduce los residuos y garantiza que la b\u00e1scula est\u00e9 siempre lista para usar, sin necesidad de enchufe ni cargador.<\/p>\n<p><strong>M\u00e1xima precisi\u00f3n para resultados perfectos<\/strong><\/p>\n<p>Con una capacidad de pesaje de hasta 5 kg y una precisi\u00f3n de 1 gramo, la b\u00e1scula CASO KitchenEnergy garantiza medidas exactas para cada ingrediente.<br \/>\nYa sea harina fina, masa espesa o especias delicadas, los sensores de alta precisi\u00f3n proporcionan resultados fiables para cada receta.<br \/>\nLa pr\u00e1ctica funci\u00f3n de tara permite pesar los ingredientes uno tras otro en el mismo recipiente, sin necesidad de decantarlos.<\/p>\n<p><strong>Dise\u00f1o elegante y f\u00e1cil de usar<\/strong><\/p>\n<p>La superficie de acero inoxidable cepillado le da a la b\u00e1scula de cocina un aspecto de alta calidad y facilita enormemente su limpieza. Las huellas dactilares y las manchas no tendr\u00e1n ninguna oportunidad: simplemente l\u00edmpielas con un pa\u00f1o h\u00famedo y la b\u00e1scula brillar\u00e1 de nuevo.<br \/>\nSu dise\u00f1o plano y compacto permite guardarla en cualquier caj\u00f3n o en la encimera de la cocina, ahorrando espacio.<\/p>\n<p><strong>\u00a1Extremadamente sostenible!<\/strong><\/p>\n<p>Con CASO KitchenEnergy, invierte en un futuro verde. Su dise\u00f1o sin pilas no solo beneficia a su bolsillo, sino tambi\u00e9n al medio ambiente. La pantalla digital le mantiene informado sobre su consumo de energ\u00eda y garantiza un funcionamiento intuitivo.<br \/>\nEsto hace que cocinar a diario sea no solo m\u00e1s preciso, sino tambi\u00e9n m\u00e1s sostenible.<\/p>\n<p><strong>Duradero, fiable y siempre listo para usar<\/strong><br \/>\nGracias a su innovadora tecnolog\u00eda, CASO KitchenEnergy tiene una vida \u00fatil extremadamente larga y siempre est\u00e1 listo para usar, sin necesidad de cambiar la bater\u00eda ni recargarla.<br \/>\nUn producto que no solo simplifica su cocina diaria, sino que tambi\u00e9n contribuye a un futuro m\u00e1s verde.<\/p>\n<p><strong>Dimensiones:<\/strong> 24,5 x 19 x 3,5 cm<br \/>\n<strong>Peso:<\/strong> 0,4 kg<\/p>\n","protected":false},"excerpt":{"rendered":"<p>Siempre lista para usar: la b\u00e1scula de cocina CASO KitchenEnergy Design con rueda de energ\u00eda Simplemente gire la rueda de<\/p>\n","protected":false},"featured_media":510920,"template":"","meta":{"_acf_changed":false,"inline_featured_image":false},"product_cat":[25979,16073],"product_tag":[23912],"acf":[],"yoast_head":"<!-- This site is optimized with the Yoast SEO Premium plugin v18.6 (Yoast SEO v19.13) - https:\/\/yoast.com\/wordpress\/plugins\/seo\/ -->\n<title>CASO DESIGN B\u00e1scula de Cocina Kitchen Energy - Erresse Shop<\/title>\n<meta name=\"description\" content=\"Siempre lista para usar: la b\u00e1scula de cocina CASO KitchenEnergy Design con rueda de energ\u00eda Simplemente gire la rueda de energ\u00eda tipo dinamo para generar\" \/>\n<meta name=\"robots\" content=\"index, follow, max-snippet:-1, max-image-preview:large, max-video-preview:-1\" \/>\n<link rel=\"canonical\" href=\"https:\/\/www.erresse-shop.it\/es\/shop\/pequenos-electrodomesticos\/escalas\/bascula-de-cocina-smegverde-copia-2\/\" \/>\n<meta property=\"og:locale\" content=\"es_ES\" \/>\n<meta property=\"og:type\" content=\"article\" \/>\n<meta property=\"og:title\" content=\"CASO DESIGN B\u00e1scula de Cocina Kitchen Energy\" \/>\n<meta property=\"og:description\" content=\"Siempre lista para usar: la b\u00e1scula de cocina CASO KitchenEnergy Design con rueda de energ\u00eda Simplemente gire la rueda de energ\u00eda tipo dinamo para generar\" \/>\n<meta property=\"og:url\" content=\"https:\/\/www.erresse-shop.it\/es\/shop\/pequenos-electrodomesticos\/escalas\/bascula-de-cocina-smegverde-copia-2\/\" \/>\n<meta property=\"og:site_name\" content=\"Erresse Shop\" \/>\n<meta property=\"article:modified_time\" content=\"2025-08-27T08:08:05+00:00\" \/>\n<meta property=\"og:image\" content=\"https:\/\/www.erresse-shop.it\/wp-content\/uploads\/2025\/08\/CASO-DESIGN-Bilancia-da-Cucina-Kitchen-Energy.jpg\" \/>\n\t<meta property=\"og:image:width\" content=\"1200\" \/>\n\t<meta property=\"og:image:height\" content=\"1200\" \/>\n\t<meta property=\"og:image:type\" content=\"image\/jpeg\" \/>\n<meta name=\"twitter:card\" content=\"summary_large_image\" \/>\n<script type=\"application\/ld+json\" class=\"yoast-schema-graph\">{\"@context\":\"https:\/\/schema.org\",\"@graph\":[{\"@type\":\"WebPage\",\"@id\":\"https:\/\/www.erresse-shop.it\/es\/shop\/pequenos-electrodomesticos\/escalas\/bascula-de-cocina-smegverde-copia-2\/\",\"url\":\"https:\/\/www.erresse-shop.it\/es\/shop\/pequenos-electrodomesticos\/escalas\/bascula-de-cocina-smegverde-copia-2\/\",\"name\":\"CASO DESIGN B\u00e1scula de Cocina Kitchen Energy - Erresse Shop\",\"isPartOf\":{\"@id\":\"https:\/\/www.erresse-shop.it\/es\/#website\"},\"datePublished\":\"2025-08-27T07:42:36+00:00\",\"dateModified\":\"2025-08-27T08:08:05+00:00\",\"description\":\"Siempre lista para usar: la b\u00e1scula de cocina CASO KitchenEnergy Design con rueda de energ\u00eda Simplemente gire la rueda de energ\u00eda tipo dinamo para generar\",\"breadcrumb\":{\"@id\":\"https:\/\/www.erresse-shop.it\/es\/shop\/pequenos-electrodomesticos\/escalas\/bascula-de-cocina-smegverde-copia-2\/#breadcrumb\"},\"inLanguage\":\"es\",\"potentialAction\":[{\"@type\":\"ReadAction\",\"target\":[\"https:\/\/www.erresse-shop.it\/es\/shop\/pequenos-electrodomesticos\/escalas\/bascula-de-cocina-smegverde-copia-2\/\"]}]},{\"@type\":\"BreadcrumbList\",\"@id\":\"https:\/\/www.erresse-shop.it\/es\/shop\/pequenos-electrodomesticos\/escalas\/bascula-de-cocina-smegverde-copia-2\/#breadcrumb\",\"itemListElement\":[{\"@type\":\"ListItem\",\"position\":1,\"name\":\"Home\",\"item\":\"https:\/\/www.erresse-shop.it\/es\/\"},{\"@type\":\"ListItem\",\"position\":2,\"name\":\"Shop\",\"item\":\"https:\/\/www.erresse-shop.it\/es\/shop\/\"},{\"@type\":\"ListItem\",\"position\":3,\"name\":\"CASO DESIGN B\u00e1scula de Cocina Kitchen Energy\"}]},{\"@type\":\"WebSite\",\"@id\":\"https:\/\/www.erresse-shop.it\/es\/#website\",\"url\":\"https:\/\/www.erresse-shop.it\/es\/\",\"name\":\"Erresse Shop\",\"description\":\"Articoli di qualit\u00e0 per la casa\",\"potentialAction\":[{\"@type\":\"SearchAction\",\"target\":{\"@type\":\"EntryPoint\",\"urlTemplate\":\"https:\/\/www.erresse-shop.it\/es\/?s={search_term_string}\"},\"query-input\":\"required name=search_term_string\"}],\"inLanguage\":\"es\"}]}<\/script>\n<!-- \/ Yoast SEO Premium plugin. -->","yoast_head_json":{"title":"CASO DESIGN B\u00e1scula de Cocina Kitchen Energy - Erresse Shop","description":"Siempre lista para usar: la b\u00e1scula de cocina CASO KitchenEnergy Design con rueda de energ\u00eda Simplemente gire la rueda de energ\u00eda tipo dinamo para generar","robots":{"index":"index","follow":"follow","max-snippet":"max-snippet:-1","max-image-preview":"max-image-preview:large","max-video-preview":"max-video-preview:-1"},"canonical":"https:\/\/www.erresse-shop.it\/es\/shop\/pequenos-electrodomesticos\/escalas\/bascula-de-cocina-smegverde-copia-2\/","og_locale":"es_ES","og_type":"article","og_title":"CASO DESIGN B\u00e1scula de Cocina Kitchen Energy","og_description":"Siempre lista para usar: la b\u00e1scula de cocina CASO KitchenEnergy Design con rueda de energ\u00eda Simplemente gire la rueda de energ\u00eda tipo dinamo para generar","og_url":"https:\/\/www.erresse-shop.it\/es\/shop\/pequenos-electrodomesticos\/escalas\/bascula-de-cocina-smegverde-copia-2\/","og_site_name":"Erresse Shop","article_modified_time":"2025-08-27T08:08:05+00:00","og_image":[{"width":1200,"height":1200,"url":"https:\/\/www.erresse-shop.it\/wp-content\/uploads\/2025\/08\/CASO-DESIGN-Bilancia-da-Cucina-Kitchen-Energy.jpg","type":"image\/jpeg"}],"twitter_card":"summary_large_image","schema":{"@context":"https:\/\/schema.org","@graph":[{"@type":"WebPage","@id":"https:\/\/www.erresse-shop.it\/es\/shop\/pequenos-electrodomesticos\/escalas\/bascula-de-cocina-smegverde-copia-2\/","url":"https:\/\/www.erresse-shop.it\/es\/shop\/pequenos-electrodomesticos\/escalas\/bascula-de-cocina-smegverde-copia-2\/","name":"CASO DESIGN B\u00e1scula de Cocina Kitchen Energy - Erresse Shop","isPartOf":{"@id":"https:\/\/www.erresse-shop.it\/es\/#website"},"datePublished":"2025-08-27T07:42:36+00:00","dateModified":"2025-08-27T08:08:05+00:00","description":"Siempre lista para usar: la b\u00e1scula de cocina CASO KitchenEnergy Design con rueda de energ\u00eda Simplemente gire la rueda de energ\u00eda tipo dinamo para generar","breadcrumb":{"@id":"https:\/\/www.erresse-shop.it\/es\/shop\/pequenos-electrodomesticos\/escalas\/bascula-de-cocina-smegverde-copia-2\/#breadcrumb"},"inLanguage":"es","potentialAction":[{"@type":"ReadAction","target":["https:\/\/www.erresse-shop.it\/es\/shop\/pequenos-electrodomesticos\/escalas\/bascula-de-cocina-smegverde-copia-2\/"]}]},{"@type":"BreadcrumbList","@id":"https:\/\/www.erresse-shop.it\/es\/shop\/pequenos-electrodomesticos\/escalas\/bascula-de-cocina-smegverde-copia-2\/#breadcrumb","itemListElement":[{"@type":"ListItem","position":1,"name":"Home","item":"https:\/\/www.erresse-shop.it\/es\/"},{"@type":"ListItem","position":2,"name":"Shop","item":"https:\/\/www.erresse-shop.it\/es\/shop\/"},{"@type":"ListItem","position":3,"name":"CASO DESIGN B\u00e1scula de Cocina Kitchen Energy"}]},{"@type":"WebSite","@id":"https:\/\/www.erresse-shop.it\/es\/#website","url":"https:\/\/www.erresse-shop.it\/es\/","name":"Erresse Shop","description":"Articoli di qualit\u00e0 per la casa","potentialAction":[{"@type":"SearchAction","target":{"@type":"EntryPoint","urlTemplate":"https:\/\/www.erresse-shop.it\/es\/?s={search_term_string}"},"query-input":"required name=search_term_string"}],"inLanguage":"es"}]}},"df_price":29.99,"df_sale_price":29.99,"df_regular_price":29.99,"df_image_link":"https:\/\/www.erresse-shop.it\/wp-content\/uploads\/2025\/08\/CASO-DESIGN-Bilancia-da-Cucina-Kitchen-Energy-300x300.jpg","_links":{"self":[{"href":"https:\/\/www.erresse-shop.it\/es\/wp-json\/wp\/v2\/product\/510889"}],"collection":[{"href":"https:\/\/www.erresse-shop.it\/es\/wp-json\/wp\/v2\/product"}],"about":[{"href":"https:\/\/www.erresse-shop.it\/es\/wp-json\/wp\/v2\/types\/product"}],"wp:featuredmedia":[{"embeddable":true,"href":"https:\/\/www.erresse-shop.it\/es\/wp-json\/wp\/v2\/media\/510920"}],"wp:attachment":[{"href":"https:\/\/www.erresse-shop.it\/es\/wp-json\/wp\/v2\/media?parent=510889"}],"wp:term":[{"taxonomy":"product_cat","embeddable":true,"href":"https:\/\/www.erresse-shop.it\/es\/wp-json\/wp\/v2\/product_cat?post=510889"},{"taxonomy":"product_tag","embeddable":true,"href":"https:\/\/www.erresse-shop.it\/es\/wp-json\/wp\/v2\/product_tag?post=510889"}],"curies":[{"name":"wp","href":"https:\/\/api.w.org\/{rel}","templated":true}]}}