{"id":510851,"date":"2025-08-27T07:19:54","date_gmt":"2025-08-27T07:19:54","guid":{"rendered":"https:\/\/www.erresse-shop.it\/?post_type=product&#038;p=510851"},"modified":"2025-08-27T07:39:51","modified_gmt":"2025-08-27T07:39:51","slug":"magimix-maquina-para-hacer-gofres-waffleup","status":"publish","type":"product","link":"https:\/\/www.erresse-shop.it\/es\/shop\/pequenos-electrodomesticos\/magimix-maquina-para-hacer-gofres-waffleup\/","title":{"rendered":"MAGIMIX M\u00e1quina para hacer gofres WaffleUp"},"content":{"rendered":"<p><strong>CASO Design &#8220;WaffleUp&#8221; &#8211; M\u00e1s que una simple gofrera<\/strong><\/p>\n<p>Ya sean ligeros, esponjosos, dorados o crujientes, \u00a1la innovadora gofrera &#8220;WaffleUp&#8221; de CASO Design ofrece resultados excelentes y es simplemente divertida!<br \/>\nA diferencia de las gofreras belgas tradicionales, la WaffleUp cuenta con un sistema de cocci\u00f3n vertical que permite hornear gofres belgas perfectos.<\/p>\n<p><strong>Del dulce al salado<\/strong><\/p>\n<p>&#8220;WaffleUp&#8221; prepara gofres perfectos e incre\u00edbles (aproximadamente 18 cm de di\u00e1metro y 2,5 cm de grosor) y es ideal para preparar todo tipo de variantes dulces y saladas.<br \/>\n\u00bfPor qu\u00e9 no preparar deliciosos gofres de patata o de remolacha, zanahoria, queso o hierbas? El aperitivo perfecto para una comida o como guarnici\u00f3n especial para una barbacoa.<\/p>\n<p>\u00a1Prueba esta sencilla forma de hacer gofres y disfruta del resultado!<\/p>\n<p>Prepara gofres perfectos de forma r\u00e1pida y sencilla<\/p>\n<p>Solo tienes que verter la masa en el aparato desde arriba para distribuirla uniformemente. El exceso de masa se recoge en un recipiente para que puedas usarla para preparar el siguiente gofre.<br \/>\nEsto garantiza que no se desperdicie nada y hace que la preparaci\u00f3n sea extremadamente limpia. Nada se cocina en el aparato. Los gofres quedan perfectamente redondos.<\/p>\n<p>Esta gofrera de dise\u00f1o cuenta con un bot\u00f3n de control con cinco niveles de potencia, que permite al usuario seleccionar el nivel de dorado deseado seg\u00fan sus preferencias personales.<br \/>\nEsto significa que los gofres terminados pueden variar desde ligeros y esponjosos hasta dorados y crujientes. Un indicador luminoso te ayuda a determinar el tiempo de cocci\u00f3n correcto.<br \/>\nCuando el indicador luminoso est\u00e1 rojo, puedes verter la masa; cuando est\u00e1 verde, el gofre est\u00e1 listo y puedes retirarlo del aparato.<\/p>\n<p>Adem\u00e1s de sus &#8220;valores internos&#8221;, esta gofrera de alta calidad tambi\u00e9n tiene una apariencia atractiva. \u00a1El moderno dise\u00f1o vertical de la WaffleUp en plata polar y acero inoxidable es una pieza clave en cualquier cocina! Dimensiones: 16,5 x 32 x 30 cm<br \/>\nPeso: 3,26 kg<br \/>\nPotencia (vatios): 800<br \/>\nVoltaje: 230 V~, 50-60 Hz<\/p>\n","protected":false},"excerpt":{"rendered":"<p>CASO Design &#8220;WaffleUp&#8221; &#8211; M\u00e1s que una simple gofrera Ya sean ligeros, esponjosos, dorados o crujientes, \u00a1la innovadora gofrera &#8220;WaffleUp&#8221;<\/p>\n","protected":false},"featured_media":510883,"template":"","meta":{"_acf_changed":false,"inline_featured_image":false},"product_cat":[16073],"product_tag":[23263,20922,17245,21025],"acf":[],"yoast_head":"<!-- This site is optimized with the Yoast SEO Premium plugin v18.6 (Yoast SEO v19.13) - https:\/\/yoast.com\/wordpress\/plugins\/seo\/ -->\n<title>MAGIMIX M\u00e1quina para hacer gofres WaffleUp - Erresse Shop<\/title>\n<meta name=\"description\" content=\"CASO Design &quot;WaffleUp&quot; - M\u00e1s que una simple gofrera Ya sean ligeros, esponjosos, dorados o crujientes, \u00a1la innovadora gofrera &quot;WaffleUp&quot; de CASO Design\" \/>\n<meta name=\"robots\" content=\"index, follow, max-snippet:-1, max-image-preview:large, max-video-preview:-1\" \/>\n<link rel=\"canonical\" href=\"https:\/\/www.erresse-shop.it\/es\/shop\/pequenos-electrodomesticos\/magimix-maquina-para-hacer-gofres-waffleup\/\" \/>\n<meta property=\"og:locale\" content=\"es_ES\" \/>\n<meta property=\"og:type\" content=\"article\" \/>\n<meta property=\"og:title\" content=\"MAGIMIX M\u00e1quina para hacer gofres WaffleUp\" \/>\n<meta property=\"og:description\" content=\"CASO Design &quot;WaffleUp&quot; - M\u00e1s que una simple gofrera Ya sean ligeros, esponjosos, dorados o crujientes, \u00a1la innovadora gofrera &quot;WaffleUp&quot; de CASO Design\" \/>\n<meta property=\"og:url\" content=\"https:\/\/www.erresse-shop.it\/es\/shop\/pequenos-electrodomesticos\/magimix-maquina-para-hacer-gofres-waffleup\/\" \/>\n<meta property=\"og:site_name\" content=\"Erresse Shop\" \/>\n<meta property=\"article:modified_time\" content=\"2025-08-27T07:39:51+00:00\" \/>\n<meta property=\"og:image\" content=\"https:\/\/www.erresse-shop.it\/wp-content\/uploads\/2025\/08\/CASO-DESIGN-Macchine-per-Waffle-WaffleUp.jpg\" \/>\n\t<meta property=\"og:image:width\" content=\"1200\" \/>\n\t<meta property=\"og:image:height\" content=\"1200\" \/>\n\t<meta property=\"og:image:type\" content=\"image\/jpeg\" \/>\n<meta name=\"twitter:card\" content=\"summary_large_image\" \/>\n<script type=\"application\/ld+json\" class=\"yoast-schema-graph\">{\"@context\":\"https:\/\/schema.org\",\"@graph\":[{\"@type\":\"WebPage\",\"@id\":\"https:\/\/www.erresse-shop.it\/es\/shop\/pequenos-electrodomesticos\/magimix-maquina-para-hacer-gofres-waffleup\/\",\"url\":\"https:\/\/www.erresse-shop.it\/es\/shop\/pequenos-electrodomesticos\/magimix-maquina-para-hacer-gofres-waffleup\/\",\"name\":\"MAGIMIX M\u00e1quina para hacer gofres WaffleUp - Erresse Shop\",\"isPartOf\":{\"@id\":\"https:\/\/www.erresse-shop.it\/es\/#website\"},\"datePublished\":\"2025-08-27T07:19:54+00:00\",\"dateModified\":\"2025-08-27T07:39:51+00:00\",\"description\":\"CASO Design \\\"WaffleUp\\\" - M\u00e1s que una simple gofrera Ya sean ligeros, esponjosos, dorados o crujientes, \u00a1la innovadora gofrera \\\"WaffleUp\\\" de CASO Design\",\"breadcrumb\":{\"@id\":\"https:\/\/www.erresse-shop.it\/es\/shop\/pequenos-electrodomesticos\/magimix-maquina-para-hacer-gofres-waffleup\/#breadcrumb\"},\"inLanguage\":\"es\",\"potentialAction\":[{\"@type\":\"ReadAction\",\"target\":[\"https:\/\/www.erresse-shop.it\/es\/shop\/pequenos-electrodomesticos\/magimix-maquina-para-hacer-gofres-waffleup\/\"]}]},{\"@type\":\"BreadcrumbList\",\"@id\":\"https:\/\/www.erresse-shop.it\/es\/shop\/pequenos-electrodomesticos\/magimix-maquina-para-hacer-gofres-waffleup\/#breadcrumb\",\"itemListElement\":[{\"@type\":\"ListItem\",\"position\":1,\"name\":\"Home\",\"item\":\"https:\/\/www.erresse-shop.it\/es\/\"},{\"@type\":\"ListItem\",\"position\":2,\"name\":\"Shop\",\"item\":\"https:\/\/www.erresse-shop.it\/es\/shop\/\"},{\"@type\":\"ListItem\",\"position\":3,\"name\":\"MAGIMIX M\u00e1quina para hacer gofres WaffleUp\"}]},{\"@type\":\"WebSite\",\"@id\":\"https:\/\/www.erresse-shop.it\/es\/#website\",\"url\":\"https:\/\/www.erresse-shop.it\/es\/\",\"name\":\"Erresse Shop\",\"description\":\"Articoli di qualit\u00e0 per la casa\",\"potentialAction\":[{\"@type\":\"SearchAction\",\"target\":{\"@type\":\"EntryPoint\",\"urlTemplate\":\"https:\/\/www.erresse-shop.it\/es\/?s={search_term_string}\"},\"query-input\":\"required name=search_term_string\"}],\"inLanguage\":\"es\"}]}<\/script>\n<!-- \/ Yoast SEO Premium plugin. -->","yoast_head_json":{"title":"MAGIMIX M\u00e1quina para hacer gofres WaffleUp - Erresse Shop","description":"CASO Design \"WaffleUp\" - M\u00e1s que una simple gofrera Ya sean ligeros, esponjosos, dorados o crujientes, \u00a1la innovadora gofrera \"WaffleUp\" de CASO Design","robots":{"index":"index","follow":"follow","max-snippet":"max-snippet:-1","max-image-preview":"max-image-preview:large","max-video-preview":"max-video-preview:-1"},"canonical":"https:\/\/www.erresse-shop.it\/es\/shop\/pequenos-electrodomesticos\/magimix-maquina-para-hacer-gofres-waffleup\/","og_locale":"es_ES","og_type":"article","og_title":"MAGIMIX M\u00e1quina para hacer gofres WaffleUp","og_description":"CASO Design \"WaffleUp\" - M\u00e1s que una simple gofrera Ya sean ligeros, esponjosos, dorados o crujientes, \u00a1la innovadora gofrera \"WaffleUp\" de CASO Design","og_url":"https:\/\/www.erresse-shop.it\/es\/shop\/pequenos-electrodomesticos\/magimix-maquina-para-hacer-gofres-waffleup\/","og_site_name":"Erresse Shop","article_modified_time":"2025-08-27T07:39:51+00:00","og_image":[{"width":1200,"height":1200,"url":"https:\/\/www.erresse-shop.it\/wp-content\/uploads\/2025\/08\/CASO-DESIGN-Macchine-per-Waffle-WaffleUp.jpg","type":"image\/jpeg"}],"twitter_card":"summary_large_image","schema":{"@context":"https:\/\/schema.org","@graph":[{"@type":"WebPage","@id":"https:\/\/www.erresse-shop.it\/es\/shop\/pequenos-electrodomesticos\/magimix-maquina-para-hacer-gofres-waffleup\/","url":"https:\/\/www.erresse-shop.it\/es\/shop\/pequenos-electrodomesticos\/magimix-maquina-para-hacer-gofres-waffleup\/","name":"MAGIMIX M\u00e1quina para hacer gofres WaffleUp - Erresse Shop","isPartOf":{"@id":"https:\/\/www.erresse-shop.it\/es\/#website"},"datePublished":"2025-08-27T07:19:54+00:00","dateModified":"2025-08-27T07:39:51+00:00","description":"CASO Design \"WaffleUp\" - M\u00e1s que una simple gofrera Ya sean ligeros, esponjosos, dorados o crujientes, \u00a1la innovadora gofrera \"WaffleUp\" de CASO Design","breadcrumb":{"@id":"https:\/\/www.erresse-shop.it\/es\/shop\/pequenos-electrodomesticos\/magimix-maquina-para-hacer-gofres-waffleup\/#breadcrumb"},"inLanguage":"es","potentialAction":[{"@type":"ReadAction","target":["https:\/\/www.erresse-shop.it\/es\/shop\/pequenos-electrodomesticos\/magimix-maquina-para-hacer-gofres-waffleup\/"]}]},{"@type":"BreadcrumbList","@id":"https:\/\/www.erresse-shop.it\/es\/shop\/pequenos-electrodomesticos\/magimix-maquina-para-hacer-gofres-waffleup\/#breadcrumb","itemListElement":[{"@type":"ListItem","position":1,"name":"Home","item":"https:\/\/www.erresse-shop.it\/es\/"},{"@type":"ListItem","position":2,"name":"Shop","item":"https:\/\/www.erresse-shop.it\/es\/shop\/"},{"@type":"ListItem","position":3,"name":"MAGIMIX M\u00e1quina para hacer gofres WaffleUp"}]},{"@type":"WebSite","@id":"https:\/\/www.erresse-shop.it\/es\/#website","url":"https:\/\/www.erresse-shop.it\/es\/","name":"Erresse Shop","description":"Articoli di qualit\u00e0 per la casa","potentialAction":[{"@type":"SearchAction","target":{"@type":"EntryPoint","urlTemplate":"https:\/\/www.erresse-shop.it\/es\/?s={search_term_string}"},"query-input":"required name=search_term_string"}],"inLanguage":"es"}]}},"df_price":99.99,"df_sale_price":99.99,"df_regular_price":99.99,"df_image_link":"https:\/\/www.erresse-shop.it\/wp-content\/uploads\/2025\/08\/CASO-DESIGN-Macchine-per-Waffle-WaffleUp-300x300.jpg","_links":{"self":[{"href":"https:\/\/www.erresse-shop.it\/es\/wp-json\/wp\/v2\/product\/510851"}],"collection":[{"href":"https:\/\/www.erresse-shop.it\/es\/wp-json\/wp\/v2\/product"}],"about":[{"href":"https:\/\/www.erresse-shop.it\/es\/wp-json\/wp\/v2\/types\/product"}],"wp:featuredmedia":[{"embeddable":true,"href":"https:\/\/www.erresse-shop.it\/es\/wp-json\/wp\/v2\/media\/510883"}],"wp:attachment":[{"href":"https:\/\/www.erresse-shop.it\/es\/wp-json\/wp\/v2\/media?parent=510851"}],"wp:term":[{"taxonomy":"product_cat","embeddable":true,"href":"https:\/\/www.erresse-shop.it\/es\/wp-json\/wp\/v2\/product_cat?post=510851"},{"taxonomy":"product_tag","embeddable":true,"href":"https:\/\/www.erresse-shop.it\/es\/wp-json\/wp\/v2\/product_tag?post=510851"}],"curies":[{"name":"wp","href":"https:\/\/api.w.org\/{rel}","templated":true}]}}