{"id":510828,"date":"2025-08-27T06:57:12","date_gmt":"2025-08-27T06:57:12","guid":{"rendered":"https:\/\/www.erresse-shop.it\/?post_type=product&#038;p=510828"},"modified":"2025-08-27T07:16:41","modified_gmt":"2025-08-27T07:16:41","slug":"magimix-crepera-electrica-cm-1300","status":"publish","type":"product","link":"https:\/\/www.erresse-shop.it\/es\/shop\/pequenos-electrodomesticos\/magimix-crepera-electrica-cm-1300\/","title":{"rendered":"MAGIMIX Crepera el\u00e9ctrica CM 1300"},"content":{"rendered":"<p><strong>El aroma de un carnaval en tu cocina<\/strong><\/p>\n<p>\u00bfQui\u00e9n no conoce esos momentos m\u00e1gicos en los que el aroma de crepas reci\u00e9n horneadas impregna el aire en un mercado navide\u00f1o o un parque de atracciones?<br \/>\nCon la Cr\u00eapi\u00e8re CM 1300 de CASO Design, puedes llevar esta sensaci\u00f3n a tu hogar. Se acabaron las filas, las esperas en el fr\u00edo: solo t\u00fa, tus ingredientes favoritos y el aroma irresistible de crepas XL doradas y reci\u00e9n horneadas, reci\u00e9n salidas de tu cocina.<br \/>\nYa sean dulces con canela y az\u00facar o saladas con queso y jam\u00f3n, tu imaginaci\u00f3n no tiene l\u00edmites.<\/p>\n<p><strong>Cr\u00eapas Profesionales &#8211; F\u00e1ciles de Hacer en Casa<\/strong><\/p>\n<p>El secreto de la verdadera calidad de las crepas reside en la tecnolog\u00eda.<br \/>\nLa Cr\u00eapi\u00e8re CM 1300 fue desarrollada por CASO Design para llevar la experiencia culinaria a un nuevo nivel. Con su superficie de cocci\u00f3n extragrande de 33 cm de di\u00e1metro, ofrece espacio suficiente para preparar crepes generosos y fin\u00edsimos, como en un parque de atracciones.<br \/>\nNo necesita borde, as\u00ed que la crepe se distribuye uniformemente y se puede voltear a la perfecci\u00f3n.<\/p>\n<p><strong>Calor uniforme para resultados perfectos<\/strong><\/p>\n<p>Gracias a una resistencia soldada, toda la superficie de cocci\u00f3n se calienta de forma especialmente uniforme: una ventaja decisiva frente a las sartenes tradicionales o electrodom\u00e9sticos m\u00e1s econ\u00f3micos.<br \/>\nEl revestimiento antiadherente ILAG de alta calidad garantiza que nada se pegue y que las crepes se cocinen como reci\u00e9n salidas del horno, incluso sin a\u00f1adir grasa.<br \/>\nCon ocho niveles de temperatura, f\u00e1cilmente ajustables mediante un pr\u00e1ctico control deslizante, tendr\u00e1s control total sobre tus creaciones de crepes.<\/p>\n<p><strong>Dise\u00f1o sofisticado y f\u00e1cil de usar<\/strong><\/p>\n<p>La crepera no solo es funcional, sino tambi\u00e9n est\u00e9ticamente atractiva: su dise\u00f1o cil\u00edndrico en acero inoxidable cepillado es moderno, compacto y un verdadero punto de atracci\u00f3n en cualquier cocina.<br \/>\nUna pantalla LED integrada indica cu\u00e1ndo se ha alcanzado la temperatura \u00f3ptima, garantizando que cada crepe est\u00e9 perfectamente cocinado. Gracias a su dise\u00f1o ligero de tan solo 1,9 kg, el aparato tambi\u00e9n es f\u00e1cil de guardar y transportar, perfecto para momentos de placer espont\u00e1neos.<\/p>\n<p><strong>Todo lo que necesitas para un comienzo perfecto<\/strong><\/p>\n<p>Para empezar de inmediato, el set incluye un divisor de crepes y un servidor de crepes de madera, como los profesionales. Solo necesitas una masa sencilla para crepes y una idea creativa para el relleno.<\/p>\n<p>La CM 1300 es, por lo tanto, ideal para familias, sibaritas y cualquiera que quiera sorprender a sus invitados.<\/p>\n<p><strong>Dimensiones:<\/strong> 35,5 x 33 x 10 cm<br \/>\n<strong>Peso:<\/strong> 1,9 kg<br \/>\n<strong>Potencia (vatios)<\/strong>: 1300<br \/>\n<strong>Voltaje:<\/strong> 220-240 V~, 50-60 Hz<\/p>\n","protected":false},"excerpt":{"rendered":"<p>El aroma de un carnaval en tu cocina \u00bfQui\u00e9n no conoce esos momentos m\u00e1gicos en los que el aroma de<\/p>\n","protected":false},"featured_media":510848,"template":"","meta":{"_acf_changed":false,"inline_featured_image":false},"product_cat":[16073],"product_tag":[16251,23263,20922,17245],"acf":[],"yoast_head":"<!-- This site is optimized with the Yoast SEO Premium plugin v18.6 (Yoast SEO v19.13) - https:\/\/yoast.com\/wordpress\/plugins\/seo\/ -->\n<title>MAGIMIX Crepera el\u00e9ctrica CM 1300 - Erresse Shop<\/title>\n<meta name=\"description\" content=\"El aroma de un carnaval en tu cocina \u00bfQui\u00e9n no conoce esos momentos m\u00e1gicos en los que el aroma de crepas reci\u00e9n horneadas impregna el aire en un mercado\" \/>\n<meta name=\"robots\" content=\"index, follow, max-snippet:-1, max-image-preview:large, max-video-preview:-1\" \/>\n<link rel=\"canonical\" href=\"https:\/\/www.erresse-shop.it\/es\/shop\/pequenos-electrodomesticos\/magimix-crepera-electrica-cm-1300\/\" \/>\n<meta property=\"og:locale\" content=\"es_ES\" \/>\n<meta property=\"og:type\" content=\"article\" \/>\n<meta property=\"og:title\" content=\"MAGIMIX Crepera el\u00e9ctrica CM 1300\" \/>\n<meta property=\"og:description\" content=\"El aroma de un carnaval en tu cocina \u00bfQui\u00e9n no conoce esos momentos m\u00e1gicos en los que el aroma de crepas reci\u00e9n horneadas impregna el aire en un mercado\" \/>\n<meta property=\"og:url\" content=\"https:\/\/www.erresse-shop.it\/es\/shop\/pequenos-electrodomesticos\/magimix-crepera-electrica-cm-1300\/\" \/>\n<meta property=\"og:site_name\" content=\"Erresse Shop\" \/>\n<meta property=\"article:modified_time\" content=\"2025-08-27T07:16:41+00:00\" \/>\n<meta property=\"og:image\" content=\"https:\/\/www.erresse-shop.it\/wp-content\/uploads\/2025\/08\/CASO-DESIGN-Crepiera-Elettrica-CM-1300.jpg\" \/>\n\t<meta property=\"og:image:width\" content=\"1200\" \/>\n\t<meta property=\"og:image:height\" content=\"1200\" \/>\n\t<meta property=\"og:image:type\" content=\"image\/jpeg\" \/>\n<meta name=\"twitter:card\" content=\"summary_large_image\" \/>\n<script type=\"application\/ld+json\" class=\"yoast-schema-graph\">{\"@context\":\"https:\/\/schema.org\",\"@graph\":[{\"@type\":\"WebPage\",\"@id\":\"https:\/\/www.erresse-shop.it\/es\/shop\/pequenos-electrodomesticos\/magimix-crepera-electrica-cm-1300\/\",\"url\":\"https:\/\/www.erresse-shop.it\/es\/shop\/pequenos-electrodomesticos\/magimix-crepera-electrica-cm-1300\/\",\"name\":\"MAGIMIX Crepera el\u00e9ctrica CM 1300 - Erresse Shop\",\"isPartOf\":{\"@id\":\"https:\/\/www.erresse-shop.it\/es\/#website\"},\"datePublished\":\"2025-08-27T06:57:12+00:00\",\"dateModified\":\"2025-08-27T07:16:41+00:00\",\"description\":\"El aroma de un carnaval en tu cocina \u00bfQui\u00e9n no conoce esos momentos m\u00e1gicos en los que el aroma de crepas reci\u00e9n horneadas impregna el aire en un mercado\",\"breadcrumb\":{\"@id\":\"https:\/\/www.erresse-shop.it\/es\/shop\/pequenos-electrodomesticos\/magimix-crepera-electrica-cm-1300\/#breadcrumb\"},\"inLanguage\":\"es\",\"potentialAction\":[{\"@type\":\"ReadAction\",\"target\":[\"https:\/\/www.erresse-shop.it\/es\/shop\/pequenos-electrodomesticos\/magimix-crepera-electrica-cm-1300\/\"]}]},{\"@type\":\"BreadcrumbList\",\"@id\":\"https:\/\/www.erresse-shop.it\/es\/shop\/pequenos-electrodomesticos\/magimix-crepera-electrica-cm-1300\/#breadcrumb\",\"itemListElement\":[{\"@type\":\"ListItem\",\"position\":1,\"name\":\"Home\",\"item\":\"https:\/\/www.erresse-shop.it\/es\/\"},{\"@type\":\"ListItem\",\"position\":2,\"name\":\"Shop\",\"item\":\"https:\/\/www.erresse-shop.it\/es\/shop\/\"},{\"@type\":\"ListItem\",\"position\":3,\"name\":\"MAGIMIX Crepera el\u00e9ctrica CM 1300\"}]},{\"@type\":\"WebSite\",\"@id\":\"https:\/\/www.erresse-shop.it\/es\/#website\",\"url\":\"https:\/\/www.erresse-shop.it\/es\/\",\"name\":\"Erresse Shop\",\"description\":\"Articoli di qualit\u00e0 per la casa\",\"potentialAction\":[{\"@type\":\"SearchAction\",\"target\":{\"@type\":\"EntryPoint\",\"urlTemplate\":\"https:\/\/www.erresse-shop.it\/es\/?s={search_term_string}\"},\"query-input\":\"required name=search_term_string\"}],\"inLanguage\":\"es\"}]}<\/script>\n<!-- \/ Yoast SEO Premium plugin. -->","yoast_head_json":{"title":"MAGIMIX Crepera el\u00e9ctrica CM 1300 - Erresse Shop","description":"El aroma de un carnaval en tu cocina \u00bfQui\u00e9n no conoce esos momentos m\u00e1gicos en los que el aroma de crepas reci\u00e9n horneadas impregna el aire en un mercado","robots":{"index":"index","follow":"follow","max-snippet":"max-snippet:-1","max-image-preview":"max-image-preview:large","max-video-preview":"max-video-preview:-1"},"canonical":"https:\/\/www.erresse-shop.it\/es\/shop\/pequenos-electrodomesticos\/magimix-crepera-electrica-cm-1300\/","og_locale":"es_ES","og_type":"article","og_title":"MAGIMIX Crepera el\u00e9ctrica CM 1300","og_description":"El aroma de un carnaval en tu cocina \u00bfQui\u00e9n no conoce esos momentos m\u00e1gicos en los que el aroma de crepas reci\u00e9n horneadas impregna el aire en un mercado","og_url":"https:\/\/www.erresse-shop.it\/es\/shop\/pequenos-electrodomesticos\/magimix-crepera-electrica-cm-1300\/","og_site_name":"Erresse Shop","article_modified_time":"2025-08-27T07:16:41+00:00","og_image":[{"width":1200,"height":1200,"url":"https:\/\/www.erresse-shop.it\/wp-content\/uploads\/2025\/08\/CASO-DESIGN-Crepiera-Elettrica-CM-1300.jpg","type":"image\/jpeg"}],"twitter_card":"summary_large_image","schema":{"@context":"https:\/\/schema.org","@graph":[{"@type":"WebPage","@id":"https:\/\/www.erresse-shop.it\/es\/shop\/pequenos-electrodomesticos\/magimix-crepera-electrica-cm-1300\/","url":"https:\/\/www.erresse-shop.it\/es\/shop\/pequenos-electrodomesticos\/magimix-crepera-electrica-cm-1300\/","name":"MAGIMIX Crepera el\u00e9ctrica CM 1300 - Erresse Shop","isPartOf":{"@id":"https:\/\/www.erresse-shop.it\/es\/#website"},"datePublished":"2025-08-27T06:57:12+00:00","dateModified":"2025-08-27T07:16:41+00:00","description":"El aroma de un carnaval en tu cocina \u00bfQui\u00e9n no conoce esos momentos m\u00e1gicos en los que el aroma de crepas reci\u00e9n horneadas impregna el aire en un mercado","breadcrumb":{"@id":"https:\/\/www.erresse-shop.it\/es\/shop\/pequenos-electrodomesticos\/magimix-crepera-electrica-cm-1300\/#breadcrumb"},"inLanguage":"es","potentialAction":[{"@type":"ReadAction","target":["https:\/\/www.erresse-shop.it\/es\/shop\/pequenos-electrodomesticos\/magimix-crepera-electrica-cm-1300\/"]}]},{"@type":"BreadcrumbList","@id":"https:\/\/www.erresse-shop.it\/es\/shop\/pequenos-electrodomesticos\/magimix-crepera-electrica-cm-1300\/#breadcrumb","itemListElement":[{"@type":"ListItem","position":1,"name":"Home","item":"https:\/\/www.erresse-shop.it\/es\/"},{"@type":"ListItem","position":2,"name":"Shop","item":"https:\/\/www.erresse-shop.it\/es\/shop\/"},{"@type":"ListItem","position":3,"name":"MAGIMIX Crepera el\u00e9ctrica CM 1300"}]},{"@type":"WebSite","@id":"https:\/\/www.erresse-shop.it\/es\/#website","url":"https:\/\/www.erresse-shop.it\/es\/","name":"Erresse Shop","description":"Articoli di qualit\u00e0 per la casa","potentialAction":[{"@type":"SearchAction","target":{"@type":"EntryPoint","urlTemplate":"https:\/\/www.erresse-shop.it\/es\/?s={search_term_string}"},"query-input":"required name=search_term_string"}],"inLanguage":"es"}]}},"df_price":54.99,"df_sale_price":54.99,"df_regular_price":54.99,"df_image_link":"https:\/\/www.erresse-shop.it\/wp-content\/uploads\/2025\/08\/CASO-DESIGN-Crepiera-Elettrica-CM-1300-300x300.jpg","_links":{"self":[{"href":"https:\/\/www.erresse-shop.it\/es\/wp-json\/wp\/v2\/product\/510828"}],"collection":[{"href":"https:\/\/www.erresse-shop.it\/es\/wp-json\/wp\/v2\/product"}],"about":[{"href":"https:\/\/www.erresse-shop.it\/es\/wp-json\/wp\/v2\/types\/product"}],"wp:featuredmedia":[{"embeddable":true,"href":"https:\/\/www.erresse-shop.it\/es\/wp-json\/wp\/v2\/media\/510848"}],"wp:attachment":[{"href":"https:\/\/www.erresse-shop.it\/es\/wp-json\/wp\/v2\/media?parent=510828"}],"wp:term":[{"taxonomy":"product_cat","embeddable":true,"href":"https:\/\/www.erresse-shop.it\/es\/wp-json\/wp\/v2\/product_cat?post=510828"},{"taxonomy":"product_tag","embeddable":true,"href":"https:\/\/www.erresse-shop.it\/es\/wp-json\/wp\/v2\/product_tag?post=510828"}],"curies":[{"name":"wp","href":"https:\/\/api.w.org\/{rel}","templated":true}]}}