{"id":510804,"date":"2025-08-27T06:34:21","date_gmt":"2025-08-27T06:34:24","guid":{"rendered":"https:\/\/www.erresse-shop.it\/?post_type=product&#038;p=510804"},"modified":"2025-08-27T06:53:49","modified_gmt":"2025-08-27T06:53:49","slug":"magimix-maquina-de-picar-carne-fw-2000","status":"publish","type":"product","link":"https:\/\/www.erresse-shop.it\/es\/shop\/pequenos-electrodomesticos\/procesadores-de-alimentos\/magimix-maquina-de-picar-carne-fw-2000\/","title":{"rendered":"MAGIMIX M\u00e1quina de picar carne FW 2000"},"content":{"rendered":"<p><strong>Picadora de Carne CASO Design &#8220;FW 2000&#8221;: Acabado Perfecto para su Cocina<\/strong><\/p>\n<p>Este extraordinario electrodom\u00e9stico transforma su cocina en un laboratorio gourmet donde siempre sabr\u00e1 exactamente qu\u00e9 contiene cada plato.<br \/>\nCon su robusto cuerpo de aluminio fundido a presi\u00f3n y cuchillas de acero inoxidable de alta calidad, la FW 2000 ofrece durabilidad y un rendimiento excepcional.<\/p>\n<p><strong>Rendimiento Impresionante<\/strong><\/p>\n<p>La FW 2000 est\u00e1 equipada con un potente motor que, con una potencia nominal de 800 vatios y una potencia m\u00e1xima de 2000 vatios, satisface f\u00e1cilmente todas sus necesidades.<br \/>\nYa sea carne picada fina o salchichas gruesas, esta picadora procesa hasta 2,5 kg de carne por minuto, garantizando un trabajo eficiente incluso con grandes cantidades.<\/p>\n<p><strong>Resultados de corte precisos y vers\u00e1tiles<\/strong><\/p>\n<p>Las cuchillas de acero inoxidable de alta calidad y los diversos juegos de corte hacen de la FW 2000 un utensilio indispensable en la cocina. Con tres juegos de corte de acero inoxidable (3 mm, 5 mm y 8 mm), puede ajustar individualmente la consistencia de sus preparaciones de carne.<br \/>\nLos accesorios incluidos, como el embutidor y el accesorio para hojaldre, ampl\u00edan la gama de aplicaciones y dan rienda suelta a su creatividad.<\/p>\n<p><strong>F\u00e1cil de usar<\/strong><\/p>\n<p>La picadora de carne FW 2000 no solo es potente, sino tambi\u00e9n extremadamente f\u00e1cil de usar.<br \/>\nEl accesorio f\u00e1cil de desmontar y la amplia bandeja de alimentaci\u00f3n de aluminio garantizan un manejo c\u00f3modo.<br \/>\nGracias a la funci\u00f3n de rotaci\u00f3n hacia adelante y hacia atr\u00e1s y a los dos ajustes de velocidad, puede adaptar la picadora a sus necesidades y eliminar f\u00e1cilmente las obstrucciones.<\/p>\n<p><strong>Dimensiones:<\/strong> 18 x 37 x 35,5 cm<br \/>\n<strong>Peso:<\/strong> 5,5 kg<br \/>\n<strong>Potencia (vatios):<\/strong> 2000<br \/>\n<strong>Voltaje:<\/strong> 220-240 V~, 50-60 Hz<\/p>\n","protected":false},"excerpt":{"rendered":"<p>Picadora de Carne CASO Design &#8220;FW 2000&#8221;: Acabado Perfecto para su Cocina Este extraordinario electrodom\u00e9stico transforma su cocina en un<\/p>\n","protected":false},"featured_media":510825,"template":"","meta":{"_acf_changed":false,"inline_featured_image":false},"product_cat":[16073,16077],"product_tag":[17958,23263,20922,17245],"acf":[],"yoast_head":"<!-- This site is optimized with the Yoast SEO Premium plugin v18.6 (Yoast SEO v19.13) - https:\/\/yoast.com\/wordpress\/plugins\/seo\/ -->\n<title>MAGIMIX M\u00e1quina de picar carne FW 2000 - Erresse Shop<\/title>\n<meta name=\"description\" content=\"Picadora de Carne CASO Design &quot;FW 2000&quot;: Acabado Perfecto para su Cocina Este extraordinario electrodom\u00e9stico transforma su cocina en un laboratorio\" \/>\n<meta name=\"robots\" content=\"index, follow, max-snippet:-1, max-image-preview:large, max-video-preview:-1\" \/>\n<link rel=\"canonical\" href=\"https:\/\/www.erresse-shop.it\/es\/shop\/pequenos-electrodomesticos\/procesadores-de-alimentos\/magimix-maquina-de-picar-carne-fw-2000\/\" \/>\n<meta property=\"og:locale\" content=\"es_ES\" \/>\n<meta property=\"og:type\" content=\"article\" \/>\n<meta property=\"og:title\" content=\"MAGIMIX M\u00e1quina de picar carne FW 2000\" \/>\n<meta property=\"og:description\" content=\"Picadora de Carne CASO Design &quot;FW 2000&quot;: Acabado Perfecto para su Cocina Este extraordinario electrodom\u00e9stico transforma su cocina en un laboratorio\" \/>\n<meta property=\"og:url\" content=\"https:\/\/www.erresse-shop.it\/es\/shop\/pequenos-electrodomesticos\/procesadores-de-alimentos\/magimix-maquina-de-picar-carne-fw-2000\/\" \/>\n<meta property=\"og:site_name\" content=\"Erresse Shop\" \/>\n<meta property=\"article:modified_time\" content=\"2025-08-27T06:53:49+00:00\" \/>\n<meta property=\"og:image\" content=\"https:\/\/www.erresse-shop.it\/wp-content\/uploads\/2025\/08\/CASO-DESIGN-Tritacarne-FW-2000.jpg\" \/>\n\t<meta property=\"og:image:width\" content=\"1200\" \/>\n\t<meta property=\"og:image:height\" content=\"1200\" \/>\n\t<meta property=\"og:image:type\" content=\"image\/jpeg\" \/>\n<meta name=\"twitter:card\" content=\"summary_large_image\" \/>\n<script type=\"application\/ld+json\" class=\"yoast-schema-graph\">{\"@context\":\"https:\/\/schema.org\",\"@graph\":[{\"@type\":\"WebPage\",\"@id\":\"https:\/\/www.erresse-shop.it\/es\/shop\/pequenos-electrodomesticos\/procesadores-de-alimentos\/magimix-maquina-de-picar-carne-fw-2000\/\",\"url\":\"https:\/\/www.erresse-shop.it\/es\/shop\/pequenos-electrodomesticos\/procesadores-de-alimentos\/magimix-maquina-de-picar-carne-fw-2000\/\",\"name\":\"MAGIMIX M\u00e1quina de picar carne FW 2000 - Erresse Shop\",\"isPartOf\":{\"@id\":\"https:\/\/www.erresse-shop.it\/es\/#website\"},\"datePublished\":\"2025-08-27T06:34:24+00:00\",\"dateModified\":\"2025-08-27T06:53:49+00:00\",\"description\":\"Picadora de Carne CASO Design \\\"FW 2000\\\": Acabado Perfecto para su Cocina Este extraordinario electrodom\u00e9stico transforma su cocina en un laboratorio\",\"breadcrumb\":{\"@id\":\"https:\/\/www.erresse-shop.it\/es\/shop\/pequenos-electrodomesticos\/procesadores-de-alimentos\/magimix-maquina-de-picar-carne-fw-2000\/#breadcrumb\"},\"inLanguage\":\"es\",\"potentialAction\":[{\"@type\":\"ReadAction\",\"target\":[\"https:\/\/www.erresse-shop.it\/es\/shop\/pequenos-electrodomesticos\/procesadores-de-alimentos\/magimix-maquina-de-picar-carne-fw-2000\/\"]}]},{\"@type\":\"BreadcrumbList\",\"@id\":\"https:\/\/www.erresse-shop.it\/es\/shop\/pequenos-electrodomesticos\/procesadores-de-alimentos\/magimix-maquina-de-picar-carne-fw-2000\/#breadcrumb\",\"itemListElement\":[{\"@type\":\"ListItem\",\"position\":1,\"name\":\"Home\",\"item\":\"https:\/\/www.erresse-shop.it\/es\/\"},{\"@type\":\"ListItem\",\"position\":2,\"name\":\"Shop\",\"item\":\"https:\/\/www.erresse-shop.it\/es\/shop\/\"},{\"@type\":\"ListItem\",\"position\":3,\"name\":\"MAGIMIX M\u00e1quina de picar carne FW 2000\"}]},{\"@type\":\"WebSite\",\"@id\":\"https:\/\/www.erresse-shop.it\/es\/#website\",\"url\":\"https:\/\/www.erresse-shop.it\/es\/\",\"name\":\"Erresse Shop\",\"description\":\"Articoli di qualit\u00e0 per la casa\",\"potentialAction\":[{\"@type\":\"SearchAction\",\"target\":{\"@type\":\"EntryPoint\",\"urlTemplate\":\"https:\/\/www.erresse-shop.it\/es\/?s={search_term_string}\"},\"query-input\":\"required name=search_term_string\"}],\"inLanguage\":\"es\"}]}<\/script>\n<!-- \/ Yoast SEO Premium plugin. -->","yoast_head_json":{"title":"MAGIMIX M\u00e1quina de picar carne FW 2000 - Erresse Shop","description":"Picadora de Carne CASO Design \"FW 2000\": Acabado Perfecto para su Cocina Este extraordinario electrodom\u00e9stico transforma su cocina en un laboratorio","robots":{"index":"index","follow":"follow","max-snippet":"max-snippet:-1","max-image-preview":"max-image-preview:large","max-video-preview":"max-video-preview:-1"},"canonical":"https:\/\/www.erresse-shop.it\/es\/shop\/pequenos-electrodomesticos\/procesadores-de-alimentos\/magimix-maquina-de-picar-carne-fw-2000\/","og_locale":"es_ES","og_type":"article","og_title":"MAGIMIX M\u00e1quina de picar carne FW 2000","og_description":"Picadora de Carne CASO Design \"FW 2000\": Acabado Perfecto para su Cocina Este extraordinario electrodom\u00e9stico transforma su cocina en un laboratorio","og_url":"https:\/\/www.erresse-shop.it\/es\/shop\/pequenos-electrodomesticos\/procesadores-de-alimentos\/magimix-maquina-de-picar-carne-fw-2000\/","og_site_name":"Erresse Shop","article_modified_time":"2025-08-27T06:53:49+00:00","og_image":[{"width":1200,"height":1200,"url":"https:\/\/www.erresse-shop.it\/wp-content\/uploads\/2025\/08\/CASO-DESIGN-Tritacarne-FW-2000.jpg","type":"image\/jpeg"}],"twitter_card":"summary_large_image","schema":{"@context":"https:\/\/schema.org","@graph":[{"@type":"WebPage","@id":"https:\/\/www.erresse-shop.it\/es\/shop\/pequenos-electrodomesticos\/procesadores-de-alimentos\/magimix-maquina-de-picar-carne-fw-2000\/","url":"https:\/\/www.erresse-shop.it\/es\/shop\/pequenos-electrodomesticos\/procesadores-de-alimentos\/magimix-maquina-de-picar-carne-fw-2000\/","name":"MAGIMIX M\u00e1quina de picar carne FW 2000 - Erresse Shop","isPartOf":{"@id":"https:\/\/www.erresse-shop.it\/es\/#website"},"datePublished":"2025-08-27T06:34:24+00:00","dateModified":"2025-08-27T06:53:49+00:00","description":"Picadora de Carne CASO Design \"FW 2000\": Acabado Perfecto para su Cocina Este extraordinario electrodom\u00e9stico transforma su cocina en un laboratorio","breadcrumb":{"@id":"https:\/\/www.erresse-shop.it\/es\/shop\/pequenos-electrodomesticos\/procesadores-de-alimentos\/magimix-maquina-de-picar-carne-fw-2000\/#breadcrumb"},"inLanguage":"es","potentialAction":[{"@type":"ReadAction","target":["https:\/\/www.erresse-shop.it\/es\/shop\/pequenos-electrodomesticos\/procesadores-de-alimentos\/magimix-maquina-de-picar-carne-fw-2000\/"]}]},{"@type":"BreadcrumbList","@id":"https:\/\/www.erresse-shop.it\/es\/shop\/pequenos-electrodomesticos\/procesadores-de-alimentos\/magimix-maquina-de-picar-carne-fw-2000\/#breadcrumb","itemListElement":[{"@type":"ListItem","position":1,"name":"Home","item":"https:\/\/www.erresse-shop.it\/es\/"},{"@type":"ListItem","position":2,"name":"Shop","item":"https:\/\/www.erresse-shop.it\/es\/shop\/"},{"@type":"ListItem","position":3,"name":"MAGIMIX M\u00e1quina de picar carne FW 2000"}]},{"@type":"WebSite","@id":"https:\/\/www.erresse-shop.it\/es\/#website","url":"https:\/\/www.erresse-shop.it\/es\/","name":"Erresse Shop","description":"Articoli di qualit\u00e0 per la casa","potentialAction":[{"@type":"SearchAction","target":{"@type":"EntryPoint","urlTemplate":"https:\/\/www.erresse-shop.it\/es\/?s={search_term_string}"},"query-input":"required name=search_term_string"}],"inLanguage":"es"}]}},"df_price":159.99,"df_sale_price":159.99,"df_regular_price":159.99,"df_image_link":"https:\/\/www.erresse-shop.it\/wp-content\/uploads\/2025\/08\/CASO-DESIGN-Tritacarne-FW-2000-300x300.jpg","_links":{"self":[{"href":"https:\/\/www.erresse-shop.it\/es\/wp-json\/wp\/v2\/product\/510804"}],"collection":[{"href":"https:\/\/www.erresse-shop.it\/es\/wp-json\/wp\/v2\/product"}],"about":[{"href":"https:\/\/www.erresse-shop.it\/es\/wp-json\/wp\/v2\/types\/product"}],"wp:featuredmedia":[{"embeddable":true,"href":"https:\/\/www.erresse-shop.it\/es\/wp-json\/wp\/v2\/media\/510825"}],"wp:attachment":[{"href":"https:\/\/www.erresse-shop.it\/es\/wp-json\/wp\/v2\/media?parent=510804"}],"wp:term":[{"taxonomy":"product_cat","embeddable":true,"href":"https:\/\/www.erresse-shop.it\/es\/wp-json\/wp\/v2\/product_cat?post=510804"},{"taxonomy":"product_tag","embeddable":true,"href":"https:\/\/www.erresse-shop.it\/es\/wp-json\/wp\/v2\/product_tag?post=510804"}],"curies":[{"name":"wp","href":"https:\/\/api.w.org\/{rel}","templated":true}]}}