{"id":510789,"date":"2025-08-26T13:28:17","date_gmt":"2025-08-26T13:28:20","guid":{"rendered":"https:\/\/www.erresse-shop.it\/?post_type=product&#038;p=510789"},"modified":"2025-08-27T06:28:36","modified_gmt":"2025-08-27T06:28:36","slug":"caso-design-placa-de-parrilla-steakmaster-pro","status":"publish","type":"product","link":"https:\/\/www.erresse-shop.it\/es\/shop\/pequenos-electrodomesticos\/parrillas-y-barbacoas\/caso-design-placa-de-parrilla-steakmaster-pro\/","title":{"rendered":"CASO DESIGN Placa de parrilla SteakMaster Pro"},"content":{"rendered":"<p><strong>CASO SteakMaster Pro: La perfecci\u00f3n para disfrutar de la parrilla<\/strong><\/p>\n<p>CASO SteakMaster Pro es la parrilla el\u00e9ctrica perfecta para quienes disfrutan de una parrilla vers\u00e1til, sencilla y precisa. Gracias a su funcionalidad 3 en 1, satisface todas las necesidades: desde jugosos filetes hasta tiernos pescados o crujientes paninis, cualquier plato queda perfecto.<br \/>\nCon sus 2000 vatios de potencia, se calienta r\u00e1pidamente y garantiza una distribuci\u00f3n uniforme del calor, para que la comida se cocine a la perfecci\u00f3n y se derrita en la boca.<br \/>\nSteakMaster Pro lleva la experiencia ideal de asar directamente a tu cocina.<\/p>\n<p><strong>Cocci\u00f3n precisa con el term\u00f3metro de parrilla integrado<\/strong><\/p>\n<p>Gracias al sensor de temperatura central integrado, ahora puedes asar cualquier alimento con la m\u00e1xima precisi\u00f3n. SteakMaster Pro determina la temperatura central exacta para que la carne, las aves, el pescado o las verduras siempre se cocinen exactamente como a ti te gusta.<br \/>\nSe acabaron las sorpresas desagradables: puedes estar seguro de obtener resultados de parrilla perfectos. Gracias a la temperatura ajustable manualmente de 80 a 240 \u00b0C y al temporizador de hasta 60 minutos, la parrilla se adapta completamente a tus necesidades.<\/p>\n<p><strong>Versatilidad para cualquier experiencia de parrilla<\/strong><\/p>\n<p>Gracias a su funci\u00f3n 3 en 1, puedes usar la parrilla seg\u00fan tus necesidades. Como parrilla de contacto, cocina paninis y s\u00e1ndwiches hasta que queden dorados y crujientes. Como plancha de tama\u00f1o completo o mediano, es perfecta para grandes reuniones y parrilladas XXL.<br \/>\nUna vez abierta, la parrilla se transforma en una parrilla de sobremesa XXL con una impresionante superficie de cocci\u00f3n de aproximadamente 1632 cm\u00b2. Este tama\u00f1o es perfecto para asar varias porciones a la vez, ideal para familias o barbacoas con amigos.<\/p>\n<p><strong>F\u00e1cil de limpiar gracias a su revestimiento antiadherente<\/strong><\/p>\n<p>La SteakMaster Pro no solo es potente, sino tambi\u00e9n f\u00e1cil de limpiar. Las placas de parrilla extra\u00edbles cuentan con un revestimiento antiadherente de alta calidad que evita que los alimentos se peguen. Tanto las placas acanaladas como las lisas de la parrilla est\u00e1n libres de PFAS y son aptas para lavavajillas. Esto facilita enormemente la limpieza posterior al uso.<br \/>\nLa parrilla tambi\u00e9n cuenta con una bandeja recogegrasas extra\u00edble que recoge la grasa y el aceite que gotea, facilitando a\u00fan m\u00e1s la limpieza.<\/p>\n<p><strong>Operaci\u00f3n c\u00f3moda con un panel de control t\u00e1ctil digital<\/strong><\/p>\n<p>SteakMaster Pro ofrece un funcionamiento intuitivo a trav\u00e9s de un panel de control t\u00e1ctil digital. La pr\u00e1ctica selecci\u00f3n de programas para hamburguesas\/paninis, aves, salchichas, carne, pescado y verduras facilita enormemente el asado.<br \/>\nCon solo unos clics, puede seleccionar el programa que mejor se adapte a sus alimentos y relajarse mientras la parrilla hace el resto. Para mayor flexibilidad, tambi\u00e9n puede configurar manualmente la temperatura y el tiempo de cocci\u00f3n para obtener resultados perfectos.<\/p>\n<p>Dimensiones: 35 x 42,5 x 18,5 cm<br \/>\nPeso: 8,15 kg<br \/>\nPotencia (vatios): 2000<br \/>\nVoltaje: 220-240 V, 50\/60 Hz<br \/>\nTipo de enchufe: Schuko<\/p>\n","protected":false},"excerpt":{"rendered":"<p>CASO SteakMaster Pro: La perfecci\u00f3n para disfrutar de la parrilla CASO SteakMaster Pro es la parrilla el\u00e9ctrica perfecta para quienes<\/p>\n","protected":false},"featured_media":510780,"template":"","meta":{"_acf_changed":false,"inline_featured_image":false},"product_cat":[16083,16073],"product_tag":[16259,16138,16168,20922],"acf":[],"yoast_head":"<!-- This site is optimized with the Yoast SEO Premium plugin v18.6 (Yoast SEO v19.13) - https:\/\/yoast.com\/wordpress\/plugins\/seo\/ -->\n<title>CASO DESIGN Placa de parrilla SteakMaster Pro - Erresse Shop<\/title>\n<meta name=\"description\" content=\"CASO SteakMaster Pro: La perfecci\u00f3n para disfrutar de la parrilla CASO SteakMaster Pro es la parrilla el\u00e9ctrica perfecta para quienes disfrutan de una\" \/>\n<meta name=\"robots\" content=\"index, follow, max-snippet:-1, max-image-preview:large, max-video-preview:-1\" \/>\n<link rel=\"canonical\" href=\"https:\/\/www.erresse-shop.it\/es\/shop\/pequenos-electrodomesticos\/parrillas-y-barbacoas\/caso-design-placa-de-parrilla-steakmaster-pro\/\" \/>\n<meta property=\"og:locale\" content=\"es_ES\" \/>\n<meta property=\"og:type\" content=\"article\" \/>\n<meta property=\"og:title\" content=\"CASO DESIGN Placa de parrilla SteakMaster Pro\" \/>\n<meta property=\"og:description\" content=\"CASO SteakMaster Pro: La perfecci\u00f3n para disfrutar de la parrilla CASO SteakMaster Pro es la parrilla el\u00e9ctrica perfecta para quienes disfrutan de una\" \/>\n<meta property=\"og:url\" content=\"https:\/\/www.erresse-shop.it\/es\/shop\/pequenos-electrodomesticos\/parrillas-y-barbacoas\/caso-design-placa-de-parrilla-steakmaster-pro\/\" \/>\n<meta property=\"og:site_name\" content=\"Erresse Shop\" \/>\n<meta property=\"article:modified_time\" content=\"2025-08-27T06:28:36+00:00\" \/>\n<meta property=\"og:image\" content=\"https:\/\/www.erresse-shop.it\/wp-content\/uploads\/2025\/08\/CASO-DESIGN-Piastra-per-Grigliare-SteakChef.jpg\" \/>\n\t<meta property=\"og:image:width\" content=\"1200\" \/>\n\t<meta property=\"og:image:height\" content=\"1200\" \/>\n\t<meta property=\"og:image:type\" content=\"image\/jpeg\" \/>\n<meta name=\"twitter:card\" content=\"summary_large_image\" \/>\n<script type=\"application\/ld+json\" class=\"yoast-schema-graph\">{\"@context\":\"https:\/\/schema.org\",\"@graph\":[{\"@type\":\"WebPage\",\"@id\":\"https:\/\/www.erresse-shop.it\/es\/shop\/pequenos-electrodomesticos\/parrillas-y-barbacoas\/caso-design-placa-de-parrilla-steakmaster-pro\/\",\"url\":\"https:\/\/www.erresse-shop.it\/es\/shop\/pequenos-electrodomesticos\/parrillas-y-barbacoas\/caso-design-placa-de-parrilla-steakmaster-pro\/\",\"name\":\"CASO DESIGN Placa de parrilla SteakMaster Pro - Erresse Shop\",\"isPartOf\":{\"@id\":\"https:\/\/www.erresse-shop.it\/es\/#website\"},\"datePublished\":\"2025-08-26T13:28:20+00:00\",\"dateModified\":\"2025-08-27T06:28:36+00:00\",\"description\":\"CASO SteakMaster Pro: La perfecci\u00f3n para disfrutar de la parrilla CASO SteakMaster Pro es la parrilla el\u00e9ctrica perfecta para quienes disfrutan de una\",\"breadcrumb\":{\"@id\":\"https:\/\/www.erresse-shop.it\/es\/shop\/pequenos-electrodomesticos\/parrillas-y-barbacoas\/caso-design-placa-de-parrilla-steakmaster-pro\/#breadcrumb\"},\"inLanguage\":\"es\",\"potentialAction\":[{\"@type\":\"ReadAction\",\"target\":[\"https:\/\/www.erresse-shop.it\/es\/shop\/pequenos-electrodomesticos\/parrillas-y-barbacoas\/caso-design-placa-de-parrilla-steakmaster-pro\/\"]}]},{\"@type\":\"BreadcrumbList\",\"@id\":\"https:\/\/www.erresse-shop.it\/es\/shop\/pequenos-electrodomesticos\/parrillas-y-barbacoas\/caso-design-placa-de-parrilla-steakmaster-pro\/#breadcrumb\",\"itemListElement\":[{\"@type\":\"ListItem\",\"position\":1,\"name\":\"Home\",\"item\":\"https:\/\/www.erresse-shop.it\/es\/\"},{\"@type\":\"ListItem\",\"position\":2,\"name\":\"Shop\",\"item\":\"https:\/\/www.erresse-shop.it\/es\/shop\/\"},{\"@type\":\"ListItem\",\"position\":3,\"name\":\"CASO DESIGN Placa de parrilla SteakMaster Pro\"}]},{\"@type\":\"WebSite\",\"@id\":\"https:\/\/www.erresse-shop.it\/es\/#website\",\"url\":\"https:\/\/www.erresse-shop.it\/es\/\",\"name\":\"Erresse Shop\",\"description\":\"Articoli di qualit\u00e0 per la casa\",\"potentialAction\":[{\"@type\":\"SearchAction\",\"target\":{\"@type\":\"EntryPoint\",\"urlTemplate\":\"https:\/\/www.erresse-shop.it\/es\/?s={search_term_string}\"},\"query-input\":\"required name=search_term_string\"}],\"inLanguage\":\"es\"}]}<\/script>\n<!-- \/ Yoast SEO Premium plugin. -->","yoast_head_json":{"title":"CASO DESIGN Placa de parrilla SteakMaster Pro - Erresse Shop","description":"CASO SteakMaster Pro: La perfecci\u00f3n para disfrutar de la parrilla CASO SteakMaster Pro es la parrilla el\u00e9ctrica perfecta para quienes disfrutan de una","robots":{"index":"index","follow":"follow","max-snippet":"max-snippet:-1","max-image-preview":"max-image-preview:large","max-video-preview":"max-video-preview:-1"},"canonical":"https:\/\/www.erresse-shop.it\/es\/shop\/pequenos-electrodomesticos\/parrillas-y-barbacoas\/caso-design-placa-de-parrilla-steakmaster-pro\/","og_locale":"es_ES","og_type":"article","og_title":"CASO DESIGN Placa de parrilla SteakMaster Pro","og_description":"CASO SteakMaster Pro: La perfecci\u00f3n para disfrutar de la parrilla CASO SteakMaster Pro es la parrilla el\u00e9ctrica perfecta para quienes disfrutan de una","og_url":"https:\/\/www.erresse-shop.it\/es\/shop\/pequenos-electrodomesticos\/parrillas-y-barbacoas\/caso-design-placa-de-parrilla-steakmaster-pro\/","og_site_name":"Erresse Shop","article_modified_time":"2025-08-27T06:28:36+00:00","og_image":[{"width":1200,"height":1200,"url":"https:\/\/www.erresse-shop.it\/wp-content\/uploads\/2025\/08\/CASO-DESIGN-Piastra-per-Grigliare-SteakChef.jpg","type":"image\/jpeg"}],"twitter_card":"summary_large_image","schema":{"@context":"https:\/\/schema.org","@graph":[{"@type":"WebPage","@id":"https:\/\/www.erresse-shop.it\/es\/shop\/pequenos-electrodomesticos\/parrillas-y-barbacoas\/caso-design-placa-de-parrilla-steakmaster-pro\/","url":"https:\/\/www.erresse-shop.it\/es\/shop\/pequenos-electrodomesticos\/parrillas-y-barbacoas\/caso-design-placa-de-parrilla-steakmaster-pro\/","name":"CASO DESIGN Placa de parrilla SteakMaster Pro - Erresse Shop","isPartOf":{"@id":"https:\/\/www.erresse-shop.it\/es\/#website"},"datePublished":"2025-08-26T13:28:20+00:00","dateModified":"2025-08-27T06:28:36+00:00","description":"CASO SteakMaster Pro: La perfecci\u00f3n para disfrutar de la parrilla CASO SteakMaster Pro es la parrilla el\u00e9ctrica perfecta para quienes disfrutan de una","breadcrumb":{"@id":"https:\/\/www.erresse-shop.it\/es\/shop\/pequenos-electrodomesticos\/parrillas-y-barbacoas\/caso-design-placa-de-parrilla-steakmaster-pro\/#breadcrumb"},"inLanguage":"es","potentialAction":[{"@type":"ReadAction","target":["https:\/\/www.erresse-shop.it\/es\/shop\/pequenos-electrodomesticos\/parrillas-y-barbacoas\/caso-design-placa-de-parrilla-steakmaster-pro\/"]}]},{"@type":"BreadcrumbList","@id":"https:\/\/www.erresse-shop.it\/es\/shop\/pequenos-electrodomesticos\/parrillas-y-barbacoas\/caso-design-placa-de-parrilla-steakmaster-pro\/#breadcrumb","itemListElement":[{"@type":"ListItem","position":1,"name":"Home","item":"https:\/\/www.erresse-shop.it\/es\/"},{"@type":"ListItem","position":2,"name":"Shop","item":"https:\/\/www.erresse-shop.it\/es\/shop\/"},{"@type":"ListItem","position":3,"name":"CASO DESIGN Placa de parrilla SteakMaster Pro"}]},{"@type":"WebSite","@id":"https:\/\/www.erresse-shop.it\/es\/#website","url":"https:\/\/www.erresse-shop.it\/es\/","name":"Erresse Shop","description":"Articoli di qualit\u00e0 per la casa","potentialAction":[{"@type":"SearchAction","target":{"@type":"EntryPoint","urlTemplate":"https:\/\/www.erresse-shop.it\/es\/?s={search_term_string}"},"query-input":"required name=search_term_string"}],"inLanguage":"es"}]}},"df_price":299.99,"df_sale_price":299.99,"df_regular_price":299.99,"df_image_link":"https:\/\/www.erresse-shop.it\/wp-content\/uploads\/2025\/08\/CASO-DESIGN-Piastra-per-Grigliare-SteakChef-300x300.jpg","_links":{"self":[{"href":"https:\/\/www.erresse-shop.it\/es\/wp-json\/wp\/v2\/product\/510789"}],"collection":[{"href":"https:\/\/www.erresse-shop.it\/es\/wp-json\/wp\/v2\/product"}],"about":[{"href":"https:\/\/www.erresse-shop.it\/es\/wp-json\/wp\/v2\/types\/product"}],"wp:featuredmedia":[{"embeddable":true,"href":"https:\/\/www.erresse-shop.it\/es\/wp-json\/wp\/v2\/media\/510780"}],"wp:attachment":[{"href":"https:\/\/www.erresse-shop.it\/es\/wp-json\/wp\/v2\/media?parent=510789"}],"wp:term":[{"taxonomy":"product_cat","embeddable":true,"href":"https:\/\/www.erresse-shop.it\/es\/wp-json\/wp\/v2\/product_cat?post=510789"},{"taxonomy":"product_tag","embeddable":true,"href":"https:\/\/www.erresse-shop.it\/es\/wp-json\/wp\/v2\/product_tag?post=510789"}],"curies":[{"name":"wp","href":"https:\/\/api.w.org\/{rel}","templated":true}]}}