{"id":510748,"date":"2025-08-26T13:04:33","date_gmt":"2025-08-26T13:04:33","guid":{"rendered":"https:\/\/www.erresse-shop.it\/?post_type=product&#038;p=510748"},"modified":"2025-08-26T13:22:32","modified_gmt":"2025-08-26T13:22:32","slug":"caso-design-placa-de-parrilla-steakchef","status":"publish","type":"product","link":"https:\/\/www.erresse-shop.it\/es\/shop\/pequenos-electrodomesticos\/parrillas-y-barbacoas\/caso-design-placa-de-parrilla-steakchef\/","title":{"rendered":"CASO DESIGN Placa de parrilla SteakChef"},"content":{"rendered":"<p><strong>CASO SteakChef &#8211; La vers\u00e1til parrilla el\u00e9ctrica de sobremesa para un disfrute perfecto<\/strong><\/p>\n<p>CASO SteakChef lleva el placer de asar a otro nivel.<\/p>\n<p>Ya sea una parrilla de contacto para jugosos filetes y crujientes paninis o una parrilla el\u00e9ctrica de sobremesa para preparar una variedad de delicias con amigos y familiares, esta parrilla el\u00e9ctrica CASO es la opci\u00f3n ideal para cualquier ocasi\u00f3n.<\/p>\n<p>Su elegante carcasa con tapa de cristal y sus sofisticadas funciones garantizan no solo resultados de asado excepcionales, sino tambi\u00e9n un uso pr\u00e1ctico.<\/p>\n<p><strong>Potente y vers\u00e1til: Asa con 2000 vatios de potencia<\/strong><\/p>\n<p>Con una impresionante potencia de 2000 vatios y resistencias integradas en las placas, esta parrilla el\u00e9ctrica garantiza una cocci\u00f3n r\u00e1pida y uniforme.<\/p>\n<p>Ya sea que est\u00e9 asando carne, pescado, verduras o aves, el revestimiento cer\u00e1mico antiadherente sin PFAS garantiza un asado sin esfuerzo y sin que se pegue, garantizando una cocci\u00f3n perfecta en todo momento.<\/p>\n<p>Disfrute de la m\u00e1xima flexibilidad abriendo la parrilla y us\u00e1ndola como parrilla el\u00e9ctrica de sobremesa. La amplia superficie de cocci\u00f3n de aproximadamente 2000 vatios y 1440 cm\u00b2 ofrece espacio suficiente para deleitar a todos sus invitados.<\/p>\n<p><strong>F\u00e1cil de usar: precisi\u00f3n a cualquier temperatura<\/strong><\/p>\n<p>El control intuitivo mediante el pr\u00e1ctico bot\u00f3n giratorio le permite ajustar la temperatura con precisi\u00f3n entre 100 y 220 \u00b0C y el temporizador hasta 30 minutos.<\/p>\n<p>Gracias a las luces de encendido y de listo para usar, siempre sabr\u00e1 exactamente cu\u00e1ndo su parrilla el\u00e9ctrica de sobremesa est\u00e1 lista para usar. Esto le brinda control total y le permite disfrutar de una barbacoa perfecta sin estr\u00e9s.<\/p>\n<p><strong>F\u00e1cil limpieza: Pr\u00e1ctica e higi\u00e9nica<\/strong><\/p>\n<p>Esta parrilla el\u00e9ctrica de sobremesa no solo impresiona por su rendimiento, sino tambi\u00e9n por su facilidad de limpieza.<\/p>\n<p>Las placas de cocci\u00f3n extra\u00edbles y la bandeja recogegrasas son aptas para lavavajillas, lo que facilita y agiliza su limpieza.<\/p>\n<p>Gracias a su largo cable de alimentaci\u00f3n de 110 cm, la parrilla se mantiene flexible en su posici\u00f3n, mientras usted se concentra en lo esencial: platos deliciosos y momentos inolvidables.<\/p>\n<p>Dimensiones: 37,5 x 38,5 x 18 cm<br \/>\nPeso: 6,2 kg<br \/>\nPotencia (vatios): 2000 &#8211; 2400<br \/>\nVoltaje: 220-240 V, 50\/60 Hz<\/p>\n","protected":false},"excerpt":{"rendered":"<p>CASO SteakChef &#8211; La vers\u00e1til parrilla el\u00e9ctrica de sobremesa para un disfrute perfecto CASO SteakChef lleva el placer de asar<\/p>\n","protected":false},"featured_media":510780,"template":"","meta":{"_acf_changed":false,"inline_featured_image":false},"product_cat":[16083,16073],"product_tag":[16259,16138,16168,20922],"acf":[],"yoast_head":"<!-- This site is optimized with the Yoast SEO Premium plugin v18.6 (Yoast SEO v19.13) - https:\/\/yoast.com\/wordpress\/plugins\/seo\/ -->\n<title>CASO DESIGN Placa de parrilla SteakChef - Erresse Shop<\/title>\n<meta name=\"description\" content=\"CASO SteakChef - La vers\u00e1til parrilla el\u00e9ctrica de sobremesa para un disfrute perfecto CASO SteakChef lleva el placer de asar a otro nivel. Ya sea una\" \/>\n<meta name=\"robots\" content=\"index, follow, max-snippet:-1, max-image-preview:large, max-video-preview:-1\" \/>\n<link rel=\"canonical\" href=\"https:\/\/www.erresse-shop.it\/es\/shop\/pequenos-electrodomesticos\/parrillas-y-barbacoas\/caso-design-placa-de-parrilla-steakchef\/\" \/>\n<meta property=\"og:locale\" content=\"es_ES\" \/>\n<meta property=\"og:type\" content=\"article\" \/>\n<meta property=\"og:title\" content=\"CASO DESIGN Placa de parrilla SteakChef\" \/>\n<meta property=\"og:description\" content=\"CASO SteakChef - La vers\u00e1til parrilla el\u00e9ctrica de sobremesa para un disfrute perfecto CASO SteakChef lleva el placer de asar a otro nivel. Ya sea una\" \/>\n<meta property=\"og:url\" content=\"https:\/\/www.erresse-shop.it\/es\/shop\/pequenos-electrodomesticos\/parrillas-y-barbacoas\/caso-design-placa-de-parrilla-steakchef\/\" \/>\n<meta property=\"og:site_name\" content=\"Erresse Shop\" \/>\n<meta property=\"article:modified_time\" content=\"2025-08-26T13:22:32+00:00\" \/>\n<meta property=\"og:image\" content=\"https:\/\/www.erresse-shop.it\/wp-content\/uploads\/2025\/08\/CASO-DESIGN-Piastra-per-Grigliare-SteakChef.jpg\" \/>\n\t<meta property=\"og:image:width\" content=\"1200\" \/>\n\t<meta property=\"og:image:height\" content=\"1200\" \/>\n\t<meta property=\"og:image:type\" content=\"image\/jpeg\" \/>\n<meta name=\"twitter:card\" content=\"summary_large_image\" \/>\n<script type=\"application\/ld+json\" class=\"yoast-schema-graph\">{\"@context\":\"https:\/\/schema.org\",\"@graph\":[{\"@type\":\"WebPage\",\"@id\":\"https:\/\/www.erresse-shop.it\/es\/shop\/pequenos-electrodomesticos\/parrillas-y-barbacoas\/caso-design-placa-de-parrilla-steakchef\/\",\"url\":\"https:\/\/www.erresse-shop.it\/es\/shop\/pequenos-electrodomesticos\/parrillas-y-barbacoas\/caso-design-placa-de-parrilla-steakchef\/\",\"name\":\"CASO DESIGN Placa de parrilla SteakChef - Erresse Shop\",\"isPartOf\":{\"@id\":\"https:\/\/www.erresse-shop.it\/es\/#website\"},\"datePublished\":\"2025-08-26T13:04:33+00:00\",\"dateModified\":\"2025-08-26T13:22:32+00:00\",\"description\":\"CASO SteakChef - La vers\u00e1til parrilla el\u00e9ctrica de sobremesa para un disfrute perfecto CASO SteakChef lleva el placer de asar a otro nivel. Ya sea una\",\"breadcrumb\":{\"@id\":\"https:\/\/www.erresse-shop.it\/es\/shop\/pequenos-electrodomesticos\/parrillas-y-barbacoas\/caso-design-placa-de-parrilla-steakchef\/#breadcrumb\"},\"inLanguage\":\"es\",\"potentialAction\":[{\"@type\":\"ReadAction\",\"target\":[\"https:\/\/www.erresse-shop.it\/es\/shop\/pequenos-electrodomesticos\/parrillas-y-barbacoas\/caso-design-placa-de-parrilla-steakchef\/\"]}]},{\"@type\":\"BreadcrumbList\",\"@id\":\"https:\/\/www.erresse-shop.it\/es\/shop\/pequenos-electrodomesticos\/parrillas-y-barbacoas\/caso-design-placa-de-parrilla-steakchef\/#breadcrumb\",\"itemListElement\":[{\"@type\":\"ListItem\",\"position\":1,\"name\":\"Home\",\"item\":\"https:\/\/www.erresse-shop.it\/es\/\"},{\"@type\":\"ListItem\",\"position\":2,\"name\":\"Shop\",\"item\":\"https:\/\/www.erresse-shop.it\/es\/shop\/\"},{\"@type\":\"ListItem\",\"position\":3,\"name\":\"CASO DESIGN Placa de parrilla SteakChef\"}]},{\"@type\":\"WebSite\",\"@id\":\"https:\/\/www.erresse-shop.it\/es\/#website\",\"url\":\"https:\/\/www.erresse-shop.it\/es\/\",\"name\":\"Erresse Shop\",\"description\":\"Articoli di qualit\u00e0 per la casa\",\"potentialAction\":[{\"@type\":\"SearchAction\",\"target\":{\"@type\":\"EntryPoint\",\"urlTemplate\":\"https:\/\/www.erresse-shop.it\/es\/?s={search_term_string}\"},\"query-input\":\"required name=search_term_string\"}],\"inLanguage\":\"es\"}]}<\/script>\n<!-- \/ Yoast SEO Premium plugin. -->","yoast_head_json":{"title":"CASO DESIGN Placa de parrilla SteakChef - Erresse Shop","description":"CASO SteakChef - La vers\u00e1til parrilla el\u00e9ctrica de sobremesa para un disfrute perfecto CASO SteakChef lleva el placer de asar a otro nivel. Ya sea una","robots":{"index":"index","follow":"follow","max-snippet":"max-snippet:-1","max-image-preview":"max-image-preview:large","max-video-preview":"max-video-preview:-1"},"canonical":"https:\/\/www.erresse-shop.it\/es\/shop\/pequenos-electrodomesticos\/parrillas-y-barbacoas\/caso-design-placa-de-parrilla-steakchef\/","og_locale":"es_ES","og_type":"article","og_title":"CASO DESIGN Placa de parrilla SteakChef","og_description":"CASO SteakChef - La vers\u00e1til parrilla el\u00e9ctrica de sobremesa para un disfrute perfecto CASO SteakChef lleva el placer de asar a otro nivel. Ya sea una","og_url":"https:\/\/www.erresse-shop.it\/es\/shop\/pequenos-electrodomesticos\/parrillas-y-barbacoas\/caso-design-placa-de-parrilla-steakchef\/","og_site_name":"Erresse Shop","article_modified_time":"2025-08-26T13:22:32+00:00","og_image":[{"width":1200,"height":1200,"url":"https:\/\/www.erresse-shop.it\/wp-content\/uploads\/2025\/08\/CASO-DESIGN-Piastra-per-Grigliare-SteakChef.jpg","type":"image\/jpeg"}],"twitter_card":"summary_large_image","schema":{"@context":"https:\/\/schema.org","@graph":[{"@type":"WebPage","@id":"https:\/\/www.erresse-shop.it\/es\/shop\/pequenos-electrodomesticos\/parrillas-y-barbacoas\/caso-design-placa-de-parrilla-steakchef\/","url":"https:\/\/www.erresse-shop.it\/es\/shop\/pequenos-electrodomesticos\/parrillas-y-barbacoas\/caso-design-placa-de-parrilla-steakchef\/","name":"CASO DESIGN Placa de parrilla SteakChef - Erresse Shop","isPartOf":{"@id":"https:\/\/www.erresse-shop.it\/es\/#website"},"datePublished":"2025-08-26T13:04:33+00:00","dateModified":"2025-08-26T13:22:32+00:00","description":"CASO SteakChef - La vers\u00e1til parrilla el\u00e9ctrica de sobremesa para un disfrute perfecto CASO SteakChef lleva el placer de asar a otro nivel. Ya sea una","breadcrumb":{"@id":"https:\/\/www.erresse-shop.it\/es\/shop\/pequenos-electrodomesticos\/parrillas-y-barbacoas\/caso-design-placa-de-parrilla-steakchef\/#breadcrumb"},"inLanguage":"es","potentialAction":[{"@type":"ReadAction","target":["https:\/\/www.erresse-shop.it\/es\/shop\/pequenos-electrodomesticos\/parrillas-y-barbacoas\/caso-design-placa-de-parrilla-steakchef\/"]}]},{"@type":"BreadcrumbList","@id":"https:\/\/www.erresse-shop.it\/es\/shop\/pequenos-electrodomesticos\/parrillas-y-barbacoas\/caso-design-placa-de-parrilla-steakchef\/#breadcrumb","itemListElement":[{"@type":"ListItem","position":1,"name":"Home","item":"https:\/\/www.erresse-shop.it\/es\/"},{"@type":"ListItem","position":2,"name":"Shop","item":"https:\/\/www.erresse-shop.it\/es\/shop\/"},{"@type":"ListItem","position":3,"name":"CASO DESIGN Placa de parrilla SteakChef"}]},{"@type":"WebSite","@id":"https:\/\/www.erresse-shop.it\/es\/#website","url":"https:\/\/www.erresse-shop.it\/es\/","name":"Erresse Shop","description":"Articoli di qualit\u00e0 per la casa","potentialAction":[{"@type":"SearchAction","target":{"@type":"EntryPoint","urlTemplate":"https:\/\/www.erresse-shop.it\/es\/?s={search_term_string}"},"query-input":"required name=search_term_string"}],"inLanguage":"es"}]}},"df_price":149.99,"df_sale_price":149.99,"df_regular_price":149.99,"df_image_link":"https:\/\/www.erresse-shop.it\/wp-content\/uploads\/2025\/08\/CASO-DESIGN-Piastra-per-Grigliare-SteakChef-300x300.jpg","_links":{"self":[{"href":"https:\/\/www.erresse-shop.it\/es\/wp-json\/wp\/v2\/product\/510748"}],"collection":[{"href":"https:\/\/www.erresse-shop.it\/es\/wp-json\/wp\/v2\/product"}],"about":[{"href":"https:\/\/www.erresse-shop.it\/es\/wp-json\/wp\/v2\/types\/product"}],"wp:featuredmedia":[{"embeddable":true,"href":"https:\/\/www.erresse-shop.it\/es\/wp-json\/wp\/v2\/media\/510780"}],"wp:attachment":[{"href":"https:\/\/www.erresse-shop.it\/es\/wp-json\/wp\/v2\/media?parent=510748"}],"wp:term":[{"taxonomy":"product_cat","embeddable":true,"href":"https:\/\/www.erresse-shop.it\/es\/wp-json\/wp\/v2\/product_cat?post=510748"},{"taxonomy":"product_tag","embeddable":true,"href":"https:\/\/www.erresse-shop.it\/es\/wp-json\/wp\/v2\/product_tag?post=510748"}],"curies":[{"name":"wp","href":"https:\/\/api.w.org\/{rel}","templated":true}]}}