{"id":510728,"date":"2025-08-26T12:41:10","date_gmt":"2025-08-26T12:41:10","guid":{"rendered":"https:\/\/www.erresse-shop.it\/?post_type=product&#038;p=510728"},"modified":"2025-08-26T12:55:53","modified_gmt":"2025-08-26T12:55:53","slug":"caso-design-placa-de-induccion-movil-proslim-2000","status":"publish","type":"product","link":"https:\/\/www.erresse-shop.it\/es\/shop\/pequenos-electrodomesticos\/caso-design-placa-de-induccion-movil-proslim-2000\/","title":{"rendered":"CASO DESIGN Placa de inducci\u00f3n m\u00f3vil ProSlim 2000"},"content":{"rendered":"<p>Placa de Inducci\u00f3n ProSlim 2000: Tu ayudante de cocina vers\u00e1til para cada aventura<\/p>\n<p>La placa de inducci\u00f3n ProSlim 2000 combina un dise\u00f1o moderno con la m\u00e1xima funcionalidad. Con su dise\u00f1o ultrafino y su elegante superficie de cristal, esta placa de inducci\u00f3n port\u00e1til se integra a la perfecci\u00f3n en cualquier hogar o espacio exterior.<\/p>\n<p>Ya sea en tu cocina port\u00e1til, en tu casa de vacaciones o como placa adicional para mantener la comida caliente en la mesa, esta placa de inducci\u00f3n es vers\u00e1til y flexible.<\/p>\n<p>La elegante superficie negra y el dise\u00f1o atemporal complementan cualquier ambiente y transforman la cocina en una experiencia est\u00e9tica.<\/p>\n<p>M\u00e1xima eficiencia con la m\u00e1xima flexibilidad<\/p>\n<p>La ProSlim 2000 ofrece la flexibilidad que necesitas para una variedad de necesidades culinarias. Con 10 niveles de potencia de hasta 2000 vatios y 10 niveles de temperatura ajustables con precisi\u00f3n de 60 a 240 \u00b0C, esta placa de inducci\u00f3n se puede controlar de forma r\u00e1pida y eficiente.<\/p>\n<p>Su r\u00e1pida respuesta hace que cocinar con este electrodom\u00e9stico sea tan c\u00f3modo como con gas, pero con una eficiencia energ\u00e9tica significativamente mayor.<\/p>\n<p>Ideal para preparar platos r\u00e1pidamente, la placa de cocci\u00f3n se puede ajustar a sus necesidades: desde fuego lento hasta dorado intenso.<\/p>\n<p><strong>Uso intuitivo para cada estilo de cocina<\/strong><\/p>\n<p>Gracias a la intuitiva pantalla t\u00e1ctil con sensor y a la pantalla digital LED de f\u00e1cil lectura, podr\u00e1 manejar la placa de inducci\u00f3n sin esfuerzo.<\/p>\n<p>La detecci\u00f3n autom\u00e1tica de ollas y sartenes garantiza que la placa solo se active cuando se utilicen utensilios de inducci\u00f3n adecuados, para una experiencia de cocci\u00f3n siempre perfecta.<\/p>\n<p>El electrodom\u00e9stico reconoce ollas y sartenes de 12 a 22 cm de di\u00e1metro, compatibles con casi todo tipo de utensilios de cocina. Con la pr\u00e1ctica funci\u00f3n de temporizador, ajustable hasta 240 minutos, podr\u00e1 preparar platos con la m\u00e1xima precisi\u00f3n, garantizando una cocci\u00f3n a\u00fan m\u00e1s precisa.<\/p>\n<p><strong>Seguridad e higiene: siempre la mejor opci\u00f3n<\/strong><\/p>\n<p>Con la ProSlim 2000, no tendr\u00e1 que preocuparse por la seguridad ni la higiene. La placa de inducci\u00f3n no solo ofrece protecci\u00f3n contra el sobrecalentamiento, sino tambi\u00e9n una funci\u00f3n de apagado autom\u00e1tico que apaga el aparato autom\u00e1ticamente cuando ya no se necesita.<\/p>\n<p>El seguro para ni\u00f1os evita que las manos indiscretas causen da\u00f1os. Adem\u00e1s, la placa se limpia de forma r\u00e1pida e higi\u00e9nica gracias a su superficie lisa de cristal, para un d\u00eda a d\u00eda sin complicaciones en la cocina.<\/p>\n<p><strong>Dimensiones:<\/strong> 39 x 29 x 3 cm<br \/>\n<strong>Peso:<\/strong> 2,3 kg<br \/>\n<strong>Potencia (vatios):<\/strong> 2000 <strong>Voltaje:<\/strong> 230 V~, 50 Hz<br \/>\n<strong>Tipo de enchufe:<\/strong>Contour (Tipo C)<\/p>\n","protected":false},"excerpt":{"rendered":"<p>Placa de Inducci\u00f3n ProSlim 2000: Tu ayudante de cocina vers\u00e1til para cada aventura La placa de inducci\u00f3n ProSlim 2000 combina<\/p>\n","protected":false},"featured_media":510742,"template":"","meta":{"_acf_changed":false,"inline_featured_image":false},"product_cat":[16073],"product_tag":[16259,16158,20922],"acf":[],"yoast_head":"<!-- This site is optimized with the Yoast SEO Premium plugin v18.6 (Yoast SEO v19.13) - https:\/\/yoast.com\/wordpress\/plugins\/seo\/ -->\n<title>CASO DESIGN Placa de inducci\u00f3n m\u00f3vil ProSlim 2000 - Erresse Shop<\/title>\n<meta name=\"description\" content=\"Placa de Inducci\u00f3n ProSlim 2000: Tu ayudante de cocina vers\u00e1til para cada aventura La placa de inducci\u00f3n ProSlim 2000 combina un dise\u00f1o moderno con la\" \/>\n<meta name=\"robots\" content=\"index, follow, max-snippet:-1, max-image-preview:large, max-video-preview:-1\" \/>\n<link rel=\"canonical\" href=\"https:\/\/www.erresse-shop.it\/es\/shop\/pequenos-electrodomesticos\/caso-design-placa-de-induccion-movil-proslim-2000\/\" \/>\n<meta property=\"og:locale\" content=\"es_ES\" \/>\n<meta property=\"og:type\" content=\"article\" \/>\n<meta property=\"og:title\" content=\"CASO DESIGN Placa de inducci\u00f3n m\u00f3vil ProSlim 2000\" \/>\n<meta property=\"og:description\" content=\"Placa de Inducci\u00f3n ProSlim 2000: Tu ayudante de cocina vers\u00e1til para cada aventura La placa de inducci\u00f3n ProSlim 2000 combina un dise\u00f1o moderno con la\" \/>\n<meta property=\"og:url\" content=\"https:\/\/www.erresse-shop.it\/es\/shop\/pequenos-electrodomesticos\/caso-design-placa-de-induccion-movil-proslim-2000\/\" \/>\n<meta property=\"og:site_name\" content=\"Erresse Shop\" \/>\n<meta property=\"article:modified_time\" content=\"2025-08-26T12:55:53+00:00\" \/>\n<meta property=\"og:image\" content=\"https:\/\/www.erresse-shop.it\/wp-content\/uploads\/2025\/08\/CASO-DESIGN-Piano-Cottura-a-Induzione-Mobile-ProSlim-2000.jpg\" \/>\n\t<meta property=\"og:image:width\" content=\"1200\" \/>\n\t<meta property=\"og:image:height\" content=\"1200\" \/>\n\t<meta property=\"og:image:type\" content=\"image\/jpeg\" \/>\n<meta name=\"twitter:card\" content=\"summary_large_image\" \/>\n<script type=\"application\/ld+json\" class=\"yoast-schema-graph\">{\"@context\":\"https:\/\/schema.org\",\"@graph\":[{\"@type\":\"WebPage\",\"@id\":\"https:\/\/www.erresse-shop.it\/es\/shop\/pequenos-electrodomesticos\/caso-design-placa-de-induccion-movil-proslim-2000\/\",\"url\":\"https:\/\/www.erresse-shop.it\/es\/shop\/pequenos-electrodomesticos\/caso-design-placa-de-induccion-movil-proslim-2000\/\",\"name\":\"CASO DESIGN Placa de inducci\u00f3n m\u00f3vil ProSlim 2000 - Erresse Shop\",\"isPartOf\":{\"@id\":\"https:\/\/www.erresse-shop.it\/es\/#website\"},\"datePublished\":\"2025-08-26T12:41:10+00:00\",\"dateModified\":\"2025-08-26T12:55:53+00:00\",\"description\":\"Placa de Inducci\u00f3n ProSlim 2000: Tu ayudante de cocina vers\u00e1til para cada aventura La placa de inducci\u00f3n ProSlim 2000 combina un dise\u00f1o moderno con la\",\"breadcrumb\":{\"@id\":\"https:\/\/www.erresse-shop.it\/es\/shop\/pequenos-electrodomesticos\/caso-design-placa-de-induccion-movil-proslim-2000\/#breadcrumb\"},\"inLanguage\":\"es\",\"potentialAction\":[{\"@type\":\"ReadAction\",\"target\":[\"https:\/\/www.erresse-shop.it\/es\/shop\/pequenos-electrodomesticos\/caso-design-placa-de-induccion-movil-proslim-2000\/\"]}]},{\"@type\":\"BreadcrumbList\",\"@id\":\"https:\/\/www.erresse-shop.it\/es\/shop\/pequenos-electrodomesticos\/caso-design-placa-de-induccion-movil-proslim-2000\/#breadcrumb\",\"itemListElement\":[{\"@type\":\"ListItem\",\"position\":1,\"name\":\"Home\",\"item\":\"https:\/\/www.erresse-shop.it\/es\/\"},{\"@type\":\"ListItem\",\"position\":2,\"name\":\"Shop\",\"item\":\"https:\/\/www.erresse-shop.it\/es\/shop\/\"},{\"@type\":\"ListItem\",\"position\":3,\"name\":\"CASO DESIGN Placa de inducci\u00f3n m\u00f3vil ProSlim 2000\"}]},{\"@type\":\"WebSite\",\"@id\":\"https:\/\/www.erresse-shop.it\/es\/#website\",\"url\":\"https:\/\/www.erresse-shop.it\/es\/\",\"name\":\"Erresse Shop\",\"description\":\"Articoli di qualit\u00e0 per la casa\",\"potentialAction\":[{\"@type\":\"SearchAction\",\"target\":{\"@type\":\"EntryPoint\",\"urlTemplate\":\"https:\/\/www.erresse-shop.it\/es\/?s={search_term_string}\"},\"query-input\":\"required name=search_term_string\"}],\"inLanguage\":\"es\"}]}<\/script>\n<!-- \/ Yoast SEO Premium plugin. -->","yoast_head_json":{"title":"CASO DESIGN Placa de inducci\u00f3n m\u00f3vil ProSlim 2000 - Erresse Shop","description":"Placa de Inducci\u00f3n ProSlim 2000: Tu ayudante de cocina vers\u00e1til para cada aventura La placa de inducci\u00f3n ProSlim 2000 combina un dise\u00f1o moderno con la","robots":{"index":"index","follow":"follow","max-snippet":"max-snippet:-1","max-image-preview":"max-image-preview:large","max-video-preview":"max-video-preview:-1"},"canonical":"https:\/\/www.erresse-shop.it\/es\/shop\/pequenos-electrodomesticos\/caso-design-placa-de-induccion-movil-proslim-2000\/","og_locale":"es_ES","og_type":"article","og_title":"CASO DESIGN Placa de inducci\u00f3n m\u00f3vil ProSlim 2000","og_description":"Placa de Inducci\u00f3n ProSlim 2000: Tu ayudante de cocina vers\u00e1til para cada aventura La placa de inducci\u00f3n ProSlim 2000 combina un dise\u00f1o moderno con la","og_url":"https:\/\/www.erresse-shop.it\/es\/shop\/pequenos-electrodomesticos\/caso-design-placa-de-induccion-movil-proslim-2000\/","og_site_name":"Erresse Shop","article_modified_time":"2025-08-26T12:55:53+00:00","og_image":[{"width":1200,"height":1200,"url":"https:\/\/www.erresse-shop.it\/wp-content\/uploads\/2025\/08\/CASO-DESIGN-Piano-Cottura-a-Induzione-Mobile-ProSlim-2000.jpg","type":"image\/jpeg"}],"twitter_card":"summary_large_image","schema":{"@context":"https:\/\/schema.org","@graph":[{"@type":"WebPage","@id":"https:\/\/www.erresse-shop.it\/es\/shop\/pequenos-electrodomesticos\/caso-design-placa-de-induccion-movil-proslim-2000\/","url":"https:\/\/www.erresse-shop.it\/es\/shop\/pequenos-electrodomesticos\/caso-design-placa-de-induccion-movil-proslim-2000\/","name":"CASO DESIGN Placa de inducci\u00f3n m\u00f3vil ProSlim 2000 - Erresse Shop","isPartOf":{"@id":"https:\/\/www.erresse-shop.it\/es\/#website"},"datePublished":"2025-08-26T12:41:10+00:00","dateModified":"2025-08-26T12:55:53+00:00","description":"Placa de Inducci\u00f3n ProSlim 2000: Tu ayudante de cocina vers\u00e1til para cada aventura La placa de inducci\u00f3n ProSlim 2000 combina un dise\u00f1o moderno con la","breadcrumb":{"@id":"https:\/\/www.erresse-shop.it\/es\/shop\/pequenos-electrodomesticos\/caso-design-placa-de-induccion-movil-proslim-2000\/#breadcrumb"},"inLanguage":"es","potentialAction":[{"@type":"ReadAction","target":["https:\/\/www.erresse-shop.it\/es\/shop\/pequenos-electrodomesticos\/caso-design-placa-de-induccion-movil-proslim-2000\/"]}]},{"@type":"BreadcrumbList","@id":"https:\/\/www.erresse-shop.it\/es\/shop\/pequenos-electrodomesticos\/caso-design-placa-de-induccion-movil-proslim-2000\/#breadcrumb","itemListElement":[{"@type":"ListItem","position":1,"name":"Home","item":"https:\/\/www.erresse-shop.it\/es\/"},{"@type":"ListItem","position":2,"name":"Shop","item":"https:\/\/www.erresse-shop.it\/es\/shop\/"},{"@type":"ListItem","position":3,"name":"CASO DESIGN Placa de inducci\u00f3n m\u00f3vil ProSlim 2000"}]},{"@type":"WebSite","@id":"https:\/\/www.erresse-shop.it\/es\/#website","url":"https:\/\/www.erresse-shop.it\/es\/","name":"Erresse Shop","description":"Articoli di qualit\u00e0 per la casa","potentialAction":[{"@type":"SearchAction","target":{"@type":"EntryPoint","urlTemplate":"https:\/\/www.erresse-shop.it\/es\/?s={search_term_string}"},"query-input":"required name=search_term_string"}],"inLanguage":"es"}]}},"df_price":69.99,"df_sale_price":69.99,"df_regular_price":69.99,"df_image_link":"https:\/\/www.erresse-shop.it\/wp-content\/uploads\/2025\/08\/CASO-DESIGN-Piano-Cottura-a-Induzione-Mobile-ProSlim-2000-300x300.jpg","_links":{"self":[{"href":"https:\/\/www.erresse-shop.it\/es\/wp-json\/wp\/v2\/product\/510728"}],"collection":[{"href":"https:\/\/www.erresse-shop.it\/es\/wp-json\/wp\/v2\/product"}],"about":[{"href":"https:\/\/www.erresse-shop.it\/es\/wp-json\/wp\/v2\/types\/product"}],"wp:featuredmedia":[{"embeddable":true,"href":"https:\/\/www.erresse-shop.it\/es\/wp-json\/wp\/v2\/media\/510742"}],"wp:attachment":[{"href":"https:\/\/www.erresse-shop.it\/es\/wp-json\/wp\/v2\/media?parent=510728"}],"wp:term":[{"taxonomy":"product_cat","embeddable":true,"href":"https:\/\/www.erresse-shop.it\/es\/wp-json\/wp\/v2\/product_cat?post=510728"},{"taxonomy":"product_tag","embeddable":true,"href":"https:\/\/www.erresse-shop.it\/es\/wp-json\/wp\/v2\/product_tag?post=510728"}],"curies":[{"name":"wp","href":"https:\/\/api.w.org\/{rel}","templated":true}]}}