{"id":510693,"date":"2025-08-26T12:24:58","date_gmt":"2025-08-26T12:24:58","guid":{"rendered":"https:\/\/www.erresse-shop.it\/?post_type=product&#038;p=510693"},"modified":"2025-08-26T12:39:21","modified_gmt":"2025-08-26T12:39:21","slug":"caso-design-placa-de-induccion-tc-2400-thermo-control","status":"publish","type":"product","link":"https:\/\/www.erresse-shop.it\/es\/shop\/pequenos-electrodomesticos\/caso-design-placa-de-induccion-tc-2400-thermo-control\/","title":{"rendered":"CASO DESIGN Placa de inducci\u00f3n TC 2400 Thermo Control"},"content":{"rendered":"<p>Cocinar con precisi\u00f3n es f\u00e1cil con CASO Design TC 2400<\/p>\n<p>Con el TC 2400 ThermoControl, cocinar se convierte en una experiencia precisa y sin esfuerzo.<\/p>\n<p>Gracias a la innovadora tecnolog\u00eda de term\u00f3metro ThermoControl, con una precisi\u00f3n de grado, puede controlar con precisi\u00f3n la temperatura de sus alimentos. Esto resulta especialmente pr\u00e1ctico para t\u00e9cnicas de cocina sous vide, asar carne y pescado con precisi\u00f3n o mantener la comida caliente.<\/p>\n<p>El rango de temperatura va de 40 a 160 \u00b0C y se puede ajustar con una precisi\u00f3n de hasta 1 \u00b0C con FineTemp.<\/p>\n<p>Aplicaciones vers\u00e1tiles<\/p>\n<p>Esta placa de inducci\u00f3n port\u00e1til ofrece la flexibilidad que necesita en la cocina.<\/p>\n<p>La potente placa de inducci\u00f3n tambi\u00e9n se puede utilizar sin el term\u00f3metro ThermoControl y le permite cocinar dentro de un rango de temperatura ampliado de 60 a 240 \u00b0C. Esto significa que puede cocinar a fuego lento o saltear a fuego alto, seg\u00fan sus necesidades y la receta.<\/p>\n<p>Potente y eficiente<\/p>\n<p>Con una potencia de 2400 vatios, el TC 2400 ThermoControl garantiza un calentamiento r\u00e1pido y de bajo consumo.<\/p>\n<p>La detecci\u00f3n autom\u00e1tica de sartenes se adapta a sartenes de 12 a 26 cm de di\u00e1metro, garantizando unas condiciones de cocci\u00f3n \u00f3ptimas. Esta tecnolog\u00eda inteligente no solo ahorra energ\u00eda, sino tambi\u00e9n tiempo y esfuerzo en la cocina.<\/p>\n<p>Manejo intuitivo<\/p>\n<p>El manejo intuitivo del sensor t\u00e1ctil facilita cocinar con el TC 2400 ThermoControl.<\/p>\n<p>Elija entre 12 niveles de potencia diferentes y ajuste el calor seg\u00fan sus necesidades. La funci\u00f3n de temporizador, seleccionable hasta 180 minutos, le permite controlar con precisi\u00f3n los tiempos de cocci\u00f3n y sacar el m\u00e1ximo provecho de sus recetas.<\/p>\n<p>Seguridad ante todo<\/p>\n<p>La seguridad es nuestra m\u00e1xima prioridad para el TC 2400 ThermoControl. La protecci\u00f3n contra sobrecalentamiento garantiza que el aparato se apague autom\u00e1ticamente en caso de sobrecalentamiento, protegiendo as\u00ed tanto la placa como la cocina. Adem\u00e1s, su dise\u00f1o robusto garantiza una larga vida \u00fatil y un rendimiento fiable.<\/p>\n<p>Dimensiones: 37 x 30 x 6 cm<br \/>\nPeso: 3 kg<br \/>\nPotencia (vatios): 2400<br \/>\nVoltaje: 230 V~, 50-60 Hz<br \/>\nTipo de enchufe: Contour (Tipo C)<br \/>\nLongitud del enchufe: 100 cm<\/p>\n","protected":false},"excerpt":{"rendered":"<p>Cocinar con precisi\u00f3n es f\u00e1cil con CASO Design TC 2400 Con el TC 2400 ThermoControl, cocinar se convierte en una<\/p>\n","protected":false},"featured_media":510719,"template":"","meta":{"_acf_changed":false,"inline_featured_image":false},"product_cat":[16073],"product_tag":[16259,16158,20922],"acf":[],"yoast_head":"<!-- This site is optimized with the Yoast SEO Premium plugin v18.6 (Yoast SEO v19.13) - https:\/\/yoast.com\/wordpress\/plugins\/seo\/ -->\n<title>CASO DESIGN Placa de inducci\u00f3n TC 2400 Thermo Control - Erresse Shop<\/title>\n<meta name=\"description\" content=\"Cocinar con precisi\u00f3n es f\u00e1cil con CASO Design TC 2400 Con el TC 2400 ThermoControl, cocinar se convierte en una experiencia precisa y sin esfuerzo.\" \/>\n<meta name=\"robots\" content=\"index, follow, max-snippet:-1, max-image-preview:large, max-video-preview:-1\" \/>\n<link rel=\"canonical\" href=\"https:\/\/www.erresse-shop.it\/es\/shop\/pequenos-electrodomesticos\/caso-design-placa-de-induccion-tc-2400-thermo-control\/\" \/>\n<meta property=\"og:locale\" content=\"es_ES\" \/>\n<meta property=\"og:type\" content=\"article\" \/>\n<meta property=\"og:title\" content=\"CASO DESIGN Placa de inducci\u00f3n TC 2400 Thermo Control\" \/>\n<meta property=\"og:description\" content=\"Cocinar con precisi\u00f3n es f\u00e1cil con CASO Design TC 2400 Con el TC 2400 ThermoControl, cocinar se convierte en una experiencia precisa y sin esfuerzo.\" \/>\n<meta property=\"og:url\" content=\"https:\/\/www.erresse-shop.it\/es\/shop\/pequenos-electrodomesticos\/caso-design-placa-de-induccion-tc-2400-thermo-control\/\" \/>\n<meta property=\"og:site_name\" content=\"Erresse Shop\" \/>\n<meta property=\"article:modified_time\" content=\"2025-08-26T12:39:21+00:00\" \/>\n<meta property=\"og:image\" content=\"https:\/\/www.erresse-shop.it\/wp-content\/uploads\/2025\/08\/CASO-DESIGN-Piano-Cottura-a-Induzione-TC-2400-Thermo-Control.jpg\" \/>\n\t<meta property=\"og:image:width\" content=\"1200\" \/>\n\t<meta property=\"og:image:height\" content=\"1200\" \/>\n\t<meta property=\"og:image:type\" content=\"image\/jpeg\" \/>\n<meta name=\"twitter:card\" content=\"summary_large_image\" \/>\n<script type=\"application\/ld+json\" class=\"yoast-schema-graph\">{\"@context\":\"https:\/\/schema.org\",\"@graph\":[{\"@type\":\"WebPage\",\"@id\":\"https:\/\/www.erresse-shop.it\/es\/shop\/pequenos-electrodomesticos\/caso-design-placa-de-induccion-tc-2400-thermo-control\/\",\"url\":\"https:\/\/www.erresse-shop.it\/es\/shop\/pequenos-electrodomesticos\/caso-design-placa-de-induccion-tc-2400-thermo-control\/\",\"name\":\"CASO DESIGN Placa de inducci\u00f3n TC 2400 Thermo Control - Erresse Shop\",\"isPartOf\":{\"@id\":\"https:\/\/www.erresse-shop.it\/es\/#website\"},\"datePublished\":\"2025-08-26T12:24:58+00:00\",\"dateModified\":\"2025-08-26T12:39:21+00:00\",\"description\":\"Cocinar con precisi\u00f3n es f\u00e1cil con CASO Design TC 2400 Con el TC 2400 ThermoControl, cocinar se convierte en una experiencia precisa y sin esfuerzo.\",\"breadcrumb\":{\"@id\":\"https:\/\/www.erresse-shop.it\/es\/shop\/pequenos-electrodomesticos\/caso-design-placa-de-induccion-tc-2400-thermo-control\/#breadcrumb\"},\"inLanguage\":\"es\",\"potentialAction\":[{\"@type\":\"ReadAction\",\"target\":[\"https:\/\/www.erresse-shop.it\/es\/shop\/pequenos-electrodomesticos\/caso-design-placa-de-induccion-tc-2400-thermo-control\/\"]}]},{\"@type\":\"BreadcrumbList\",\"@id\":\"https:\/\/www.erresse-shop.it\/es\/shop\/pequenos-electrodomesticos\/caso-design-placa-de-induccion-tc-2400-thermo-control\/#breadcrumb\",\"itemListElement\":[{\"@type\":\"ListItem\",\"position\":1,\"name\":\"Home\",\"item\":\"https:\/\/www.erresse-shop.it\/es\/\"},{\"@type\":\"ListItem\",\"position\":2,\"name\":\"Shop\",\"item\":\"https:\/\/www.erresse-shop.it\/es\/shop\/\"},{\"@type\":\"ListItem\",\"position\":3,\"name\":\"CASO DESIGN Placa de inducci\u00f3n TC 2400 Thermo Control\"}]},{\"@type\":\"WebSite\",\"@id\":\"https:\/\/www.erresse-shop.it\/es\/#website\",\"url\":\"https:\/\/www.erresse-shop.it\/es\/\",\"name\":\"Erresse Shop\",\"description\":\"Articoli di qualit\u00e0 per la casa\",\"potentialAction\":[{\"@type\":\"SearchAction\",\"target\":{\"@type\":\"EntryPoint\",\"urlTemplate\":\"https:\/\/www.erresse-shop.it\/es\/?s={search_term_string}\"},\"query-input\":\"required name=search_term_string\"}],\"inLanguage\":\"es\"}]}<\/script>\n<!-- \/ Yoast SEO Premium plugin. -->","yoast_head_json":{"title":"CASO DESIGN Placa de inducci\u00f3n TC 2400 Thermo Control - Erresse Shop","description":"Cocinar con precisi\u00f3n es f\u00e1cil con CASO Design TC 2400 Con el TC 2400 ThermoControl, cocinar se convierte en una experiencia precisa y sin esfuerzo.","robots":{"index":"index","follow":"follow","max-snippet":"max-snippet:-1","max-image-preview":"max-image-preview:large","max-video-preview":"max-video-preview:-1"},"canonical":"https:\/\/www.erresse-shop.it\/es\/shop\/pequenos-electrodomesticos\/caso-design-placa-de-induccion-tc-2400-thermo-control\/","og_locale":"es_ES","og_type":"article","og_title":"CASO DESIGN Placa de inducci\u00f3n TC 2400 Thermo Control","og_description":"Cocinar con precisi\u00f3n es f\u00e1cil con CASO Design TC 2400 Con el TC 2400 ThermoControl, cocinar se convierte en una experiencia precisa y sin esfuerzo.","og_url":"https:\/\/www.erresse-shop.it\/es\/shop\/pequenos-electrodomesticos\/caso-design-placa-de-induccion-tc-2400-thermo-control\/","og_site_name":"Erresse Shop","article_modified_time":"2025-08-26T12:39:21+00:00","og_image":[{"width":1200,"height":1200,"url":"https:\/\/www.erresse-shop.it\/wp-content\/uploads\/2025\/08\/CASO-DESIGN-Piano-Cottura-a-Induzione-TC-2400-Thermo-Control.jpg","type":"image\/jpeg"}],"twitter_card":"summary_large_image","schema":{"@context":"https:\/\/schema.org","@graph":[{"@type":"WebPage","@id":"https:\/\/www.erresse-shop.it\/es\/shop\/pequenos-electrodomesticos\/caso-design-placa-de-induccion-tc-2400-thermo-control\/","url":"https:\/\/www.erresse-shop.it\/es\/shop\/pequenos-electrodomesticos\/caso-design-placa-de-induccion-tc-2400-thermo-control\/","name":"CASO DESIGN Placa de inducci\u00f3n TC 2400 Thermo Control - Erresse Shop","isPartOf":{"@id":"https:\/\/www.erresse-shop.it\/es\/#website"},"datePublished":"2025-08-26T12:24:58+00:00","dateModified":"2025-08-26T12:39:21+00:00","description":"Cocinar con precisi\u00f3n es f\u00e1cil con CASO Design TC 2400 Con el TC 2400 ThermoControl, cocinar se convierte en una experiencia precisa y sin esfuerzo.","breadcrumb":{"@id":"https:\/\/www.erresse-shop.it\/es\/shop\/pequenos-electrodomesticos\/caso-design-placa-de-induccion-tc-2400-thermo-control\/#breadcrumb"},"inLanguage":"es","potentialAction":[{"@type":"ReadAction","target":["https:\/\/www.erresse-shop.it\/es\/shop\/pequenos-electrodomesticos\/caso-design-placa-de-induccion-tc-2400-thermo-control\/"]}]},{"@type":"BreadcrumbList","@id":"https:\/\/www.erresse-shop.it\/es\/shop\/pequenos-electrodomesticos\/caso-design-placa-de-induccion-tc-2400-thermo-control\/#breadcrumb","itemListElement":[{"@type":"ListItem","position":1,"name":"Home","item":"https:\/\/www.erresse-shop.it\/es\/"},{"@type":"ListItem","position":2,"name":"Shop","item":"https:\/\/www.erresse-shop.it\/es\/shop\/"},{"@type":"ListItem","position":3,"name":"CASO DESIGN Placa de inducci\u00f3n TC 2400 Thermo Control"}]},{"@type":"WebSite","@id":"https:\/\/www.erresse-shop.it\/es\/#website","url":"https:\/\/www.erresse-shop.it\/es\/","name":"Erresse Shop","description":"Articoli di qualit\u00e0 per la casa","potentialAction":[{"@type":"SearchAction","target":{"@type":"EntryPoint","urlTemplate":"https:\/\/www.erresse-shop.it\/es\/?s={search_term_string}"},"query-input":"required name=search_term_string"}],"inLanguage":"es"}]}},"df_price":129.99,"df_sale_price":129.99,"df_regular_price":129.99,"df_image_link":"https:\/\/www.erresse-shop.it\/wp-content\/uploads\/2025\/08\/CASO-DESIGN-Piano-Cottura-a-Induzione-TC-2400-Thermo-Control-300x300.jpg","_links":{"self":[{"href":"https:\/\/www.erresse-shop.it\/es\/wp-json\/wp\/v2\/product\/510693"}],"collection":[{"href":"https:\/\/www.erresse-shop.it\/es\/wp-json\/wp\/v2\/product"}],"about":[{"href":"https:\/\/www.erresse-shop.it\/es\/wp-json\/wp\/v2\/types\/product"}],"wp:featuredmedia":[{"embeddable":true,"href":"https:\/\/www.erresse-shop.it\/es\/wp-json\/wp\/v2\/media\/510719"}],"wp:attachment":[{"href":"https:\/\/www.erresse-shop.it\/es\/wp-json\/wp\/v2\/media?parent=510693"}],"wp:term":[{"taxonomy":"product_cat","embeddable":true,"href":"https:\/\/www.erresse-shop.it\/es\/wp-json\/wp\/v2\/product_cat?post=510693"},{"taxonomy":"product_tag","embeddable":true,"href":"https:\/\/www.erresse-shop.it\/es\/wp-json\/wp\/v2\/product_tag?post=510693"}],"curies":[{"name":"wp","href":"https:\/\/api.w.org\/{rel}","templated":true}]}}