{"id":510659,"date":"2025-08-26T12:04:54","date_gmt":"2025-08-26T12:04:54","guid":{"rendered":"https:\/\/www.erresse-shop.it\/?post_type=product&#038;p=510659"},"modified":"2025-08-26T12:22:30","modified_gmt":"2025-08-26T12:22:30","slug":"caso-design-placa-de-induccion-doble-touch-3500","status":"publish","type":"product","link":"https:\/\/www.erresse-shop.it\/es\/shop\/pequenos-electrodomesticos\/caso-design-placa-de-induccion-doble-touch-3500\/","title":{"rendered":"CASO DESIGN Placa de inducci\u00f3n doble Touch 3500"},"content":{"rendered":"<p><strong>Cocci\u00f3n flexible y potente: CASO Design Touch 3500<\/strong><\/p>\n<p>La CASO Design Touch 3500 es una placa de inducci\u00f3n de doble pared con tecnolog\u00eda de cocci\u00f3n moderna y gran flexibilidad. Ya sea para una cocina peque\u00f1a, una casa de vacaciones o para ampliar una placa de cocina existente, esta potente placa de inducci\u00f3n ofrece dos zonas de cocci\u00f3n controlables por separado con una potencia total de hasta 3500 vatios. Esto permite una cocci\u00f3n r\u00e1pida, segura y eficiente, sin llamas abiertas y con la m\u00e1xima eficiencia energ\u00e9tica.<\/p>\n<p><strong>Placa de inducci\u00f3n con tecnolog\u00eda de vanguardia<\/strong><\/p>\n<p>Gracias a la tecnolog\u00eda de inducci\u00f3n, el calor se genera directamente en el fondo de la olla, para una cocci\u00f3n ultrarr\u00e1pida y un mantenimiento preciso de la temperatura. La superficie vitrocer\u00e1mica no solo garantiza un dise\u00f1o elegante, sino que tambi\u00e9n es especialmente f\u00e1cil de limpiar. Con 10 ajustes de temperatura (aproximadamente 60-240 \u00b0C) y 6 niveles de potencia, cualquier idea de cocina se puede realizar con precisi\u00f3n: ya sea para sellar r\u00e1pidamente, cocinar a fuego lento o mantener caliente lentamente. Comodidad con solo pulsar un bot\u00f3n<\/p>\n<p>El funcionamiento con sensor t\u00e1ctil de la Touch 3500 hace que su control sea especialmente sencillo e intuitivo. Puede ajustar individualmente la temperatura, la potencia y el temporizador (de 1 a 180 minutos) a trav\u00e9s de la gran pantalla digital de f\u00e1cil lectura, para un control m\u00e1ximo en la cocina. La funci\u00f3n de detecci\u00f3n autom\u00e1tica de ollas y sartenes garantiza que la placa solo se active cuando se utilizan las ollas adecuadas, una gran ventaja para la seguridad en la cocina diaria.<\/p>\n<p><strong>CASO Design &#8220;Touch 3500&#8221; &#8211; Caracter\u00edsticas principales:<\/strong><\/p>\n<ul>\n<li>Placa de inducci\u00f3n de doble mueble con 2 zonas de cocci\u00f3n con control independiente<\/li>\n<li>Alto rendimiento: 3500 vatios de potencia total para una cocci\u00f3n r\u00e1pida y eficiente<\/li>\n<li>10 niveles de temperatura de aproximadamente 60 a 240 \u00b0C para un control preciso del calor<\/li>\n<li>6 niveles de potencia ajustables individualmente por zona de cocci\u00f3n<\/li>\n<li>Panel de control t\u00e1ctil con pantalla digital extragrande<\/li>\n<li>Funci\u00f3n de temporizador de 1 a 180 minutos por zona<\/li>\n<li>Detecci\u00f3n autom\u00e1tica de recipientes para un funcionamiento seguro y de bajo consumo<\/li>\n<li>Compacta y port\u00e1til: perfecta para cocinas peque\u00f1as, campings o casas de vacaciones<\/li>\n<li>Superficie vitrocer\u00e1mica de dise\u00f1o elegante y f\u00e1cil limpieza<\/li>\n<li>Interruptor de seguridad con protecci\u00f3n contra sobrecalentamiento para m\u00e1xima Seguridad\n<\/ul>\n<p><strong>Dimensiones: 36 x 60,5 x 6,5 cm<br \/>\n<strong>Peso: 4,75 kg<br \/>\n<strong>Potencia (vatios): 3500<br \/>\n<strong>Voltaje: 220 V~, 50 Hz<br \/>\n<strong>Tipo de enchufe: Enchufe Contour (tipo C)<\/p>\n","protected":false},"excerpt":{"rendered":"<p>Cocci\u00f3n flexible y potente: CASO Design Touch 3500 La CASO Design Touch 3500 es una placa de inducci\u00f3n de doble<\/p>\n","protected":false},"featured_media":510685,"template":"","meta":{"_acf_changed":false,"inline_featured_image":false},"product_cat":[16073],"product_tag":[16259,16158,20922],"acf":[],"yoast_head":"<!-- This site is optimized with the Yoast SEO Premium plugin v18.6 (Yoast SEO v19.13) - https:\/\/yoast.com\/wordpress\/plugins\/seo\/ -->\n<title>CASO DESIGN Placa de inducci\u00f3n doble Touch 3500 - Erresse Shop<\/title>\n<meta name=\"description\" content=\"Cocci\u00f3n flexible y potente: CASO Design Touch 3500 La CASO Design Touch 3500 es una placa de inducci\u00f3n de doble pared con tecnolog\u00eda de cocci\u00f3n moderna y\" \/>\n<meta name=\"robots\" content=\"index, follow, max-snippet:-1, max-image-preview:large, max-video-preview:-1\" \/>\n<link rel=\"canonical\" href=\"https:\/\/www.erresse-shop.it\/es\/shop\/pequenos-electrodomesticos\/caso-design-placa-de-induccion-doble-touch-3500\/\" \/>\n<meta property=\"og:locale\" content=\"es_ES\" \/>\n<meta property=\"og:type\" content=\"article\" \/>\n<meta property=\"og:title\" content=\"CASO DESIGN Placa de inducci\u00f3n doble Touch 3500\" \/>\n<meta property=\"og:description\" content=\"Cocci\u00f3n flexible y potente: CASO Design Touch 3500 La CASO Design Touch 3500 es una placa de inducci\u00f3n de doble pared con tecnolog\u00eda de cocci\u00f3n moderna y\" \/>\n<meta property=\"og:url\" content=\"https:\/\/www.erresse-shop.it\/es\/shop\/pequenos-electrodomesticos\/caso-design-placa-de-induccion-doble-touch-3500\/\" \/>\n<meta property=\"og:site_name\" content=\"Erresse Shop\" \/>\n<meta property=\"article:modified_time\" content=\"2025-08-26T12:22:30+00:00\" \/>\n<meta property=\"og:image\" content=\"https:\/\/www.erresse-shop.it\/wp-content\/uploads\/2025\/08\/CASO-DESIGN-Doppio-Piano-Cottura-a-Induzione-Touch-3500.jpg\" \/>\n\t<meta property=\"og:image:width\" content=\"1200\" \/>\n\t<meta property=\"og:image:height\" content=\"1200\" \/>\n\t<meta property=\"og:image:type\" content=\"image\/jpeg\" \/>\n<meta name=\"twitter:card\" content=\"summary_large_image\" \/>\n<script type=\"application\/ld+json\" class=\"yoast-schema-graph\">{\"@context\":\"https:\/\/schema.org\",\"@graph\":[{\"@type\":\"WebPage\",\"@id\":\"https:\/\/www.erresse-shop.it\/es\/shop\/pequenos-electrodomesticos\/caso-design-placa-de-induccion-doble-touch-3500\/\",\"url\":\"https:\/\/www.erresse-shop.it\/es\/shop\/pequenos-electrodomesticos\/caso-design-placa-de-induccion-doble-touch-3500\/\",\"name\":\"CASO DESIGN Placa de inducci\u00f3n doble Touch 3500 - Erresse Shop\",\"isPartOf\":{\"@id\":\"https:\/\/www.erresse-shop.it\/es\/#website\"},\"datePublished\":\"2025-08-26T12:04:54+00:00\",\"dateModified\":\"2025-08-26T12:22:30+00:00\",\"description\":\"Cocci\u00f3n flexible y potente: CASO Design Touch 3500 La CASO Design Touch 3500 es una placa de inducci\u00f3n de doble pared con tecnolog\u00eda de cocci\u00f3n moderna y\",\"breadcrumb\":{\"@id\":\"https:\/\/www.erresse-shop.it\/es\/shop\/pequenos-electrodomesticos\/caso-design-placa-de-induccion-doble-touch-3500\/#breadcrumb\"},\"inLanguage\":\"es\",\"potentialAction\":[{\"@type\":\"ReadAction\",\"target\":[\"https:\/\/www.erresse-shop.it\/es\/shop\/pequenos-electrodomesticos\/caso-design-placa-de-induccion-doble-touch-3500\/\"]}]},{\"@type\":\"BreadcrumbList\",\"@id\":\"https:\/\/www.erresse-shop.it\/es\/shop\/pequenos-electrodomesticos\/caso-design-placa-de-induccion-doble-touch-3500\/#breadcrumb\",\"itemListElement\":[{\"@type\":\"ListItem\",\"position\":1,\"name\":\"Home\",\"item\":\"https:\/\/www.erresse-shop.it\/es\/\"},{\"@type\":\"ListItem\",\"position\":2,\"name\":\"Shop\",\"item\":\"https:\/\/www.erresse-shop.it\/es\/shop\/\"},{\"@type\":\"ListItem\",\"position\":3,\"name\":\"CASO DESIGN Placa de inducci\u00f3n doble Touch 3500\"}]},{\"@type\":\"WebSite\",\"@id\":\"https:\/\/www.erresse-shop.it\/es\/#website\",\"url\":\"https:\/\/www.erresse-shop.it\/es\/\",\"name\":\"Erresse Shop\",\"description\":\"Articoli di qualit\u00e0 per la casa\",\"potentialAction\":[{\"@type\":\"SearchAction\",\"target\":{\"@type\":\"EntryPoint\",\"urlTemplate\":\"https:\/\/www.erresse-shop.it\/es\/?s={search_term_string}\"},\"query-input\":\"required name=search_term_string\"}],\"inLanguage\":\"es\"}]}<\/script>\n<!-- \/ Yoast SEO Premium plugin. -->","yoast_head_json":{"title":"CASO DESIGN Placa de inducci\u00f3n doble Touch 3500 - Erresse Shop","description":"Cocci\u00f3n flexible y potente: CASO Design Touch 3500 La CASO Design Touch 3500 es una placa de inducci\u00f3n de doble pared con tecnolog\u00eda de cocci\u00f3n moderna y","robots":{"index":"index","follow":"follow","max-snippet":"max-snippet:-1","max-image-preview":"max-image-preview:large","max-video-preview":"max-video-preview:-1"},"canonical":"https:\/\/www.erresse-shop.it\/es\/shop\/pequenos-electrodomesticos\/caso-design-placa-de-induccion-doble-touch-3500\/","og_locale":"es_ES","og_type":"article","og_title":"CASO DESIGN Placa de inducci\u00f3n doble Touch 3500","og_description":"Cocci\u00f3n flexible y potente: CASO Design Touch 3500 La CASO Design Touch 3500 es una placa de inducci\u00f3n de doble pared con tecnolog\u00eda de cocci\u00f3n moderna y","og_url":"https:\/\/www.erresse-shop.it\/es\/shop\/pequenos-electrodomesticos\/caso-design-placa-de-induccion-doble-touch-3500\/","og_site_name":"Erresse Shop","article_modified_time":"2025-08-26T12:22:30+00:00","og_image":[{"width":1200,"height":1200,"url":"https:\/\/www.erresse-shop.it\/wp-content\/uploads\/2025\/08\/CASO-DESIGN-Doppio-Piano-Cottura-a-Induzione-Touch-3500.jpg","type":"image\/jpeg"}],"twitter_card":"summary_large_image","schema":{"@context":"https:\/\/schema.org","@graph":[{"@type":"WebPage","@id":"https:\/\/www.erresse-shop.it\/es\/shop\/pequenos-electrodomesticos\/caso-design-placa-de-induccion-doble-touch-3500\/","url":"https:\/\/www.erresse-shop.it\/es\/shop\/pequenos-electrodomesticos\/caso-design-placa-de-induccion-doble-touch-3500\/","name":"CASO DESIGN Placa de inducci\u00f3n doble Touch 3500 - Erresse Shop","isPartOf":{"@id":"https:\/\/www.erresse-shop.it\/es\/#website"},"datePublished":"2025-08-26T12:04:54+00:00","dateModified":"2025-08-26T12:22:30+00:00","description":"Cocci\u00f3n flexible y potente: CASO Design Touch 3500 La CASO Design Touch 3500 es una placa de inducci\u00f3n de doble pared con tecnolog\u00eda de cocci\u00f3n moderna y","breadcrumb":{"@id":"https:\/\/www.erresse-shop.it\/es\/shop\/pequenos-electrodomesticos\/caso-design-placa-de-induccion-doble-touch-3500\/#breadcrumb"},"inLanguage":"es","potentialAction":[{"@type":"ReadAction","target":["https:\/\/www.erresse-shop.it\/es\/shop\/pequenos-electrodomesticos\/caso-design-placa-de-induccion-doble-touch-3500\/"]}]},{"@type":"BreadcrumbList","@id":"https:\/\/www.erresse-shop.it\/es\/shop\/pequenos-electrodomesticos\/caso-design-placa-de-induccion-doble-touch-3500\/#breadcrumb","itemListElement":[{"@type":"ListItem","position":1,"name":"Home","item":"https:\/\/www.erresse-shop.it\/es\/"},{"@type":"ListItem","position":2,"name":"Shop","item":"https:\/\/www.erresse-shop.it\/es\/shop\/"},{"@type":"ListItem","position":3,"name":"CASO DESIGN Placa de inducci\u00f3n doble Touch 3500"}]},{"@type":"WebSite","@id":"https:\/\/www.erresse-shop.it\/es\/#website","url":"https:\/\/www.erresse-shop.it\/es\/","name":"Erresse Shop","description":"Articoli di qualit\u00e0 per la casa","potentialAction":[{"@type":"SearchAction","target":{"@type":"EntryPoint","urlTemplate":"https:\/\/www.erresse-shop.it\/es\/?s={search_term_string}"},"query-input":"required name=search_term_string"}],"inLanguage":"es"}]}},"df_price":119.99,"df_sale_price":119.99,"df_regular_price":119.99,"df_image_link":"https:\/\/www.erresse-shop.it\/wp-content\/uploads\/2025\/08\/CASO-DESIGN-Doppio-Piano-Cottura-a-Induzione-Touch-3500-300x300.jpg","_links":{"self":[{"href":"https:\/\/www.erresse-shop.it\/es\/wp-json\/wp\/v2\/product\/510659"}],"collection":[{"href":"https:\/\/www.erresse-shop.it\/es\/wp-json\/wp\/v2\/product"}],"about":[{"href":"https:\/\/www.erresse-shop.it\/es\/wp-json\/wp\/v2\/types\/product"}],"wp:featuredmedia":[{"embeddable":true,"href":"https:\/\/www.erresse-shop.it\/es\/wp-json\/wp\/v2\/media\/510685"}],"wp:attachment":[{"href":"https:\/\/www.erresse-shop.it\/es\/wp-json\/wp\/v2\/media?parent=510659"}],"wp:term":[{"taxonomy":"product_cat","embeddable":true,"href":"https:\/\/www.erresse-shop.it\/es\/wp-json\/wp\/v2\/product_cat?post=510659"},{"taxonomy":"product_tag","embeddable":true,"href":"https:\/\/www.erresse-shop.it\/es\/wp-json\/wp\/v2\/product_tag?post=510659"}],"curies":[{"name":"wp","href":"https:\/\/api.w.org\/{rel}","templated":true}]}}