{"id":510631,"date":"2025-08-26T10:50:09","date_gmt":"2025-08-26T10:50:09","guid":{"rendered":"https:\/\/www.erresse-shop.it\/?post_type=product&#038;p=510631"},"modified":"2025-08-26T11:05:00","modified_gmt":"2025-08-26T11:05:00","slug":"caso-design-cocedor-de-huevos-electrico-e7","status":"publish","type":"product","link":"https:\/\/www.erresse-shop.it\/es\/shop\/pequenos-electrodomesticos\/procesadores-de-alimentos\/caso-design-cocedor-de-huevos-electrico-e7\/","title":{"rendered":"CASO DESIGN Cocedor de huevos el\u00e9ctrico E7"},"content":{"rendered":"<p><strong>Caracter\u00edsticas t\u00e9cnicas:<\/strong><\/p>\n<ul>\n<li>Cocedor electr\u00f3nico de huevos para 7 huevos<\/li>\n<li>Dise\u00f1o de acero inoxidable de alta calidad<\/li>\n<li>Control electr\u00f3nico: no es necesario medir el agua<\/li>\n<li>Sin residuos (cal y minerales) en la placa base, ya que el agua no se evapora completamente<\/li>\n<li>Sin olores por huevos derramados<\/li>\n<li>Recipiente de cocci\u00f3n con revestimiento antiadherente<\/li>\n<li>13 niveles de cocci\u00f3n controlados electr\u00f3nicamente<\/li>\n<li>Luz de control con interruptor de encendido\/apagado<\/li>\n<li>Se\u00f1al ac\u00fastica<\/li>\n<li>Taza medidora con pinchador de huevos<\/li>\n<li>Bandeja para huevos extra\u00edble<\/li>\n<\/ul>\n<p><strong>Dimensiones: 20 x 20 x 15 cm<br \/>\n<strong>Peso: 0,5 kg<br \/>\n<strong>Potencia (vatios):<\/strong> 350<br \/>\n<strong>Voltaje:<\/strong> 230-240 V~, 50 Hz<br \/>\n<strong>Tipo de enchufe:<\/strong> Schuko<br \/>\n<strong>Longitud del cable:<\/strong> 100 cm<\/strong><\/strong><\/p>\n","protected":false},"excerpt":{"rendered":"<p>Caracter\u00edsticas t\u00e9cnicas: Cocedor electr\u00f3nico de huevos para 7 huevos Dise\u00f1o de acero inoxidable de alta calidad Control electr\u00f3nico: no es<\/p>\n","protected":false},"featured_media":510651,"template":"","meta":{"_acf_changed":false,"inline_featured_image":false},"product_cat":[16073,16077],"product_tag":[16259,20922],"acf":[],"yoast_head":"<!-- This site is optimized with the Yoast SEO Premium plugin v18.6 (Yoast SEO v19.13) - https:\/\/yoast.com\/wordpress\/plugins\/seo\/ -->\n<title>CASO DESIGN Cocedor de huevos el\u00e9ctrico E7 - Erresse Shop<\/title>\n<meta name=\"description\" content=\"Caracter\u00edsticas t\u00e9cnicas: Cocedor electr\u00f3nico de huevos para 7 huevos Dise\u00f1o de acero inoxidable de alta calidad Control electr\u00f3nico: no es necesario\" \/>\n<meta name=\"robots\" content=\"index, follow, max-snippet:-1, max-image-preview:large, max-video-preview:-1\" \/>\n<link rel=\"canonical\" href=\"https:\/\/www.erresse-shop.it\/es\/shop\/pequenos-electrodomesticos\/procesadores-de-alimentos\/caso-design-cocedor-de-huevos-electrico-e7\/\" \/>\n<meta property=\"og:locale\" content=\"es_ES\" \/>\n<meta property=\"og:type\" content=\"article\" \/>\n<meta property=\"og:title\" content=\"CASO DESIGN Cocedor de huevos el\u00e9ctrico E7\" \/>\n<meta property=\"og:description\" content=\"Caracter\u00edsticas t\u00e9cnicas: Cocedor electr\u00f3nico de huevos para 7 huevos Dise\u00f1o de acero inoxidable de alta calidad Control electr\u00f3nico: no es necesario\" \/>\n<meta property=\"og:url\" content=\"https:\/\/www.erresse-shop.it\/es\/shop\/pequenos-electrodomesticos\/procesadores-de-alimentos\/caso-design-cocedor-de-huevos-electrico-e7\/\" \/>\n<meta property=\"og:site_name\" content=\"Erresse Shop\" \/>\n<meta property=\"article:modified_time\" content=\"2025-08-26T11:05:00+00:00\" \/>\n<meta property=\"og:image\" content=\"https:\/\/www.erresse-shop.it\/wp-content\/uploads\/2025\/08\/CASO-DESIGN-Cuociuova-Elettrico-E7.jpg\" \/>\n\t<meta property=\"og:image:width\" content=\"1200\" \/>\n\t<meta property=\"og:image:height\" content=\"1200\" \/>\n\t<meta property=\"og:image:type\" content=\"image\/jpeg\" \/>\n<meta name=\"twitter:card\" content=\"summary_large_image\" \/>\n<script type=\"application\/ld+json\" class=\"yoast-schema-graph\">{\"@context\":\"https:\/\/schema.org\",\"@graph\":[{\"@type\":\"WebPage\",\"@id\":\"https:\/\/www.erresse-shop.it\/es\/shop\/pequenos-electrodomesticos\/procesadores-de-alimentos\/caso-design-cocedor-de-huevos-electrico-e7\/\",\"url\":\"https:\/\/www.erresse-shop.it\/es\/shop\/pequenos-electrodomesticos\/procesadores-de-alimentos\/caso-design-cocedor-de-huevos-electrico-e7\/\",\"name\":\"CASO DESIGN Cocedor de huevos el\u00e9ctrico E7 - Erresse Shop\",\"isPartOf\":{\"@id\":\"https:\/\/www.erresse-shop.it\/es\/#website\"},\"datePublished\":\"2025-08-26T10:50:09+00:00\",\"dateModified\":\"2025-08-26T11:05:00+00:00\",\"description\":\"Caracter\u00edsticas t\u00e9cnicas: Cocedor electr\u00f3nico de huevos para 7 huevos Dise\u00f1o de acero inoxidable de alta calidad Control electr\u00f3nico: no es necesario\",\"breadcrumb\":{\"@id\":\"https:\/\/www.erresse-shop.it\/es\/shop\/pequenos-electrodomesticos\/procesadores-de-alimentos\/caso-design-cocedor-de-huevos-electrico-e7\/#breadcrumb\"},\"inLanguage\":\"es\",\"potentialAction\":[{\"@type\":\"ReadAction\",\"target\":[\"https:\/\/www.erresse-shop.it\/es\/shop\/pequenos-electrodomesticos\/procesadores-de-alimentos\/caso-design-cocedor-de-huevos-electrico-e7\/\"]}]},{\"@type\":\"BreadcrumbList\",\"@id\":\"https:\/\/www.erresse-shop.it\/es\/shop\/pequenos-electrodomesticos\/procesadores-de-alimentos\/caso-design-cocedor-de-huevos-electrico-e7\/#breadcrumb\",\"itemListElement\":[{\"@type\":\"ListItem\",\"position\":1,\"name\":\"Home\",\"item\":\"https:\/\/www.erresse-shop.it\/es\/\"},{\"@type\":\"ListItem\",\"position\":2,\"name\":\"Shop\",\"item\":\"https:\/\/www.erresse-shop.it\/es\/shop\/\"},{\"@type\":\"ListItem\",\"position\":3,\"name\":\"CASO DESIGN Cocedor de huevos el\u00e9ctrico E7\"}]},{\"@type\":\"WebSite\",\"@id\":\"https:\/\/www.erresse-shop.it\/es\/#website\",\"url\":\"https:\/\/www.erresse-shop.it\/es\/\",\"name\":\"Erresse Shop\",\"description\":\"Articoli di qualit\u00e0 per la casa\",\"potentialAction\":[{\"@type\":\"SearchAction\",\"target\":{\"@type\":\"EntryPoint\",\"urlTemplate\":\"https:\/\/www.erresse-shop.it\/es\/?s={search_term_string}\"},\"query-input\":\"required name=search_term_string\"}],\"inLanguage\":\"es\"}]}<\/script>\n<!-- \/ Yoast SEO Premium plugin. -->","yoast_head_json":{"title":"CASO DESIGN Cocedor de huevos el\u00e9ctrico E7 - Erresse Shop","description":"Caracter\u00edsticas t\u00e9cnicas: Cocedor electr\u00f3nico de huevos para 7 huevos Dise\u00f1o de acero inoxidable de alta calidad Control electr\u00f3nico: no es necesario","robots":{"index":"index","follow":"follow","max-snippet":"max-snippet:-1","max-image-preview":"max-image-preview:large","max-video-preview":"max-video-preview:-1"},"canonical":"https:\/\/www.erresse-shop.it\/es\/shop\/pequenos-electrodomesticos\/procesadores-de-alimentos\/caso-design-cocedor-de-huevos-electrico-e7\/","og_locale":"es_ES","og_type":"article","og_title":"CASO DESIGN Cocedor de huevos el\u00e9ctrico E7","og_description":"Caracter\u00edsticas t\u00e9cnicas: Cocedor electr\u00f3nico de huevos para 7 huevos Dise\u00f1o de acero inoxidable de alta calidad Control electr\u00f3nico: no es necesario","og_url":"https:\/\/www.erresse-shop.it\/es\/shop\/pequenos-electrodomesticos\/procesadores-de-alimentos\/caso-design-cocedor-de-huevos-electrico-e7\/","og_site_name":"Erresse Shop","article_modified_time":"2025-08-26T11:05:00+00:00","og_image":[{"width":1200,"height":1200,"url":"https:\/\/www.erresse-shop.it\/wp-content\/uploads\/2025\/08\/CASO-DESIGN-Cuociuova-Elettrico-E7.jpg","type":"image\/jpeg"}],"twitter_card":"summary_large_image","schema":{"@context":"https:\/\/schema.org","@graph":[{"@type":"WebPage","@id":"https:\/\/www.erresse-shop.it\/es\/shop\/pequenos-electrodomesticos\/procesadores-de-alimentos\/caso-design-cocedor-de-huevos-electrico-e7\/","url":"https:\/\/www.erresse-shop.it\/es\/shop\/pequenos-electrodomesticos\/procesadores-de-alimentos\/caso-design-cocedor-de-huevos-electrico-e7\/","name":"CASO DESIGN Cocedor de huevos el\u00e9ctrico E7 - Erresse Shop","isPartOf":{"@id":"https:\/\/www.erresse-shop.it\/es\/#website"},"datePublished":"2025-08-26T10:50:09+00:00","dateModified":"2025-08-26T11:05:00+00:00","description":"Caracter\u00edsticas t\u00e9cnicas: Cocedor electr\u00f3nico de huevos para 7 huevos Dise\u00f1o de acero inoxidable de alta calidad Control electr\u00f3nico: no es necesario","breadcrumb":{"@id":"https:\/\/www.erresse-shop.it\/es\/shop\/pequenos-electrodomesticos\/procesadores-de-alimentos\/caso-design-cocedor-de-huevos-electrico-e7\/#breadcrumb"},"inLanguage":"es","potentialAction":[{"@type":"ReadAction","target":["https:\/\/www.erresse-shop.it\/es\/shop\/pequenos-electrodomesticos\/procesadores-de-alimentos\/caso-design-cocedor-de-huevos-electrico-e7\/"]}]},{"@type":"BreadcrumbList","@id":"https:\/\/www.erresse-shop.it\/es\/shop\/pequenos-electrodomesticos\/procesadores-de-alimentos\/caso-design-cocedor-de-huevos-electrico-e7\/#breadcrumb","itemListElement":[{"@type":"ListItem","position":1,"name":"Home","item":"https:\/\/www.erresse-shop.it\/es\/"},{"@type":"ListItem","position":2,"name":"Shop","item":"https:\/\/www.erresse-shop.it\/es\/shop\/"},{"@type":"ListItem","position":3,"name":"CASO DESIGN Cocedor de huevos el\u00e9ctrico E7"}]},{"@type":"WebSite","@id":"https:\/\/www.erresse-shop.it\/es\/#website","url":"https:\/\/www.erresse-shop.it\/es\/","name":"Erresse Shop","description":"Articoli di qualit\u00e0 per la casa","potentialAction":[{"@type":"SearchAction","target":{"@type":"EntryPoint","urlTemplate":"https:\/\/www.erresse-shop.it\/es\/?s={search_term_string}"},"query-input":"required name=search_term_string"}],"inLanguage":"es"}]}},"df_price":39.99,"df_sale_price":39.99,"df_regular_price":39.99,"df_image_link":"https:\/\/www.erresse-shop.it\/wp-content\/uploads\/2025\/08\/CASO-DESIGN-Cuociuova-Elettrico-E7-300x300.jpg","_links":{"self":[{"href":"https:\/\/www.erresse-shop.it\/es\/wp-json\/wp\/v2\/product\/510631"}],"collection":[{"href":"https:\/\/www.erresse-shop.it\/es\/wp-json\/wp\/v2\/product"}],"about":[{"href":"https:\/\/www.erresse-shop.it\/es\/wp-json\/wp\/v2\/types\/product"}],"wp:featuredmedia":[{"embeddable":true,"href":"https:\/\/www.erresse-shop.it\/es\/wp-json\/wp\/v2\/media\/510651"}],"wp:attachment":[{"href":"https:\/\/www.erresse-shop.it\/es\/wp-json\/wp\/v2\/media?parent=510631"}],"wp:term":[{"taxonomy":"product_cat","embeddable":true,"href":"https:\/\/www.erresse-shop.it\/es\/wp-json\/wp\/v2\/product_cat?post=510631"},{"taxonomy":"product_tag","embeddable":true,"href":"https:\/\/www.erresse-shop.it\/es\/wp-json\/wp\/v2\/product_tag?post=510631"}],"curies":[{"name":"wp","href":"https:\/\/api.w.org\/{rel}","templated":true}]}}