{"id":510597,"date":"2025-08-26T10:25:47","date_gmt":"2025-08-26T10:25:47","guid":{"rendered":"https:\/\/www.erresse-shop.it\/?post_type=product&#038;p=510597"},"modified":"2025-08-26T10:46:39","modified_gmt":"2025-08-26T10:46:39","slug":"caso-design-hervidor-electrico-hw-770-advanced","status":"publish","type":"product","link":"https:\/\/www.erresse-shop.it\/es\/shop\/pequenos-electrodomesticos\/hervidores-electricos\/caso-design-hervidor-electrico-hw-770-advanced\/","title":{"rendered":"CASO DESIGN Hervidor el\u00e9ctrico HW 770 Advanced"},"content":{"rendered":"<p><strong>Erogatore di acqua calda CASO Design &#8220;HW 770 Advanced&#8221;: velocidad como la luz y un bajo consumo energ\u00e9tico. Un nuevo modo de pensar cuando se bolle el agua.<\/strong><\/p>\n<p>Este fant\u00e1stico aparato monta el contrato de agua bollente y acepta el consumo hasta el 50% de la energ\u00eda, el agua y el ritmo de los bollitori tradicionales. Con un tempo di riscaldamento rapidissimo di soli 7 secondi, l&#8217;acqua calda \u00e8 pronta in un batter d&#8217;occhio.<\/p>\n<p>Gracias a la selecci\u00f3n individual de temperatura de 13 niveles, de 40 a 100 \u00b0C con incrementos de 5 \u00b0C, el HW 770 Advanced es perfecto para cualquier tipo de t\u00e9. I 7 dosificadores de cantidad consentono di misurare con precisione la cantidad de riempimento desiderata, de 100 a 400 ml, nonch\u00e9 la erogazione continua.<\/p>\n<p><strong>Massima flexibilidad para cada amante del t\u00e9: la funci\u00f3n Memory<\/strong><\/p>\n<p>Il pratico pulsante Memory memoriza la temperatura de la infusi\u00f3n y la cantidad de agua preferida, de modo que il tuo t\u00e8 prefiere sia siempre preparato alla perfezione senza dover effettuare lunghe impostazioni.<\/p>\n<p>El cuerpo en acero inoxidable de alta calidad y la pantalla de f\u00e1cil lectura con control por sensor t\u00e1ctil no solo confieren al HW 770 Advanced un aspecto moderno, pero lo rendono tambi\u00e9n es f\u00e1cil de usar.<\/p>\n<p>Con un serbatoio dell&#8217;acqua rimovibile da 2,7 litros, un filtro dell&#8217;acqua incluso para una calidad dell&#8217;acqua perfetta e una memoria de descalcificaci\u00f3n y una modalidad de limpieza integrada, el HW 770 Advanced ofrece todo lo necesario para una bollitura dell&#8217;acqua comoda e affidabile. Provalo subito e scopri il futuro dell&#8217;acqua bollente!<\/p>\n<p><strong>CASO Design HW 770 Advanced &#8211; Caracter\u00edsticas principales:<\/strong><\/p>\n<ul>\n<li>Risparmia fina al 50% di energ\u00eda, acqua e tempo rispetto ai bollitori elettrici<\/li>\n<li>Acqua calda in soli 7 segundos<\/li>\n<li>Selecci\u00f3n individual de la temperatura de 40 a 100 \u00b0C con incrementos de 5 \u00b0C<\/li>\n<li>7 niveles de volumen por cantidad de volumen preciso: 100 \/ 150 \/ 200 \/ 250 \/ 300 \/ 350 \/ 400 ml<\/li>\n<li>Pulsante de memoria integrada para imposiciones inmediatas<\/li>\n<li>Cuerpo en acero inoxidable de alta calidad para un dise\u00f1o moderno<\/li>\n<li>Pantalla de lectura f\u00e1cil con control t\u00e1ctil sensor de movimiento<\/li>\n<li>Amplio serbatoio dell&#8217;acqua rimovibile da 2,7 litros por un f\u00e1cil riempimento<\/li>\n<li>Filtro dell&#8217;acqua incluso para una calidad dell&#8217;acqua perfetta<\/li>\n<li>Adatto a tazze particolarmente alte (da asporto)<\/li>\n<\/ul>\n<p><strong>Estas caracter\u00edsticas \u00fanicas rendono el HW 770 Advanced cos\u00ec speciale.<\/strong><\/p>\n<p>Los puntos de la fuerza del HW 770 Advanced son la amplitud de selecci\u00f3n de temperatura, la funci\u00f3n de memoria y el dise\u00f1o de alta calidad, entre ellos el HW 660, por ejemplo, si se distinguen por la simplicidad de uso y el dise\u00f1o compatible.<\/p>\n","protected":false},"excerpt":{"rendered":"<p>Erogatore di acqua calda CASO Design &#8220;HW 770 Advanced&#8221;: velocidad como la luz y un bajo consumo energ\u00e9tico. Un nuevo<\/p>\n","protected":false},"featured_media":510623,"template":"","meta":{"_acf_changed":false,"inline_featured_image":false},"product_cat":[16074,16073],"product_tag":[16258,16383],"acf":[],"yoast_head":"<!-- This site is optimized with the Yoast SEO Premium plugin v18.6 (Yoast SEO v19.13) - https:\/\/yoast.com\/wordpress\/plugins\/seo\/ -->\n<title>CASO DESIGN Hervidor el\u00e9ctrico HW 770 Advanced - Erresse Shop<\/title>\n<meta name=\"description\" content=\"Erogatore di acqua calda CASO Design &quot;HW 770 Advanced&quot;: velocidad como la luz y un bajo consumo energ\u00e9tico. Un nuevo modo de pensar cuando se bolle el\" \/>\n<meta name=\"robots\" content=\"index, follow, max-snippet:-1, max-image-preview:large, max-video-preview:-1\" \/>\n<link rel=\"canonical\" href=\"https:\/\/www.erresse-shop.it\/es\/shop\/pequenos-electrodomesticos\/hervidores-electricos\/caso-design-hervidor-electrico-hw-770-advanced\/\" \/>\n<meta property=\"og:locale\" content=\"es_ES\" \/>\n<meta property=\"og:type\" content=\"article\" \/>\n<meta property=\"og:title\" content=\"CASO DESIGN Hervidor el\u00e9ctrico HW 770 Advanced\" \/>\n<meta property=\"og:description\" content=\"Erogatore di acqua calda CASO Design &quot;HW 770 Advanced&quot;: velocidad como la luz y un bajo consumo energ\u00e9tico. Un nuevo modo de pensar cuando se bolle el\" \/>\n<meta property=\"og:url\" content=\"https:\/\/www.erresse-shop.it\/es\/shop\/pequenos-electrodomesticos\/hervidores-electricos\/caso-design-hervidor-electrico-hw-770-advanced\/\" \/>\n<meta property=\"og:site_name\" content=\"Erresse Shop\" \/>\n<meta property=\"article:modified_time\" content=\"2025-08-26T10:46:39+00:00\" \/>\n<meta property=\"og:image\" content=\"https:\/\/www.erresse-shop.it\/wp-content\/uploads\/2025\/08\/CASO-DESIGN-Bollitore-HW-770-Advanced.jpg\" \/>\n\t<meta property=\"og:image:width\" content=\"1200\" \/>\n\t<meta property=\"og:image:height\" content=\"1200\" \/>\n\t<meta property=\"og:image:type\" content=\"image\/jpeg\" \/>\n<meta name=\"twitter:card\" content=\"summary_large_image\" \/>\n<script type=\"application\/ld+json\" class=\"yoast-schema-graph\">{\"@context\":\"https:\/\/schema.org\",\"@graph\":[{\"@type\":\"WebPage\",\"@id\":\"https:\/\/www.erresse-shop.it\/es\/shop\/pequenos-electrodomesticos\/hervidores-electricos\/caso-design-hervidor-electrico-hw-770-advanced\/\",\"url\":\"https:\/\/www.erresse-shop.it\/es\/shop\/pequenos-electrodomesticos\/hervidores-electricos\/caso-design-hervidor-electrico-hw-770-advanced\/\",\"name\":\"CASO DESIGN Hervidor el\u00e9ctrico HW 770 Advanced - Erresse Shop\",\"isPartOf\":{\"@id\":\"https:\/\/www.erresse-shop.it\/es\/#website\"},\"datePublished\":\"2025-08-26T10:25:47+00:00\",\"dateModified\":\"2025-08-26T10:46:39+00:00\",\"description\":\"Erogatore di acqua calda CASO Design \\\"HW 770 Advanced\\\": velocidad como la luz y un bajo consumo energ\u00e9tico. Un nuevo modo de pensar cuando se bolle el\",\"breadcrumb\":{\"@id\":\"https:\/\/www.erresse-shop.it\/es\/shop\/pequenos-electrodomesticos\/hervidores-electricos\/caso-design-hervidor-electrico-hw-770-advanced\/#breadcrumb\"},\"inLanguage\":\"es\",\"potentialAction\":[{\"@type\":\"ReadAction\",\"target\":[\"https:\/\/www.erresse-shop.it\/es\/shop\/pequenos-electrodomesticos\/hervidores-electricos\/caso-design-hervidor-electrico-hw-770-advanced\/\"]}]},{\"@type\":\"BreadcrumbList\",\"@id\":\"https:\/\/www.erresse-shop.it\/es\/shop\/pequenos-electrodomesticos\/hervidores-electricos\/caso-design-hervidor-electrico-hw-770-advanced\/#breadcrumb\",\"itemListElement\":[{\"@type\":\"ListItem\",\"position\":1,\"name\":\"Home\",\"item\":\"https:\/\/www.erresse-shop.it\/es\/\"},{\"@type\":\"ListItem\",\"position\":2,\"name\":\"Shop\",\"item\":\"https:\/\/www.erresse-shop.it\/es\/shop\/\"},{\"@type\":\"ListItem\",\"position\":3,\"name\":\"CASO DESIGN Hervidor el\u00e9ctrico HW 770 Advanced\"}]},{\"@type\":\"WebSite\",\"@id\":\"https:\/\/www.erresse-shop.it\/es\/#website\",\"url\":\"https:\/\/www.erresse-shop.it\/es\/\",\"name\":\"Erresse Shop\",\"description\":\"Articoli di qualit\u00e0 per la casa\",\"potentialAction\":[{\"@type\":\"SearchAction\",\"target\":{\"@type\":\"EntryPoint\",\"urlTemplate\":\"https:\/\/www.erresse-shop.it\/es\/?s={search_term_string}\"},\"query-input\":\"required name=search_term_string\"}],\"inLanguage\":\"es\"}]}<\/script>\n<!-- \/ Yoast SEO Premium plugin. -->","yoast_head_json":{"title":"CASO DESIGN Hervidor el\u00e9ctrico HW 770 Advanced - Erresse Shop","description":"Erogatore di acqua calda CASO Design \"HW 770 Advanced\": velocidad como la luz y un bajo consumo energ\u00e9tico. Un nuevo modo de pensar cuando se bolle el","robots":{"index":"index","follow":"follow","max-snippet":"max-snippet:-1","max-image-preview":"max-image-preview:large","max-video-preview":"max-video-preview:-1"},"canonical":"https:\/\/www.erresse-shop.it\/es\/shop\/pequenos-electrodomesticos\/hervidores-electricos\/caso-design-hervidor-electrico-hw-770-advanced\/","og_locale":"es_ES","og_type":"article","og_title":"CASO DESIGN Hervidor el\u00e9ctrico HW 770 Advanced","og_description":"Erogatore di acqua calda CASO Design \"HW 770 Advanced\": velocidad como la luz y un bajo consumo energ\u00e9tico. Un nuevo modo de pensar cuando se bolle el","og_url":"https:\/\/www.erresse-shop.it\/es\/shop\/pequenos-electrodomesticos\/hervidores-electricos\/caso-design-hervidor-electrico-hw-770-advanced\/","og_site_name":"Erresse Shop","article_modified_time":"2025-08-26T10:46:39+00:00","og_image":[{"width":1200,"height":1200,"url":"https:\/\/www.erresse-shop.it\/wp-content\/uploads\/2025\/08\/CASO-DESIGN-Bollitore-HW-770-Advanced.jpg","type":"image\/jpeg"}],"twitter_card":"summary_large_image","schema":{"@context":"https:\/\/schema.org","@graph":[{"@type":"WebPage","@id":"https:\/\/www.erresse-shop.it\/es\/shop\/pequenos-electrodomesticos\/hervidores-electricos\/caso-design-hervidor-electrico-hw-770-advanced\/","url":"https:\/\/www.erresse-shop.it\/es\/shop\/pequenos-electrodomesticos\/hervidores-electricos\/caso-design-hervidor-electrico-hw-770-advanced\/","name":"CASO DESIGN Hervidor el\u00e9ctrico HW 770 Advanced - Erresse Shop","isPartOf":{"@id":"https:\/\/www.erresse-shop.it\/es\/#website"},"datePublished":"2025-08-26T10:25:47+00:00","dateModified":"2025-08-26T10:46:39+00:00","description":"Erogatore di acqua calda CASO Design \"HW 770 Advanced\": velocidad como la luz y un bajo consumo energ\u00e9tico. Un nuevo modo de pensar cuando se bolle el","breadcrumb":{"@id":"https:\/\/www.erresse-shop.it\/es\/shop\/pequenos-electrodomesticos\/hervidores-electricos\/caso-design-hervidor-electrico-hw-770-advanced\/#breadcrumb"},"inLanguage":"es","potentialAction":[{"@type":"ReadAction","target":["https:\/\/www.erresse-shop.it\/es\/shop\/pequenos-electrodomesticos\/hervidores-electricos\/caso-design-hervidor-electrico-hw-770-advanced\/"]}]},{"@type":"BreadcrumbList","@id":"https:\/\/www.erresse-shop.it\/es\/shop\/pequenos-electrodomesticos\/hervidores-electricos\/caso-design-hervidor-electrico-hw-770-advanced\/#breadcrumb","itemListElement":[{"@type":"ListItem","position":1,"name":"Home","item":"https:\/\/www.erresse-shop.it\/es\/"},{"@type":"ListItem","position":2,"name":"Shop","item":"https:\/\/www.erresse-shop.it\/es\/shop\/"},{"@type":"ListItem","position":3,"name":"CASO DESIGN Hervidor el\u00e9ctrico HW 770 Advanced"}]},{"@type":"WebSite","@id":"https:\/\/www.erresse-shop.it\/es\/#website","url":"https:\/\/www.erresse-shop.it\/es\/","name":"Erresse Shop","description":"Articoli di qualit\u00e0 per la casa","potentialAction":[{"@type":"SearchAction","target":{"@type":"EntryPoint","urlTemplate":"https:\/\/www.erresse-shop.it\/es\/?s={search_term_string}"},"query-input":"required name=search_term_string"}],"inLanguage":"es"}]}},"df_price":139.99,"df_sale_price":139.99,"df_regular_price":139.99,"df_image_link":"https:\/\/www.erresse-shop.it\/wp-content\/uploads\/2025\/08\/CASO-DESIGN-Bollitore-HW-770-Advanced-300x300.jpg","_links":{"self":[{"href":"https:\/\/www.erresse-shop.it\/es\/wp-json\/wp\/v2\/product\/510597"}],"collection":[{"href":"https:\/\/www.erresse-shop.it\/es\/wp-json\/wp\/v2\/product"}],"about":[{"href":"https:\/\/www.erresse-shop.it\/es\/wp-json\/wp\/v2\/types\/product"}],"wp:featuredmedia":[{"embeddable":true,"href":"https:\/\/www.erresse-shop.it\/es\/wp-json\/wp\/v2\/media\/510623"}],"wp:attachment":[{"href":"https:\/\/www.erresse-shop.it\/es\/wp-json\/wp\/v2\/media?parent=510597"}],"wp:term":[{"taxonomy":"product_cat","embeddable":true,"href":"https:\/\/www.erresse-shop.it\/es\/wp-json\/wp\/v2\/product_cat?post=510597"},{"taxonomy":"product_tag","embeddable":true,"href":"https:\/\/www.erresse-shop.it\/es\/wp-json\/wp\/v2\/product_tag?post=510597"}],"curies":[{"name":"wp","href":"https:\/\/api.w.org\/{rel}","templated":true}]}}