{"id":510441,"date":"2025-08-21T07:42:32","date_gmt":"2025-08-21T07:42:36","guid":{"rendered":"https:\/\/www.erresse-shop.it\/?post_type=product&#038;p=510441"},"modified":"2025-08-21T07:57:21","modified_gmt":"2025-08-21T07:57:21","slug":"joseph-joseph-tabla-de-planchar-plegable-gris","status":"publish","type":"product","link":"https:\/\/www.erresse-shop.it\/es\/shop\/mobiliario\/tablas-de-planchar\/joseph-joseph-tabla-de-planchar-plegable-gris\/","title":{"rendered":"JOSEPH JOSEPH Tabla de planchar plegable Gris"},"content":{"rendered":"<p>Las tablas de planchar suelen ser dif\u00edciles de instalar y guardar. Sin embargo, Pocket rompe con el molde. Dise\u00f1amos nuestra revolucionaria tabla de planchar de sobremesa con una capacidad de almacenamiento excepcional y una funcionalidad impecable.<\/p>\n<p>Cuando no se usa, Pocket se pliega por la mitad para guardarla f\u00e1cilmente e incluso cuenta con un compartimento integrado para la plancha.<\/p>\n<ul>\n<li>Dise\u00f1o plegable compacto<\/li>\n<li>Compartimento de almacenamiento integrado para la plancha<\/li>\n<li>Percha independiente incluida para guardarla f\u00e1cilmente<\/li>\n<li>Funda 100 % algod\u00f3n f\u00e1cil de reemplazar con base acolchada<\/li>\n<li>Amplia superficie de planchado<\/li>\n<\/ul>\n<p><strong>Cuidado y uso:<\/strong><\/p>\n<ul>\n<li>Montaje en pared: Se incluyen soporte, tornillos y tacos para montar la Pocket en una superficie adecuada.<\/li>\n<li>Funda: Limpiar solo con un pa\u00f1o h\u00famedo; no lavar a m\u00e1quina.<\/li>\n<li>Estructura: Limpiar con un pa\u00f1o h\u00famedo; No utilice pa\u00f1os abrasivos ni limpiadores qu\u00edmicos agresivos.<\/li>\n<li>Precauci\u00f3n: Deje que la plancha se enfr\u00ede a temperatura ambiente antes de guardarla en el compartimento.<\/li>\n<li>Aseg\u00farese de que la funda est\u00e9 seca antes de doblarla y guardarla.<\/li>\n<li>Mantenga a los ni\u00f1os alejados de la tabla de planchar cuando est\u00e9 en uso y gu\u00e1rdela de forma segura despu\u00e9s de usarla.<\/li>\n<li>El armaz\u00f3n tiene una garant\u00eda de 3 a\u00f1os contra defectos de fabricaci\u00f3n; encontrar\u00e1 m\u00e1s informaci\u00f3n en nuestra p\u00e1gina de garant\u00eda aqu\u00ed. El resto de las piezas tienen una garant\u00eda de 2 a\u00f1os.<\/li>\n<li>Plancha no incluida.<\/li>\n<\/ul>\n<p><strong>Dimensiones<\/strong>:<\/p>\n<p>Cerrada: 45,5 x 34 x 15,5 cm (18 x 13,5 x 6,5 pulgadas)<\/p>\n<p>Superficie de planchado: 90 x 33 cm (35,5 x 13 pulgadas)<\/p>\n<p>Abierta, la superficie de planchado est\u00e1 a 11 cm (4,5 pulgadas) del tablero.<\/p>\n<p><strong>Peso:<\/strong> 2,62 kg<\/p>\n","protected":false},"excerpt":{"rendered":"<p>Las tablas de planchar suelen ser dif\u00edciles de instalar y guardar. Sin embargo, Pocket rompe con el molde. Dise\u00f1amos nuestra<\/p>\n","protected":false},"featured_media":510467,"template":"","meta":{"_acf_changed":false,"inline_featured_image":false},"product_cat":[16016,18097],"product_tag":[25029,18478,16134,25023],"acf":[],"yoast_head":"<!-- This site is optimized with the Yoast SEO Premium plugin v18.6 (Yoast SEO v19.13) - https:\/\/yoast.com\/wordpress\/plugins\/seo\/ -->\n<title>JOSEPH JOSEPH Tabla de planchar plegable Gris - Erresse Shop<\/title>\n<meta name=\"description\" content=\"Las tablas de planchar suelen ser dif\u00edciles de instalar y guardar. Sin embargo, Pocket rompe con el molde. Dise\u00f1amos nuestra revolucionaria tabla de\" \/>\n<meta name=\"robots\" content=\"index, follow, max-snippet:-1, max-image-preview:large, max-video-preview:-1\" \/>\n<link rel=\"canonical\" href=\"https:\/\/www.erresse-shop.it\/es\/shop\/mobiliario\/tablas-de-planchar\/joseph-joseph-tabla-de-planchar-plegable-gris\/\" \/>\n<meta property=\"og:locale\" content=\"es_ES\" \/>\n<meta property=\"og:type\" content=\"article\" \/>\n<meta property=\"og:title\" content=\"JOSEPH JOSEPH Tabla de planchar plegable Gris\" \/>\n<meta property=\"og:description\" content=\"Las tablas de planchar suelen ser dif\u00edciles de instalar y guardar. Sin embargo, Pocket rompe con el molde. Dise\u00f1amos nuestra revolucionaria tabla de\" \/>\n<meta property=\"og:url\" content=\"https:\/\/www.erresse-shop.it\/es\/shop\/mobiliario\/tablas-de-planchar\/joseph-joseph-tabla-de-planchar-plegable-gris\/\" \/>\n<meta property=\"og:site_name\" content=\"Erresse Shop\" \/>\n<meta property=\"article:modified_time\" content=\"2025-08-21T07:57:21+00:00\" \/>\n<meta property=\"og:image\" content=\"https:\/\/www.erresse-shop.it\/wp-content\/uploads\/2025\/08\/JOSEPH-Asse-da-Stiro-Pieghevole-Grigio.jpg\" \/>\n\t<meta property=\"og:image:width\" content=\"1200\" \/>\n\t<meta property=\"og:image:height\" content=\"1200\" \/>\n\t<meta property=\"og:image:type\" content=\"image\/jpeg\" \/>\n<meta name=\"twitter:card\" content=\"summary_large_image\" \/>\n<script type=\"application\/ld+json\" class=\"yoast-schema-graph\">{\"@context\":\"https:\/\/schema.org\",\"@graph\":[{\"@type\":\"WebPage\",\"@id\":\"https:\/\/www.erresse-shop.it\/es\/shop\/mobiliario\/tablas-de-planchar\/joseph-joseph-tabla-de-planchar-plegable-gris\/\",\"url\":\"https:\/\/www.erresse-shop.it\/es\/shop\/mobiliario\/tablas-de-planchar\/joseph-joseph-tabla-de-planchar-plegable-gris\/\",\"name\":\"JOSEPH JOSEPH Tabla de planchar plegable Gris - Erresse Shop\",\"isPartOf\":{\"@id\":\"https:\/\/www.erresse-shop.it\/es\/#website\"},\"datePublished\":\"2025-08-21T07:42:36+00:00\",\"dateModified\":\"2025-08-21T07:57:21+00:00\",\"description\":\"Las tablas de planchar suelen ser dif\u00edciles de instalar y guardar. Sin embargo, Pocket rompe con el molde. Dise\u00f1amos nuestra revolucionaria tabla de\",\"breadcrumb\":{\"@id\":\"https:\/\/www.erresse-shop.it\/es\/shop\/mobiliario\/tablas-de-planchar\/joseph-joseph-tabla-de-planchar-plegable-gris\/#breadcrumb\"},\"inLanguage\":\"es\",\"potentialAction\":[{\"@type\":\"ReadAction\",\"target\":[\"https:\/\/www.erresse-shop.it\/es\/shop\/mobiliario\/tablas-de-planchar\/joseph-joseph-tabla-de-planchar-plegable-gris\/\"]}]},{\"@type\":\"BreadcrumbList\",\"@id\":\"https:\/\/www.erresse-shop.it\/es\/shop\/mobiliario\/tablas-de-planchar\/joseph-joseph-tabla-de-planchar-plegable-gris\/#breadcrumb\",\"itemListElement\":[{\"@type\":\"ListItem\",\"position\":1,\"name\":\"Home\",\"item\":\"https:\/\/www.erresse-shop.it\/es\/\"},{\"@type\":\"ListItem\",\"position\":2,\"name\":\"Shop\",\"item\":\"https:\/\/www.erresse-shop.it\/es\/shop\/\"},{\"@type\":\"ListItem\",\"position\":3,\"name\":\"JOSEPH JOSEPH Tabla de planchar plegable Gris\"}]},{\"@type\":\"WebSite\",\"@id\":\"https:\/\/www.erresse-shop.it\/es\/#website\",\"url\":\"https:\/\/www.erresse-shop.it\/es\/\",\"name\":\"Erresse Shop\",\"description\":\"Articoli di qualit\u00e0 per la casa\",\"potentialAction\":[{\"@type\":\"SearchAction\",\"target\":{\"@type\":\"EntryPoint\",\"urlTemplate\":\"https:\/\/www.erresse-shop.it\/es\/?s={search_term_string}\"},\"query-input\":\"required name=search_term_string\"}],\"inLanguage\":\"es\"}]}<\/script>\n<!-- \/ Yoast SEO Premium plugin. -->","yoast_head_json":{"title":"JOSEPH JOSEPH Tabla de planchar plegable Gris - Erresse Shop","description":"Las tablas de planchar suelen ser dif\u00edciles de instalar y guardar. Sin embargo, Pocket rompe con el molde. Dise\u00f1amos nuestra revolucionaria tabla de","robots":{"index":"index","follow":"follow","max-snippet":"max-snippet:-1","max-image-preview":"max-image-preview:large","max-video-preview":"max-video-preview:-1"},"canonical":"https:\/\/www.erresse-shop.it\/es\/shop\/mobiliario\/tablas-de-planchar\/joseph-joseph-tabla-de-planchar-plegable-gris\/","og_locale":"es_ES","og_type":"article","og_title":"JOSEPH JOSEPH Tabla de planchar plegable Gris","og_description":"Las tablas de planchar suelen ser dif\u00edciles de instalar y guardar. Sin embargo, Pocket rompe con el molde. Dise\u00f1amos nuestra revolucionaria tabla de","og_url":"https:\/\/www.erresse-shop.it\/es\/shop\/mobiliario\/tablas-de-planchar\/joseph-joseph-tabla-de-planchar-plegable-gris\/","og_site_name":"Erresse Shop","article_modified_time":"2025-08-21T07:57:21+00:00","og_image":[{"width":1200,"height":1200,"url":"https:\/\/www.erresse-shop.it\/wp-content\/uploads\/2025\/08\/JOSEPH-Asse-da-Stiro-Pieghevole-Grigio.jpg","type":"image\/jpeg"}],"twitter_card":"summary_large_image","schema":{"@context":"https:\/\/schema.org","@graph":[{"@type":"WebPage","@id":"https:\/\/www.erresse-shop.it\/es\/shop\/mobiliario\/tablas-de-planchar\/joseph-joseph-tabla-de-planchar-plegable-gris\/","url":"https:\/\/www.erresse-shop.it\/es\/shop\/mobiliario\/tablas-de-planchar\/joseph-joseph-tabla-de-planchar-plegable-gris\/","name":"JOSEPH JOSEPH Tabla de planchar plegable Gris - Erresse Shop","isPartOf":{"@id":"https:\/\/www.erresse-shop.it\/es\/#website"},"datePublished":"2025-08-21T07:42:36+00:00","dateModified":"2025-08-21T07:57:21+00:00","description":"Las tablas de planchar suelen ser dif\u00edciles de instalar y guardar. Sin embargo, Pocket rompe con el molde. Dise\u00f1amos nuestra revolucionaria tabla de","breadcrumb":{"@id":"https:\/\/www.erresse-shop.it\/es\/shop\/mobiliario\/tablas-de-planchar\/joseph-joseph-tabla-de-planchar-plegable-gris\/#breadcrumb"},"inLanguage":"es","potentialAction":[{"@type":"ReadAction","target":["https:\/\/www.erresse-shop.it\/es\/shop\/mobiliario\/tablas-de-planchar\/joseph-joseph-tabla-de-planchar-plegable-gris\/"]}]},{"@type":"BreadcrumbList","@id":"https:\/\/www.erresse-shop.it\/es\/shop\/mobiliario\/tablas-de-planchar\/joseph-joseph-tabla-de-planchar-plegable-gris\/#breadcrumb","itemListElement":[{"@type":"ListItem","position":1,"name":"Home","item":"https:\/\/www.erresse-shop.it\/es\/"},{"@type":"ListItem","position":2,"name":"Shop","item":"https:\/\/www.erresse-shop.it\/es\/shop\/"},{"@type":"ListItem","position":3,"name":"JOSEPH JOSEPH Tabla de planchar plegable Gris"}]},{"@type":"WebSite","@id":"https:\/\/www.erresse-shop.it\/es\/#website","url":"https:\/\/www.erresse-shop.it\/es\/","name":"Erresse Shop","description":"Articoli di qualit\u00e0 per la casa","potentialAction":[{"@type":"SearchAction","target":{"@type":"EntryPoint","urlTemplate":"https:\/\/www.erresse-shop.it\/es\/?s={search_term_string}"},"query-input":"required name=search_term_string"}],"inLanguage":"es"}]}},"df_price":82.95,"df_sale_price":82.95,"df_regular_price":119.99,"df_image_link":"https:\/\/www.erresse-shop.it\/wp-content\/uploads\/2025\/08\/JOSEPH-Asse-da-Stiro-Pieghevole-Grigio-300x300.jpg","_links":{"self":[{"href":"https:\/\/www.erresse-shop.it\/es\/wp-json\/wp\/v2\/product\/510441"}],"collection":[{"href":"https:\/\/www.erresse-shop.it\/es\/wp-json\/wp\/v2\/product"}],"about":[{"href":"https:\/\/www.erresse-shop.it\/es\/wp-json\/wp\/v2\/types\/product"}],"wp:featuredmedia":[{"embeddable":true,"href":"https:\/\/www.erresse-shop.it\/es\/wp-json\/wp\/v2\/media\/510467"}],"wp:attachment":[{"href":"https:\/\/www.erresse-shop.it\/es\/wp-json\/wp\/v2\/media?parent=510441"}],"wp:term":[{"taxonomy":"product_cat","embeddable":true,"href":"https:\/\/www.erresse-shop.it\/es\/wp-json\/wp\/v2\/product_cat?post=510441"},{"taxonomy":"product_tag","embeddable":true,"href":"https:\/\/www.erresse-shop.it\/es\/wp-json\/wp\/v2\/product_tag?post=510441"}],"curies":[{"name":"wp","href":"https:\/\/api.w.org\/{rel}","templated":true}]}}