{"id":510128,"date":"2025-08-07T07:43:35","date_gmt":"2025-08-07T07:43:39","guid":{"rendered":"https:\/\/www.erresse-shop.it\/?post_type=product&#038;p=510128"},"modified":"2025-08-07T08:11:24","modified_gmt":"2025-08-07T08:11:24","slug":"kitchenaid-mini-trituradora-830-ml-rojo-imperial-copia","status":"publish","type":"product","link":"https:\/\/www.erresse-shop.it\/es\/shop\/pequenos-electrodomesticos\/procesadores-de-alimentos\/kitchenaid-mini-trituradora-830-ml-rojo-imperial-copia\/","title":{"rendered":"KITCHENAID Rallador el\u00e9ctrico semiprofesional Acero inoxidable"},"content":{"rendered":"<h3 data-start=\"165\" data-end=\"241\"><strong data-start=\"169\" data-end=\"241\">Rallador El\u00e9ctrico Profesional de Aluminio y Acero Inoxidable<\/strong><\/h3>\n<p data-start=\"243\" data-end=\"555\">Potente, seguro y dise\u00f1ado para durar, este <strong data-start=\"291\" data-end=\"328\">rallador el\u00e9ctrico profesional<\/strong> es la opci\u00f3n ideal para quienes buscan alto rendimiento y materiales de alta calidad. Gracias a su estructura de <strong data-start=\"440\" data-end=\"465\">aluminio pulido<\/strong> y su <strong data-start=\"468\" data-end=\"498\">carcasa de acero inoxidable<\/strong>, combina robustez, dise\u00f1o moderno y m\u00e1xima eficiencia.<\/p>\n<h4 data-start=\"557\" data-end=\"593\"><strong data-start=\"562\" data-end=\"593\">Caracter\u00edsticas principales:<\/strong><\/h4>\n<ul data-start=\"594\" data-end=\"1195\">\n<li data-start=\"594\" data-end=\"679\">\n<p data-start=\"596\" data-end=\"679\"><strong data-start=\"596\" data-end=\"635\">Reductor de engranajes met\u00e1licos<\/strong> para una transmisi\u00f3n duradera y de larga duraci\u00f3n.<\/p>\n<\/li>\n<li data-start=\"680\" data-end=\"781\">\n<p data-start=\"682\" data-end=\"781\"><strong data-start=\"682\" data-end=\"718\">Mango ergon\u00f3mico de aluminio<\/strong> con <strong data-start=\"723\" data-end=\"746\">protecci\u00f3n de goma<\/strong> y <strong data-start=\"749\" data-end=\"780\">sistema de cierre con resorte<\/strong>.<\/p>\n<\/li>\n<li data-start=\"782\" data-end=\"830\">\n<p data-start=\"784\" data-end=\"830\"><strong data-start=\"784\" data-end=\"809\">Bot\u00f3n de seguridad<\/strong> para un uso seguro.<\/p>\n<\/li>\n<li data-start=\"922\" data-end=\"1010\">\n<p data-start=\"924\" data-end=\"1010\"><strong data-start=\"924\" data-end=\"952\">Amplia abertura superior (8 x 5,5 cm) para facilitar la carga de alimentos. <\/strong><\/p>\n<\/li>\n<li data-start=\"1011\" data-end=\"1097\">\n<p data-start=\"1013\" data-end=\"1097\"><strong data-start=\"1013\" data-end=\"1047\">Bandeja colectora grande de pl\u00e1stico apto para uso alimentario. <\/strong><\/p>\n<\/li>\n<li data-start=\"1098\" data-end=\"1195\">\n<p data-start=\"1100\" data-end=\"1195\"><strong data-start=\"1100\" data-end=\"1137\">Motor de bajo consumo<\/strong>, que ajusta la potencia seg\u00fan la presi\u00f3n aplicada.<\/p>\n<\/li>\n<\/ul>\n<h4 data-start=\"1197\" data-end=\"1231\"><strong data-start=\"1202\" data-end=\"1231\">Perfecto para rallar:<\/strong><\/h4>\n<ul data-start=\"1232\" data-end=\"1307\">\n<li data-start=\"1232\" data-end=\"1260\">\n<p data-start=\"1234\" data-end=\"1260\">Quesos duros y semiduros<\/p>\n<\/li>\n<li data-start=\"1261\" data-end=\"1275\">\n<p data-start=\"1263\" data-end=\"1275\">Pan seco<\/p>\n<\/li>\n<li data-start=\"1276\" data-end=\"1290\">\n<p data-start=\"1278\" data-end=\"1290\">Chocolate<\/p>\n<\/li>\n<li data-start=\"1291\" data-end=\"1307\">\n<p data-start=\"1293\" data-end=\"1307\">Frutos secos<\/p>\n<\/li>\n<\/ul>\n<h3 data-start=\"1314\" data-end=\"1342\"><strong data-start=\"1318\" data-end=\"1342\">Especificaciones t\u00e9cnicas:<\/strong><\/h3>\n<ul data-start=\"1343\" data-end=\"1626\">\n<li data-start=\"1373\" data-end=\"1410\">\n<p data-start=\"1375\" data-end=\"1410\"><strong data-start=\"1375\" data-end=\"1405\">Funcionamiento continuo<\/strong><\/p>\n<\/li>\n<li data-start=\"1450\" data-end=\"1476\">\n<p data-start=\"1452\" data-end=\"1476\"><strong data-start=\"1452\" data-end=\"1467\">Peso neto: 5,1 kg<\/strong><\/p>\n<\/li>\n<li data-start=\"1477\" data-end=\"1503\">\n<p data-start=\"1479\" data-end=\"1503\"><strong data-start=\"1479\" data-end=\"1494\">Peso bruto:<\/strong> 6,5 kg<\/p>\n<\/li>\n<li data-start=\"1504\" data-end=\"1548\">\n<p data-start=\"1506\" data-end=\"1548\"><strong data-start=\"1506\" data-end=\"1530\">Dimensiones del producto:<\/strong> 35 x 17 x 28 cm<\/p>\n<\/li>\n<li data-start=\"1549\" data-end=\"1580\">\n<p data-start=\"1551\" data-end=\"1580\"><strong data-start=\"1551\" data-end=\"1565\">Material:<\/strong> acero inoxidable<\/p>\n<\/li>\n<li data-start=\"1581\" data-end=\"1626\">\n<p data-start=\"1583\" data-end=\"1626\"><strong data-start=\"1583\" data-end=\"1621\">Motor de bajo consumo<\/strong><\/p>\n<\/li>\n<\/ul>\n<p data-start=\"1633\" data-end=\"1862\">Dise\u00f1ado para uso intensivo, es apto tanto para el hogar como para peque\u00f1os laboratorios o tiendas de delicatessen. Combina <strong data-start=\"1748\" data-end=\"1811\">rendimiento profesional, ahorro energ\u00e9tico y seguridad<\/strong>, todo en un \u00fanico producto compacto y fiable.<\/p>\n","protected":false},"excerpt":{"rendered":"<p>Rallador El\u00e9ctrico Profesional de Aluminio y Acero Inoxidable Potente, seguro y dise\u00f1ado para durar, este rallador el\u00e9ctrico profesional es la<\/p>\n","protected":false},"featured_media":510148,"template":"","meta":{"_acf_changed":false,"inline_featured_image":false},"product_cat":[16073,16077],"product_tag":[16259],"acf":[],"yoast_head":"<!-- This site is optimized with the Yoast SEO Premium plugin v18.6 (Yoast SEO v19.13) - https:\/\/yoast.com\/wordpress\/plugins\/seo\/ -->\n<title>KITCHENAID Rallador el\u00e9ctrico semiprofesional Acero inoxidable - Erresse Shop<\/title>\n<meta name=\"description\" content=\"Rallador El\u00e9ctrico Profesional de Aluminio y Acero Inoxidable Potente, seguro y dise\u00f1ado para durar, este rallador el\u00e9ctrico profesional es la opci\u00f3n\" \/>\n<meta name=\"robots\" content=\"index, follow, max-snippet:-1, max-image-preview:large, max-video-preview:-1\" \/>\n<link rel=\"canonical\" href=\"https:\/\/www.erresse-shop.it\/es\/shop\/pequenos-electrodomesticos\/procesadores-de-alimentos\/kitchenaid-mini-trituradora-830-ml-rojo-imperial-copia\/\" \/>\n<meta property=\"og:locale\" content=\"es_ES\" \/>\n<meta property=\"og:type\" content=\"article\" \/>\n<meta property=\"og:title\" content=\"KITCHENAID Rallador el\u00e9ctrico semiprofesional Acero inoxidable\" \/>\n<meta property=\"og:description\" content=\"Rallador El\u00e9ctrico Profesional de Aluminio y Acero Inoxidable Potente, seguro y dise\u00f1ado para durar, este rallador el\u00e9ctrico profesional es la opci\u00f3n\" \/>\n<meta property=\"og:url\" content=\"https:\/\/www.erresse-shop.it\/es\/shop\/pequenos-electrodomesticos\/procesadores-de-alimentos\/kitchenaid-mini-trituradora-830-ml-rojo-imperial-copia\/\" \/>\n<meta property=\"og:site_name\" content=\"Erresse Shop\" \/>\n<meta property=\"article:modified_time\" content=\"2025-08-07T08:11:24+00:00\" \/>\n<meta property=\"og:image\" content=\"https:\/\/www.erresse-shop.it\/wp-content\/uploads\/2025\/08\/REBER-Grattugia-Elettrica-Semi-Professionale-Inox.jpg\" \/>\n\t<meta property=\"og:image:width\" content=\"1200\" \/>\n\t<meta property=\"og:image:height\" content=\"1200\" \/>\n\t<meta property=\"og:image:type\" content=\"image\/jpeg\" \/>\n<meta name=\"twitter:card\" content=\"summary_large_image\" \/>\n<script type=\"application\/ld+json\" class=\"yoast-schema-graph\">{\"@context\":\"https:\/\/schema.org\",\"@graph\":[{\"@type\":\"WebPage\",\"@id\":\"https:\/\/www.erresse-shop.it\/es\/shop\/pequenos-electrodomesticos\/procesadores-de-alimentos\/kitchenaid-mini-trituradora-830-ml-rojo-imperial-copia\/\",\"url\":\"https:\/\/www.erresse-shop.it\/es\/shop\/pequenos-electrodomesticos\/procesadores-de-alimentos\/kitchenaid-mini-trituradora-830-ml-rojo-imperial-copia\/\",\"name\":\"KITCHENAID Rallador el\u00e9ctrico semiprofesional Acero inoxidable - Erresse Shop\",\"isPartOf\":{\"@id\":\"https:\/\/www.erresse-shop.it\/es\/#website\"},\"datePublished\":\"2025-08-07T07:43:39+00:00\",\"dateModified\":\"2025-08-07T08:11:24+00:00\",\"description\":\"Rallador El\u00e9ctrico Profesional de Aluminio y Acero Inoxidable Potente, seguro y dise\u00f1ado para durar, este rallador el\u00e9ctrico profesional es la opci\u00f3n\",\"breadcrumb\":{\"@id\":\"https:\/\/www.erresse-shop.it\/es\/shop\/pequenos-electrodomesticos\/procesadores-de-alimentos\/kitchenaid-mini-trituradora-830-ml-rojo-imperial-copia\/#breadcrumb\"},\"inLanguage\":\"es\",\"potentialAction\":[{\"@type\":\"ReadAction\",\"target\":[\"https:\/\/www.erresse-shop.it\/es\/shop\/pequenos-electrodomesticos\/procesadores-de-alimentos\/kitchenaid-mini-trituradora-830-ml-rojo-imperial-copia\/\"]}]},{\"@type\":\"BreadcrumbList\",\"@id\":\"https:\/\/www.erresse-shop.it\/es\/shop\/pequenos-electrodomesticos\/procesadores-de-alimentos\/kitchenaid-mini-trituradora-830-ml-rojo-imperial-copia\/#breadcrumb\",\"itemListElement\":[{\"@type\":\"ListItem\",\"position\":1,\"name\":\"Home\",\"item\":\"https:\/\/www.erresse-shop.it\/es\/\"},{\"@type\":\"ListItem\",\"position\":2,\"name\":\"Shop\",\"item\":\"https:\/\/www.erresse-shop.it\/es\/shop\/\"},{\"@type\":\"ListItem\",\"position\":3,\"name\":\"KITCHENAID Rallador el\u00e9ctrico semiprofesional Acero inoxidable\"}]},{\"@type\":\"WebSite\",\"@id\":\"https:\/\/www.erresse-shop.it\/es\/#website\",\"url\":\"https:\/\/www.erresse-shop.it\/es\/\",\"name\":\"Erresse Shop\",\"description\":\"Articoli di qualit\u00e0 per la casa\",\"potentialAction\":[{\"@type\":\"SearchAction\",\"target\":{\"@type\":\"EntryPoint\",\"urlTemplate\":\"https:\/\/www.erresse-shop.it\/es\/?s={search_term_string}\"},\"query-input\":\"required name=search_term_string\"}],\"inLanguage\":\"es\"}]}<\/script>\n<!-- \/ Yoast SEO Premium plugin. -->","yoast_head_json":{"title":"KITCHENAID Rallador el\u00e9ctrico semiprofesional Acero inoxidable - Erresse Shop","description":"Rallador El\u00e9ctrico Profesional de Aluminio y Acero Inoxidable Potente, seguro y dise\u00f1ado para durar, este rallador el\u00e9ctrico profesional es la opci\u00f3n","robots":{"index":"index","follow":"follow","max-snippet":"max-snippet:-1","max-image-preview":"max-image-preview:large","max-video-preview":"max-video-preview:-1"},"canonical":"https:\/\/www.erresse-shop.it\/es\/shop\/pequenos-electrodomesticos\/procesadores-de-alimentos\/kitchenaid-mini-trituradora-830-ml-rojo-imperial-copia\/","og_locale":"es_ES","og_type":"article","og_title":"KITCHENAID Rallador el\u00e9ctrico semiprofesional Acero inoxidable","og_description":"Rallador El\u00e9ctrico Profesional de Aluminio y Acero Inoxidable Potente, seguro y dise\u00f1ado para durar, este rallador el\u00e9ctrico profesional es la opci\u00f3n","og_url":"https:\/\/www.erresse-shop.it\/es\/shop\/pequenos-electrodomesticos\/procesadores-de-alimentos\/kitchenaid-mini-trituradora-830-ml-rojo-imperial-copia\/","og_site_name":"Erresse Shop","article_modified_time":"2025-08-07T08:11:24+00:00","og_image":[{"width":1200,"height":1200,"url":"https:\/\/www.erresse-shop.it\/wp-content\/uploads\/2025\/08\/REBER-Grattugia-Elettrica-Semi-Professionale-Inox.jpg","type":"image\/jpeg"}],"twitter_card":"summary_large_image","schema":{"@context":"https:\/\/schema.org","@graph":[{"@type":"WebPage","@id":"https:\/\/www.erresse-shop.it\/es\/shop\/pequenos-electrodomesticos\/procesadores-de-alimentos\/kitchenaid-mini-trituradora-830-ml-rojo-imperial-copia\/","url":"https:\/\/www.erresse-shop.it\/es\/shop\/pequenos-electrodomesticos\/procesadores-de-alimentos\/kitchenaid-mini-trituradora-830-ml-rojo-imperial-copia\/","name":"KITCHENAID Rallador el\u00e9ctrico semiprofesional Acero inoxidable - Erresse Shop","isPartOf":{"@id":"https:\/\/www.erresse-shop.it\/es\/#website"},"datePublished":"2025-08-07T07:43:39+00:00","dateModified":"2025-08-07T08:11:24+00:00","description":"Rallador El\u00e9ctrico Profesional de Aluminio y Acero Inoxidable Potente, seguro y dise\u00f1ado para durar, este rallador el\u00e9ctrico profesional es la opci\u00f3n","breadcrumb":{"@id":"https:\/\/www.erresse-shop.it\/es\/shop\/pequenos-electrodomesticos\/procesadores-de-alimentos\/kitchenaid-mini-trituradora-830-ml-rojo-imperial-copia\/#breadcrumb"},"inLanguage":"es","potentialAction":[{"@type":"ReadAction","target":["https:\/\/www.erresse-shop.it\/es\/shop\/pequenos-electrodomesticos\/procesadores-de-alimentos\/kitchenaid-mini-trituradora-830-ml-rojo-imperial-copia\/"]}]},{"@type":"BreadcrumbList","@id":"https:\/\/www.erresse-shop.it\/es\/shop\/pequenos-electrodomesticos\/procesadores-de-alimentos\/kitchenaid-mini-trituradora-830-ml-rojo-imperial-copia\/#breadcrumb","itemListElement":[{"@type":"ListItem","position":1,"name":"Home","item":"https:\/\/www.erresse-shop.it\/es\/"},{"@type":"ListItem","position":2,"name":"Shop","item":"https:\/\/www.erresse-shop.it\/es\/shop\/"},{"@type":"ListItem","position":3,"name":"KITCHENAID Rallador el\u00e9ctrico semiprofesional Acero inoxidable"}]},{"@type":"WebSite","@id":"https:\/\/www.erresse-shop.it\/es\/#website","url":"https:\/\/www.erresse-shop.it\/es\/","name":"Erresse Shop","description":"Articoli di qualit\u00e0 per la casa","potentialAction":[{"@type":"SearchAction","target":{"@type":"EntryPoint","urlTemplate":"https:\/\/www.erresse-shop.it\/es\/?s={search_term_string}"},"query-input":"required name=search_term_string"}],"inLanguage":"es"}]}},"df_price":165,"df_sale_price":165,"df_regular_price":165,"df_image_link":"https:\/\/www.erresse-shop.it\/wp-content\/uploads\/2025\/08\/REBER-Grattugia-Elettrica-Semi-Professionale-Inox-300x300.jpg","_links":{"self":[{"href":"https:\/\/www.erresse-shop.it\/es\/wp-json\/wp\/v2\/product\/510128"}],"collection":[{"href":"https:\/\/www.erresse-shop.it\/es\/wp-json\/wp\/v2\/product"}],"about":[{"href":"https:\/\/www.erresse-shop.it\/es\/wp-json\/wp\/v2\/types\/product"}],"wp:featuredmedia":[{"embeddable":true,"href":"https:\/\/www.erresse-shop.it\/es\/wp-json\/wp\/v2\/media\/510148"}],"wp:attachment":[{"href":"https:\/\/www.erresse-shop.it\/es\/wp-json\/wp\/v2\/media?parent=510128"}],"wp:term":[{"taxonomy":"product_cat","embeddable":true,"href":"https:\/\/www.erresse-shop.it\/es\/wp-json\/wp\/v2\/product_cat?post=510128"},{"taxonomy":"product_tag","embeddable":true,"href":"https:\/\/www.erresse-shop.it\/es\/wp-json\/wp\/v2\/product_tag?post=510128"}],"curies":[{"name":"wp","href":"https:\/\/api.w.org\/{rel}","templated":true}]}}