{"id":510047,"date":"2025-08-06T08:31:34","date_gmt":"2025-08-06T08:31:38","guid":{"rendered":"https:\/\/www.erresse-shop.it\/?post_type=product&#038;p=510047"},"modified":"2025-08-06T08:42:51","modified_gmt":"2025-08-06T08:42:51","slug":"stockli-deshidratador-de-frutas-y-verduras-con-temporizador","status":"publish","type":"product","link":"https:\/\/www.erresse-shop.it\/es\/shop\/pequenos-electrodomesticos\/deshidratadores\/stockli-deshidratador-de-frutas-y-verduras-con-temporizador\/","title":{"rendered":"STOCKLI Deshidratador de frutas y verduras con temporizador"},"content":{"rendered":"<p>Deshidratador con carcasa de pl\u00e1stico f\u00e1cil de limpiar, rango de temperatura ajustable, circulaci\u00f3n activa de aire caliente, tres bandejas de secado y una pantalla LED que permanece encendida durante el calentamiento.<\/p>\n<p>Los tiempos de secado de diferentes frutas y verduras est\u00e1n impresos en la tapa transparente.<\/p>\n<p>K-Tipp GANADOR DE LA PRUEBA, Edici\u00f3n 17\/2013<\/p>\n<p>Capacidad: El aparato admite hasta 10 bandejas de secado.<\/p>\n<p><strong>Especificaciones t\u00e9cnicas<\/strong><\/p>\n<ul>\n<li>Peso: 2,7 kg<\/li>\n<li>Altura: 27,5 cm<\/li>\n<li>Longitud: 33,5 cm<\/li>\n<li>Ancho: 33,5 cm<\/li>\n<li>Temperatura ajustable: 20 &#8211; 70 \u00b0C<\/li>\n<li>Voltaje: 230 V<\/li>\n<li>Potencia: 540 W<\/li>\n<\/ul>\n","protected":false},"excerpt":{"rendered":"<p>Deshidratador con carcasa de pl\u00e1stico f\u00e1cil de limpiar, rango de temperatura ajustable, circulaci\u00f3n activa de aire caliente, tres bandejas de<\/p>\n","protected":false},"featured_media":510067,"template":"","meta":{"_acf_changed":false,"inline_featured_image":false},"product_cat":[18063,16073],"product_tag":[],"acf":[],"yoast_head":"<!-- This site is optimized with the Yoast SEO Premium plugin v18.6 (Yoast SEO v19.13) - https:\/\/yoast.com\/wordpress\/plugins\/seo\/ -->\n<title>STOCKLI Deshidratador de frutas y verduras con temporizador - Erresse Shop<\/title>\n<meta name=\"description\" content=\"Deshidratador con carcasa de pl\u00e1stico f\u00e1cil de limpiar, rango de temperatura ajustable, circulaci\u00f3n activa de aire caliente, tres bandejas de secado y una\" \/>\n<meta name=\"robots\" content=\"index, follow, max-snippet:-1, max-image-preview:large, max-video-preview:-1\" \/>\n<link rel=\"canonical\" href=\"https:\/\/www.erresse-shop.it\/es\/shop\/pequenos-electrodomesticos\/deshidratadores\/stockli-deshidratador-de-frutas-y-verduras-con-temporizador\/\" \/>\n<meta property=\"og:locale\" content=\"es_ES\" \/>\n<meta property=\"og:type\" content=\"article\" \/>\n<meta property=\"og:title\" content=\"STOCKLI Deshidratador de frutas y verduras con temporizador\" \/>\n<meta property=\"og:description\" content=\"Deshidratador con carcasa de pl\u00e1stico f\u00e1cil de limpiar, rango de temperatura ajustable, circulaci\u00f3n activa de aire caliente, tres bandejas de secado y una\" \/>\n<meta property=\"og:url\" content=\"https:\/\/www.erresse-shop.it\/es\/shop\/pequenos-electrodomesticos\/deshidratadores\/stockli-deshidratador-de-frutas-y-verduras-con-temporizador\/\" \/>\n<meta property=\"og:site_name\" content=\"Erresse Shop\" \/>\n<meta property=\"article:modified_time\" content=\"2025-08-06T08:42:51+00:00\" \/>\n<meta property=\"og:image\" content=\"https:\/\/www.erresse-shop.it\/wp-content\/uploads\/2025\/08\/STOCKLI-Essiccatore-Per-Frutta-e-Verdura-con-Timer.jpg\" \/>\n\t<meta property=\"og:image:width\" content=\"1200\" \/>\n\t<meta property=\"og:image:height\" content=\"1200\" \/>\n\t<meta property=\"og:image:type\" content=\"image\/jpeg\" \/>\n<meta name=\"twitter:card\" content=\"summary_large_image\" \/>\n<script type=\"application\/ld+json\" class=\"yoast-schema-graph\">{\"@context\":\"https:\/\/schema.org\",\"@graph\":[{\"@type\":\"WebPage\",\"@id\":\"https:\/\/www.erresse-shop.it\/es\/shop\/pequenos-electrodomesticos\/deshidratadores\/stockli-deshidratador-de-frutas-y-verduras-con-temporizador\/\",\"url\":\"https:\/\/www.erresse-shop.it\/es\/shop\/pequenos-electrodomesticos\/deshidratadores\/stockli-deshidratador-de-frutas-y-verduras-con-temporizador\/\",\"name\":\"STOCKLI Deshidratador de frutas y verduras con temporizador - Erresse Shop\",\"isPartOf\":{\"@id\":\"https:\/\/www.erresse-shop.it\/es\/#website\"},\"datePublished\":\"2025-08-06T08:31:38+00:00\",\"dateModified\":\"2025-08-06T08:42:51+00:00\",\"description\":\"Deshidratador con carcasa de pl\u00e1stico f\u00e1cil de limpiar, rango de temperatura ajustable, circulaci\u00f3n activa de aire caliente, tres bandejas de secado y una\",\"breadcrumb\":{\"@id\":\"https:\/\/www.erresse-shop.it\/es\/shop\/pequenos-electrodomesticos\/deshidratadores\/stockli-deshidratador-de-frutas-y-verduras-con-temporizador\/#breadcrumb\"},\"inLanguage\":\"es\",\"potentialAction\":[{\"@type\":\"ReadAction\",\"target\":[\"https:\/\/www.erresse-shop.it\/es\/shop\/pequenos-electrodomesticos\/deshidratadores\/stockli-deshidratador-de-frutas-y-verduras-con-temporizador\/\"]}]},{\"@type\":\"BreadcrumbList\",\"@id\":\"https:\/\/www.erresse-shop.it\/es\/shop\/pequenos-electrodomesticos\/deshidratadores\/stockli-deshidratador-de-frutas-y-verduras-con-temporizador\/#breadcrumb\",\"itemListElement\":[{\"@type\":\"ListItem\",\"position\":1,\"name\":\"Home\",\"item\":\"https:\/\/www.erresse-shop.it\/es\/\"},{\"@type\":\"ListItem\",\"position\":2,\"name\":\"Shop\",\"item\":\"https:\/\/www.erresse-shop.it\/es\/shop\/\"},{\"@type\":\"ListItem\",\"position\":3,\"name\":\"STOCKLI Deshidratador de frutas y verduras con temporizador\"}]},{\"@type\":\"WebSite\",\"@id\":\"https:\/\/www.erresse-shop.it\/es\/#website\",\"url\":\"https:\/\/www.erresse-shop.it\/es\/\",\"name\":\"Erresse Shop\",\"description\":\"Articoli di qualit\u00e0 per la casa\",\"potentialAction\":[{\"@type\":\"SearchAction\",\"target\":{\"@type\":\"EntryPoint\",\"urlTemplate\":\"https:\/\/www.erresse-shop.it\/es\/?s={search_term_string}\"},\"query-input\":\"required name=search_term_string\"}],\"inLanguage\":\"es\"}]}<\/script>\n<!-- \/ Yoast SEO Premium plugin. -->","yoast_head_json":{"title":"STOCKLI Deshidratador de frutas y verduras con temporizador - Erresse Shop","description":"Deshidratador con carcasa de pl\u00e1stico f\u00e1cil de limpiar, rango de temperatura ajustable, circulaci\u00f3n activa de aire caliente, tres bandejas de secado y una","robots":{"index":"index","follow":"follow","max-snippet":"max-snippet:-1","max-image-preview":"max-image-preview:large","max-video-preview":"max-video-preview:-1"},"canonical":"https:\/\/www.erresse-shop.it\/es\/shop\/pequenos-electrodomesticos\/deshidratadores\/stockli-deshidratador-de-frutas-y-verduras-con-temporizador\/","og_locale":"es_ES","og_type":"article","og_title":"STOCKLI Deshidratador de frutas y verduras con temporizador","og_description":"Deshidratador con carcasa de pl\u00e1stico f\u00e1cil de limpiar, rango de temperatura ajustable, circulaci\u00f3n activa de aire caliente, tres bandejas de secado y una","og_url":"https:\/\/www.erresse-shop.it\/es\/shop\/pequenos-electrodomesticos\/deshidratadores\/stockli-deshidratador-de-frutas-y-verduras-con-temporizador\/","og_site_name":"Erresse Shop","article_modified_time":"2025-08-06T08:42:51+00:00","og_image":[{"width":1200,"height":1200,"url":"https:\/\/www.erresse-shop.it\/wp-content\/uploads\/2025\/08\/STOCKLI-Essiccatore-Per-Frutta-e-Verdura-con-Timer.jpg","type":"image\/jpeg"}],"twitter_card":"summary_large_image","schema":{"@context":"https:\/\/schema.org","@graph":[{"@type":"WebPage","@id":"https:\/\/www.erresse-shop.it\/es\/shop\/pequenos-electrodomesticos\/deshidratadores\/stockli-deshidratador-de-frutas-y-verduras-con-temporizador\/","url":"https:\/\/www.erresse-shop.it\/es\/shop\/pequenos-electrodomesticos\/deshidratadores\/stockli-deshidratador-de-frutas-y-verduras-con-temporizador\/","name":"STOCKLI Deshidratador de frutas y verduras con temporizador - Erresse Shop","isPartOf":{"@id":"https:\/\/www.erresse-shop.it\/es\/#website"},"datePublished":"2025-08-06T08:31:38+00:00","dateModified":"2025-08-06T08:42:51+00:00","description":"Deshidratador con carcasa de pl\u00e1stico f\u00e1cil de limpiar, rango de temperatura ajustable, circulaci\u00f3n activa de aire caliente, tres bandejas de secado y una","breadcrumb":{"@id":"https:\/\/www.erresse-shop.it\/es\/shop\/pequenos-electrodomesticos\/deshidratadores\/stockli-deshidratador-de-frutas-y-verduras-con-temporizador\/#breadcrumb"},"inLanguage":"es","potentialAction":[{"@type":"ReadAction","target":["https:\/\/www.erresse-shop.it\/es\/shop\/pequenos-electrodomesticos\/deshidratadores\/stockli-deshidratador-de-frutas-y-verduras-con-temporizador\/"]}]},{"@type":"BreadcrumbList","@id":"https:\/\/www.erresse-shop.it\/es\/shop\/pequenos-electrodomesticos\/deshidratadores\/stockli-deshidratador-de-frutas-y-verduras-con-temporizador\/#breadcrumb","itemListElement":[{"@type":"ListItem","position":1,"name":"Home","item":"https:\/\/www.erresse-shop.it\/es\/"},{"@type":"ListItem","position":2,"name":"Shop","item":"https:\/\/www.erresse-shop.it\/es\/shop\/"},{"@type":"ListItem","position":3,"name":"STOCKLI Deshidratador de frutas y verduras con temporizador"}]},{"@type":"WebSite","@id":"https:\/\/www.erresse-shop.it\/es\/#website","url":"https:\/\/www.erresse-shop.it\/es\/","name":"Erresse Shop","description":"Articoli di qualit\u00e0 per la casa","potentialAction":[{"@type":"SearchAction","target":{"@type":"EntryPoint","urlTemplate":"https:\/\/www.erresse-shop.it\/es\/?s={search_term_string}"},"query-input":"required name=search_term_string"}],"inLanguage":"es"}]}},"df_price":170.1,"df_sale_price":170.1,"df_regular_price":189,"df_image_link":"https:\/\/www.erresse-shop.it\/wp-content\/uploads\/2025\/08\/STOCKLI-Essiccatore-Per-Frutta-e-Verdura-con-Timer-300x300.jpg","_links":{"self":[{"href":"https:\/\/www.erresse-shop.it\/es\/wp-json\/wp\/v2\/product\/510047"}],"collection":[{"href":"https:\/\/www.erresse-shop.it\/es\/wp-json\/wp\/v2\/product"}],"about":[{"href":"https:\/\/www.erresse-shop.it\/es\/wp-json\/wp\/v2\/types\/product"}],"wp:featuredmedia":[{"embeddable":true,"href":"https:\/\/www.erresse-shop.it\/es\/wp-json\/wp\/v2\/media\/510067"}],"wp:attachment":[{"href":"https:\/\/www.erresse-shop.it\/es\/wp-json\/wp\/v2\/media?parent=510047"}],"wp:term":[{"taxonomy":"product_cat","embeddable":true,"href":"https:\/\/www.erresse-shop.it\/es\/wp-json\/wp\/v2\/product_cat?post=510047"},{"taxonomy":"product_tag","embeddable":true,"href":"https:\/\/www.erresse-shop.it\/es\/wp-json\/wp\/v2\/product_tag?post=510047"}],"curies":[{"name":"wp","href":"https:\/\/api.w.org\/{rel}","templated":true}]}}