{"id":509991,"date":"2025-08-06T07:30:55","date_gmt":"2025-08-06T07:30:59","guid":{"rendered":"https:\/\/www.erresse-shop.it\/?post_type=product&#038;p=509991"},"modified":"2025-08-06T08:01:13","modified_gmt":"2025-08-06T08:01:13","slug":"stockli-deshidratador-de-frutas-y-verduras-con-tres-bandejas-metalicas","status":"publish","type":"product","link":"https:\/\/www.erresse-shop.it\/es\/shop\/pequenos-electrodomesticos\/deshidratadores\/stockli-deshidratador-de-frutas-y-verduras-con-tres-bandejas-metalicas\/","title":{"rendered":"STOCKLI Deshidratador de frutas y verduras con temporizador y tres bandejas met\u00e1licas"},"content":{"rendered":"<p>D\u00f6rrger\u00e4t mit leicht zu reinigendem Kunststoffgeh\u00e4use. 12-Stunden-Timer und einstellbarer Temperaturbereich, aktive Hei\u00dfluftzirkulation, drei Metall-Trockenschalen und LED-Display.<\/p>\n<p>Die d\u00fcnnen Metall-Trockenschalen eignen sich beispielsweise f\u00fcr getrocknete Kr\u00e4uter. Auf dem transparenten Deckel sind unterschiedliche Trocknungszeiten f\u00fcr verschiedene Obst- und Gem\u00fcsesorten aufgedruckt.<\/p>\n<p>K-Tipp TESTSIEGER, Ausgabe 17\/2013.<\/p>\n<p>Kapazit\u00e4t: Das Ger\u00e4t kann mit bis zu zehn Trocknungsschalen verwendet werden.<\/p>\n<p><strong>Technische Daten<\/strong><\/p>\n<ul>\n<li>Gewicht: 2,7 kg<\/li>\n<li>H\u00f6he: 27,5 cm<\/li>\n<li>L\u00e4nge: 33,5 cm<\/li>\n<li>Breite: 33,5 cm<\/li>\n<li>Einstellbare Temperatur: 20\u201370 \u00b0C<\/li>\n<li>Spannung: 230 V<\/li>\n<li>Leistung: 540 W<\/li>\n<\/ul>\n","protected":false},"excerpt":{"rendered":"<p>D\u00f6rrger\u00e4t mit leicht zu reinigendem Kunststoffgeh\u00e4use. 12-Stunden-Timer und einstellbarer Temperaturbereich, aktive Hei\u00dfluftzirkulation, drei Metall-Trockenschalen und LED-Display. Die d\u00fcnnen Metall-Trockenschalen eignen<\/p>\n","protected":false},"featured_media":510012,"template":"","meta":{"_acf_changed":false,"inline_featured_image":false},"product_cat":[18063,16073],"product_tag":[],"acf":[],"yoast_head":"<!-- This site is optimized with the Yoast SEO Premium plugin v18.6 (Yoast SEO v19.13) - https:\/\/yoast.com\/wordpress\/plugins\/seo\/ -->\n<title>STOCKLI Deshidratador de frutas y verduras con temporizador y tres bandejas met\u00e1licas - Erresse Shop<\/title>\n<meta name=\"description\" content=\"D\u00f6rrger\u00e4t mit leicht zu reinigendem Kunststoffgeh\u00e4use. 12-Stunden-Timer und einstellbarer Temperaturbereich, aktive Hei\u00dfluftzirkulation, drei\" \/>\n<meta name=\"robots\" content=\"index, follow, max-snippet:-1, max-image-preview:large, max-video-preview:-1\" \/>\n<link rel=\"canonical\" href=\"https:\/\/www.erresse-shop.it\/es\/shop\/pequenos-electrodomesticos\/deshidratadores\/stockli-deshidratador-de-frutas-y-verduras-con-tres-bandejas-metalicas\/\" \/>\n<meta property=\"og:locale\" content=\"es_ES\" \/>\n<meta property=\"og:type\" content=\"article\" \/>\n<meta property=\"og:title\" content=\"STOCKLI Deshidratador de frutas y verduras con temporizador y tres bandejas met\u00e1licas\" \/>\n<meta property=\"og:description\" content=\"D\u00f6rrger\u00e4t mit leicht zu reinigendem Kunststoffgeh\u00e4use. 12-Stunden-Timer und einstellbarer Temperaturbereich, aktive Hei\u00dfluftzirkulation, drei\" \/>\n<meta property=\"og:url\" content=\"https:\/\/www.erresse-shop.it\/es\/shop\/pequenos-electrodomesticos\/deshidratadores\/stockli-deshidratador-de-frutas-y-verduras-con-tres-bandejas-metalicas\/\" \/>\n<meta property=\"og:site_name\" content=\"Erresse Shop\" \/>\n<meta property=\"article:modified_time\" content=\"2025-08-06T08:01:13+00:00\" \/>\n<meta property=\"og:image\" content=\"https:\/\/www.erresse-shop.it\/wp-content\/uploads\/2025\/08\/STOCKLI-Essiccatore-con-Tre-Vassoi-in-Metallo.jpg\" \/>\n\t<meta property=\"og:image:width\" content=\"1200\" \/>\n\t<meta property=\"og:image:height\" content=\"1200\" \/>\n\t<meta property=\"og:image:type\" content=\"image\/jpeg\" \/>\n<meta name=\"twitter:card\" content=\"summary_large_image\" \/>\n<script type=\"application\/ld+json\" class=\"yoast-schema-graph\">{\"@context\":\"https:\/\/schema.org\",\"@graph\":[{\"@type\":\"WebPage\",\"@id\":\"https:\/\/www.erresse-shop.it\/es\/shop\/pequenos-electrodomesticos\/deshidratadores\/stockli-deshidratador-de-frutas-y-verduras-con-tres-bandejas-metalicas\/\",\"url\":\"https:\/\/www.erresse-shop.it\/es\/shop\/pequenos-electrodomesticos\/deshidratadores\/stockli-deshidratador-de-frutas-y-verduras-con-tres-bandejas-metalicas\/\",\"name\":\"STOCKLI Deshidratador de frutas y verduras con temporizador y tres bandejas met\u00e1licas - Erresse Shop\",\"isPartOf\":{\"@id\":\"https:\/\/www.erresse-shop.it\/es\/#website\"},\"datePublished\":\"2025-08-06T07:30:59+00:00\",\"dateModified\":\"2025-08-06T08:01:13+00:00\",\"description\":\"D\u00f6rrger\u00e4t mit leicht zu reinigendem Kunststoffgeh\u00e4use. 12-Stunden-Timer und einstellbarer Temperaturbereich, aktive Hei\u00dfluftzirkulation, drei\",\"breadcrumb\":{\"@id\":\"https:\/\/www.erresse-shop.it\/es\/shop\/pequenos-electrodomesticos\/deshidratadores\/stockli-deshidratador-de-frutas-y-verduras-con-tres-bandejas-metalicas\/#breadcrumb\"},\"inLanguage\":\"es\",\"potentialAction\":[{\"@type\":\"ReadAction\",\"target\":[\"https:\/\/www.erresse-shop.it\/es\/shop\/pequenos-electrodomesticos\/deshidratadores\/stockli-deshidratador-de-frutas-y-verduras-con-tres-bandejas-metalicas\/\"]}]},{\"@type\":\"BreadcrumbList\",\"@id\":\"https:\/\/www.erresse-shop.it\/es\/shop\/pequenos-electrodomesticos\/deshidratadores\/stockli-deshidratador-de-frutas-y-verduras-con-tres-bandejas-metalicas\/#breadcrumb\",\"itemListElement\":[{\"@type\":\"ListItem\",\"position\":1,\"name\":\"Home\",\"item\":\"https:\/\/www.erresse-shop.it\/es\/\"},{\"@type\":\"ListItem\",\"position\":2,\"name\":\"Shop\",\"item\":\"https:\/\/www.erresse-shop.it\/es\/shop\/\"},{\"@type\":\"ListItem\",\"position\":3,\"name\":\"STOCKLI Deshidratador de frutas y verduras con temporizador y tres bandejas met\u00e1licas\"}]},{\"@type\":\"WebSite\",\"@id\":\"https:\/\/www.erresse-shop.it\/es\/#website\",\"url\":\"https:\/\/www.erresse-shop.it\/es\/\",\"name\":\"Erresse Shop\",\"description\":\"Articoli di qualit\u00e0 per la casa\",\"potentialAction\":[{\"@type\":\"SearchAction\",\"target\":{\"@type\":\"EntryPoint\",\"urlTemplate\":\"https:\/\/www.erresse-shop.it\/es\/?s={search_term_string}\"},\"query-input\":\"required name=search_term_string\"}],\"inLanguage\":\"es\"}]}<\/script>\n<!-- \/ Yoast SEO Premium plugin. -->","yoast_head_json":{"title":"STOCKLI Deshidratador de frutas y verduras con temporizador y tres bandejas met\u00e1licas - Erresse Shop","description":"D\u00f6rrger\u00e4t mit leicht zu reinigendem Kunststoffgeh\u00e4use. 12-Stunden-Timer und einstellbarer Temperaturbereich, aktive Hei\u00dfluftzirkulation, drei","robots":{"index":"index","follow":"follow","max-snippet":"max-snippet:-1","max-image-preview":"max-image-preview:large","max-video-preview":"max-video-preview:-1"},"canonical":"https:\/\/www.erresse-shop.it\/es\/shop\/pequenos-electrodomesticos\/deshidratadores\/stockli-deshidratador-de-frutas-y-verduras-con-tres-bandejas-metalicas\/","og_locale":"es_ES","og_type":"article","og_title":"STOCKLI Deshidratador de frutas y verduras con temporizador y tres bandejas met\u00e1licas","og_description":"D\u00f6rrger\u00e4t mit leicht zu reinigendem Kunststoffgeh\u00e4use. 12-Stunden-Timer und einstellbarer Temperaturbereich, aktive Hei\u00dfluftzirkulation, drei","og_url":"https:\/\/www.erresse-shop.it\/es\/shop\/pequenos-electrodomesticos\/deshidratadores\/stockli-deshidratador-de-frutas-y-verduras-con-tres-bandejas-metalicas\/","og_site_name":"Erresse Shop","article_modified_time":"2025-08-06T08:01:13+00:00","og_image":[{"width":1200,"height":1200,"url":"https:\/\/www.erresse-shop.it\/wp-content\/uploads\/2025\/08\/STOCKLI-Essiccatore-con-Tre-Vassoi-in-Metallo.jpg","type":"image\/jpeg"}],"twitter_card":"summary_large_image","schema":{"@context":"https:\/\/schema.org","@graph":[{"@type":"WebPage","@id":"https:\/\/www.erresse-shop.it\/es\/shop\/pequenos-electrodomesticos\/deshidratadores\/stockli-deshidratador-de-frutas-y-verduras-con-tres-bandejas-metalicas\/","url":"https:\/\/www.erresse-shop.it\/es\/shop\/pequenos-electrodomesticos\/deshidratadores\/stockli-deshidratador-de-frutas-y-verduras-con-tres-bandejas-metalicas\/","name":"STOCKLI Deshidratador de frutas y verduras con temporizador y tres bandejas met\u00e1licas - Erresse Shop","isPartOf":{"@id":"https:\/\/www.erresse-shop.it\/es\/#website"},"datePublished":"2025-08-06T07:30:59+00:00","dateModified":"2025-08-06T08:01:13+00:00","description":"D\u00f6rrger\u00e4t mit leicht zu reinigendem Kunststoffgeh\u00e4use. 12-Stunden-Timer und einstellbarer Temperaturbereich, aktive Hei\u00dfluftzirkulation, drei","breadcrumb":{"@id":"https:\/\/www.erresse-shop.it\/es\/shop\/pequenos-electrodomesticos\/deshidratadores\/stockli-deshidratador-de-frutas-y-verduras-con-tres-bandejas-metalicas\/#breadcrumb"},"inLanguage":"es","potentialAction":[{"@type":"ReadAction","target":["https:\/\/www.erresse-shop.it\/es\/shop\/pequenos-electrodomesticos\/deshidratadores\/stockli-deshidratador-de-frutas-y-verduras-con-tres-bandejas-metalicas\/"]}]},{"@type":"BreadcrumbList","@id":"https:\/\/www.erresse-shop.it\/es\/shop\/pequenos-electrodomesticos\/deshidratadores\/stockli-deshidratador-de-frutas-y-verduras-con-tres-bandejas-metalicas\/#breadcrumb","itemListElement":[{"@type":"ListItem","position":1,"name":"Home","item":"https:\/\/www.erresse-shop.it\/es\/"},{"@type":"ListItem","position":2,"name":"Shop","item":"https:\/\/www.erresse-shop.it\/es\/shop\/"},{"@type":"ListItem","position":3,"name":"STOCKLI Deshidratador de frutas y verduras con temporizador y tres bandejas met\u00e1licas"}]},{"@type":"WebSite","@id":"https:\/\/www.erresse-shop.it\/es\/#website","url":"https:\/\/www.erresse-shop.it\/es\/","name":"Erresse Shop","description":"Articoli di qualit\u00e0 per la casa","potentialAction":[{"@type":"SearchAction","target":{"@type":"EntryPoint","urlTemplate":"https:\/\/www.erresse-shop.it\/es\/?s={search_term_string}"},"query-input":"required name=search_term_string"}],"inLanguage":"es"}]}},"df_price":188.1,"df_sale_price":188.1,"df_regular_price":209,"df_image_link":"https:\/\/www.erresse-shop.it\/wp-content\/uploads\/2025\/08\/STOCKLI-Essiccatore-con-Tre-Vassoi-in-Metallo-300x300.jpg","_links":{"self":[{"href":"https:\/\/www.erresse-shop.it\/es\/wp-json\/wp\/v2\/product\/509991"}],"collection":[{"href":"https:\/\/www.erresse-shop.it\/es\/wp-json\/wp\/v2\/product"}],"about":[{"href":"https:\/\/www.erresse-shop.it\/es\/wp-json\/wp\/v2\/types\/product"}],"wp:featuredmedia":[{"embeddable":true,"href":"https:\/\/www.erresse-shop.it\/es\/wp-json\/wp\/v2\/media\/510012"}],"wp:attachment":[{"href":"https:\/\/www.erresse-shop.it\/es\/wp-json\/wp\/v2\/media?parent=509991"}],"wp:term":[{"taxonomy":"product_cat","embeddable":true,"href":"https:\/\/www.erresse-shop.it\/es\/wp-json\/wp\/v2\/product_cat?post=509991"},{"taxonomy":"product_tag","embeddable":true,"href":"https:\/\/www.erresse-shop.it\/es\/wp-json\/wp\/v2\/product_tag?post=509991"}],"curies":[{"name":"wp","href":"https:\/\/api.w.org\/{rel}","templated":true}]}}