{"id":509808,"date":"2025-08-04T09:57:33","date_gmt":"2025-08-04T09:57:37","guid":{"rendered":"https:\/\/www.erresse-shop.it\/?post_type=product&#038;p=509808"},"modified":"2025-08-04T10:00:49","modified_gmt":"2025-08-04T10:00:49","slug":"stirolux-hierro-1800-rojo","status":"publish","type":"product","link":"https:\/\/www.erresse-shop.it\/es\/shop\/mobiliario\/tablas-de-planchar\/stirolux-hierro-1800-rojo\/","title":{"rendered":"STIROLUX Hierro 1800 Rojo"},"content":{"rendered":"<p>Ideal para quienes buscan una plancha semiprofesional para uso dom\u00e9stico o de uso intensivo, con excelente duraci\u00f3n de bater\u00eda, potencia constante y atenci\u00f3n al detalle (como la placa niquelada y el vapor seco). Adecuada para familias o para quienes planchan con frecuencia durante largas sesiones. <\/p>\n<ul>\n<li data-start=\"41\" data-end=\"119\"><span class=\"relative -mx-px my-[-0.2rem] rounded px-px py-[0.2rem] transition-colors duration-100 ease-in-out\"><strong data-start=\"0\" data-end=\"47\" data-is-only-node=\"\">Caldera profesional de aluminio de 1.8 L<\/strong> (capacidad total de la caldera: 2.6 L), con una autonom\u00eda de planchado de aproximadamente 2 a 3 horas sin recarga.<\/span><\/li>\n<li data-start=\"122\" data-end=\"200\"><span class=\"relative -mx-px my-[-0.2rem] rounded px-px py-[0.2rem] transition-colors duration-100 ease-in-out\"><strong data-start=\"0\" data-end=\"11\" Potencia: 1000 W para la caldera + 780 W para la plancha (1780 W en total)\n\n\n\n<li data-start=\"122\" data-end=\"200\"><span class=\"relative -mx-px my-[-0.2rem] rounded px-px py-[0.2rem] transition-colors duration-100 ease-in-out\"><strong data-start=\"0\" data-end=\"24\" data-is-only-node=\"\">Presi\u00f3n de vapor:<\/strong> aproximadamente 3,2 bar (valor profesional), con vapor seco ideal para resultados impecables\n<li data-start=\"284\" data-end=\"362\"><span class=\"relative -mx-px my-[-0.2rem] rounded px-px py-[0.2rem] transition-colors duration-100 Suela niquelada resistente a ara\u00f1azos y sistema antigoteo para un uso m\u00e1s suave en diversos tejidos.\n\n\n\n<li data-start=\"365\" data-end=\"445\"><span class=\"relative -mx-px my-[-0.2rem] rounded px-px py-[0.2rem] transition-colors duration-100 ease-in-out\"><strong data-start=\"0\" data-end=\"25\" data-is-only-node=\"\">Termostato regulable<\/strong>, mando ergon\u00f3mico de vapor, tapa de seguridad en la caldera, cables separados y asa pr\u00e1ctica.\n<li data-start=\"448\" data-end=\"528\"><span class=\"relative -mx-px my-[-0.2rem] rounded px-px py-[0.2rem] <strong data-start=\"0\" data-end=\"17\" data-is-only-node=\"\">Hecho en Italia<\/strong>, fabricado con materiales resistentes; peso total aproximado de 10 kg. Incluye una garant\u00eda de 2 a 3 a\u00f1os, dependiendo del vendedor\/profesionalidad.<\/span>\n<\/li>\n<p><strong>Dimensiones:<\/strong> 25 x 43 x 34 cm (alto)<\/p>\n","protected":false},"excerpt":{"rendered":"<p>Ideal para quienes buscan una plancha semiprofesional para uso dom\u00e9stico o de uso intensivo, con excelente duraci\u00f3n de bater\u00eda, potencia<\/p>\n","protected":false},"featured_media":509854,"template":"","meta":{"_acf_changed":false,"inline_featured_image":false},"product_cat":[16016,18097],"product_tag":[25029,16307,18478,25023],"acf":[],"yoast_head":"<!-- This site is optimized with the Yoast SEO Premium plugin v18.6 (Yoast SEO v19.13) - https:\/\/yoast.com\/wordpress\/plugins\/seo\/ -->\n<title>STIROLUX Hierro 1800 Rojo - Erresse Shop<\/title>\n<meta name=\"description\" content=\"Ideal para quienes buscan una plancha semiprofesional para uso dom\u00e9stico o de uso intensivo, con excelente duraci\u00f3n de bater\u00eda, potencia constante y\" \/>\n<meta name=\"robots\" content=\"index, follow, max-snippet:-1, max-image-preview:large, max-video-preview:-1\" \/>\n<link rel=\"canonical\" href=\"https:\/\/www.erresse-shop.it\/es\/shop\/mobiliario\/tablas-de-planchar\/stirolux-hierro-1800-rojo\/\" \/>\n<meta property=\"og:locale\" content=\"es_ES\" \/>\n<meta property=\"og:type\" content=\"article\" \/>\n<meta property=\"og:title\" content=\"STIROLUX Hierro 1800 Rojo\" \/>\n<meta property=\"og:description\" content=\"Ideal para quienes buscan una plancha semiprofesional para uso dom\u00e9stico o de uso intensivo, con excelente duraci\u00f3n de bater\u00eda, potencia constante y\" \/>\n<meta property=\"og:url\" content=\"https:\/\/www.erresse-shop.it\/es\/shop\/mobiliario\/tablas-de-planchar\/stirolux-hierro-1800-rojo\/\" \/>\n<meta property=\"og:site_name\" content=\"Erresse Shop\" \/>\n<meta property=\"article:modified_time\" content=\"2025-08-04T10:00:49+00:00\" \/>\n<meta property=\"og:image\" content=\"https:\/\/www.erresse-shop.it\/wp-content\/uploads\/2025\/08\/STIROLUX-Ferro-da-Stiro-1800-Rosso.jpg\" \/>\n\t<meta property=\"og:image:width\" content=\"1200\" \/>\n\t<meta property=\"og:image:height\" content=\"1200\" \/>\n\t<meta property=\"og:image:type\" content=\"image\/jpeg\" \/>\n<meta name=\"twitter:card\" content=\"summary_large_image\" \/>\n<script type=\"application\/ld+json\" class=\"yoast-schema-graph\">{\"@context\":\"https:\/\/schema.org\",\"@graph\":[{\"@type\":\"WebPage\",\"@id\":\"https:\/\/www.erresse-shop.it\/es\/shop\/mobiliario\/tablas-de-planchar\/stirolux-hierro-1800-rojo\/\",\"url\":\"https:\/\/www.erresse-shop.it\/es\/shop\/mobiliario\/tablas-de-planchar\/stirolux-hierro-1800-rojo\/\",\"name\":\"STIROLUX Hierro 1800 Rojo - Erresse Shop\",\"isPartOf\":{\"@id\":\"https:\/\/www.erresse-shop.it\/es\/#website\"},\"datePublished\":\"2025-08-04T09:57:37+00:00\",\"dateModified\":\"2025-08-04T10:00:49+00:00\",\"description\":\"Ideal para quienes buscan una plancha semiprofesional para uso dom\u00e9stico o de uso intensivo, con excelente duraci\u00f3n de bater\u00eda, potencia constante y\",\"breadcrumb\":{\"@id\":\"https:\/\/www.erresse-shop.it\/es\/shop\/mobiliario\/tablas-de-planchar\/stirolux-hierro-1800-rojo\/#breadcrumb\"},\"inLanguage\":\"es\",\"potentialAction\":[{\"@type\":\"ReadAction\",\"target\":[\"https:\/\/www.erresse-shop.it\/es\/shop\/mobiliario\/tablas-de-planchar\/stirolux-hierro-1800-rojo\/\"]}]},{\"@type\":\"BreadcrumbList\",\"@id\":\"https:\/\/www.erresse-shop.it\/es\/shop\/mobiliario\/tablas-de-planchar\/stirolux-hierro-1800-rojo\/#breadcrumb\",\"itemListElement\":[{\"@type\":\"ListItem\",\"position\":1,\"name\":\"Home\",\"item\":\"https:\/\/www.erresse-shop.it\/es\/\"},{\"@type\":\"ListItem\",\"position\":2,\"name\":\"Shop\",\"item\":\"https:\/\/www.erresse-shop.it\/es\/shop\/\"},{\"@type\":\"ListItem\",\"position\":3,\"name\":\"STIROLUX Hierro 1800 Rojo\"}]},{\"@type\":\"WebSite\",\"@id\":\"https:\/\/www.erresse-shop.it\/es\/#website\",\"url\":\"https:\/\/www.erresse-shop.it\/es\/\",\"name\":\"Erresse Shop\",\"description\":\"Articoli di qualit\u00e0 per la casa\",\"potentialAction\":[{\"@type\":\"SearchAction\",\"target\":{\"@type\":\"EntryPoint\",\"urlTemplate\":\"https:\/\/www.erresse-shop.it\/es\/?s={search_term_string}\"},\"query-input\":\"required name=search_term_string\"}],\"inLanguage\":\"es\"}]}<\/script>\n<!-- \/ Yoast SEO Premium plugin. -->","yoast_head_json":{"title":"STIROLUX Hierro 1800 Rojo - Erresse Shop","description":"Ideal para quienes buscan una plancha semiprofesional para uso dom\u00e9stico o de uso intensivo, con excelente duraci\u00f3n de bater\u00eda, potencia constante y","robots":{"index":"index","follow":"follow","max-snippet":"max-snippet:-1","max-image-preview":"max-image-preview:large","max-video-preview":"max-video-preview:-1"},"canonical":"https:\/\/www.erresse-shop.it\/es\/shop\/mobiliario\/tablas-de-planchar\/stirolux-hierro-1800-rojo\/","og_locale":"es_ES","og_type":"article","og_title":"STIROLUX Hierro 1800 Rojo","og_description":"Ideal para quienes buscan una plancha semiprofesional para uso dom\u00e9stico o de uso intensivo, con excelente duraci\u00f3n de bater\u00eda, potencia constante y","og_url":"https:\/\/www.erresse-shop.it\/es\/shop\/mobiliario\/tablas-de-planchar\/stirolux-hierro-1800-rojo\/","og_site_name":"Erresse Shop","article_modified_time":"2025-08-04T10:00:49+00:00","og_image":[{"width":1200,"height":1200,"url":"https:\/\/www.erresse-shop.it\/wp-content\/uploads\/2025\/08\/STIROLUX-Ferro-da-Stiro-1800-Rosso.jpg","type":"image\/jpeg"}],"twitter_card":"summary_large_image","schema":{"@context":"https:\/\/schema.org","@graph":[{"@type":"WebPage","@id":"https:\/\/www.erresse-shop.it\/es\/shop\/mobiliario\/tablas-de-planchar\/stirolux-hierro-1800-rojo\/","url":"https:\/\/www.erresse-shop.it\/es\/shop\/mobiliario\/tablas-de-planchar\/stirolux-hierro-1800-rojo\/","name":"STIROLUX Hierro 1800 Rojo - Erresse Shop","isPartOf":{"@id":"https:\/\/www.erresse-shop.it\/es\/#website"},"datePublished":"2025-08-04T09:57:37+00:00","dateModified":"2025-08-04T10:00:49+00:00","description":"Ideal para quienes buscan una plancha semiprofesional para uso dom\u00e9stico o de uso intensivo, con excelente duraci\u00f3n de bater\u00eda, potencia constante y","breadcrumb":{"@id":"https:\/\/www.erresse-shop.it\/es\/shop\/mobiliario\/tablas-de-planchar\/stirolux-hierro-1800-rojo\/#breadcrumb"},"inLanguage":"es","potentialAction":[{"@type":"ReadAction","target":["https:\/\/www.erresse-shop.it\/es\/shop\/mobiliario\/tablas-de-planchar\/stirolux-hierro-1800-rojo\/"]}]},{"@type":"BreadcrumbList","@id":"https:\/\/www.erresse-shop.it\/es\/shop\/mobiliario\/tablas-de-planchar\/stirolux-hierro-1800-rojo\/#breadcrumb","itemListElement":[{"@type":"ListItem","position":1,"name":"Home","item":"https:\/\/www.erresse-shop.it\/es\/"},{"@type":"ListItem","position":2,"name":"Shop","item":"https:\/\/www.erresse-shop.it\/es\/shop\/"},{"@type":"ListItem","position":3,"name":"STIROLUX Hierro 1800 Rojo"}]},{"@type":"WebSite","@id":"https:\/\/www.erresse-shop.it\/es\/#website","url":"https:\/\/www.erresse-shop.it\/es\/","name":"Erresse Shop","description":"Articoli di qualit\u00e0 per la casa","potentialAction":[{"@type":"SearchAction","target":{"@type":"EntryPoint","urlTemplate":"https:\/\/www.erresse-shop.it\/es\/?s={search_term_string}"},"query-input":"required name=search_term_string"}],"inLanguage":"es"}]}},"df_price":179.95,"df_sale_price":179.95,"df_regular_price":209,"df_image_link":"https:\/\/www.erresse-shop.it\/wp-content\/uploads\/2025\/08\/STIROLUX-Ferro-da-Stiro-1800-Rosso-1-300x300.jpg","_links":{"self":[{"href":"https:\/\/www.erresse-shop.it\/es\/wp-json\/wp\/v2\/product\/509808"}],"collection":[{"href":"https:\/\/www.erresse-shop.it\/es\/wp-json\/wp\/v2\/product"}],"about":[{"href":"https:\/\/www.erresse-shop.it\/es\/wp-json\/wp\/v2\/types\/product"}],"wp:featuredmedia":[{"embeddable":true,"href":"https:\/\/www.erresse-shop.it\/es\/wp-json\/wp\/v2\/media\/509854"}],"wp:attachment":[{"href":"https:\/\/www.erresse-shop.it\/es\/wp-json\/wp\/v2\/media?parent=509808"}],"wp:term":[{"taxonomy":"product_cat","embeddable":true,"href":"https:\/\/www.erresse-shop.it\/es\/wp-json\/wp\/v2\/product_cat?post=509808"},{"taxonomy":"product_tag","embeddable":true,"href":"https:\/\/www.erresse-shop.it\/es\/wp-json\/wp\/v2\/product_tag?post=509808"}],"curies":[{"name":"wp","href":"https:\/\/api.w.org\/{rel}","templated":true}]}}