{"id":507491,"date":"2025-07-24T09:32:05","date_gmt":"2025-07-24T09:32:08","guid":{"rendered":"https:\/\/www.erresse-shop.it\/?post_type=product&#038;p=507491"},"modified":"2025-11-26T20:53:40","modified_gmt":"2025-11-26T20:53:40","slug":"foppapedretti-escalera-lascala-3-0-nueces","status":"publish","type":"product","link":"https:\/\/www.erresse-shop.it\/es\/shop\/mobiliario\/muebles\/foppapedretti-escalera-lascala-3-0-nueces\/","title":{"rendered":"FOPPAPEDRETTI Escalera laScala 3.0 Nueces"},"content":{"rendered":"<p>La escalera de madera laScala 3.0 de Foppapedretti es robusta y segura: se mantiene en posici\u00f3n vertical incluso cerrada, ocupando poco espacio. Cuenta con patas antivuelco y pelda\u00f1os antideslizantes.<\/p>\n<p>Su estructura de madera maciza de haya con barniz al agua est\u00e1 fabricada en Italia. Incluye una barrera de seguridad, una amplia plataforma y una pr\u00e1ctica bandeja para herramientas.<\/p>\n<p>El sistema de bloqueo de seguridad impide que la escalera se pliegue, garantizando una sujeci\u00f3n firme y segura. Se puede mover f\u00e1cilmente gracias a sus ruedas de goma resistentes a los ara\u00f1azos.<\/p>\n<p>Capacidad m\u00e1xima de carga: 150 kg.<\/p>\n<p>Altura desde el suelo de la superficie de apoyo m\u00e1s alta: 67 cm.<\/p>\n<p>Cumple con la norma europea EN 131.<\/p>\n<p>La marca T\u00dcV S\u00dcD garantiza y certifica la seguridad del producto.<\/p>\n<p>Certificado por T\u00dcV S\u00dcD (organismo internacional de pruebas y certificaci\u00f3n que garantiza la seguridad y la calidad del producto).<\/p>\n<p><strong>Los puntos fuertes de laScala 3.0 de Foppapedretti son:<\/strong><\/p>\n<ul>\n<li>Certificaci\u00f3n T\u00dcV S\u00dcD (organismo internacional de pruebas y certificaci\u00f3n que garantiza la seguridad y calidad del producto).<\/li>\n<li>Gran estabilidad gracias a las patas antivuelco, el cierre de seguridad y la barrera de seguridad.<\/li>\n<li>Pr\u00e1ctico de usar gracias a su amplia plataforma, escalones antideslizantes y bandeja de almacenamiento.<\/li>\n<li>F\u00e1cil de mover gracias a sus ruedas de goma antiara\u00f1azos.<\/li>\n<li>Cerrado, ocupa muy poco espacio: solo 17 cent\u00edmetros.<\/li>\n<li>Madera barnizada al agua.<\/li>\n<\/ul>\n<p><strong>Dimensiones:<\/strong><\/p>\n<ul>\n<li>Dimensiones abierto cm: Al 156 | P 72 | L 64.<\/li>\n<li>Dimensiones cerrado cm: Al 92 | P 17 | L 64<\/li>\n<\/ul>\n<p><strong>Peso:<\/strong> 10 kg<\/p>\n","protected":false},"excerpt":{"rendered":"<p>La escalera de madera laScala 3.0 de Foppapedretti es robusta y segura: se mantiene en posici\u00f3n vertical incluso cerrada, ocupando<\/p>\n","protected":false},"featured_media":507511,"template":"","meta":{"_acf_changed":false,"inline_featured_image":false},"product_cat":[16016,17096],"product_tag":[],"acf":[],"yoast_head":"<!-- This site is optimized with the Yoast SEO Premium plugin v18.6 (Yoast SEO v19.13) - https:\/\/yoast.com\/wordpress\/plugins\/seo\/ -->\n<title>FOPPAPEDRETTI Escalera laScala 3.0 Nueces - Erresse Shop<\/title>\n<meta name=\"description\" content=\"La escalera de madera laScala 3.0 de Foppapedretti es robusta y segura: se mantiene en posici\u00f3n vertical incluso cerrada, ocupando poco espacio. Cuenta\" \/>\n<meta name=\"robots\" content=\"index, follow, max-snippet:-1, max-image-preview:large, max-video-preview:-1\" \/>\n<link rel=\"canonical\" href=\"https:\/\/www.erresse-shop.it\/es\/shop\/mobiliario\/muebles\/foppapedretti-escalera-lascala-3-0-nueces\/\" \/>\n<meta property=\"og:locale\" content=\"es_ES\" \/>\n<meta property=\"og:type\" content=\"article\" \/>\n<meta property=\"og:title\" content=\"FOPPAPEDRETTI Escalera laScala 3.0 Nueces\" \/>\n<meta property=\"og:description\" content=\"La escalera de madera laScala 3.0 de Foppapedretti es robusta y segura: se mantiene en posici\u00f3n vertical incluso cerrada, ocupando poco espacio. Cuenta\" \/>\n<meta property=\"og:url\" content=\"https:\/\/www.erresse-shop.it\/es\/shop\/mobiliario\/muebles\/foppapedretti-escalera-lascala-3-0-nueces\/\" \/>\n<meta property=\"og:site_name\" content=\"Erresse Shop\" \/>\n<meta property=\"article:modified_time\" content=\"2025-11-26T20:53:40+00:00\" \/>\n<meta property=\"og:image\" content=\"https:\/\/www.erresse-shop.it\/wp-content\/uploads\/2025\/07\/FOPPAPEDRETTI-Scala-laScala-3.0-Noce.jpg\" \/>\n\t<meta property=\"og:image:width\" content=\"1200\" \/>\n\t<meta property=\"og:image:height\" content=\"1200\" \/>\n\t<meta property=\"og:image:type\" content=\"image\/jpeg\" \/>\n<meta name=\"twitter:card\" content=\"summary_large_image\" \/>\n<script type=\"application\/ld+json\" class=\"yoast-schema-graph\">{\"@context\":\"https:\/\/schema.org\",\"@graph\":[{\"@type\":\"WebPage\",\"@id\":\"https:\/\/www.erresse-shop.it\/es\/shop\/mobiliario\/muebles\/foppapedretti-escalera-lascala-3-0-nueces\/\",\"url\":\"https:\/\/www.erresse-shop.it\/es\/shop\/mobiliario\/muebles\/foppapedretti-escalera-lascala-3-0-nueces\/\",\"name\":\"FOPPAPEDRETTI Escalera laScala 3.0 Nueces - Erresse Shop\",\"isPartOf\":{\"@id\":\"https:\/\/www.erresse-shop.it\/es\/#website\"},\"datePublished\":\"2025-07-24T09:32:08+00:00\",\"dateModified\":\"2025-11-26T20:53:40+00:00\",\"description\":\"La escalera de madera laScala 3.0 de Foppapedretti es robusta y segura: se mantiene en posici\u00f3n vertical incluso cerrada, ocupando poco espacio. Cuenta\",\"breadcrumb\":{\"@id\":\"https:\/\/www.erresse-shop.it\/es\/shop\/mobiliario\/muebles\/foppapedretti-escalera-lascala-3-0-nueces\/#breadcrumb\"},\"inLanguage\":\"es\",\"potentialAction\":[{\"@type\":\"ReadAction\",\"target\":[\"https:\/\/www.erresse-shop.it\/es\/shop\/mobiliario\/muebles\/foppapedretti-escalera-lascala-3-0-nueces\/\"]}]},{\"@type\":\"BreadcrumbList\",\"@id\":\"https:\/\/www.erresse-shop.it\/es\/shop\/mobiliario\/muebles\/foppapedretti-escalera-lascala-3-0-nueces\/#breadcrumb\",\"itemListElement\":[{\"@type\":\"ListItem\",\"position\":1,\"name\":\"Home\",\"item\":\"https:\/\/www.erresse-shop.it\/es\/\"},{\"@type\":\"ListItem\",\"position\":2,\"name\":\"Shop\",\"item\":\"https:\/\/www.erresse-shop.it\/es\/shop\/\"},{\"@type\":\"ListItem\",\"position\":3,\"name\":\"FOPPAPEDRETTI Escalera laScala 3.0 Nueces\"}]},{\"@type\":\"WebSite\",\"@id\":\"https:\/\/www.erresse-shop.it\/es\/#website\",\"url\":\"https:\/\/www.erresse-shop.it\/es\/\",\"name\":\"Erresse Shop\",\"description\":\"Articoli di qualit\u00e0 per la casa\",\"potentialAction\":[{\"@type\":\"SearchAction\",\"target\":{\"@type\":\"EntryPoint\",\"urlTemplate\":\"https:\/\/www.erresse-shop.it\/es\/?s={search_term_string}\"},\"query-input\":\"required name=search_term_string\"}],\"inLanguage\":\"es\"}]}<\/script>\n<!-- \/ Yoast SEO Premium plugin. -->","yoast_head_json":{"title":"FOPPAPEDRETTI Escalera laScala 3.0 Nueces - Erresse Shop","description":"La escalera de madera laScala 3.0 de Foppapedretti es robusta y segura: se mantiene en posici\u00f3n vertical incluso cerrada, ocupando poco espacio. Cuenta","robots":{"index":"index","follow":"follow","max-snippet":"max-snippet:-1","max-image-preview":"max-image-preview:large","max-video-preview":"max-video-preview:-1"},"canonical":"https:\/\/www.erresse-shop.it\/es\/shop\/mobiliario\/muebles\/foppapedretti-escalera-lascala-3-0-nueces\/","og_locale":"es_ES","og_type":"article","og_title":"FOPPAPEDRETTI Escalera laScala 3.0 Nueces","og_description":"La escalera de madera laScala 3.0 de Foppapedretti es robusta y segura: se mantiene en posici\u00f3n vertical incluso cerrada, ocupando poco espacio. Cuenta","og_url":"https:\/\/www.erresse-shop.it\/es\/shop\/mobiliario\/muebles\/foppapedretti-escalera-lascala-3-0-nueces\/","og_site_name":"Erresse Shop","article_modified_time":"2025-11-26T20:53:40+00:00","og_image":[{"width":1200,"height":1200,"url":"https:\/\/www.erresse-shop.it\/wp-content\/uploads\/2025\/07\/FOPPAPEDRETTI-Scala-laScala-3.0-Noce.jpg","type":"image\/jpeg"}],"twitter_card":"summary_large_image","schema":{"@context":"https:\/\/schema.org","@graph":[{"@type":"WebPage","@id":"https:\/\/www.erresse-shop.it\/es\/shop\/mobiliario\/muebles\/foppapedretti-escalera-lascala-3-0-nueces\/","url":"https:\/\/www.erresse-shop.it\/es\/shop\/mobiliario\/muebles\/foppapedretti-escalera-lascala-3-0-nueces\/","name":"FOPPAPEDRETTI Escalera laScala 3.0 Nueces - Erresse Shop","isPartOf":{"@id":"https:\/\/www.erresse-shop.it\/es\/#website"},"datePublished":"2025-07-24T09:32:08+00:00","dateModified":"2025-11-26T20:53:40+00:00","description":"La escalera de madera laScala 3.0 de Foppapedretti es robusta y segura: se mantiene en posici\u00f3n vertical incluso cerrada, ocupando poco espacio. Cuenta","breadcrumb":{"@id":"https:\/\/www.erresse-shop.it\/es\/shop\/mobiliario\/muebles\/foppapedretti-escalera-lascala-3-0-nueces\/#breadcrumb"},"inLanguage":"es","potentialAction":[{"@type":"ReadAction","target":["https:\/\/www.erresse-shop.it\/es\/shop\/mobiliario\/muebles\/foppapedretti-escalera-lascala-3-0-nueces\/"]}]},{"@type":"BreadcrumbList","@id":"https:\/\/www.erresse-shop.it\/es\/shop\/mobiliario\/muebles\/foppapedretti-escalera-lascala-3-0-nueces\/#breadcrumb","itemListElement":[{"@type":"ListItem","position":1,"name":"Home","item":"https:\/\/www.erresse-shop.it\/es\/"},{"@type":"ListItem","position":2,"name":"Shop","item":"https:\/\/www.erresse-shop.it\/es\/shop\/"},{"@type":"ListItem","position":3,"name":"FOPPAPEDRETTI Escalera laScala 3.0 Nueces"}]},{"@type":"WebSite","@id":"https:\/\/www.erresse-shop.it\/es\/#website","url":"https:\/\/www.erresse-shop.it\/es\/","name":"Erresse Shop","description":"Articoli di qualit\u00e0 per la casa","potentialAction":[{"@type":"SearchAction","target":{"@type":"EntryPoint","urlTemplate":"https:\/\/www.erresse-shop.it\/es\/?s={search_term_string}"},"query-input":"required name=search_term_string"}],"inLanguage":"es"}]}},"df_price":149.99,"df_sale_price":149.99,"df_regular_price":288.9,"df_image_link":"https:\/\/www.erresse-shop.it\/wp-content\/uploads\/2025\/07\/FOPPAPEDRETTI-Scala-laScala-3.0-Noce-300x300.jpg","_links":{"self":[{"href":"https:\/\/www.erresse-shop.it\/es\/wp-json\/wp\/v2\/product\/507491"}],"collection":[{"href":"https:\/\/www.erresse-shop.it\/es\/wp-json\/wp\/v2\/product"}],"about":[{"href":"https:\/\/www.erresse-shop.it\/es\/wp-json\/wp\/v2\/types\/product"}],"wp:featuredmedia":[{"embeddable":true,"href":"https:\/\/www.erresse-shop.it\/es\/wp-json\/wp\/v2\/media\/507511"}],"wp:attachment":[{"href":"https:\/\/www.erresse-shop.it\/es\/wp-json\/wp\/v2\/media?parent=507491"}],"wp:term":[{"taxonomy":"product_cat","embeddable":true,"href":"https:\/\/www.erresse-shop.it\/es\/wp-json\/wp\/v2\/product_cat?post=507491"},{"taxonomy":"product_tag","embeddable":true,"href":"https:\/\/www.erresse-shop.it\/es\/wp-json\/wp\/v2\/product_tag?post=507491"}],"curies":[{"name":"wp","href":"https:\/\/api.w.org\/{rel}","templated":true}]}}