{"id":507409,"date":"2025-07-24T08:43:36","date_gmt":"2025-07-24T08:43:40","guid":{"rendered":"https:\/\/www.erresse-shop.it\/?post_type=product&#038;p=507409"},"modified":"2025-07-24T08:57:51","modified_gmt":"2025-07-24T08:57:51","slug":"foppapedretti-tendederos-gulliver-4-0-madera","status":"publish","type":"product","link":"https:\/\/www.erresse-shop.it\/es\/shop\/mobiliario\/tendederos\/foppapedretti-tendederos-gulliver-4-0-madera\/","title":{"rendered":"FOPPAPEDRETTI Tendederos Gulliver 4.0 Madera"},"content":{"rendered":"<p>El nuevo tendedero plegable de madera Gulliver 4.0 de Foppapedretti es una reinterpretaci\u00f3n, tras 40 a\u00f1os de \u00e9xito, de nuestro \u00e9xito de ventas Gulliver, con un dise\u00f1o contempor\u00e1neo y una innovadora carpinter\u00eda.<\/p>\n<p>El Gulliver 4.0 cuenta con una estructura de madera maciza con certificaci\u00f3n FSC, de formas redondeadas, y est\u00e1 disponible en tres colores.<\/p>\n<p>El Gulliver 4.0 se ajusta a la cantidad de ropa que se vaya a tender: cuenta con 27 metros de tendedero y, gracias a sus brazos laterales y frontales independientes con varillas de aluminio pintado, se abre seg\u00fan la cantidad de ropa a secar. El Gulliver 4.0 se pliega hasta alcanzar un tama\u00f1o compacto, ocupando tan solo 14 cent\u00edmetros, e incluso se mantiene en posici\u00f3n vertical&#8230; y se mueve f\u00e1cilmente gracias a sus robustas ruedas con freno. Se puede colocar en cualquier lugar.<\/p>\n<p>El paquete incluye seis pinzas para la ropa Clothy de colores, que se guardan en la pr\u00e1ctica bandeja lateral del tendedero. Tambi\u00e9n se pueden comprar por separado.<\/p>\n<p>La marca T\u00dcV S\u00dcD garantiza y certifica la seguridad del producto.<br \/>\nCertificado por T\u00dcV S\u00dcD (organismo internacional de pruebas y certificaci\u00f3n que garantiza la seguridad y calidad del producto).<\/p>\n<p><strong>Dimensiones:<\/strong><\/p>\n<ul>\n<li>Dimensiones abierto (cm): Al. 105 | Pr. 80 | L. 174<\/li>\n<li>Dimensiones cerrado (cm): Al. 103 | Pr. 55 | L. 14<\/li>\n<\/ul>\n<p><strong>Peso: <\/strong>7,9 kg<\/p>\n","protected":false},"excerpt":{"rendered":"<p>El nuevo tendedero plegable de madera Gulliver 4.0 de Foppapedretti es una reinterpretaci\u00f3n, tras 40 a\u00f1os de \u00e9xito, de nuestro<\/p>\n","protected":false},"featured_media":507429,"template":"","meta":{"_acf_changed":false,"inline_featured_image":false},"product_cat":[16016,18520],"product_tag":[18479,18478,21823],"acf":[],"yoast_head":"<!-- This site is optimized with the Yoast SEO Premium plugin v18.6 (Yoast SEO v19.13) - https:\/\/yoast.com\/wordpress\/plugins\/seo\/ -->\n<title>FOPPAPEDRETTI Tendederos Gulliver 4.0 Madera - Erresse Shop<\/title>\n<meta name=\"description\" content=\"El nuevo tendedero plegable de madera Gulliver 4.0 de Foppapedretti es una reinterpretaci\u00f3n, tras 40 a\u00f1os de \u00e9xito, de nuestro \u00e9xito de ventas Gulliver,\" \/>\n<meta name=\"robots\" content=\"index, follow, max-snippet:-1, max-image-preview:large, max-video-preview:-1\" \/>\n<link rel=\"canonical\" href=\"https:\/\/www.erresse-shop.it\/es\/shop\/mobiliario\/tendederos\/foppapedretti-tendederos-gulliver-4-0-madera\/\" \/>\n<meta property=\"og:locale\" content=\"es_ES\" \/>\n<meta property=\"og:type\" content=\"article\" \/>\n<meta property=\"og:title\" content=\"FOPPAPEDRETTI Tendederos Gulliver 4.0 Madera\" \/>\n<meta property=\"og:description\" content=\"El nuevo tendedero plegable de madera Gulliver 4.0 de Foppapedretti es una reinterpretaci\u00f3n, tras 40 a\u00f1os de \u00e9xito, de nuestro \u00e9xito de ventas Gulliver,\" \/>\n<meta property=\"og:url\" content=\"https:\/\/www.erresse-shop.it\/es\/shop\/mobiliario\/tendederos\/foppapedretti-tendederos-gulliver-4-0-madera\/\" \/>\n<meta property=\"og:site_name\" content=\"Erresse Shop\" \/>\n<meta property=\"article:modified_time\" content=\"2025-07-24T08:57:51+00:00\" \/>\n<meta property=\"og:image\" content=\"https:\/\/www.erresse-shop.it\/wp-content\/uploads\/2025\/07\/FOPPAPEDRETTI-Stendibiancheria-Gulliver-4.0-Legno.jpg\" \/>\n\t<meta property=\"og:image:width\" content=\"1200\" \/>\n\t<meta property=\"og:image:height\" content=\"1200\" \/>\n\t<meta property=\"og:image:type\" content=\"image\/jpeg\" \/>\n<meta name=\"twitter:card\" content=\"summary_large_image\" \/>\n<script type=\"application\/ld+json\" class=\"yoast-schema-graph\">{\"@context\":\"https:\/\/schema.org\",\"@graph\":[{\"@type\":\"WebPage\",\"@id\":\"https:\/\/www.erresse-shop.it\/es\/shop\/mobiliario\/tendederos\/foppapedretti-tendederos-gulliver-4-0-madera\/\",\"url\":\"https:\/\/www.erresse-shop.it\/es\/shop\/mobiliario\/tendederos\/foppapedretti-tendederos-gulliver-4-0-madera\/\",\"name\":\"FOPPAPEDRETTI Tendederos Gulliver 4.0 Madera - Erresse Shop\",\"isPartOf\":{\"@id\":\"https:\/\/www.erresse-shop.it\/es\/#website\"},\"datePublished\":\"2025-07-24T08:43:40+00:00\",\"dateModified\":\"2025-07-24T08:57:51+00:00\",\"description\":\"El nuevo tendedero plegable de madera Gulliver 4.0 de Foppapedretti es una reinterpretaci\u00f3n, tras 40 a\u00f1os de \u00e9xito, de nuestro \u00e9xito de ventas Gulliver,\",\"breadcrumb\":{\"@id\":\"https:\/\/www.erresse-shop.it\/es\/shop\/mobiliario\/tendederos\/foppapedretti-tendederos-gulliver-4-0-madera\/#breadcrumb\"},\"inLanguage\":\"es\",\"potentialAction\":[{\"@type\":\"ReadAction\",\"target\":[\"https:\/\/www.erresse-shop.it\/es\/shop\/mobiliario\/tendederos\/foppapedretti-tendederos-gulliver-4-0-madera\/\"]}]},{\"@type\":\"BreadcrumbList\",\"@id\":\"https:\/\/www.erresse-shop.it\/es\/shop\/mobiliario\/tendederos\/foppapedretti-tendederos-gulliver-4-0-madera\/#breadcrumb\",\"itemListElement\":[{\"@type\":\"ListItem\",\"position\":1,\"name\":\"Home\",\"item\":\"https:\/\/www.erresse-shop.it\/es\/\"},{\"@type\":\"ListItem\",\"position\":2,\"name\":\"Shop\",\"item\":\"https:\/\/www.erresse-shop.it\/es\/shop\/\"},{\"@type\":\"ListItem\",\"position\":3,\"name\":\"FOPPAPEDRETTI Tendederos Gulliver 4.0 Madera\"}]},{\"@type\":\"WebSite\",\"@id\":\"https:\/\/www.erresse-shop.it\/es\/#website\",\"url\":\"https:\/\/www.erresse-shop.it\/es\/\",\"name\":\"Erresse Shop\",\"description\":\"Articoli di qualit\u00e0 per la casa\",\"potentialAction\":[{\"@type\":\"SearchAction\",\"target\":{\"@type\":\"EntryPoint\",\"urlTemplate\":\"https:\/\/www.erresse-shop.it\/es\/?s={search_term_string}\"},\"query-input\":\"required name=search_term_string\"}],\"inLanguage\":\"es\"}]}<\/script>\n<!-- \/ Yoast SEO Premium plugin. -->","yoast_head_json":{"title":"FOPPAPEDRETTI Tendederos Gulliver 4.0 Madera - Erresse Shop","description":"El nuevo tendedero plegable de madera Gulliver 4.0 de Foppapedretti es una reinterpretaci\u00f3n, tras 40 a\u00f1os de \u00e9xito, de nuestro \u00e9xito de ventas Gulliver,","robots":{"index":"index","follow":"follow","max-snippet":"max-snippet:-1","max-image-preview":"max-image-preview:large","max-video-preview":"max-video-preview:-1"},"canonical":"https:\/\/www.erresse-shop.it\/es\/shop\/mobiliario\/tendederos\/foppapedretti-tendederos-gulliver-4-0-madera\/","og_locale":"es_ES","og_type":"article","og_title":"FOPPAPEDRETTI Tendederos Gulliver 4.0 Madera","og_description":"El nuevo tendedero plegable de madera Gulliver 4.0 de Foppapedretti es una reinterpretaci\u00f3n, tras 40 a\u00f1os de \u00e9xito, de nuestro \u00e9xito de ventas Gulliver,","og_url":"https:\/\/www.erresse-shop.it\/es\/shop\/mobiliario\/tendederos\/foppapedretti-tendederos-gulliver-4-0-madera\/","og_site_name":"Erresse Shop","article_modified_time":"2025-07-24T08:57:51+00:00","og_image":[{"width":1200,"height":1200,"url":"https:\/\/www.erresse-shop.it\/wp-content\/uploads\/2025\/07\/FOPPAPEDRETTI-Stendibiancheria-Gulliver-4.0-Legno.jpg","type":"image\/jpeg"}],"twitter_card":"summary_large_image","schema":{"@context":"https:\/\/schema.org","@graph":[{"@type":"WebPage","@id":"https:\/\/www.erresse-shop.it\/es\/shop\/mobiliario\/tendederos\/foppapedretti-tendederos-gulliver-4-0-madera\/","url":"https:\/\/www.erresse-shop.it\/es\/shop\/mobiliario\/tendederos\/foppapedretti-tendederos-gulliver-4-0-madera\/","name":"FOPPAPEDRETTI Tendederos Gulliver 4.0 Madera - Erresse Shop","isPartOf":{"@id":"https:\/\/www.erresse-shop.it\/es\/#website"},"datePublished":"2025-07-24T08:43:40+00:00","dateModified":"2025-07-24T08:57:51+00:00","description":"El nuevo tendedero plegable de madera Gulliver 4.0 de Foppapedretti es una reinterpretaci\u00f3n, tras 40 a\u00f1os de \u00e9xito, de nuestro \u00e9xito de ventas Gulliver,","breadcrumb":{"@id":"https:\/\/www.erresse-shop.it\/es\/shop\/mobiliario\/tendederos\/foppapedretti-tendederos-gulliver-4-0-madera\/#breadcrumb"},"inLanguage":"es","potentialAction":[{"@type":"ReadAction","target":["https:\/\/www.erresse-shop.it\/es\/shop\/mobiliario\/tendederos\/foppapedretti-tendederos-gulliver-4-0-madera\/"]}]},{"@type":"BreadcrumbList","@id":"https:\/\/www.erresse-shop.it\/es\/shop\/mobiliario\/tendederos\/foppapedretti-tendederos-gulliver-4-0-madera\/#breadcrumb","itemListElement":[{"@type":"ListItem","position":1,"name":"Home","item":"https:\/\/www.erresse-shop.it\/es\/"},{"@type":"ListItem","position":2,"name":"Shop","item":"https:\/\/www.erresse-shop.it\/es\/shop\/"},{"@type":"ListItem","position":3,"name":"FOPPAPEDRETTI Tendederos Gulliver 4.0 Madera"}]},{"@type":"WebSite","@id":"https:\/\/www.erresse-shop.it\/es\/#website","url":"https:\/\/www.erresse-shop.it\/es\/","name":"Erresse Shop","description":"Articoli di qualit\u00e0 per la casa","potentialAction":[{"@type":"SearchAction","target":{"@type":"EntryPoint","urlTemplate":"https:\/\/www.erresse-shop.it\/es\/?s={search_term_string}"},"query-input":"required name=search_term_string"}],"inLanguage":"es"}]}},"df_price":285.5,"df_sale_price":285.5,"df_regular_price":285.5,"df_image_link":"https:\/\/www.erresse-shop.it\/wp-content\/uploads\/2025\/07\/FOPPAPEDRETTI-Stendibiancheria-Gulliver-4.0-Legno-300x300.jpg","_links":{"self":[{"href":"https:\/\/www.erresse-shop.it\/es\/wp-json\/wp\/v2\/product\/507409"}],"collection":[{"href":"https:\/\/www.erresse-shop.it\/es\/wp-json\/wp\/v2\/product"}],"about":[{"href":"https:\/\/www.erresse-shop.it\/es\/wp-json\/wp\/v2\/types\/product"}],"wp:featuredmedia":[{"embeddable":true,"href":"https:\/\/www.erresse-shop.it\/es\/wp-json\/wp\/v2\/media\/507429"}],"wp:attachment":[{"href":"https:\/\/www.erresse-shop.it\/es\/wp-json\/wp\/v2\/media?parent=507409"}],"wp:term":[{"taxonomy":"product_cat","embeddable":true,"href":"https:\/\/www.erresse-shop.it\/es\/wp-json\/wp\/v2\/product_cat?post=507409"},{"taxonomy":"product_tag","embeddable":true,"href":"https:\/\/www.erresse-shop.it\/es\/wp-json\/wp\/v2\/product_tag?post=507409"}],"curies":[{"name":"wp","href":"https:\/\/api.w.org\/{rel}","templated":true}]}}