{"id":507378,"date":"2025-07-24T08:25:34","date_gmt":"2025-07-24T08:25:37","guid":{"rendered":"https:\/\/www.erresse-shop.it\/?post_type=product&#038;p=507378"},"modified":"2025-07-24T08:37:48","modified_gmt":"2025-07-24T08:37:48","slug":"foppapedretti-tendederos-gulliver-evo-natural","status":"publish","type":"product","link":"https:\/\/www.erresse-shop.it\/es\/shop\/mobiliario\/tendederos\/foppapedretti-tendederos-gulliver-evo-natural\/","title":{"rendered":"FOPPAPEDRETTI Tendederos Gulliver Evo Natural"},"content":{"rendered":"<p>El tendedero plegable de madera Gulliver de Foppapedretti se ajusta para acomodar la cantidad de ropa que necesites. Y cuando no lo uses, se pliega para ocupar muy poco espacio, ocupando tan solo 14 cent\u00edmetros&#8230; \u00a1e incluso se mantiene en posici\u00f3n vertical!<\/p>\n<p>Gulliver cuenta con un amplio tendedero de 27 metros y, gracias a sus brazos laterales y frontales independientes, se puede abrir y cerrar seg\u00fan la cantidad de ropa que necesites secar.<\/p>\n<p>La estructura es de madera maciza, pero tambi\u00e9n est\u00e1 disponible en aluminio pintado de blanco, ideal para exteriores. Gulliver se mueve f\u00e1cilmente gracias a sus cuatro robustas ruedas giratorias (dos de ellas con freno), y las varillas de aluminio pintado lo hacen robusto y duradero. El paquete incluye seis pinzas de ropa &#8220;Clothy&#8221; de colores, que se pueden guardar en la pr\u00e1ctica bandeja lateral del tendedero. Estas pinzas tambi\u00e9n se pueden comprar por separado.<\/p>\n<p>Gulliver est\u00e1 disponible en dos opciones de material: la cl\u00e1sica estructura de madera maciza, wengu\u00e9 y nogal canaletto, o en aluminio lacado en blanco para exteriores. La versi\u00f3n de aluminio pesa 7,3 kg.<\/p>\n<p>La marca T\u00dcV S\u00dcD garantiza y certifica la seguridad del producto.<\/p>\n<p>Certificado por T\u00dcV S\u00dcD (organismo internacional de pruebas y certificaci\u00f3n que garantiza la seguridad y calidad del producto).<\/p>\n<p><strong>Los puntos fuertes de Gulliver son:<\/strong><\/p>\n<ul>\n<li>27 metros de cuerda \u00fatil para tender la ropa<\/li>\n<li>S\u00f3lido y estable: incluso cerrado, se sostiene por s\u00ed solo<\/li>\n<li>Cerrado, ocupa solo 14 cent\u00edmetros y desaparece f\u00e1cilmente incluso detr\u00e1s de las puertas<\/li>\n<li>Gracias a los brazos laterales y frontales independientes, se abre seg\u00fan la cantidad de ropa a tender<\/li>\n<li>F\u00e1cil de mover gracias a las ruedas giratorias<\/li>\n<\/ul>\n<p><strong>Dimensiones:<\/strong><\/p>\n<ul>\n<li>Dimensiones abierto (cm): Al 105 | Pr 80 | L 174<\/li>\n<li>Dimensiones cerrado (cm): Al 103 | Pr 55 | L 14<\/li>\n<\/ul>\n<p><strong>Peso: 7,9 kg<\/strong><\/p>\n","protected":false},"excerpt":{"rendered":"<p>El tendedero plegable de madera Gulliver de Foppapedretti se ajusta para acomodar la cantidad de ropa que necesites. Y cuando<\/p>\n","protected":false},"featured_media":507400,"template":"","meta":{"_acf_changed":false,"inline_featured_image":false},"product_cat":[16016,18520],"product_tag":[18479,18478,21823],"acf":[],"yoast_head":"<!-- This site is optimized with the Yoast SEO Premium plugin v18.6 (Yoast SEO v19.13) - https:\/\/yoast.com\/wordpress\/plugins\/seo\/ -->\n<title>FOPPAPEDRETTI Tendederos Gulliver Evo Natural - Erresse Shop<\/title>\n<meta name=\"description\" content=\"El tendedero plegable de madera Gulliver de Foppapedretti se ajusta para acomodar la cantidad de ropa que necesites. Y cuando no lo uses, se pliega para\" \/>\n<meta name=\"robots\" content=\"index, follow, max-snippet:-1, max-image-preview:large, max-video-preview:-1\" \/>\n<link rel=\"canonical\" href=\"https:\/\/www.erresse-shop.it\/es\/shop\/mobiliario\/tendederos\/foppapedretti-tendederos-gulliver-evo-natural\/\" \/>\n<meta property=\"og:locale\" content=\"es_ES\" \/>\n<meta property=\"og:type\" content=\"article\" \/>\n<meta property=\"og:title\" content=\"FOPPAPEDRETTI Tendederos Gulliver Evo Natural\" \/>\n<meta property=\"og:description\" content=\"El tendedero plegable de madera Gulliver de Foppapedretti se ajusta para acomodar la cantidad de ropa que necesites. Y cuando no lo uses, se pliega para\" \/>\n<meta property=\"og:url\" content=\"https:\/\/www.erresse-shop.it\/es\/shop\/mobiliario\/tendederos\/foppapedretti-tendederos-gulliver-evo-natural\/\" \/>\n<meta property=\"og:site_name\" content=\"Erresse Shop\" \/>\n<meta property=\"article:modified_time\" content=\"2025-07-24T08:37:48+00:00\" \/>\n<meta property=\"og:image\" content=\"https:\/\/www.erresse-shop.it\/wp-content\/uploads\/2025\/07\/FOPPAPEDRETTI-Stendibiancheria-Gulliver-Evo-Naturale.jpg\" \/>\n\t<meta property=\"og:image:width\" content=\"1200\" \/>\n\t<meta property=\"og:image:height\" content=\"1200\" \/>\n\t<meta property=\"og:image:type\" content=\"image\/jpeg\" \/>\n<meta name=\"twitter:card\" content=\"summary_large_image\" \/>\n<script type=\"application\/ld+json\" class=\"yoast-schema-graph\">{\"@context\":\"https:\/\/schema.org\",\"@graph\":[{\"@type\":\"WebPage\",\"@id\":\"https:\/\/www.erresse-shop.it\/es\/shop\/mobiliario\/tendederos\/foppapedretti-tendederos-gulliver-evo-natural\/\",\"url\":\"https:\/\/www.erresse-shop.it\/es\/shop\/mobiliario\/tendederos\/foppapedretti-tendederos-gulliver-evo-natural\/\",\"name\":\"FOPPAPEDRETTI Tendederos Gulliver Evo Natural - Erresse Shop\",\"isPartOf\":{\"@id\":\"https:\/\/www.erresse-shop.it\/es\/#website\"},\"datePublished\":\"2025-07-24T08:25:37+00:00\",\"dateModified\":\"2025-07-24T08:37:48+00:00\",\"description\":\"El tendedero plegable de madera Gulliver de Foppapedretti se ajusta para acomodar la cantidad de ropa que necesites. Y cuando no lo uses, se pliega para\",\"breadcrumb\":{\"@id\":\"https:\/\/www.erresse-shop.it\/es\/shop\/mobiliario\/tendederos\/foppapedretti-tendederos-gulliver-evo-natural\/#breadcrumb\"},\"inLanguage\":\"es\",\"potentialAction\":[{\"@type\":\"ReadAction\",\"target\":[\"https:\/\/www.erresse-shop.it\/es\/shop\/mobiliario\/tendederos\/foppapedretti-tendederos-gulliver-evo-natural\/\"]}]},{\"@type\":\"BreadcrumbList\",\"@id\":\"https:\/\/www.erresse-shop.it\/es\/shop\/mobiliario\/tendederos\/foppapedretti-tendederos-gulliver-evo-natural\/#breadcrumb\",\"itemListElement\":[{\"@type\":\"ListItem\",\"position\":1,\"name\":\"Home\",\"item\":\"https:\/\/www.erresse-shop.it\/es\/\"},{\"@type\":\"ListItem\",\"position\":2,\"name\":\"Shop\",\"item\":\"https:\/\/www.erresse-shop.it\/es\/shop\/\"},{\"@type\":\"ListItem\",\"position\":3,\"name\":\"FOPPAPEDRETTI Tendederos Gulliver Evo Natural\"}]},{\"@type\":\"WebSite\",\"@id\":\"https:\/\/www.erresse-shop.it\/es\/#website\",\"url\":\"https:\/\/www.erresse-shop.it\/es\/\",\"name\":\"Erresse Shop\",\"description\":\"Articoli di qualit\u00e0 per la casa\",\"potentialAction\":[{\"@type\":\"SearchAction\",\"target\":{\"@type\":\"EntryPoint\",\"urlTemplate\":\"https:\/\/www.erresse-shop.it\/es\/?s={search_term_string}\"},\"query-input\":\"required name=search_term_string\"}],\"inLanguage\":\"es\"}]}<\/script>\n<!-- \/ Yoast SEO Premium plugin. -->","yoast_head_json":{"title":"FOPPAPEDRETTI Tendederos Gulliver Evo Natural - Erresse Shop","description":"El tendedero plegable de madera Gulliver de Foppapedretti se ajusta para acomodar la cantidad de ropa que necesites. Y cuando no lo uses, se pliega para","robots":{"index":"index","follow":"follow","max-snippet":"max-snippet:-1","max-image-preview":"max-image-preview:large","max-video-preview":"max-video-preview:-1"},"canonical":"https:\/\/www.erresse-shop.it\/es\/shop\/mobiliario\/tendederos\/foppapedretti-tendederos-gulliver-evo-natural\/","og_locale":"es_ES","og_type":"article","og_title":"FOPPAPEDRETTI Tendederos Gulliver Evo Natural","og_description":"El tendedero plegable de madera Gulliver de Foppapedretti se ajusta para acomodar la cantidad de ropa que necesites. Y cuando no lo uses, se pliega para","og_url":"https:\/\/www.erresse-shop.it\/es\/shop\/mobiliario\/tendederos\/foppapedretti-tendederos-gulliver-evo-natural\/","og_site_name":"Erresse Shop","article_modified_time":"2025-07-24T08:37:48+00:00","og_image":[{"width":1200,"height":1200,"url":"https:\/\/www.erresse-shop.it\/wp-content\/uploads\/2025\/07\/FOPPAPEDRETTI-Stendibiancheria-Gulliver-Evo-Naturale.jpg","type":"image\/jpeg"}],"twitter_card":"summary_large_image","schema":{"@context":"https:\/\/schema.org","@graph":[{"@type":"WebPage","@id":"https:\/\/www.erresse-shop.it\/es\/shop\/mobiliario\/tendederos\/foppapedretti-tendederos-gulliver-evo-natural\/","url":"https:\/\/www.erresse-shop.it\/es\/shop\/mobiliario\/tendederos\/foppapedretti-tendederos-gulliver-evo-natural\/","name":"FOPPAPEDRETTI Tendederos Gulliver Evo Natural - Erresse Shop","isPartOf":{"@id":"https:\/\/www.erresse-shop.it\/es\/#website"},"datePublished":"2025-07-24T08:25:37+00:00","dateModified":"2025-07-24T08:37:48+00:00","description":"El tendedero plegable de madera Gulliver de Foppapedretti se ajusta para acomodar la cantidad de ropa que necesites. Y cuando no lo uses, se pliega para","breadcrumb":{"@id":"https:\/\/www.erresse-shop.it\/es\/shop\/mobiliario\/tendederos\/foppapedretti-tendederos-gulliver-evo-natural\/#breadcrumb"},"inLanguage":"es","potentialAction":[{"@type":"ReadAction","target":["https:\/\/www.erresse-shop.it\/es\/shop\/mobiliario\/tendederos\/foppapedretti-tendederos-gulliver-evo-natural\/"]}]},{"@type":"BreadcrumbList","@id":"https:\/\/www.erresse-shop.it\/es\/shop\/mobiliario\/tendederos\/foppapedretti-tendederos-gulliver-evo-natural\/#breadcrumb","itemListElement":[{"@type":"ListItem","position":1,"name":"Home","item":"https:\/\/www.erresse-shop.it\/es\/"},{"@type":"ListItem","position":2,"name":"Shop","item":"https:\/\/www.erresse-shop.it\/es\/shop\/"},{"@type":"ListItem","position":3,"name":"FOPPAPEDRETTI Tendederos Gulliver Evo Natural"}]},{"@type":"WebSite","@id":"https:\/\/www.erresse-shop.it\/es\/#website","url":"https:\/\/www.erresse-shop.it\/es\/","name":"Erresse Shop","description":"Articoli di qualit\u00e0 per la casa","potentialAction":[{"@type":"SearchAction","target":{"@type":"EntryPoint","urlTemplate":"https:\/\/www.erresse-shop.it\/es\/?s={search_term_string}"},"query-input":"required name=search_term_string"}],"inLanguage":"es"}]}},"df_price":250.8,"df_sale_price":250.8,"df_regular_price":250.8,"df_image_link":"https:\/\/www.erresse-shop.it\/wp-content\/uploads\/2025\/07\/FOPPAPEDRETTI-Stendibiancheria-Gulliver-Evo-Naturale-300x300.jpg","_links":{"self":[{"href":"https:\/\/www.erresse-shop.it\/es\/wp-json\/wp\/v2\/product\/507378"}],"collection":[{"href":"https:\/\/www.erresse-shop.it\/es\/wp-json\/wp\/v2\/product"}],"about":[{"href":"https:\/\/www.erresse-shop.it\/es\/wp-json\/wp\/v2\/types\/product"}],"wp:featuredmedia":[{"embeddable":true,"href":"https:\/\/www.erresse-shop.it\/es\/wp-json\/wp\/v2\/media\/507400"}],"wp:attachment":[{"href":"https:\/\/www.erresse-shop.it\/es\/wp-json\/wp\/v2\/media?parent=507378"}],"wp:term":[{"taxonomy":"product_cat","embeddable":true,"href":"https:\/\/www.erresse-shop.it\/es\/wp-json\/wp\/v2\/product_cat?post=507378"},{"taxonomy":"product_tag","embeddable":true,"href":"https:\/\/www.erresse-shop.it\/es\/wp-json\/wp\/v2\/product_tag?post=507378"}],"curies":[{"name":"wp","href":"https:\/\/api.w.org\/{rel}","templated":true}]}}