{"id":507322,"date":"2025-07-24T08:02:37","date_gmt":"2025-07-24T08:02:40","guid":{"rendered":"https:\/\/www.erresse-shop.it\/?post_type=product&#038;p=507322"},"modified":"2025-07-24T08:11:38","modified_gmt":"2025-07-24T08:11:38","slug":"foppapedretti-tabla-de-planchar-asso-nueces","status":"publish","type":"product","link":"https:\/\/www.erresse-shop.it\/es\/shop\/mobiliario\/tablas-de-planchar\/foppapedretti-tabla-de-planchar-asso-nueces\/","title":{"rendered":"FOPPAPEDRETTI Tabla de planchar Asso Nueces"},"content":{"rendered":"<p>La tabla de planchar de madera Asso de Foppapedretti es la hist\u00f3rica estaci\u00f3n de planchado de madera maciza, plegable para ocupar muy poco espacio. Un aut\u00e9ntico as en la manga para las amas de casa italianas (\u00a1y m\u00e1s all\u00e1!) desde los a\u00f1os 80.<\/p>\n<p>Dise\u00f1ada para la m\u00e1xima comodidad, Asso tambi\u00e9n es un gran aliado para mantener el orden en casa cuando no se usa: se pliega completamente, ocupando un espacio m\u00ednimo y manteniendo la plancha en su sitio. Sus ruedas de goma antiara\u00f1azos facilitan su desplazamiento.<\/p>\n<p><strong>Los puntos fuertes de Asso son:<\/strong><\/p>\n<ul>\n<li>La amplia tabla de planchar de \u00e1lamo, contorneada y con orificios de ventilaci\u00f3n, permite planchar con comodidad y obtener los mejores resultados.<\/li>\n<li>La robusta estructura de madera maciza de haya barnizada es s\u00f3lida y duradera.<\/li>\n<li>Los pr\u00e1cticos estantes para guardar la ropa planchada.<\/li>\n<li>El pr\u00e1ctico estante lateral, con una alfombrilla de goma resistente al calor, sirve de soporte para la plancha.<\/li>\n<li>La tabla de planchar para guardar la ropa planchada.<\/li>\n<\/ul>\n<p>La marca T\u00dcV S\u00dcD garantiza y certifica la seguridad del producto.<\/p>\n<p>Certificado por T\u00dcV S\u00dcD (organismo internacional de pruebas y certificaci\u00f3n que garantiza la seguridad y la calidad del producto).<\/p>\n<p>La tabla de planchar de \u00e1lamo, con orificios de ventilaci\u00f3n para evitar la condensaci\u00f3n durante el planchado, est\u00e1 recubierta con una &#8220;LaCopertina&#8221; resistente al calor, hecha de algod\u00f3n y polvo de aluminio, mientras que el &#8220;ilMollettone&#8221;, 100 % poli\u00e9ster, se inserta entre &#8220;LaCopertina&#8221; y la tabla para protegerla del calor de la plancha. Tanto &#8220;LaCopertina&#8221; como &#8220;ilMollettone&#8221; se pueden adquirir por separado como fundas de repuesto para superficies desgastadas.<\/p>\n<p>La tabla de planchar Asso est\u00e1 disponible en una variedad de colores para todos los gustos y que complementan cualquier decoraci\u00f3n: desde el cl\u00e1sico nogal y lacado natural hasta los m\u00e1s modernos blanco, wengu\u00e9 y nogal Canaletto.<\/p>\n<p>Para un planchado a\u00fan m\u00e1s c\u00f3modo, Foppapedretti tambi\u00e9n ofrece accesorios para sus tablas de planchar:<\/p>\n<ul>\n<li>&#8220;loStiragonne&#8221; para planchar f\u00e1cilmente faldas y prendas peque\u00f1as.<\/li>\n<li>&#8220;loStiramaniche&#8221; para planchar f\u00e1cilmente mangas de camisas y su\u00e9teres.<\/li>\n<\/ul>\n<p><strong>Dimensiones:<\/strong><\/p>\n<ul>\n<li>Dimensiones abierto (cm): Al 96 | P 50 | L 178.<\/li>\n<li>Dimensiones cerrado (cm): Al 106 | P 50 | L 30.<\/li>\n<li>Dimensiones de la tabla de planchar (cm): P 49 | L 101.<\/li>\n<\/ul>\n<p><strong>Peso:<\/strong> 14,3 kg<\/p>\n","protected":false},"excerpt":{"rendered":"<p>La tabla de planchar de madera Asso de Foppapedretti es la hist\u00f3rica estaci\u00f3n de planchado de madera maciza, plegable para<\/p>\n","protected":false},"featured_media":507342,"template":"","meta":{"_acf_changed":false,"inline_featured_image":false},"product_cat":[16016,18097],"product_tag":[16134,21823],"acf":[],"yoast_head":"<!-- This site is optimized with the Yoast SEO Premium plugin v18.6 (Yoast SEO v19.13) - https:\/\/yoast.com\/wordpress\/plugins\/seo\/ -->\n<title>FOPPAPEDRETTI Tabla de planchar Asso Nueces - Erresse Shop<\/title>\n<meta name=\"description\" content=\"La tabla de planchar de madera Asso de Foppapedretti es la hist\u00f3rica estaci\u00f3n de planchado de madera maciza, plegable para ocupar muy poco espacio. Un\" \/>\n<meta name=\"robots\" content=\"index, follow, max-snippet:-1, max-image-preview:large, max-video-preview:-1\" \/>\n<link rel=\"canonical\" href=\"https:\/\/www.erresse-shop.it\/es\/shop\/mobiliario\/tablas-de-planchar\/foppapedretti-tabla-de-planchar-asso-nueces\/\" \/>\n<meta property=\"og:locale\" content=\"es_ES\" \/>\n<meta property=\"og:type\" content=\"article\" \/>\n<meta property=\"og:title\" content=\"FOPPAPEDRETTI Tabla de planchar Asso Nueces\" \/>\n<meta property=\"og:description\" content=\"La tabla de planchar de madera Asso de Foppapedretti es la hist\u00f3rica estaci\u00f3n de planchado de madera maciza, plegable para ocupar muy poco espacio. Un\" \/>\n<meta property=\"og:url\" content=\"https:\/\/www.erresse-shop.it\/es\/shop\/mobiliario\/tablas-de-planchar\/foppapedretti-tabla-de-planchar-asso-nueces\/\" \/>\n<meta property=\"og:site_name\" content=\"Erresse Shop\" \/>\n<meta property=\"article:modified_time\" content=\"2025-07-24T08:11:38+00:00\" \/>\n<meta property=\"og:image\" content=\"https:\/\/www.erresse-shop.it\/wp-content\/uploads\/2025\/07\/FOPPAPEDRETTI-Asse-da-Stiro-Asso-Noce.jpg\" \/>\n\t<meta property=\"og:image:width\" content=\"1200\" \/>\n\t<meta property=\"og:image:height\" content=\"1200\" \/>\n\t<meta property=\"og:image:type\" content=\"image\/jpeg\" \/>\n<meta name=\"twitter:card\" content=\"summary_large_image\" \/>\n<script type=\"application\/ld+json\" class=\"yoast-schema-graph\">{\"@context\":\"https:\/\/schema.org\",\"@graph\":[{\"@type\":\"WebPage\",\"@id\":\"https:\/\/www.erresse-shop.it\/es\/shop\/mobiliario\/tablas-de-planchar\/foppapedretti-tabla-de-planchar-asso-nueces\/\",\"url\":\"https:\/\/www.erresse-shop.it\/es\/shop\/mobiliario\/tablas-de-planchar\/foppapedretti-tabla-de-planchar-asso-nueces\/\",\"name\":\"FOPPAPEDRETTI Tabla de planchar Asso Nueces - Erresse Shop\",\"isPartOf\":{\"@id\":\"https:\/\/www.erresse-shop.it\/es\/#website\"},\"datePublished\":\"2025-07-24T08:02:40+00:00\",\"dateModified\":\"2025-07-24T08:11:38+00:00\",\"description\":\"La tabla de planchar de madera Asso de Foppapedretti es la hist\u00f3rica estaci\u00f3n de planchado de madera maciza, plegable para ocupar muy poco espacio. Un\",\"breadcrumb\":{\"@id\":\"https:\/\/www.erresse-shop.it\/es\/shop\/mobiliario\/tablas-de-planchar\/foppapedretti-tabla-de-planchar-asso-nueces\/#breadcrumb\"},\"inLanguage\":\"es\",\"potentialAction\":[{\"@type\":\"ReadAction\",\"target\":[\"https:\/\/www.erresse-shop.it\/es\/shop\/mobiliario\/tablas-de-planchar\/foppapedretti-tabla-de-planchar-asso-nueces\/\"]}]},{\"@type\":\"BreadcrumbList\",\"@id\":\"https:\/\/www.erresse-shop.it\/es\/shop\/mobiliario\/tablas-de-planchar\/foppapedretti-tabla-de-planchar-asso-nueces\/#breadcrumb\",\"itemListElement\":[{\"@type\":\"ListItem\",\"position\":1,\"name\":\"Home\",\"item\":\"https:\/\/www.erresse-shop.it\/es\/\"},{\"@type\":\"ListItem\",\"position\":2,\"name\":\"Shop\",\"item\":\"https:\/\/www.erresse-shop.it\/es\/shop\/\"},{\"@type\":\"ListItem\",\"position\":3,\"name\":\"FOPPAPEDRETTI Tabla de planchar Asso Nueces\"}]},{\"@type\":\"WebSite\",\"@id\":\"https:\/\/www.erresse-shop.it\/es\/#website\",\"url\":\"https:\/\/www.erresse-shop.it\/es\/\",\"name\":\"Erresse Shop\",\"description\":\"Articoli di qualit\u00e0 per la casa\",\"potentialAction\":[{\"@type\":\"SearchAction\",\"target\":{\"@type\":\"EntryPoint\",\"urlTemplate\":\"https:\/\/www.erresse-shop.it\/es\/?s={search_term_string}\"},\"query-input\":\"required name=search_term_string\"}],\"inLanguage\":\"es\"}]}<\/script>\n<!-- \/ Yoast SEO Premium plugin. -->","yoast_head_json":{"title":"FOPPAPEDRETTI Tabla de planchar Asso Nueces - Erresse Shop","description":"La tabla de planchar de madera Asso de Foppapedretti es la hist\u00f3rica estaci\u00f3n de planchado de madera maciza, plegable para ocupar muy poco espacio. Un","robots":{"index":"index","follow":"follow","max-snippet":"max-snippet:-1","max-image-preview":"max-image-preview:large","max-video-preview":"max-video-preview:-1"},"canonical":"https:\/\/www.erresse-shop.it\/es\/shop\/mobiliario\/tablas-de-planchar\/foppapedretti-tabla-de-planchar-asso-nueces\/","og_locale":"es_ES","og_type":"article","og_title":"FOPPAPEDRETTI Tabla de planchar Asso Nueces","og_description":"La tabla de planchar de madera Asso de Foppapedretti es la hist\u00f3rica estaci\u00f3n de planchado de madera maciza, plegable para ocupar muy poco espacio. Un","og_url":"https:\/\/www.erresse-shop.it\/es\/shop\/mobiliario\/tablas-de-planchar\/foppapedretti-tabla-de-planchar-asso-nueces\/","og_site_name":"Erresse Shop","article_modified_time":"2025-07-24T08:11:38+00:00","og_image":[{"width":1200,"height":1200,"url":"https:\/\/www.erresse-shop.it\/wp-content\/uploads\/2025\/07\/FOPPAPEDRETTI-Asse-da-Stiro-Asso-Noce.jpg","type":"image\/jpeg"}],"twitter_card":"summary_large_image","schema":{"@context":"https:\/\/schema.org","@graph":[{"@type":"WebPage","@id":"https:\/\/www.erresse-shop.it\/es\/shop\/mobiliario\/tablas-de-planchar\/foppapedretti-tabla-de-planchar-asso-nueces\/","url":"https:\/\/www.erresse-shop.it\/es\/shop\/mobiliario\/tablas-de-planchar\/foppapedretti-tabla-de-planchar-asso-nueces\/","name":"FOPPAPEDRETTI Tabla de planchar Asso Nueces - Erresse Shop","isPartOf":{"@id":"https:\/\/www.erresse-shop.it\/es\/#website"},"datePublished":"2025-07-24T08:02:40+00:00","dateModified":"2025-07-24T08:11:38+00:00","description":"La tabla de planchar de madera Asso de Foppapedretti es la hist\u00f3rica estaci\u00f3n de planchado de madera maciza, plegable para ocupar muy poco espacio. Un","breadcrumb":{"@id":"https:\/\/www.erresse-shop.it\/es\/shop\/mobiliario\/tablas-de-planchar\/foppapedretti-tabla-de-planchar-asso-nueces\/#breadcrumb"},"inLanguage":"es","potentialAction":[{"@type":"ReadAction","target":["https:\/\/www.erresse-shop.it\/es\/shop\/mobiliario\/tablas-de-planchar\/foppapedretti-tabla-de-planchar-asso-nueces\/"]}]},{"@type":"BreadcrumbList","@id":"https:\/\/www.erresse-shop.it\/es\/shop\/mobiliario\/tablas-de-planchar\/foppapedretti-tabla-de-planchar-asso-nueces\/#breadcrumb","itemListElement":[{"@type":"ListItem","position":1,"name":"Home","item":"https:\/\/www.erresse-shop.it\/es\/"},{"@type":"ListItem","position":2,"name":"Shop","item":"https:\/\/www.erresse-shop.it\/es\/shop\/"},{"@type":"ListItem","position":3,"name":"FOPPAPEDRETTI Tabla de planchar Asso Nueces"}]},{"@type":"WebSite","@id":"https:\/\/www.erresse-shop.it\/es\/#website","url":"https:\/\/www.erresse-shop.it\/es\/","name":"Erresse Shop","description":"Articoli di qualit\u00e0 per la casa","potentialAction":[{"@type":"SearchAction","target":{"@type":"EntryPoint","urlTemplate":"https:\/\/www.erresse-shop.it\/es\/?s={search_term_string}"},"query-input":"required name=search_term_string"}],"inLanguage":"es"}]}},"df_price":249.95,"df_sale_price":249.95,"df_regular_price":417.7,"df_image_link":"https:\/\/www.erresse-shop.it\/wp-content\/uploads\/2025\/07\/FOPPAPEDRETTI-Asse-da-Stiro-Asso-Noce-300x300.jpg","_links":{"self":[{"href":"https:\/\/www.erresse-shop.it\/es\/wp-json\/wp\/v2\/product\/507322"}],"collection":[{"href":"https:\/\/www.erresse-shop.it\/es\/wp-json\/wp\/v2\/product"}],"about":[{"href":"https:\/\/www.erresse-shop.it\/es\/wp-json\/wp\/v2\/types\/product"}],"wp:featuredmedia":[{"embeddable":true,"href":"https:\/\/www.erresse-shop.it\/es\/wp-json\/wp\/v2\/media\/507342"}],"wp:attachment":[{"href":"https:\/\/www.erresse-shop.it\/es\/wp-json\/wp\/v2\/media?parent=507322"}],"wp:term":[{"taxonomy":"product_cat","embeddable":true,"href":"https:\/\/www.erresse-shop.it\/es\/wp-json\/wp\/v2\/product_cat?post=507322"},{"taxonomy":"product_tag","embeddable":true,"href":"https:\/\/www.erresse-shop.it\/es\/wp-json\/wp\/v2\/product_tag?post=507322"}],"curies":[{"name":"wp","href":"https:\/\/api.w.org\/{rel}","templated":true}]}}