{"id":506724,"date":"2025-07-21T06:42:06","date_gmt":"2025-07-21T06:42:09","guid":{"rendered":"https:\/\/www.erresse-shop.it\/?post_type=product&#038;p=506724"},"modified":"2025-07-21T07:06:09","modified_gmt":"2025-07-21T07:06:09","slug":"magimix-micro-cromo-set-de-platos-arthur-krupp-wood-essence","status":"publish","type":"product","link":"https:\/\/www.erresse-shop.it\/es\/shop\/pequenos-electrodomesticos\/procesadores-de-alimentos\/magimix-micro-cromo-set-de-platos-arthur-krupp-wood-essence\/","title":{"rendered":"MAGIMIX Micro Cromo + Set de platos Arthur Krupp Wood Essence"},"content":{"rendered":"<h4 data-start=\"397\" data-end=\"441\"><strong data-start=\"402\" data-end=\"441\">Procesador de Alimentos MAGIMIX Micro Cromo<\/strong><\/h4>\n<p data-start=\"442\" data-end=\"776\">Compacto, potente e intuitivo: el <strong data-start=\"492\" data-end=\"515\">procesador de alimentos MAGIMIX Micro Cromo<\/strong> es el aliado ideal para simplificar cualquier preparaci\u00f3n en la cocina. Con su elegante dise\u00f1o de acero cromado, combina est\u00e9tica y funcionalidad en una herramienta vers\u00e1til, perfecta para picar, mezclar, emulsionar y preparar innumerables recetas en minutos.<\/p>\n<ul data-start=\"778\" data-end=\"910\">\n<li data-start=\"778\" data-end=\"821\">\n<p data-start=\"780\" data-end=\"821\"><strong data-start=\"780\" data-end=\"819\">Potencia y rendimiento profesionales<\/strong><\/p>\n<\/li>\n<li data-start=\"822\" data-end=\"855\">\n<p data-start=\"824\" data-end=\"855\"><strong data-start=\"824\" data-end=\"855\">F\u00e1cil de usar y limpiar<\/strong><\/p>\n<\/li>\n<li data-start=\"856\" data-end=\"910\">\n<p data-start=\"858\" data-end=\"910\"><strong data-start=\"858\" data-end=\"910\">Dise\u00f1o compacto, ideal incluso para peque\u00f1os Cocinas<\/strong><\/p>\n<\/li>\n<\/ul>\n<p><strong>CARACTER\u00cdSTICAS T\u00c9CNICAS:<\/strong><\/p>\n<ul>\n<li><strong>Capacidad del recipiente:<\/strong> 0,8 l<\/li>\n<li><strong>Potencia del motor:<\/strong> 290 W<\/li>\n<li><strong>Dimensiones:<\/strong> 17 x 12 x 24 cm<\/li>\n<li><strong>Peso:<\/strong> 1,7 kg<\/li>\n<li><strong>Hecho en Francia<\/strong><\/li>\n<\/ul>\n<h4 data-start=\"912\" data-end=\"962\"><strong data-start=\"917\" data-end=\"962\">Arthur Krupp &#8211; set de 12 platos Wood Essence<\/strong><\/h4>\n<p data-start=\"963\" data-end=\"1237\">Completa tu mesa con el estilo sofisticado del<\/p>\n<ul data-start=\"1239\" data-end=\"1366\">\n<li data-start=\"1239\" data-end=\"1286\">\n<p data-start=\"1241\" data-end=\"1286\"><strong data-start=\"1241\" data-end=\"1286\">Materiales duraderos y un acabado fino<\/strong><\/p>\n<\/li>\n<li data-start=\"1287\" data-end=\"1325\">\n<p data-start=\"1289\" data-end=\"1325\"><strong data-start=\"1289\" data-end=\"1325\">Dise\u00f1o moderno con efecto madera<\/strong><\/p>\n<\/li>\n<li data-start=\"1326\" data-end=\"1366\">\n<p data-start=\"1328\" data-end=\"1366\"><strong data-start=\"1328\" data-end=\"1366\">Apto para lavavajillas y microondas<\/strong><\/p>\n<\/li>\n<\/ul>\n<p><strong>Este set incluye:<\/strong><\/p>\n<ul>\n<li>4 platos llanos de 28 cm<\/li>\n<li>4 platos hondos de 22 cm<\/li>\n<li>4 platos de ensalada de 20 cm<\/li>\n<\/ul>\n<p><u><\/u><span style=\"text-decoration: underline;\"><strong>Prohibida su venta fuera de Europa<\/strong><\/span><\/p>\n","protected":false},"excerpt":{"rendered":"<p>Procesador de Alimentos MAGIMIX Micro Cromo Compacto, potente e intuitivo: el procesador de alimentos MAGIMIX Micro Cromo es el aliado<\/p>\n","protected":false},"featured_media":506750,"template":"","meta":{"_acf_changed":false,"inline_featured_image":false},"product_cat":[16073,16031,16077,16027],"product_tag":[22043,21064,20900,19362,20173,21973,23263,20922,17245],"acf":[],"yoast_head":"<!-- This site is optimized with the Yoast SEO Premium plugin v18.6 (Yoast SEO v19.13) - https:\/\/yoast.com\/wordpress\/plugins\/seo\/ -->\n<title>MAGIMIX Micro Cromo + Set de platos Arthur Krupp Wood Essence - Erresse Shop<\/title>\n<meta name=\"description\" content=\"Procesador de Alimentos MAGIMIX Micro Cromo Compacto, potente e intuitivo: el procesador de alimentos MAGIMIX Micro Cromo es el aliado ideal para\" \/>\n<meta name=\"robots\" content=\"index, follow, max-snippet:-1, max-image-preview:large, max-video-preview:-1\" \/>\n<link rel=\"canonical\" href=\"https:\/\/www.erresse-shop.it\/es\/shop\/pequenos-electrodomesticos\/procesadores-de-alimentos\/magimix-micro-cromo-set-de-platos-arthur-krupp-wood-essence\/\" \/>\n<meta property=\"og:locale\" content=\"es_ES\" \/>\n<meta property=\"og:type\" content=\"article\" \/>\n<meta property=\"og:title\" content=\"MAGIMIX Micro Cromo + Set de platos Arthur Krupp Wood Essence\" \/>\n<meta property=\"og:description\" content=\"Procesador de Alimentos MAGIMIX Micro Cromo Compacto, potente e intuitivo: el procesador de alimentos MAGIMIX Micro Cromo es el aliado ideal para\" \/>\n<meta property=\"og:url\" content=\"https:\/\/www.erresse-shop.it\/es\/shop\/pequenos-electrodomesticos\/procesadores-de-alimentos\/magimix-micro-cromo-set-de-platos-arthur-krupp-wood-essence\/\" \/>\n<meta property=\"og:site_name\" content=\"Erresse Shop\" \/>\n<meta property=\"article:modified_time\" content=\"2025-07-21T07:06:09+00:00\" \/>\n<meta property=\"og:image\" content=\"https:\/\/www.erresse-shop.it\/wp-content\/uploads\/2025\/07\/MAGIMIX-Micro-Cromo-Set-Piatti-Arthur-Krupp.jpg\" \/>\n\t<meta property=\"og:image:width\" content=\"1200\" \/>\n\t<meta property=\"og:image:height\" content=\"1200\" \/>\n\t<meta property=\"og:image:type\" content=\"image\/jpeg\" \/>\n<meta name=\"twitter:card\" content=\"summary_large_image\" \/>\n<script type=\"application\/ld+json\" class=\"yoast-schema-graph\">{\"@context\":\"https:\/\/schema.org\",\"@graph\":[{\"@type\":\"WebPage\",\"@id\":\"https:\/\/www.erresse-shop.it\/es\/shop\/pequenos-electrodomesticos\/procesadores-de-alimentos\/magimix-micro-cromo-set-de-platos-arthur-krupp-wood-essence\/\",\"url\":\"https:\/\/www.erresse-shop.it\/es\/shop\/pequenos-electrodomesticos\/procesadores-de-alimentos\/magimix-micro-cromo-set-de-platos-arthur-krupp-wood-essence\/\",\"name\":\"MAGIMIX Micro Cromo + Set de platos Arthur Krupp Wood Essence - Erresse Shop\",\"isPartOf\":{\"@id\":\"https:\/\/www.erresse-shop.it\/es\/#website\"},\"datePublished\":\"2025-07-21T06:42:09+00:00\",\"dateModified\":\"2025-07-21T07:06:09+00:00\",\"description\":\"Procesador de Alimentos MAGIMIX Micro Cromo Compacto, potente e intuitivo: el procesador de alimentos MAGIMIX Micro Cromo es el aliado ideal para\",\"breadcrumb\":{\"@id\":\"https:\/\/www.erresse-shop.it\/es\/shop\/pequenos-electrodomesticos\/procesadores-de-alimentos\/magimix-micro-cromo-set-de-platos-arthur-krupp-wood-essence\/#breadcrumb\"},\"inLanguage\":\"es\",\"potentialAction\":[{\"@type\":\"ReadAction\",\"target\":[\"https:\/\/www.erresse-shop.it\/es\/shop\/pequenos-electrodomesticos\/procesadores-de-alimentos\/magimix-micro-cromo-set-de-platos-arthur-krupp-wood-essence\/\"]}]},{\"@type\":\"BreadcrumbList\",\"@id\":\"https:\/\/www.erresse-shop.it\/es\/shop\/pequenos-electrodomesticos\/procesadores-de-alimentos\/magimix-micro-cromo-set-de-platos-arthur-krupp-wood-essence\/#breadcrumb\",\"itemListElement\":[{\"@type\":\"ListItem\",\"position\":1,\"name\":\"Home\",\"item\":\"https:\/\/www.erresse-shop.it\/es\/\"},{\"@type\":\"ListItem\",\"position\":2,\"name\":\"Shop\",\"item\":\"https:\/\/www.erresse-shop.it\/es\/shop\/\"},{\"@type\":\"ListItem\",\"position\":3,\"name\":\"MAGIMIX Micro Cromo + Set de platos Arthur Krupp Wood Essence\"}]},{\"@type\":\"WebSite\",\"@id\":\"https:\/\/www.erresse-shop.it\/es\/#website\",\"url\":\"https:\/\/www.erresse-shop.it\/es\/\",\"name\":\"Erresse Shop\",\"description\":\"Articoli di qualit\u00e0 per la casa\",\"potentialAction\":[{\"@type\":\"SearchAction\",\"target\":{\"@type\":\"EntryPoint\",\"urlTemplate\":\"https:\/\/www.erresse-shop.it\/es\/?s={search_term_string}\"},\"query-input\":\"required name=search_term_string\"}],\"inLanguage\":\"es\"}]}<\/script>\n<!-- \/ Yoast SEO Premium plugin. -->","yoast_head_json":{"title":"MAGIMIX Micro Cromo + Set de platos Arthur Krupp Wood Essence - Erresse Shop","description":"Procesador de Alimentos MAGIMIX Micro Cromo Compacto, potente e intuitivo: el procesador de alimentos MAGIMIX Micro Cromo es el aliado ideal para","robots":{"index":"index","follow":"follow","max-snippet":"max-snippet:-1","max-image-preview":"max-image-preview:large","max-video-preview":"max-video-preview:-1"},"canonical":"https:\/\/www.erresse-shop.it\/es\/shop\/pequenos-electrodomesticos\/procesadores-de-alimentos\/magimix-micro-cromo-set-de-platos-arthur-krupp-wood-essence\/","og_locale":"es_ES","og_type":"article","og_title":"MAGIMIX Micro Cromo + Set de platos Arthur Krupp Wood Essence","og_description":"Procesador de Alimentos MAGIMIX Micro Cromo Compacto, potente e intuitivo: el procesador de alimentos MAGIMIX Micro Cromo es el aliado ideal para","og_url":"https:\/\/www.erresse-shop.it\/es\/shop\/pequenos-electrodomesticos\/procesadores-de-alimentos\/magimix-micro-cromo-set-de-platos-arthur-krupp-wood-essence\/","og_site_name":"Erresse Shop","article_modified_time":"2025-07-21T07:06:09+00:00","og_image":[{"width":1200,"height":1200,"url":"https:\/\/www.erresse-shop.it\/wp-content\/uploads\/2025\/07\/MAGIMIX-Micro-Cromo-Set-Piatti-Arthur-Krupp.jpg","type":"image\/jpeg"}],"twitter_card":"summary_large_image","schema":{"@context":"https:\/\/schema.org","@graph":[{"@type":"WebPage","@id":"https:\/\/www.erresse-shop.it\/es\/shop\/pequenos-electrodomesticos\/procesadores-de-alimentos\/magimix-micro-cromo-set-de-platos-arthur-krupp-wood-essence\/","url":"https:\/\/www.erresse-shop.it\/es\/shop\/pequenos-electrodomesticos\/procesadores-de-alimentos\/magimix-micro-cromo-set-de-platos-arthur-krupp-wood-essence\/","name":"MAGIMIX Micro Cromo + Set de platos Arthur Krupp Wood Essence - Erresse Shop","isPartOf":{"@id":"https:\/\/www.erresse-shop.it\/es\/#website"},"datePublished":"2025-07-21T06:42:09+00:00","dateModified":"2025-07-21T07:06:09+00:00","description":"Procesador de Alimentos MAGIMIX Micro Cromo Compacto, potente e intuitivo: el procesador de alimentos MAGIMIX Micro Cromo es el aliado ideal para","breadcrumb":{"@id":"https:\/\/www.erresse-shop.it\/es\/shop\/pequenos-electrodomesticos\/procesadores-de-alimentos\/magimix-micro-cromo-set-de-platos-arthur-krupp-wood-essence\/#breadcrumb"},"inLanguage":"es","potentialAction":[{"@type":"ReadAction","target":["https:\/\/www.erresse-shop.it\/es\/shop\/pequenos-electrodomesticos\/procesadores-de-alimentos\/magimix-micro-cromo-set-de-platos-arthur-krupp-wood-essence\/"]}]},{"@type":"BreadcrumbList","@id":"https:\/\/www.erresse-shop.it\/es\/shop\/pequenos-electrodomesticos\/procesadores-de-alimentos\/magimix-micro-cromo-set-de-platos-arthur-krupp-wood-essence\/#breadcrumb","itemListElement":[{"@type":"ListItem","position":1,"name":"Home","item":"https:\/\/www.erresse-shop.it\/es\/"},{"@type":"ListItem","position":2,"name":"Shop","item":"https:\/\/www.erresse-shop.it\/es\/shop\/"},{"@type":"ListItem","position":3,"name":"MAGIMIX Micro Cromo + Set de platos Arthur Krupp Wood Essence"}]},{"@type":"WebSite","@id":"https:\/\/www.erresse-shop.it\/es\/#website","url":"https:\/\/www.erresse-shop.it\/es\/","name":"Erresse Shop","description":"Articoli di qualit\u00e0 per la casa","potentialAction":[{"@type":"SearchAction","target":{"@type":"EntryPoint","urlTemplate":"https:\/\/www.erresse-shop.it\/es\/?s={search_term_string}"},"query-input":"required name=search_term_string"}],"inLanguage":"es"}]}},"df_price":99.9,"df_sale_price":99.9,"df_regular_price":324,"df_image_link":"https:\/\/www.erresse-shop.it\/wp-content\/uploads\/2025\/07\/MAGIMIX-Micro-Cromo-Set-Piatti-Arthur-Krupp-300x300.jpg","_links":{"self":[{"href":"https:\/\/www.erresse-shop.it\/es\/wp-json\/wp\/v2\/product\/506724"}],"collection":[{"href":"https:\/\/www.erresse-shop.it\/es\/wp-json\/wp\/v2\/product"}],"about":[{"href":"https:\/\/www.erresse-shop.it\/es\/wp-json\/wp\/v2\/types\/product"}],"wp:featuredmedia":[{"embeddable":true,"href":"https:\/\/www.erresse-shop.it\/es\/wp-json\/wp\/v2\/media\/506750"}],"wp:attachment":[{"href":"https:\/\/www.erresse-shop.it\/es\/wp-json\/wp\/v2\/media?parent=506724"}],"wp:term":[{"taxonomy":"product_cat","embeddable":true,"href":"https:\/\/www.erresse-shop.it\/es\/wp-json\/wp\/v2\/product_cat?post=506724"},{"taxonomy":"product_tag","embeddable":true,"href":"https:\/\/www.erresse-shop.it\/es\/wp-json\/wp\/v2\/product_tag?post=506724"}],"curies":[{"name":"wp","href":"https:\/\/api.w.org\/{rel}","templated":true}]}}