{"id":506643,"date":"2025-07-17T12:05:44","date_gmt":"2025-07-17T12:05:44","guid":{"rendered":"https:\/\/www.erresse-shop.it\/?post_type=product&#038;p=506643"},"modified":"2025-07-17T12:27:21","modified_gmt":"2025-07-17T12:27:21","slug":"kitchenaid-mini-trituradora-830-ml-rojo-imperial","status":"publish","type":"product","link":"https:\/\/www.erresse-shop.it\/es\/shop\/pequenos-electrodomesticos\/procesadores-de-alimentos\/kitchenaid-mini-trituradora-830-ml-rojo-imperial\/","title":{"rendered":"KITCHENAID  Mini Trituradora 830 ml Rojo imperial"},"content":{"rendered":"<h3 class=\"c-hakerL c-hakerL-dgMgRV-heading-h1 c-hakerL-ibYpUUV-css\" data-component-id=\"heading-title\">La minipicadora reduce el estr\u00e9s<\/h3>\n<div class=\"c-jUKCJJ\">\n<p class=\" c-jalOHX c-eScBxI\">Olv\u00eddate de picar y triturar ingredientes. Esta compacta y potente picadora de 830 ml lo hace por ti. Salsas, vinagretas, jugos de carne, aderezos, hummus y aderezos est\u00e1n listos al instante, \u00a1un verdadero ahorro de tiempo! Y es tan peque\u00f1a que puedes dejarla en la encimera, as\u00ed que siempre estar\u00e1 disponible cuando la necesites.<\/p>\n<h3 class=\"c-hakerL c-hakerL-kAKwKq-heading-h2 c-hakerL-ifvayZa-css\" data-component-id=\"photo-title\">Para picar, licuar y hacer pur\u00e9<\/h3>\n<div class=\"PJLV PJLV-iRIaNi-css\" data-component-id=\"photo-content\">\n<div class=\"c-jUKCJJ\">\n<p class=\" c-jalOHX\">Prepara todo tipo de platos caseros nutritivos e incluso puedes picar carne o hacer pan rallado. \u00bfC\u00f3mo funciona? Elige entre dos velocidades (para picar o hacer pur\u00e9) y usa la funci\u00f3n Pulse para lograr la consistencia deseada, de gruesa a fina.<\/p>\n<p class=\" c-jalOHX\">Puedes picar frutas, verduras o frutos secos crudos, picar perejil o ajo, y hacer pur\u00e9 uniformemente con frutas y verduras cocidas. La cuchilla de acero inoxidable de la minipicadora KitchenAid te permite realizar much\u00edsimas tareas. \u00bfPor qu\u00e9 no hacer pur\u00e9 r\u00e1pidamente frutas y verduras cocidas? Ideal para papillas nutritivas para beb\u00e9s o para crear sopas como la de apio.<\/p>\n<h3 class=\"c-hakerL c-hakerL-kAKwKq-heading-h2 c-hakerL-ifvayZa-css\" data-component-id=\"photo-title\">Tama\u00f1o pr\u00e1ctico y compacto<\/h3>\n<div class=\"PJLV PJLV-iRIaNi-css\" data-component-id=\"photo-content\">\n<div class=\"c-jUKCJJ\">\n<p class=\" c-jalOHX\">Esta minipicadora tiene el tama\u00f1o perfecto para las peque\u00f1as tareas que requiere una gran variedad de recetas. Desde picar hierbas, ajo o frutos secos hasta hacer pur\u00e9 de tomate o preparar aderezos o salsas, podr\u00e1s hacerlo en un instante. <\/p>\n<p class=\" c-jalOHX\">Es m\u00e1s peque\u00f1o que un procesador de alimentos y f\u00e1cil de guardar en cualquier cocina. Gracias a su reducido tama\u00f1o en la encimera y a su sencillo compartimento para el cable, se puede guardar c\u00f3modamente al terminar de preparar la comida.<\/p>\n<p class=\" c-jalOHX\">Gracias a su dise\u00f1o compacto y ligero, ocupa poco espacio dentro del armario o en la encimera. La cuchilla multifunci\u00f3n encaja perfectamente en el bol y el cable se puede guardar debajo de la base para guardarlo.<\/p>\n<h3 class=\"c-hakerL c-hakerL-kAKwKq-heading-h2 c-hakerL-ifvayZa-css\" data-component-id=\"photo-title\">Peque\u00f1o, pero con muchas funciones<\/h3>\n<div class=\"PJLV PJLV-iRIaNi-css\" data-component-id=\"photo-content\">\n<div class=\"c-jUKCJJ\">\n<p class=\" c-jalOHX\">Esta peque\u00f1a picadora te ayuda con sus pr\u00e1cticas funciones. El bot\u00f3n de encendido\/pulsaci\u00f3n se encuentra justo en la tapa, encima del mango, para que puedas presionarlo con el pulgar con una sola mano. \u00bfNecesitas verter tu preparaci\u00f3n? Es f\u00e1cil, gracias al pico vertedor del taz\u00f3n y a la cuchilla de acero inoxidable que se bloquea para verter f\u00e1cilmente.<\/p>\n<p class=\" c-jalOHX\">Vierte la cantidad justa de aceite u otro l\u00edquido a trav\u00e9s del taz\u00f3n en la tapa mientras mezclas los ingredientes. El aceite gotear\u00e1 gradualmente a la velocidad justa para preparar mayonesa, salsa o aderezo para tu pr\u00f3xima comida.<\/p>\n<h3 class=\"c-hakerL c-hakerL-kAKwKq-heading-h2 c-hakerL-ifvayZa-css\" data-component-id=\"photo-title\">Limpieza r\u00e1pida despu\u00e9s de usar<\/h3>\n<div class=\"PJLV PJLV-iRIaNi-css\" data-component-id=\"photo-content\">\n<p class=\" c-jalOHX\">Querr\u00e1s usar la <b>Mini Picadora de Alimentos KitchenAid<\/b> todos los d\u00edas en casa, por eso la hemos hecho f\u00e1cil de limpiar. El recipiente, la tapa y los accesorios son aptos para la rejilla superior del lavavajillas.<\/p>\n<p class=\" c-jalOHX\">Al terminar de usarlo, simplemente limpie la base con un pa\u00f1o h\u00famedo.<\/p>\n<p><strong>ESPECIFICACIONES T\u00c9CNICAS:<\/strong><\/p>\n<ul>\n<li><strong>Frecuencia (Hz):<\/strong> 50\/60<\/li>\n<li><strong>Voltaje (V):<\/strong> 220-240<\/li>\n<li><strong>Velocidad m\u00e1xima de rotaci\u00f3n:<\/strong> 3450<\/li>\n<li><strong>Velocidad m\u00ednima de rotaci\u00f3n:<\/strong> 2450<\/li>\n<li><strong>Profundidad del producto:<\/strong> 143,0<\/li>\n<\/ul>\n<p><strong>DIMENSIONES:<\/strong><\/p>\n<ul>\n<li><strong>Longitud del producto:<\/strong> 21 cm<\/li>\n<li><strong>Ancho del producto:<\/strong> 18 cm<\/li>\n<li><strong>Altura del producto:<\/strong> 24 cm<\/li>\n<li><strong>Peso bruto (kg):<\/strong> 1,85<\/li>\n<li><strong>Peso neto (kg):<\/strong> 1,2<\/li>\n<\/ul>\n<\/div>\n<\/div>\n<\/div>\n<\/div>\n<\/div>\n<\/div>\n<\/div>\n<\/div>\n","protected":false},"excerpt":{"rendered":"<p>La minipicadora reduce el estr\u00e9s Olv\u00eddate de picar y triturar ingredientes. Esta compacta y potente picadora de 830 ml lo<\/p>\n","protected":false},"featured_media":506670,"template":"","meta":{"_acf_changed":false,"inline_featured_image":false},"product_cat":[16073,16077],"product_tag":[16644,20900,17958,21539],"acf":[],"yoast_head":"<!-- This site is optimized with the Yoast SEO Premium plugin v18.6 (Yoast SEO v19.13) - https:\/\/yoast.com\/wordpress\/plugins\/seo\/ -->\n<title>KITCHENAID Mini Trituradora 830 ml Rojo imperial - Erresse Shop<\/title>\n<meta name=\"description\" content=\"La minipicadora reduce el estr\u00e9s Olv\u00eddate de picar y triturar ingredientes. Esta compacta y potente picadora de 830 ml lo hace por ti. Salsas, vinagretas,\" \/>\n<meta name=\"robots\" content=\"index, follow, max-snippet:-1, max-image-preview:large, max-video-preview:-1\" \/>\n<link rel=\"canonical\" href=\"https:\/\/www.erresse-shop.it\/es\/shop\/pequenos-electrodomesticos\/procesadores-de-alimentos\/kitchenaid-mini-trituradora-830-ml-rojo-imperial\/\" \/>\n<meta property=\"og:locale\" content=\"es_ES\" \/>\n<meta property=\"og:type\" content=\"article\" \/>\n<meta property=\"og:title\" content=\"KITCHENAID Mini Trituradora 830 ml Rojo imperial\" \/>\n<meta property=\"og:description\" content=\"La minipicadora reduce el estr\u00e9s Olv\u00eddate de picar y triturar ingredientes. Esta compacta y potente picadora de 830 ml lo hace por ti. Salsas, vinagretas,\" \/>\n<meta property=\"og:url\" content=\"https:\/\/www.erresse-shop.it\/es\/shop\/pequenos-electrodomesticos\/procesadores-de-alimentos\/kitchenaid-mini-trituradora-830-ml-rojo-imperial\/\" \/>\n<meta property=\"og:site_name\" content=\"Erresse Shop\" \/>\n<meta property=\"article:modified_time\" content=\"2025-07-17T12:27:21+00:00\" \/>\n<meta property=\"og:image\" content=\"https:\/\/www.erresse-shop.it\/wp-content\/uploads\/2025\/07\/KITCHENAID-Mini-Tritatutto-Rosso.jpg\" \/>\n\t<meta property=\"og:image:width\" content=\"1200\" \/>\n\t<meta property=\"og:image:height\" content=\"1200\" \/>\n\t<meta property=\"og:image:type\" content=\"image\/jpeg\" \/>\n<meta name=\"twitter:card\" content=\"summary_large_image\" \/>\n<script type=\"application\/ld+json\" class=\"yoast-schema-graph\">{\"@context\":\"https:\/\/schema.org\",\"@graph\":[{\"@type\":\"WebPage\",\"@id\":\"https:\/\/www.erresse-shop.it\/es\/shop\/pequenos-electrodomesticos\/procesadores-de-alimentos\/kitchenaid-mini-trituradora-830-ml-rojo-imperial\/\",\"url\":\"https:\/\/www.erresse-shop.it\/es\/shop\/pequenos-electrodomesticos\/procesadores-de-alimentos\/kitchenaid-mini-trituradora-830-ml-rojo-imperial\/\",\"name\":\"KITCHENAID Mini Trituradora 830 ml Rojo imperial - Erresse Shop\",\"isPartOf\":{\"@id\":\"https:\/\/www.erresse-shop.it\/es\/#website\"},\"datePublished\":\"2025-07-17T12:05:44+00:00\",\"dateModified\":\"2025-07-17T12:27:21+00:00\",\"description\":\"La minipicadora reduce el estr\u00e9s Olv\u00eddate de picar y triturar ingredientes. Esta compacta y potente picadora de 830 ml lo hace por ti. Salsas, vinagretas,\",\"breadcrumb\":{\"@id\":\"https:\/\/www.erresse-shop.it\/es\/shop\/pequenos-electrodomesticos\/procesadores-de-alimentos\/kitchenaid-mini-trituradora-830-ml-rojo-imperial\/#breadcrumb\"},\"inLanguage\":\"es\",\"potentialAction\":[{\"@type\":\"ReadAction\",\"target\":[\"https:\/\/www.erresse-shop.it\/es\/shop\/pequenos-electrodomesticos\/procesadores-de-alimentos\/kitchenaid-mini-trituradora-830-ml-rojo-imperial\/\"]}]},{\"@type\":\"BreadcrumbList\",\"@id\":\"https:\/\/www.erresse-shop.it\/es\/shop\/pequenos-electrodomesticos\/procesadores-de-alimentos\/kitchenaid-mini-trituradora-830-ml-rojo-imperial\/#breadcrumb\",\"itemListElement\":[{\"@type\":\"ListItem\",\"position\":1,\"name\":\"Home\",\"item\":\"https:\/\/www.erresse-shop.it\/es\/\"},{\"@type\":\"ListItem\",\"position\":2,\"name\":\"Shop\",\"item\":\"https:\/\/www.erresse-shop.it\/es\/shop\/\"},{\"@type\":\"ListItem\",\"position\":3,\"name\":\"KITCHENAID Mini Trituradora 830 ml Rojo imperial\"}]},{\"@type\":\"WebSite\",\"@id\":\"https:\/\/www.erresse-shop.it\/es\/#website\",\"url\":\"https:\/\/www.erresse-shop.it\/es\/\",\"name\":\"Erresse Shop\",\"description\":\"Articoli di qualit\u00e0 per la casa\",\"potentialAction\":[{\"@type\":\"SearchAction\",\"target\":{\"@type\":\"EntryPoint\",\"urlTemplate\":\"https:\/\/www.erresse-shop.it\/es\/?s={search_term_string}\"},\"query-input\":\"required name=search_term_string\"}],\"inLanguage\":\"es\"}]}<\/script>\n<!-- \/ Yoast SEO Premium plugin. -->","yoast_head_json":{"title":"KITCHENAID Mini Trituradora 830 ml Rojo imperial - Erresse Shop","description":"La minipicadora reduce el estr\u00e9s Olv\u00eddate de picar y triturar ingredientes. Esta compacta y potente picadora de 830 ml lo hace por ti. Salsas, vinagretas,","robots":{"index":"index","follow":"follow","max-snippet":"max-snippet:-1","max-image-preview":"max-image-preview:large","max-video-preview":"max-video-preview:-1"},"canonical":"https:\/\/www.erresse-shop.it\/es\/shop\/pequenos-electrodomesticos\/procesadores-de-alimentos\/kitchenaid-mini-trituradora-830-ml-rojo-imperial\/","og_locale":"es_ES","og_type":"article","og_title":"KITCHENAID Mini Trituradora 830 ml Rojo imperial","og_description":"La minipicadora reduce el estr\u00e9s Olv\u00eddate de picar y triturar ingredientes. Esta compacta y potente picadora de 830 ml lo hace por ti. Salsas, vinagretas,","og_url":"https:\/\/www.erresse-shop.it\/es\/shop\/pequenos-electrodomesticos\/procesadores-de-alimentos\/kitchenaid-mini-trituradora-830-ml-rojo-imperial\/","og_site_name":"Erresse Shop","article_modified_time":"2025-07-17T12:27:21+00:00","og_image":[{"width":1200,"height":1200,"url":"https:\/\/www.erresse-shop.it\/wp-content\/uploads\/2025\/07\/KITCHENAID-Mini-Tritatutto-Rosso.jpg","type":"image\/jpeg"}],"twitter_card":"summary_large_image","schema":{"@context":"https:\/\/schema.org","@graph":[{"@type":"WebPage","@id":"https:\/\/www.erresse-shop.it\/es\/shop\/pequenos-electrodomesticos\/procesadores-de-alimentos\/kitchenaid-mini-trituradora-830-ml-rojo-imperial\/","url":"https:\/\/www.erresse-shop.it\/es\/shop\/pequenos-electrodomesticos\/procesadores-de-alimentos\/kitchenaid-mini-trituradora-830-ml-rojo-imperial\/","name":"KITCHENAID Mini Trituradora 830 ml Rojo imperial - Erresse Shop","isPartOf":{"@id":"https:\/\/www.erresse-shop.it\/es\/#website"},"datePublished":"2025-07-17T12:05:44+00:00","dateModified":"2025-07-17T12:27:21+00:00","description":"La minipicadora reduce el estr\u00e9s Olv\u00eddate de picar y triturar ingredientes. Esta compacta y potente picadora de 830 ml lo hace por ti. Salsas, vinagretas,","breadcrumb":{"@id":"https:\/\/www.erresse-shop.it\/es\/shop\/pequenos-electrodomesticos\/procesadores-de-alimentos\/kitchenaid-mini-trituradora-830-ml-rojo-imperial\/#breadcrumb"},"inLanguage":"es","potentialAction":[{"@type":"ReadAction","target":["https:\/\/www.erresse-shop.it\/es\/shop\/pequenos-electrodomesticos\/procesadores-de-alimentos\/kitchenaid-mini-trituradora-830-ml-rojo-imperial\/"]}]},{"@type":"BreadcrumbList","@id":"https:\/\/www.erresse-shop.it\/es\/shop\/pequenos-electrodomesticos\/procesadores-de-alimentos\/kitchenaid-mini-trituradora-830-ml-rojo-imperial\/#breadcrumb","itemListElement":[{"@type":"ListItem","position":1,"name":"Home","item":"https:\/\/www.erresse-shop.it\/es\/"},{"@type":"ListItem","position":2,"name":"Shop","item":"https:\/\/www.erresse-shop.it\/es\/shop\/"},{"@type":"ListItem","position":3,"name":"KITCHENAID Mini Trituradora 830 ml Rojo imperial"}]},{"@type":"WebSite","@id":"https:\/\/www.erresse-shop.it\/es\/#website","url":"https:\/\/www.erresse-shop.it\/es\/","name":"Erresse Shop","description":"Articoli di qualit\u00e0 per la casa","potentialAction":[{"@type":"SearchAction","target":{"@type":"EntryPoint","urlTemplate":"https:\/\/www.erresse-shop.it\/es\/?s={search_term_string}"},"query-input":"required name=search_term_string"}],"inLanguage":"es"}]}},"df_price":74.25,"df_sale_price":74.25,"df_regular_price":99,"df_image_link":"https:\/\/www.erresse-shop.it\/wp-content\/uploads\/2025\/07\/KITCHENAID-Mini-Tritatutto-Rosso-300x300.jpg","_links":{"self":[{"href":"https:\/\/www.erresse-shop.it\/es\/wp-json\/wp\/v2\/product\/506643"}],"collection":[{"href":"https:\/\/www.erresse-shop.it\/es\/wp-json\/wp\/v2\/product"}],"about":[{"href":"https:\/\/www.erresse-shop.it\/es\/wp-json\/wp\/v2\/types\/product"}],"wp:featuredmedia":[{"embeddable":true,"href":"https:\/\/www.erresse-shop.it\/es\/wp-json\/wp\/v2\/media\/506670"}],"wp:attachment":[{"href":"https:\/\/www.erresse-shop.it\/es\/wp-json\/wp\/v2\/media?parent=506643"}],"wp:term":[{"taxonomy":"product_cat","embeddable":true,"href":"https:\/\/www.erresse-shop.it\/es\/wp-json\/wp\/v2\/product_cat?post=506643"},{"taxonomy":"product_tag","embeddable":true,"href":"https:\/\/www.erresse-shop.it\/es\/wp-json\/wp\/v2\/product_tag?post=506643"}],"curies":[{"name":"wp","href":"https:\/\/api.w.org\/{rel}","templated":true}]}}