{"id":505822,"date":"2025-07-02T10:30:15","date_gmt":"2025-07-02T10:30:19","guid":{"rendered":"https:\/\/www.erresse-shop.it\/?post_type=product&#038;p=505822"},"modified":"2025-07-02T10:40:41","modified_gmt":"2025-07-02T10:40:41","slug":"cookut-kit-de-cocina-con-mango-extraible-helecho","status":"publish","type":"product","link":"https:\/\/www.erresse-shop.it\/es\/shop\/sartenes-y-ollas\/ollas-y-cacerolas\/cookut-kit-de-cocina-con-mango-extraible-helecho\/","title":{"rendered":"COOKUT Kit de cocina con mango extra\u00edble Helecho"},"content":{"rendered":"<p>Tr\u00edo de sartenes y ollas con mangos desmontables<\/p>\n<p><strong>Este pack contiene:<\/strong><\/p>\n<ul>\n<li>1 cacerola de 20 cm<\/li>\n<li>1 sart\u00e9n de 24 cm<\/li>\n<li>1 sart\u00e9n de 28 cm<\/li>\n<li>2 mangos desmontables<\/li>\n<li>2 tapetes protectores.<\/li>\n<\/ul>\n<p><strong>Caracter\u00edsticas t\u00e9cnicas:<\/strong><\/p>\n<ul>\n<li>Revestimiento antiadherente<\/li>\n<li>Saludable, libre de PFAS<\/li>\n<li>Compatible con todo tipo de fuegos: inducci\u00f3n, gas, vitrocer\u00e1mica, el\u00e9ctrico<\/li>\n<li>Apto para horno a 240 \u00b0C<\/li>\n<li>Apto para lavavajillas, f\u00e1cil de lavar<\/li>\n<\/ul>\n<p>El tr\u00edo combina con los colores de la gama Cocotte Incroyable.<\/p>\n","protected":false},"excerpt":{"rendered":"<p>Tr\u00edo de sartenes y ollas con mangos desmontables Este pack contiene: 1 cacerola de 20 cm 1 sart\u00e9n de 24<\/p>\n","protected":false},"featured_media":505828,"template":"","meta":{"_acf_changed":false,"inline_featured_image":false},"product_cat":[16067,16058],"product_tag":[25039,16111,16160,18632,22928,25023],"acf":[],"yoast_head":"<!-- This site is optimized with the Yoast SEO Premium plugin v18.6 (Yoast SEO v19.13) - https:\/\/yoast.com\/wordpress\/plugins\/seo\/ -->\n<title>COOKUT Kit de cocina con mango extra\u00edble Helecho - Erresse Shop<\/title>\n<meta name=\"description\" content=\"Tr\u00edo de sartenes y ollas con mangos desmontables Este pack contiene: 1 cacerola de 20 cm 1 sart\u00e9n de 24 cm 1 sart\u00e9n de 28 cm 2 mangos desmontables 2\" \/>\n<meta name=\"robots\" content=\"index, follow, max-snippet:-1, max-image-preview:large, max-video-preview:-1\" \/>\n<link rel=\"canonical\" href=\"https:\/\/www.erresse-shop.it\/es\/shop\/sartenes-y-ollas\/ollas-y-cacerolas\/cookut-kit-de-cocina-con-mango-extraible-helecho\/\" \/>\n<meta property=\"og:locale\" content=\"es_ES\" \/>\n<meta property=\"og:type\" content=\"article\" \/>\n<meta property=\"og:title\" content=\"COOKUT Kit de cocina con mango extra\u00edble Helecho\" \/>\n<meta property=\"og:description\" content=\"Tr\u00edo de sartenes y ollas con mangos desmontables Este pack contiene: 1 cacerola de 20 cm 1 sart\u00e9n de 24 cm 1 sart\u00e9n de 28 cm 2 mangos desmontables 2\" \/>\n<meta property=\"og:url\" content=\"https:\/\/www.erresse-shop.it\/es\/shop\/sartenes-y-ollas\/ollas-y-cacerolas\/cookut-kit-de-cocina-con-mango-extraible-helecho\/\" \/>\n<meta property=\"og:site_name\" content=\"Erresse Shop\" \/>\n<meta property=\"article:modified_time\" content=\"2025-07-02T10:40:41+00:00\" \/>\n<meta property=\"og:image\" content=\"https:\/\/www.erresse-shop.it\/wp-content\/uploads\/2025\/07\/COOKUT-Kit-Cucina-con-Manico-Amovibile-Felce.jpg\" \/>\n\t<meta property=\"og:image:width\" content=\"1200\" \/>\n\t<meta property=\"og:image:height\" content=\"1200\" \/>\n\t<meta property=\"og:image:type\" content=\"image\/jpeg\" \/>\n<meta name=\"twitter:card\" content=\"summary_large_image\" \/>\n<script type=\"application\/ld+json\" class=\"yoast-schema-graph\">{\"@context\":\"https:\/\/schema.org\",\"@graph\":[{\"@type\":\"WebPage\",\"@id\":\"https:\/\/www.erresse-shop.it\/es\/shop\/sartenes-y-ollas\/ollas-y-cacerolas\/cookut-kit-de-cocina-con-mango-extraible-helecho\/\",\"url\":\"https:\/\/www.erresse-shop.it\/es\/shop\/sartenes-y-ollas\/ollas-y-cacerolas\/cookut-kit-de-cocina-con-mango-extraible-helecho\/\",\"name\":\"COOKUT Kit de cocina con mango extra\u00edble Helecho - Erresse Shop\",\"isPartOf\":{\"@id\":\"https:\/\/www.erresse-shop.it\/es\/#website\"},\"datePublished\":\"2025-07-02T10:30:19+00:00\",\"dateModified\":\"2025-07-02T10:40:41+00:00\",\"description\":\"Tr\u00edo de sartenes y ollas con mangos desmontables Este pack contiene: 1 cacerola de 20 cm 1 sart\u00e9n de 24 cm 1 sart\u00e9n de 28 cm 2 mangos desmontables 2\",\"breadcrumb\":{\"@id\":\"https:\/\/www.erresse-shop.it\/es\/shop\/sartenes-y-ollas\/ollas-y-cacerolas\/cookut-kit-de-cocina-con-mango-extraible-helecho\/#breadcrumb\"},\"inLanguage\":\"es\",\"potentialAction\":[{\"@type\":\"ReadAction\",\"target\":[\"https:\/\/www.erresse-shop.it\/es\/shop\/sartenes-y-ollas\/ollas-y-cacerolas\/cookut-kit-de-cocina-con-mango-extraible-helecho\/\"]}]},{\"@type\":\"BreadcrumbList\",\"@id\":\"https:\/\/www.erresse-shop.it\/es\/shop\/sartenes-y-ollas\/ollas-y-cacerolas\/cookut-kit-de-cocina-con-mango-extraible-helecho\/#breadcrumb\",\"itemListElement\":[{\"@type\":\"ListItem\",\"position\":1,\"name\":\"Home\",\"item\":\"https:\/\/www.erresse-shop.it\/es\/\"},{\"@type\":\"ListItem\",\"position\":2,\"name\":\"Shop\",\"item\":\"https:\/\/www.erresse-shop.it\/es\/shop\/\"},{\"@type\":\"ListItem\",\"position\":3,\"name\":\"COOKUT Kit de cocina con mango extra\u00edble Helecho\"}]},{\"@type\":\"WebSite\",\"@id\":\"https:\/\/www.erresse-shop.it\/es\/#website\",\"url\":\"https:\/\/www.erresse-shop.it\/es\/\",\"name\":\"Erresse Shop\",\"description\":\"Articoli di qualit\u00e0 per la casa\",\"potentialAction\":[{\"@type\":\"SearchAction\",\"target\":{\"@type\":\"EntryPoint\",\"urlTemplate\":\"https:\/\/www.erresse-shop.it\/es\/?s={search_term_string}\"},\"query-input\":\"required name=search_term_string\"}],\"inLanguage\":\"es\"}]}<\/script>\n<!-- \/ Yoast SEO Premium plugin. -->","yoast_head_json":{"title":"COOKUT Kit de cocina con mango extra\u00edble Helecho - Erresse Shop","description":"Tr\u00edo de sartenes y ollas con mangos desmontables Este pack contiene: 1 cacerola de 20 cm 1 sart\u00e9n de 24 cm 1 sart\u00e9n de 28 cm 2 mangos desmontables 2","robots":{"index":"index","follow":"follow","max-snippet":"max-snippet:-1","max-image-preview":"max-image-preview:large","max-video-preview":"max-video-preview:-1"},"canonical":"https:\/\/www.erresse-shop.it\/es\/shop\/sartenes-y-ollas\/ollas-y-cacerolas\/cookut-kit-de-cocina-con-mango-extraible-helecho\/","og_locale":"es_ES","og_type":"article","og_title":"COOKUT Kit de cocina con mango extra\u00edble Helecho","og_description":"Tr\u00edo de sartenes y ollas con mangos desmontables Este pack contiene: 1 cacerola de 20 cm 1 sart\u00e9n de 24 cm 1 sart\u00e9n de 28 cm 2 mangos desmontables 2","og_url":"https:\/\/www.erresse-shop.it\/es\/shop\/sartenes-y-ollas\/ollas-y-cacerolas\/cookut-kit-de-cocina-con-mango-extraible-helecho\/","og_site_name":"Erresse Shop","article_modified_time":"2025-07-02T10:40:41+00:00","og_image":[{"width":1200,"height":1200,"url":"https:\/\/www.erresse-shop.it\/wp-content\/uploads\/2025\/07\/COOKUT-Kit-Cucina-con-Manico-Amovibile-Felce.jpg","type":"image\/jpeg"}],"twitter_card":"summary_large_image","schema":{"@context":"https:\/\/schema.org","@graph":[{"@type":"WebPage","@id":"https:\/\/www.erresse-shop.it\/es\/shop\/sartenes-y-ollas\/ollas-y-cacerolas\/cookut-kit-de-cocina-con-mango-extraible-helecho\/","url":"https:\/\/www.erresse-shop.it\/es\/shop\/sartenes-y-ollas\/ollas-y-cacerolas\/cookut-kit-de-cocina-con-mango-extraible-helecho\/","name":"COOKUT Kit de cocina con mango extra\u00edble Helecho - Erresse Shop","isPartOf":{"@id":"https:\/\/www.erresse-shop.it\/es\/#website"},"datePublished":"2025-07-02T10:30:19+00:00","dateModified":"2025-07-02T10:40:41+00:00","description":"Tr\u00edo de sartenes y ollas con mangos desmontables Este pack contiene: 1 cacerola de 20 cm 1 sart\u00e9n de 24 cm 1 sart\u00e9n de 28 cm 2 mangos desmontables 2","breadcrumb":{"@id":"https:\/\/www.erresse-shop.it\/es\/shop\/sartenes-y-ollas\/ollas-y-cacerolas\/cookut-kit-de-cocina-con-mango-extraible-helecho\/#breadcrumb"},"inLanguage":"es","potentialAction":[{"@type":"ReadAction","target":["https:\/\/www.erresse-shop.it\/es\/shop\/sartenes-y-ollas\/ollas-y-cacerolas\/cookut-kit-de-cocina-con-mango-extraible-helecho\/"]}]},{"@type":"BreadcrumbList","@id":"https:\/\/www.erresse-shop.it\/es\/shop\/sartenes-y-ollas\/ollas-y-cacerolas\/cookut-kit-de-cocina-con-mango-extraible-helecho\/#breadcrumb","itemListElement":[{"@type":"ListItem","position":1,"name":"Home","item":"https:\/\/www.erresse-shop.it\/es\/"},{"@type":"ListItem","position":2,"name":"Shop","item":"https:\/\/www.erresse-shop.it\/es\/shop\/"},{"@type":"ListItem","position":3,"name":"COOKUT Kit de cocina con mango extra\u00edble Helecho"}]},{"@type":"WebSite","@id":"https:\/\/www.erresse-shop.it\/es\/#website","url":"https:\/\/www.erresse-shop.it\/es\/","name":"Erresse Shop","description":"Articoli di qualit\u00e0 per la casa","potentialAction":[{"@type":"SearchAction","target":{"@type":"EntryPoint","urlTemplate":"https:\/\/www.erresse-shop.it\/es\/?s={search_term_string}"},"query-input":"required name=search_term_string"}],"inLanguage":"es"}]}},"df_price":104.44500000000001,"df_sale_price":104.44500000000001,"df_regular_price":189.9,"df_image_link":"https:\/\/www.erresse-shop.it\/wp-content\/uploads\/2025\/07\/COOKUT-Kit-Cucina-con-Manico-Amovibile-Felce-300x300.jpg","_links":{"self":[{"href":"https:\/\/www.erresse-shop.it\/es\/wp-json\/wp\/v2\/product\/505822"}],"collection":[{"href":"https:\/\/www.erresse-shop.it\/es\/wp-json\/wp\/v2\/product"}],"about":[{"href":"https:\/\/www.erresse-shop.it\/es\/wp-json\/wp\/v2\/types\/product"}],"wp:featuredmedia":[{"embeddable":true,"href":"https:\/\/www.erresse-shop.it\/es\/wp-json\/wp\/v2\/media\/505828"}],"wp:attachment":[{"href":"https:\/\/www.erresse-shop.it\/es\/wp-json\/wp\/v2\/media?parent=505822"}],"wp:term":[{"taxonomy":"product_cat","embeddable":true,"href":"https:\/\/www.erresse-shop.it\/es\/wp-json\/wp\/v2\/product_cat?post=505822"},{"taxonomy":"product_tag","embeddable":true,"href":"https:\/\/www.erresse-shop.it\/es\/wp-json\/wp\/v2\/product_tag?post=505822"}],"curies":[{"name":"wp","href":"https:\/\/api.w.org\/{rel}","templated":true}]}}