{"id":505484,"date":"2025-06-27T09:26:53","date_gmt":"2025-06-27T09:26:56","guid":{"rendered":"https:\/\/www.erresse-shop.it\/?post_type=product&#038;p=505484"},"modified":"2025-06-27T09:51:28","modified_gmt":"2025-06-27T09:51:28","slug":"fissler-original-profi-collection-wok-30-cm-tapa-metalica","status":"publish","type":"product","link":"https:\/\/www.erresse-shop.it\/es\/shop\/sartenes-y-ollas\/wok-es\/fissler-original-profi-collection-wok-30-cm-tapa-metalica\/","title":{"rendered":"FISSLER Original-Profi Collection Wok 30 cm Tapa Met\u00e1lica"},"content":{"rendered":"<p>Los amantes de la cocina asi\u00e1tica podr\u00e1n brillar con el exclusivo wok con mango de acero inoxidable, tanto en el fuego como en la mesa, porque convence tanto por su forma como por su funci\u00f3n.<\/p>\n<p>Desarrollada en colaboraci\u00f3n con chefs estrella, la serie resulta tan convincente en las cocinas de renombre como en los fogones de casa.<\/p>\n<p>Basado en los m\u00e1s altos est\u00e1ndares de calidad, el dise\u00f1o de la serie es simple, puro y al mismo tiempo con l\u00edneas fuertes.<\/p>\n<p><strong>Ventajas en resumen:<\/strong><\/p>\n<ul>\n<li>F\u00e1cil de limpiar y apto para lavavajillas<\/li>\n<li>Dise\u00f1o moderno y armonioso con componentes pulidos y mates<\/li>\n<li>Mango y brida en \u00e1ngulo con decoraci\u00f3n de lunares en todo el per\u00edmetro<\/li>\n<li>Cuerpo de olla robusto fabricado en acero inoxidable 18\/10 de alta calidad<\/li>\n<li>Las tapas met\u00e1licas curvas garantizan que el vapor condensado gotee, haciendo que los platos sean a\u00fan m\u00e1s arom\u00e1ticos y suculentos.<\/li>\n<li>Las asas met\u00e1licas fr\u00edas de acero inoxidable garantizan una temperatura agradable durante la cocci\u00f3n y se pueden tocar sin necesidad de guantes de horno.<\/li>\n<li>El borde vertedor extra ancho permite verter y transferir con precisi\u00f3n sin gotear<\/li>\n<li>La escala graduada integrada grabada con l\u00e1ser en unidades de litro y cuarto hace que la dosificaci\u00f3n de l\u00edquidos sea pr\u00e1ctica y c\u00f3moda<\/li>\n<li>La base Cookstar\u00ae para todo tipo de cocinas garantiza una regulaci\u00f3n \u00f3ptima del calor en cualquier tipo de placa.<br \/>\nApto para horno hasta 230 \u00b0C<\/li>\n<li>Hecho en Alemania &#8211; 15 a\u00f1os de garant\u00eda*<\/li>\n<\/ul>\n<p>Fabricada en acero inoxidable 18\/10 de alta calidad y tratada con chorro de arena, la colecci\u00f3n Original-Profi\u00ae es f\u00e1cil de limpiar, extremadamente duradera e insensible al \u00f3xido. Gracias a la base Cookstar\u00ae para todo tipo de placas de cocina, el wok es adecuado para todo tipo de placas de cocina y est\u00e1 optimizado para placas de inducci\u00f3n. Su sofisticado dise\u00f1o permite una \u00f3ptima absorci\u00f3n, distribuci\u00f3n y acumulaci\u00f3n del calor. Las asas de metal fr\u00edo, caracter\u00edsticas de la serie, garantizan una temperatura de cocci\u00f3n agradable.<\/p>\n<p>Esto hace que la colecci\u00f3n sea un compa\u00f1ero duradero del que no podr\u00e1s prescindir.<\/p>\n<p>\u00a1Forma perfecta y perfecto para una cocina sofisticada!<\/p>\n<p>*Solo en piezas de acero inoxidable<\/p>\n<p>Dimensiones: 32,5 x 56 x 18 cm<\/p>\n","protected":false},"excerpt":{"rendered":"<p><br data-mce-bogus=\"1\"><\/p>\n","protected":false},"featured_media":505502,"template":"","meta":{"_acf_changed":false,"inline_featured_image":false},"product_cat":[16058,16062],"product_tag":[21537,25023,16239],"acf":[],"yoast_head":"<!-- This site is optimized with the Yoast SEO Premium plugin v18.6 (Yoast SEO v19.13) - https:\/\/yoast.com\/wordpress\/plugins\/seo\/ -->\n<title>FISSLER Original-Profi Collection Wok 30 cm Tapa Met\u00e1lica - Erresse Shop<\/title>\n<meta name=\"robots\" content=\"index, follow, max-snippet:-1, max-image-preview:large, max-video-preview:-1\" \/>\n<link rel=\"canonical\" href=\"https:\/\/www.erresse-shop.it\/es\/shop\/sartenes-y-ollas\/wok-es\/fissler-original-profi-collection-wok-30-cm-tapa-metalica\/\" \/>\n<meta property=\"og:locale\" content=\"es_ES\" \/>\n<meta property=\"og:type\" content=\"article\" \/>\n<meta property=\"og:title\" content=\"FISSLER Original-Profi Collection Wok 30 cm Tapa Met\u00e1lica\" \/>\n<meta property=\"og:url\" content=\"https:\/\/www.erresse-shop.it\/es\/shop\/sartenes-y-ollas\/wok-es\/fissler-original-profi-collection-wok-30-cm-tapa-metalica\/\" \/>\n<meta property=\"og:site_name\" content=\"Erresse Shop\" \/>\n<meta property=\"article:modified_time\" content=\"2025-06-27T09:51:28+00:00\" \/>\n<meta property=\"og:image\" content=\"https:\/\/www.erresse-shop.it\/wp-content\/uploads\/2025\/06\/FISSLER-Original-Profi-Collection-Wok-30-cm-Coperchio-in-Metallo.jpg\" \/>\n\t<meta property=\"og:image:width\" content=\"1200\" \/>\n\t<meta property=\"og:image:height\" content=\"1200\" \/>\n\t<meta property=\"og:image:type\" content=\"image\/jpeg\" \/>\n<meta name=\"twitter:card\" content=\"summary_large_image\" \/>\n<script type=\"application\/ld+json\" class=\"yoast-schema-graph\">{\"@context\":\"https:\/\/schema.org\",\"@graph\":[{\"@type\":\"WebPage\",\"@id\":\"https:\/\/www.erresse-shop.it\/es\/shop\/sartenes-y-ollas\/wok-es\/fissler-original-profi-collection-wok-30-cm-tapa-metalica\/\",\"url\":\"https:\/\/www.erresse-shop.it\/es\/shop\/sartenes-y-ollas\/wok-es\/fissler-original-profi-collection-wok-30-cm-tapa-metalica\/\",\"name\":\"FISSLER Original-Profi Collection Wok 30 cm Tapa Met\u00e1lica - Erresse Shop\",\"isPartOf\":{\"@id\":\"https:\/\/www.erresse-shop.it\/es\/#website\"},\"datePublished\":\"2025-06-27T09:26:56+00:00\",\"dateModified\":\"2025-06-27T09:51:28+00:00\",\"breadcrumb\":{\"@id\":\"https:\/\/www.erresse-shop.it\/es\/shop\/sartenes-y-ollas\/wok-es\/fissler-original-profi-collection-wok-30-cm-tapa-metalica\/#breadcrumb\"},\"inLanguage\":\"es\",\"potentialAction\":[{\"@type\":\"ReadAction\",\"target\":[\"https:\/\/www.erresse-shop.it\/es\/shop\/sartenes-y-ollas\/wok-es\/fissler-original-profi-collection-wok-30-cm-tapa-metalica\/\"]}]},{\"@type\":\"BreadcrumbList\",\"@id\":\"https:\/\/www.erresse-shop.it\/es\/shop\/sartenes-y-ollas\/wok-es\/fissler-original-profi-collection-wok-30-cm-tapa-metalica\/#breadcrumb\",\"itemListElement\":[{\"@type\":\"ListItem\",\"position\":1,\"name\":\"Home\",\"item\":\"https:\/\/www.erresse-shop.it\/es\/\"},{\"@type\":\"ListItem\",\"position\":2,\"name\":\"Shop\",\"item\":\"https:\/\/www.erresse-shop.it\/es\/shop\/\"},{\"@type\":\"ListItem\",\"position\":3,\"name\":\"FISSLER Original-Profi Collection Wok 30 cm Tapa Met\u00e1lica\"}]},{\"@type\":\"WebSite\",\"@id\":\"https:\/\/www.erresse-shop.it\/es\/#website\",\"url\":\"https:\/\/www.erresse-shop.it\/es\/\",\"name\":\"Erresse Shop\",\"description\":\"Articoli di qualit\u00e0 per la casa\",\"potentialAction\":[{\"@type\":\"SearchAction\",\"target\":{\"@type\":\"EntryPoint\",\"urlTemplate\":\"https:\/\/www.erresse-shop.it\/es\/?s={search_term_string}\"},\"query-input\":\"required name=search_term_string\"}],\"inLanguage\":\"es\"}]}<\/script>\n<!-- \/ Yoast SEO Premium plugin. -->","yoast_head_json":{"title":"FISSLER Original-Profi Collection Wok 30 cm Tapa Met\u00e1lica - Erresse Shop","robots":{"index":"index","follow":"follow","max-snippet":"max-snippet:-1","max-image-preview":"max-image-preview:large","max-video-preview":"max-video-preview:-1"},"canonical":"https:\/\/www.erresse-shop.it\/es\/shop\/sartenes-y-ollas\/wok-es\/fissler-original-profi-collection-wok-30-cm-tapa-metalica\/","og_locale":"es_ES","og_type":"article","og_title":"FISSLER Original-Profi Collection Wok 30 cm Tapa Met\u00e1lica","og_url":"https:\/\/www.erresse-shop.it\/es\/shop\/sartenes-y-ollas\/wok-es\/fissler-original-profi-collection-wok-30-cm-tapa-metalica\/","og_site_name":"Erresse Shop","article_modified_time":"2025-06-27T09:51:28+00:00","og_image":[{"width":1200,"height":1200,"url":"https:\/\/www.erresse-shop.it\/wp-content\/uploads\/2025\/06\/FISSLER-Original-Profi-Collection-Wok-30-cm-Coperchio-in-Metallo.jpg","type":"image\/jpeg"}],"twitter_card":"summary_large_image","schema":{"@context":"https:\/\/schema.org","@graph":[{"@type":"WebPage","@id":"https:\/\/www.erresse-shop.it\/es\/shop\/sartenes-y-ollas\/wok-es\/fissler-original-profi-collection-wok-30-cm-tapa-metalica\/","url":"https:\/\/www.erresse-shop.it\/es\/shop\/sartenes-y-ollas\/wok-es\/fissler-original-profi-collection-wok-30-cm-tapa-metalica\/","name":"FISSLER Original-Profi Collection Wok 30 cm Tapa Met\u00e1lica - Erresse Shop","isPartOf":{"@id":"https:\/\/www.erresse-shop.it\/es\/#website"},"datePublished":"2025-06-27T09:26:56+00:00","dateModified":"2025-06-27T09:51:28+00:00","breadcrumb":{"@id":"https:\/\/www.erresse-shop.it\/es\/shop\/sartenes-y-ollas\/wok-es\/fissler-original-profi-collection-wok-30-cm-tapa-metalica\/#breadcrumb"},"inLanguage":"es","potentialAction":[{"@type":"ReadAction","target":["https:\/\/www.erresse-shop.it\/es\/shop\/sartenes-y-ollas\/wok-es\/fissler-original-profi-collection-wok-30-cm-tapa-metalica\/"]}]},{"@type":"BreadcrumbList","@id":"https:\/\/www.erresse-shop.it\/es\/shop\/sartenes-y-ollas\/wok-es\/fissler-original-profi-collection-wok-30-cm-tapa-metalica\/#breadcrumb","itemListElement":[{"@type":"ListItem","position":1,"name":"Home","item":"https:\/\/www.erresse-shop.it\/es\/"},{"@type":"ListItem","position":2,"name":"Shop","item":"https:\/\/www.erresse-shop.it\/es\/shop\/"},{"@type":"ListItem","position":3,"name":"FISSLER Original-Profi Collection Wok 30 cm Tapa Met\u00e1lica"}]},{"@type":"WebSite","@id":"https:\/\/www.erresse-shop.it\/es\/#website","url":"https:\/\/www.erresse-shop.it\/es\/","name":"Erresse Shop","description":"Articoli di qualit\u00e0 per la casa","potentialAction":[{"@type":"SearchAction","target":{"@type":"EntryPoint","urlTemplate":"https:\/\/www.erresse-shop.it\/es\/?s={search_term_string}"},"query-input":"required name=search_term_string"}],"inLanguage":"es"}]}},"df_price":269.95,"df_sale_price":269.95,"df_regular_price":319,"df_image_link":"https:\/\/www.erresse-shop.it\/wp-content\/uploads\/2025\/06\/FISSLER-Original-Profi-Collection-Wok-30-cm-Coperchio-in-Metallo-300x300.jpg","_links":{"self":[{"href":"https:\/\/www.erresse-shop.it\/es\/wp-json\/wp\/v2\/product\/505484"}],"collection":[{"href":"https:\/\/www.erresse-shop.it\/es\/wp-json\/wp\/v2\/product"}],"about":[{"href":"https:\/\/www.erresse-shop.it\/es\/wp-json\/wp\/v2\/types\/product"}],"wp:featuredmedia":[{"embeddable":true,"href":"https:\/\/www.erresse-shop.it\/es\/wp-json\/wp\/v2\/media\/505502"}],"wp:attachment":[{"href":"https:\/\/www.erresse-shop.it\/es\/wp-json\/wp\/v2\/media?parent=505484"}],"wp:term":[{"taxonomy":"product_cat","embeddable":true,"href":"https:\/\/www.erresse-shop.it\/es\/wp-json\/wp\/v2\/product_cat?post=505484"},{"taxonomy":"product_tag","embeddable":true,"href":"https:\/\/www.erresse-shop.it\/es\/wp-json\/wp\/v2\/product_tag?post=505484"}],"curies":[{"name":"wp","href":"https:\/\/api.w.org\/{rel}","templated":true}]}}