{"id":505421,"date":"2025-06-27T08:27:12","date_gmt":"2025-06-27T08:27:15","guid":{"rendered":"https:\/\/www.erresse-shop.it\/?post_type=product&#038;p=505421"},"modified":"2025-06-27T09:03:54","modified_gmt":"2025-06-27T09:03:54","slug":"fissler-original-profi-collection-set-de-3-piezas","status":"publish","type":"product","link":"https:\/\/www.erresse-shop.it\/es\/shop\/sartenes-y-ollas\/juegos-de-ollas\/fissler-original-profi-collection-set-de-3-piezas\/","title":{"rendered":"FISSLER Original-Profi Collection Set de 3 piezas"},"content":{"rendered":"<p>La Colecci\u00f3n Original-Profi\u00ae fue desarrollada en colaboraci\u00f3n con chefs de renombre y convence tanto en cocinas de prestigio como en los fogones del hogar.<\/p>\n<p>Basada en los m\u00e1s altos est\u00e1ndares de calidad, el dise\u00f1o de la serie es simple, puro y, al mismo tiempo, de l\u00edneas claras.<\/p>\n<p><strong>El set incluye:<\/strong><\/p>\n<ul>\n<li>Olla de 20 cm \u00d8 4,0 l<\/li>\n<li>Olla sin tapa de 16 cm \u00d8 1,4 l<\/li>\n<li>Sart\u00e9n sin tapa de 24 cm \u00d8 2,0 l<\/li>\n<\/ul>\n<p><strong>Ventajas:<\/strong><\/p>\n<ul>\n<li>F\u00e1cil de limpiar y apto para lavavajillas<\/li>\n<li>Dise\u00f1o moderno y armonioso con componentes pulidos y mate<\/li>\n<li>Asa y brida en \u00e1ngulo con decoraci\u00f3n de lunares<\/li>\n<li>Cuerpo robusto de la olla de acero inoxidable 18\/10 de alta calidad<\/li>\n<li>Las tapas met\u00e1licas curvadas garantizan que el vapor condensado gotee, haciendo que los platos sean a\u00fan m\u00e1s arom\u00e1ticos y jugosos<\/li>\n<li>Las asas met\u00e1licas de acero inoxidable garantizan una temperatura uniforme y agradable durante la cocci\u00f3n, y se pueden tocar sin&#8230; Guantes de horno<\/li>\n<li>El borde vertedor extra ancho permite verter y transferir con precisi\u00f3n sin goteo.<\/li>\n<li>La escala integrada grabada a l\u00e1ser en litros y cuartos de gal\u00f3n facilita y agiliza la dosificaci\u00f3n de l\u00edquidos.<\/li>\n<li>La base Cookstar\u00ae para todo tipo de cocinas garantiza una \u00f3ptima regulaci\u00f3n del calor en todo tipo de placas.<\/li>\n<li>Apto para horno hasta 230 \u00b0C.<\/li>\n<li>Hecho en Alemania &#8211; 15 a\u00f1os de garant\u00eda*.<\/li>\n<\/ul>\n<p>Fabricada en acero inoxidable 18\/10 pulido de alta calidad, la Colecci\u00f3n Original-Profi\u00ae requiere poco mantenimiento, es extremadamente duradera y resistente a la oxidaci\u00f3n. Los componentes del juego son aptos para todo tipo de placas gracias a la base Cookstar\u00ae Allher y est\u00e1n optimizados para placas de inducci\u00f3n. Su sofisticado dise\u00f1o permite una \u00f3ptima absorci\u00f3n, distribuci\u00f3n y almacenamiento del calor. Las caracter\u00edsticas asas met\u00e1licas fr\u00edas de la serie garantizan una temperatura de cocci\u00f3n agradable.<\/p>\n<p>Gracias a la funci\u00f3n de condensaci\u00f3n plus, las tapas met\u00e1licas de la Original-Profi Collection\u00ae garantizan que el vapor condensado se evapore de forma precisa, dejando los alimentos jugosos y arom\u00e1ticos.<\/p>\n<p>Esto convierte a la colecci\u00f3n en un compa\u00f1ero duradero del que nunca querr\u00e1s prescindir.<\/p>\n<p>\u00a1Totalmente contorneado y perfecto para una cocina sofisticada!<\/p>\n<p>*Solo en piezas de acero inoxidable<\/p>\n","protected":false},"excerpt":{"rendered":"<p>La Colecci\u00f3n Original-Profi\u00ae fue desarrollada en colaboraci\u00f3n con chefs de renombre y convence tanto en cocinas de prestigio como en<\/p>\n","protected":false},"featured_media":505435,"template":"","meta":{"_acf_changed":false,"inline_featured_image":false},"product_cat":[16064,16058],"product_tag":[21537,22976,16160,25023],"acf":[],"yoast_head":"<!-- This site is optimized with the Yoast SEO Premium plugin v18.6 (Yoast SEO v19.13) - https:\/\/yoast.com\/wordpress\/plugins\/seo\/ -->\n<title>FISSLER Original-Profi Collection Set de 3 piezas - Erresse Shop<\/title>\n<meta name=\"description\" content=\"La Colecci\u00f3n Original-Profi\u00ae fue desarrollada en colaboraci\u00f3n con chefs de renombre y convence tanto en cocinas de prestigio como en los fogones del\" \/>\n<meta name=\"robots\" content=\"index, follow, max-snippet:-1, max-image-preview:large, max-video-preview:-1\" \/>\n<link rel=\"canonical\" href=\"https:\/\/www.erresse-shop.it\/es\/shop\/sartenes-y-ollas\/juegos-de-ollas\/fissler-original-profi-collection-set-de-3-piezas\/\" \/>\n<meta property=\"og:locale\" content=\"es_ES\" \/>\n<meta property=\"og:type\" content=\"article\" \/>\n<meta property=\"og:title\" content=\"FISSLER Original-Profi Collection Set de 3 piezas\" \/>\n<meta property=\"og:description\" content=\"La Colecci\u00f3n Original-Profi\u00ae fue desarrollada en colaboraci\u00f3n con chefs de renombre y convence tanto en cocinas de prestigio como en los fogones del\" \/>\n<meta property=\"og:url\" content=\"https:\/\/www.erresse-shop.it\/es\/shop\/sartenes-y-ollas\/juegos-de-ollas\/fissler-original-profi-collection-set-de-3-piezas\/\" \/>\n<meta property=\"og:site_name\" content=\"Erresse Shop\" \/>\n<meta property=\"article:modified_time\" content=\"2025-06-27T09:03:54+00:00\" \/>\n<meta property=\"og:image\" content=\"https:\/\/www.erresse-shop.it\/wp-content\/uploads\/2025\/06\/FISSLER-Original-Profi-Collection-Set-3-Pezzi.jpg\" \/>\n\t<meta property=\"og:image:width\" content=\"1200\" \/>\n\t<meta property=\"og:image:height\" content=\"1200\" \/>\n\t<meta property=\"og:image:type\" content=\"image\/jpeg\" \/>\n<meta name=\"twitter:card\" content=\"summary_large_image\" \/>\n<script type=\"application\/ld+json\" class=\"yoast-schema-graph\">{\"@context\":\"https:\/\/schema.org\",\"@graph\":[{\"@type\":\"WebPage\",\"@id\":\"https:\/\/www.erresse-shop.it\/es\/shop\/sartenes-y-ollas\/juegos-de-ollas\/fissler-original-profi-collection-set-de-3-piezas\/\",\"url\":\"https:\/\/www.erresse-shop.it\/es\/shop\/sartenes-y-ollas\/juegos-de-ollas\/fissler-original-profi-collection-set-de-3-piezas\/\",\"name\":\"FISSLER Original-Profi Collection Set de 3 piezas - Erresse Shop\",\"isPartOf\":{\"@id\":\"https:\/\/www.erresse-shop.it\/es\/#website\"},\"datePublished\":\"2025-06-27T08:27:15+00:00\",\"dateModified\":\"2025-06-27T09:03:54+00:00\",\"description\":\"La Colecci\u00f3n Original-Profi\u00ae fue desarrollada en colaboraci\u00f3n con chefs de renombre y convence tanto en cocinas de prestigio como en los fogones del\",\"breadcrumb\":{\"@id\":\"https:\/\/www.erresse-shop.it\/es\/shop\/sartenes-y-ollas\/juegos-de-ollas\/fissler-original-profi-collection-set-de-3-piezas\/#breadcrumb\"},\"inLanguage\":\"es\",\"potentialAction\":[{\"@type\":\"ReadAction\",\"target\":[\"https:\/\/www.erresse-shop.it\/es\/shop\/sartenes-y-ollas\/juegos-de-ollas\/fissler-original-profi-collection-set-de-3-piezas\/\"]}]},{\"@type\":\"BreadcrumbList\",\"@id\":\"https:\/\/www.erresse-shop.it\/es\/shop\/sartenes-y-ollas\/juegos-de-ollas\/fissler-original-profi-collection-set-de-3-piezas\/#breadcrumb\",\"itemListElement\":[{\"@type\":\"ListItem\",\"position\":1,\"name\":\"Home\",\"item\":\"https:\/\/www.erresse-shop.it\/es\/\"},{\"@type\":\"ListItem\",\"position\":2,\"name\":\"Shop\",\"item\":\"https:\/\/www.erresse-shop.it\/es\/shop\/\"},{\"@type\":\"ListItem\",\"position\":3,\"name\":\"FISSLER Original-Profi Collection Set de 3 piezas\"}]},{\"@type\":\"WebSite\",\"@id\":\"https:\/\/www.erresse-shop.it\/es\/#website\",\"url\":\"https:\/\/www.erresse-shop.it\/es\/\",\"name\":\"Erresse Shop\",\"description\":\"Articoli di qualit\u00e0 per la casa\",\"potentialAction\":[{\"@type\":\"SearchAction\",\"target\":{\"@type\":\"EntryPoint\",\"urlTemplate\":\"https:\/\/www.erresse-shop.it\/es\/?s={search_term_string}\"},\"query-input\":\"required name=search_term_string\"}],\"inLanguage\":\"es\"}]}<\/script>\n<!-- \/ Yoast SEO Premium plugin. -->","yoast_head_json":{"title":"FISSLER Original-Profi Collection Set de 3 piezas - Erresse Shop","description":"La Colecci\u00f3n Original-Profi\u00ae fue desarrollada en colaboraci\u00f3n con chefs de renombre y convence tanto en cocinas de prestigio como en los fogones del","robots":{"index":"index","follow":"follow","max-snippet":"max-snippet:-1","max-image-preview":"max-image-preview:large","max-video-preview":"max-video-preview:-1"},"canonical":"https:\/\/www.erresse-shop.it\/es\/shop\/sartenes-y-ollas\/juegos-de-ollas\/fissler-original-profi-collection-set-de-3-piezas\/","og_locale":"es_ES","og_type":"article","og_title":"FISSLER Original-Profi Collection Set de 3 piezas","og_description":"La Colecci\u00f3n Original-Profi\u00ae fue desarrollada en colaboraci\u00f3n con chefs de renombre y convence tanto en cocinas de prestigio como en los fogones del","og_url":"https:\/\/www.erresse-shop.it\/es\/shop\/sartenes-y-ollas\/juegos-de-ollas\/fissler-original-profi-collection-set-de-3-piezas\/","og_site_name":"Erresse Shop","article_modified_time":"2025-06-27T09:03:54+00:00","og_image":[{"width":1200,"height":1200,"url":"https:\/\/www.erresse-shop.it\/wp-content\/uploads\/2025\/06\/FISSLER-Original-Profi-Collection-Set-3-Pezzi.jpg","type":"image\/jpeg"}],"twitter_card":"summary_large_image","schema":{"@context":"https:\/\/schema.org","@graph":[{"@type":"WebPage","@id":"https:\/\/www.erresse-shop.it\/es\/shop\/sartenes-y-ollas\/juegos-de-ollas\/fissler-original-profi-collection-set-de-3-piezas\/","url":"https:\/\/www.erresse-shop.it\/es\/shop\/sartenes-y-ollas\/juegos-de-ollas\/fissler-original-profi-collection-set-de-3-piezas\/","name":"FISSLER Original-Profi Collection Set de 3 piezas - Erresse Shop","isPartOf":{"@id":"https:\/\/www.erresse-shop.it\/es\/#website"},"datePublished":"2025-06-27T08:27:15+00:00","dateModified":"2025-06-27T09:03:54+00:00","description":"La Colecci\u00f3n Original-Profi\u00ae fue desarrollada en colaboraci\u00f3n con chefs de renombre y convence tanto en cocinas de prestigio como en los fogones del","breadcrumb":{"@id":"https:\/\/www.erresse-shop.it\/es\/shop\/sartenes-y-ollas\/juegos-de-ollas\/fissler-original-profi-collection-set-de-3-piezas\/#breadcrumb"},"inLanguage":"es","potentialAction":[{"@type":"ReadAction","target":["https:\/\/www.erresse-shop.it\/es\/shop\/sartenes-y-ollas\/juegos-de-ollas\/fissler-original-profi-collection-set-de-3-piezas\/"]}]},{"@type":"BreadcrumbList","@id":"https:\/\/www.erresse-shop.it\/es\/shop\/sartenes-y-ollas\/juegos-de-ollas\/fissler-original-profi-collection-set-de-3-piezas\/#breadcrumb","itemListElement":[{"@type":"ListItem","position":1,"name":"Home","item":"https:\/\/www.erresse-shop.it\/es\/"},{"@type":"ListItem","position":2,"name":"Shop","item":"https:\/\/www.erresse-shop.it\/es\/shop\/"},{"@type":"ListItem","position":3,"name":"FISSLER Original-Profi Collection Set de 3 piezas"}]},{"@type":"WebSite","@id":"https:\/\/www.erresse-shop.it\/es\/#website","url":"https:\/\/www.erresse-shop.it\/es\/","name":"Erresse Shop","description":"Articoli di qualit\u00e0 per la casa","potentialAction":[{"@type":"SearchAction","target":{"@type":"EntryPoint","urlTemplate":"https:\/\/www.erresse-shop.it\/es\/?s={search_term_string}"},"query-input":"required name=search_term_string"}],"inLanguage":"es"}]}},"df_price":319.95,"df_sale_price":319.95,"df_regular_price":399,"df_image_link":"https:\/\/www.erresse-shop.it\/wp-content\/uploads\/2025\/06\/FISSLER-Original-Profi-Collection-Set-3-Pezzi-300x300.jpg","_links":{"self":[{"href":"https:\/\/www.erresse-shop.it\/es\/wp-json\/wp\/v2\/product\/505421"}],"collection":[{"href":"https:\/\/www.erresse-shop.it\/es\/wp-json\/wp\/v2\/product"}],"about":[{"href":"https:\/\/www.erresse-shop.it\/es\/wp-json\/wp\/v2\/types\/product"}],"wp:featuredmedia":[{"embeddable":true,"href":"https:\/\/www.erresse-shop.it\/es\/wp-json\/wp\/v2\/media\/505435"}],"wp:attachment":[{"href":"https:\/\/www.erresse-shop.it\/es\/wp-json\/wp\/v2\/media?parent=505421"}],"wp:term":[{"taxonomy":"product_cat","embeddable":true,"href":"https:\/\/www.erresse-shop.it\/es\/wp-json\/wp\/v2\/product_cat?post=505421"},{"taxonomy":"product_tag","embeddable":true,"href":"https:\/\/www.erresse-shop.it\/es\/wp-json\/wp\/v2\/product_tag?post=505421"}],"curies":[{"name":"wp","href":"https:\/\/api.w.org\/{rel}","templated":true}]}}