{"id":505380,"date":"2025-06-27T07:44:34","date_gmt":"2025-06-27T07:44:36","guid":{"rendered":"https:\/\/www.erresse-shop.it\/?post_type=product&#038;p=505380"},"modified":"2025-06-27T08:09:28","modified_gmt":"2025-06-27T08:09:28","slug":"fissler-palermo-conjunto-de-5-piezas-copia","status":"publish","type":"product","link":"https:\/\/www.erresse-shop.it\/es\/shop\/sartenes-y-ollas\/juegos-de-ollas\/fissler-palermo-conjunto-de-5-piezas-copia\/","title":{"rendered":"FISSLER San Francisco Set de 4 piezas"},"content":{"rendered":"<p>Las manijas curvas y el acabado satinado de la serie de utensilios de cocina San Francisco a\u00f1aden un toque de estilo.<\/p>\n<p>El fondo supert\u00e9rmico garantiza una distribuci\u00f3n del calor uniforme y energ\u00e9ticamente eficiente en todas las placas de cocci\u00f3n, incluida la inducci\u00f3n. La escala de medici\u00f3n incorporada es una herramienta \u00fatil para medir l\u00edquidos sin una taza medidora adicional, mientras que el borde antiadherente asegura un vertido f\u00e1cil y sin goteo de salsas o sopas. Las ollas tambi\u00e9n est\u00e1n equipadas con una tapa de vidrio de calidad con sello herm\u00e9tico, que permite las mejores condiciones de cocci\u00f3n y una cocci\u00f3n visible con ahorro de energ\u00eda.<\/p>\n<p><strong>El conjunto consta de:<\/strong><\/p>\n<ul>\n<li>Olla para estofado de 16 cm<\/li>\n<li>Olla para estofado de 20 cm<\/li>\n<li>Olla para estofado de 24 cm<\/li>\n<li>Cacerola de 20 cm<\/li>\n<\/ul>\n<h4 data-start=\"826\" data-end=\"862\"><strong data-start=\"831\" data-end=\"862\">Caracter\u00edsticas principales:<\/strong><\/h4>\n<ul>\n<li data-start=\"865\" data-end=\"956\"><strong data-start=\"865\" data-end=\"887\">Fondo supert\u00e9rmico: distribuci\u00f3n uniforme del calor y m\u00e1xima eficiencia energ\u00e9tica<\/strong><\/li>\n<li data-start=\"959\" data-end=\"1045\"><strong data-start=\"959\" data-end=\"1000\">Compatible con todo tipo de placas de cocina, incluidas inducci\u00f3n y horno (hasta 180 \u00b0C)<\/strong><\/li>\n<li data-start=\"1048\" data-end=\"1138\"><strong data-start=\"1048\" data-end=\"1079\">Tapas de vidrio templado:<\/strong> controla la cocci\u00f3n sin levantar la tapa<\/li>\n<li data-start=\"1141\" data-end=\"1201\"><strong data-start=\"1141\" data-end=\"1167\">Asas de acero inoxidable: robustas y resistentes al calor<\/strong><\/li>\n<li data-start=\"1204\" data-end=\"1256\"><strong data-start=\"1204\" data-end=\"1233\">Apto para lavavajillas: f\u00e1cil mantenimiento<\/strong><\/li>\n<li data-start=\"1259\" data-end=\"1303\"><strong data-start=\"1259\" data-end=\"1278\">Borde vertedor:<\/strong> para un vertido sin goteo<\/li>\n<\/ul>\n","protected":false},"excerpt":{"rendered":"<p>Las manijas curvas y el acabado satinado de la serie de utensilios de cocina San Francisco a\u00f1aden un toque de<\/p>\n","protected":false},"featured_media":505394,"template":"","meta":{"_acf_changed":false,"inline_featured_image":false},"product_cat":[16064,16058],"product_tag":[21537,22976,25023],"acf":[],"yoast_head":"<!-- This site is optimized with the Yoast SEO Premium plugin v18.6 (Yoast SEO v19.13) - https:\/\/yoast.com\/wordpress\/plugins\/seo\/ -->\n<title>FISSLER San Francisco Set de 4 piezas - Erresse Shop<\/title>\n<meta name=\"description\" content=\"Las manijas curvas y el acabado satinado de la serie de utensilios de cocina San Francisco a\u00f1aden un toque de estilo. El fondo supert\u00e9rmico garantiza una\" \/>\n<meta name=\"robots\" content=\"index, follow, max-snippet:-1, max-image-preview:large, max-video-preview:-1\" \/>\n<link rel=\"canonical\" href=\"https:\/\/www.erresse-shop.it\/es\/shop\/sartenes-y-ollas\/juegos-de-ollas\/fissler-palermo-conjunto-de-5-piezas-copia\/\" \/>\n<meta property=\"og:locale\" content=\"es_ES\" \/>\n<meta property=\"og:type\" content=\"article\" \/>\n<meta property=\"og:title\" content=\"FISSLER San Francisco Set de 4 piezas\" \/>\n<meta property=\"og:description\" content=\"Las manijas curvas y el acabado satinado de la serie de utensilios de cocina San Francisco a\u00f1aden un toque de estilo. El fondo supert\u00e9rmico garantiza una\" \/>\n<meta property=\"og:url\" content=\"https:\/\/www.erresse-shop.it\/es\/shop\/sartenes-y-ollas\/juegos-de-ollas\/fissler-palermo-conjunto-de-5-piezas-copia\/\" \/>\n<meta property=\"og:site_name\" content=\"Erresse Shop\" \/>\n<meta property=\"article:modified_time\" content=\"2025-06-27T08:09:28+00:00\" \/>\n<meta property=\"og:image\" content=\"https:\/\/www.erresse-shop.it\/wp-content\/uploads\/2025\/06\/FISSLER-San-Francisco-Set-4-Pezzi.jpg\" \/>\n\t<meta property=\"og:image:width\" content=\"1200\" \/>\n\t<meta property=\"og:image:height\" content=\"1200\" \/>\n\t<meta property=\"og:image:type\" content=\"image\/jpeg\" \/>\n<meta name=\"twitter:card\" content=\"summary_large_image\" \/>\n<script type=\"application\/ld+json\" class=\"yoast-schema-graph\">{\"@context\":\"https:\/\/schema.org\",\"@graph\":[{\"@type\":\"WebPage\",\"@id\":\"https:\/\/www.erresse-shop.it\/es\/shop\/sartenes-y-ollas\/juegos-de-ollas\/fissler-palermo-conjunto-de-5-piezas-copia\/\",\"url\":\"https:\/\/www.erresse-shop.it\/es\/shop\/sartenes-y-ollas\/juegos-de-ollas\/fissler-palermo-conjunto-de-5-piezas-copia\/\",\"name\":\"FISSLER San Francisco Set de 4 piezas - Erresse Shop\",\"isPartOf\":{\"@id\":\"https:\/\/www.erresse-shop.it\/es\/#website\"},\"datePublished\":\"2025-06-27T07:44:36+00:00\",\"dateModified\":\"2025-06-27T08:09:28+00:00\",\"description\":\"Las manijas curvas y el acabado satinado de la serie de utensilios de cocina San Francisco a\u00f1aden un toque de estilo. El fondo supert\u00e9rmico garantiza una\",\"breadcrumb\":{\"@id\":\"https:\/\/www.erresse-shop.it\/es\/shop\/sartenes-y-ollas\/juegos-de-ollas\/fissler-palermo-conjunto-de-5-piezas-copia\/#breadcrumb\"},\"inLanguage\":\"es\",\"potentialAction\":[{\"@type\":\"ReadAction\",\"target\":[\"https:\/\/www.erresse-shop.it\/es\/shop\/sartenes-y-ollas\/juegos-de-ollas\/fissler-palermo-conjunto-de-5-piezas-copia\/\"]}]},{\"@type\":\"BreadcrumbList\",\"@id\":\"https:\/\/www.erresse-shop.it\/es\/shop\/sartenes-y-ollas\/juegos-de-ollas\/fissler-palermo-conjunto-de-5-piezas-copia\/#breadcrumb\",\"itemListElement\":[{\"@type\":\"ListItem\",\"position\":1,\"name\":\"Home\",\"item\":\"https:\/\/www.erresse-shop.it\/es\/\"},{\"@type\":\"ListItem\",\"position\":2,\"name\":\"Shop\",\"item\":\"https:\/\/www.erresse-shop.it\/es\/shop\/\"},{\"@type\":\"ListItem\",\"position\":3,\"name\":\"FISSLER San Francisco Set de 4 piezas\"}]},{\"@type\":\"WebSite\",\"@id\":\"https:\/\/www.erresse-shop.it\/es\/#website\",\"url\":\"https:\/\/www.erresse-shop.it\/es\/\",\"name\":\"Erresse Shop\",\"description\":\"Articoli di qualit\u00e0 per la casa\",\"potentialAction\":[{\"@type\":\"SearchAction\",\"target\":{\"@type\":\"EntryPoint\",\"urlTemplate\":\"https:\/\/www.erresse-shop.it\/es\/?s={search_term_string}\"},\"query-input\":\"required name=search_term_string\"}],\"inLanguage\":\"es\"}]}<\/script>\n<!-- \/ Yoast SEO Premium plugin. -->","yoast_head_json":{"title":"FISSLER San Francisco Set de 4 piezas - Erresse Shop","description":"Las manijas curvas y el acabado satinado de la serie de utensilios de cocina San Francisco a\u00f1aden un toque de estilo. El fondo supert\u00e9rmico garantiza una","robots":{"index":"index","follow":"follow","max-snippet":"max-snippet:-1","max-image-preview":"max-image-preview:large","max-video-preview":"max-video-preview:-1"},"canonical":"https:\/\/www.erresse-shop.it\/es\/shop\/sartenes-y-ollas\/juegos-de-ollas\/fissler-palermo-conjunto-de-5-piezas-copia\/","og_locale":"es_ES","og_type":"article","og_title":"FISSLER San Francisco Set de 4 piezas","og_description":"Las manijas curvas y el acabado satinado de la serie de utensilios de cocina San Francisco a\u00f1aden un toque de estilo. El fondo supert\u00e9rmico garantiza una","og_url":"https:\/\/www.erresse-shop.it\/es\/shop\/sartenes-y-ollas\/juegos-de-ollas\/fissler-palermo-conjunto-de-5-piezas-copia\/","og_site_name":"Erresse Shop","article_modified_time":"2025-06-27T08:09:28+00:00","og_image":[{"width":1200,"height":1200,"url":"https:\/\/www.erresse-shop.it\/wp-content\/uploads\/2025\/06\/FISSLER-San-Francisco-Set-4-Pezzi.jpg","type":"image\/jpeg"}],"twitter_card":"summary_large_image","schema":{"@context":"https:\/\/schema.org","@graph":[{"@type":"WebPage","@id":"https:\/\/www.erresse-shop.it\/es\/shop\/sartenes-y-ollas\/juegos-de-ollas\/fissler-palermo-conjunto-de-5-piezas-copia\/","url":"https:\/\/www.erresse-shop.it\/es\/shop\/sartenes-y-ollas\/juegos-de-ollas\/fissler-palermo-conjunto-de-5-piezas-copia\/","name":"FISSLER San Francisco Set de 4 piezas - Erresse Shop","isPartOf":{"@id":"https:\/\/www.erresse-shop.it\/es\/#website"},"datePublished":"2025-06-27T07:44:36+00:00","dateModified":"2025-06-27T08:09:28+00:00","description":"Las manijas curvas y el acabado satinado de la serie de utensilios de cocina San Francisco a\u00f1aden un toque de estilo. El fondo supert\u00e9rmico garantiza una","breadcrumb":{"@id":"https:\/\/www.erresse-shop.it\/es\/shop\/sartenes-y-ollas\/juegos-de-ollas\/fissler-palermo-conjunto-de-5-piezas-copia\/#breadcrumb"},"inLanguage":"es","potentialAction":[{"@type":"ReadAction","target":["https:\/\/www.erresse-shop.it\/es\/shop\/sartenes-y-ollas\/juegos-de-ollas\/fissler-palermo-conjunto-de-5-piezas-copia\/"]}]},{"@type":"BreadcrumbList","@id":"https:\/\/www.erresse-shop.it\/es\/shop\/sartenes-y-ollas\/juegos-de-ollas\/fissler-palermo-conjunto-de-5-piezas-copia\/#breadcrumb","itemListElement":[{"@type":"ListItem","position":1,"name":"Home","item":"https:\/\/www.erresse-shop.it\/es\/"},{"@type":"ListItem","position":2,"name":"Shop","item":"https:\/\/www.erresse-shop.it\/es\/shop\/"},{"@type":"ListItem","position":3,"name":"FISSLER San Francisco Set de 4 piezas"}]},{"@type":"WebSite","@id":"https:\/\/www.erresse-shop.it\/es\/#website","url":"https:\/\/www.erresse-shop.it\/es\/","name":"Erresse Shop","description":"Articoli di qualit\u00e0 per la casa","potentialAction":[{"@type":"SearchAction","target":{"@type":"EntryPoint","urlTemplate":"https:\/\/www.erresse-shop.it\/es\/?s={search_term_string}"},"query-input":"required name=search_term_string"}],"inLanguage":"es"}]}},"df_price":179.95,"df_sale_price":179.95,"df_regular_price":209,"df_image_link":"https:\/\/www.erresse-shop.it\/wp-content\/uploads\/2025\/06\/FISSLER-San-Francisco-Set-4-Pezzi-300x300.jpg","_links":{"self":[{"href":"https:\/\/www.erresse-shop.it\/es\/wp-json\/wp\/v2\/product\/505380"}],"collection":[{"href":"https:\/\/www.erresse-shop.it\/es\/wp-json\/wp\/v2\/product"}],"about":[{"href":"https:\/\/www.erresse-shop.it\/es\/wp-json\/wp\/v2\/types\/product"}],"wp:featuredmedia":[{"embeddable":true,"href":"https:\/\/www.erresse-shop.it\/es\/wp-json\/wp\/v2\/media\/505394"}],"wp:attachment":[{"href":"https:\/\/www.erresse-shop.it\/es\/wp-json\/wp\/v2\/media?parent=505380"}],"wp:term":[{"taxonomy":"product_cat","embeddable":true,"href":"https:\/\/www.erresse-shop.it\/es\/wp-json\/wp\/v2\/product_cat?post=505380"},{"taxonomy":"product_tag","embeddable":true,"href":"https:\/\/www.erresse-shop.it\/es\/wp-json\/wp\/v2\/product_tag?post=505380"}],"curies":[{"name":"wp","href":"https:\/\/api.w.org\/{rel}","templated":true}]}}