{"id":505310,"date":"2025-06-27T06:02:32","date_gmt":"2025-06-27T06:02:35","guid":{"rendered":"https:\/\/www.erresse-shop.it\/?post_type=product&#038;p=505310"},"modified":"2025-06-27T06:34:03","modified_gmt":"2025-06-27T06:34:03","slug":"fissler-palermo-conjunto-de-5-piezas","status":"publish","type":"product","link":"https:\/\/www.erresse-shop.it\/es\/shop\/sartenes-y-ollas\/juegos-de-ollas\/fissler-palermo-conjunto-de-5-piezas\/","title":{"rendered":"FISSLER Palermo Conjunto de 5 piezas"},"content":{"rendered":"<p data-start=\"213\" data-end=\"564\">Descubra la calidad alemana de Fissler con el <strong data-start=\"274\" data-end=\"296\">juego de cocina Palermo de 5 piezas<\/strong>, dise\u00f1ado para quienes buscan funcionalidad, durabilidad y un dise\u00f1o atemporal. Fabricado en <strong data-start=\"377\" data-end=\"415\">acero inoxidable 18\/10 de alta calidad<\/strong>, este juego garantiza un rendimiento excelente en todo tipo de placas de cocina, <strong data-start=\"493\" data-end=\"516\">incluida la inducci\u00f3n<\/strong>, y es perfecto para un uso diario intensivo.<\/p>\n<h4 data-start=\"566\" data-end=\"593\"><strong data-start=\"571\" data-end=\"593\">Contenido del juego:<\/strong><\/h4>\n<ul>\n<li data-start=\"596\" data-end=\"640\">1 cacerola con tapa de cristal \u2013 \u00d8 16 cm<\/li>\n<li data-start=\"643\" data-end=\"687\">1 cacerola con tapa de cristal \u2013 \u00d8 20 cm<\/li>\n<li data-start=\"690\" data-end=\"734\">1 cacerola con tapa de cristal \u2013 \u00d8 24 cm<\/li>\n<li data-start=\"737\" data-end=\"784\">1 cacerola con tapa de cristal \u2013 \u00d8 20 cm<\/li>\n<li data-start=\"787\" data-end=\"824\">1 cacerola sin tapa \u2013 \u00d8 16 cm<\/li>\n<\/ul>\n<h4 data-start=\"826\" data-end=\"862\"><strong data-start=\"831\" data-end=\"862\">Caracter\u00edsticas principales:<\/strong><\/h4>\n<ul>\n<li data-start=\"865\" data-end=\"956\"><strong data-start=\"865\" data-end=\"887\">Base supert\u00e9rmica: distribuci\u00f3n uniforme del calor y m\u00e1xima eficiencia energ\u00e9tica<\/li>\n<li data-start=\"959\" data-end=\"1045\"><strong data-start=\"959\" data-end=\"1000\">Compatible con todas las placas de cocina, incluidas inducci\u00f3n y horno (hasta 180 \u00b0C)<\/li>\n<li data-start=\"1048\" data-end=\"1138\"><strong data-start=\"1048\" data-end=\"1079\">Tapas de vidrio templado<\/strong>: controle la cocci\u00f3n sin levantar la tapa<\/li>\n<li data-start=\"1141\" data-end=\"1201\"><strong data-start=\"1141\" data-end=\"1167\">Asas de acero inoxidable<\/strong>: robustas y resistentes al calor<\/li>\n<li data-start=\"1204\" data-end=\"1256\"><strong data-start=\"1204\" data-end=\"1233\">Apto para lavavajillas<\/strong>: f\u00e1cil mantenimiento<\/li>\n<li data-start=\"1259\" data-end=\"1303\"><strong data-start=\"1259\" data-end=\"1278\">Borde vertedor<\/strong>: para un vertido sin goteo<\/li>\n<\/ul>\n","protected":false},"excerpt":{"rendered":"<p>Descubra la calidad alemana de Fissler con el juego de cocina Palermo de 5 piezas, dise\u00f1ado para quienes buscan funcionalidad,<\/p>\n","protected":false},"featured_media":505339,"template":"","meta":{"_acf_changed":false,"inline_featured_image":false},"product_cat":[16064,16058],"product_tag":[21537,22976,16476,25023],"acf":[],"yoast_head":"<!-- This site is optimized with the Yoast SEO Premium plugin v18.6 (Yoast SEO v19.13) - https:\/\/yoast.com\/wordpress\/plugins\/seo\/ -->\n<title>FISSLER Palermo Conjunto de 5 piezas - Erresse Shop<\/title>\n<meta name=\"description\" content=\"Descubra la calidad alemana de Fissler con el juego de cocina Palermo de 5 piezas, dise\u00f1ado para quienes buscan funcionalidad, durabilidad y un dise\u00f1o\" \/>\n<meta name=\"robots\" content=\"index, follow, max-snippet:-1, max-image-preview:large, max-video-preview:-1\" \/>\n<link rel=\"canonical\" href=\"https:\/\/www.erresse-shop.it\/es\/shop\/sartenes-y-ollas\/juegos-de-ollas\/fissler-palermo-conjunto-de-5-piezas\/\" \/>\n<meta property=\"og:locale\" content=\"es_ES\" \/>\n<meta property=\"og:type\" content=\"article\" \/>\n<meta property=\"og:title\" content=\"FISSLER Palermo Conjunto de 5 piezas\" \/>\n<meta property=\"og:description\" content=\"Descubra la calidad alemana de Fissler con el juego de cocina Palermo de 5 piezas, dise\u00f1ado para quienes buscan funcionalidad, durabilidad y un dise\u00f1o\" \/>\n<meta property=\"og:url\" content=\"https:\/\/www.erresse-shop.it\/es\/shop\/sartenes-y-ollas\/juegos-de-ollas\/fissler-palermo-conjunto-de-5-piezas\/\" \/>\n<meta property=\"og:site_name\" content=\"Erresse Shop\" \/>\n<meta property=\"article:modified_time\" content=\"2025-06-27T06:34:03+00:00\" \/>\n<meta property=\"og:image\" content=\"https:\/\/www.erresse-shop.it\/wp-content\/uploads\/2025\/06\/BARAZZONI-Palermo-Set-5-Pezzi.jpg\" \/>\n\t<meta property=\"og:image:width\" content=\"1200\" \/>\n\t<meta property=\"og:image:height\" content=\"1200\" \/>\n\t<meta property=\"og:image:type\" content=\"image\/jpeg\" \/>\n<meta name=\"twitter:card\" content=\"summary_large_image\" \/>\n<script type=\"application\/ld+json\" class=\"yoast-schema-graph\">{\"@context\":\"https:\/\/schema.org\",\"@graph\":[{\"@type\":\"WebPage\",\"@id\":\"https:\/\/www.erresse-shop.it\/es\/shop\/sartenes-y-ollas\/juegos-de-ollas\/fissler-palermo-conjunto-de-5-piezas\/\",\"url\":\"https:\/\/www.erresse-shop.it\/es\/shop\/sartenes-y-ollas\/juegos-de-ollas\/fissler-palermo-conjunto-de-5-piezas\/\",\"name\":\"FISSLER Palermo Conjunto de 5 piezas - Erresse Shop\",\"isPartOf\":{\"@id\":\"https:\/\/www.erresse-shop.it\/es\/#website\"},\"datePublished\":\"2025-06-27T06:02:35+00:00\",\"dateModified\":\"2025-06-27T06:34:03+00:00\",\"description\":\"Descubra la calidad alemana de Fissler con el juego de cocina Palermo de 5 piezas, dise\u00f1ado para quienes buscan funcionalidad, durabilidad y un dise\u00f1o\",\"breadcrumb\":{\"@id\":\"https:\/\/www.erresse-shop.it\/es\/shop\/sartenes-y-ollas\/juegos-de-ollas\/fissler-palermo-conjunto-de-5-piezas\/#breadcrumb\"},\"inLanguage\":\"es\",\"potentialAction\":[{\"@type\":\"ReadAction\",\"target\":[\"https:\/\/www.erresse-shop.it\/es\/shop\/sartenes-y-ollas\/juegos-de-ollas\/fissler-palermo-conjunto-de-5-piezas\/\"]}]},{\"@type\":\"BreadcrumbList\",\"@id\":\"https:\/\/www.erresse-shop.it\/es\/shop\/sartenes-y-ollas\/juegos-de-ollas\/fissler-palermo-conjunto-de-5-piezas\/#breadcrumb\",\"itemListElement\":[{\"@type\":\"ListItem\",\"position\":1,\"name\":\"Home\",\"item\":\"https:\/\/www.erresse-shop.it\/es\/\"},{\"@type\":\"ListItem\",\"position\":2,\"name\":\"Shop\",\"item\":\"https:\/\/www.erresse-shop.it\/es\/shop\/\"},{\"@type\":\"ListItem\",\"position\":3,\"name\":\"FISSLER Palermo Conjunto de 5 piezas\"}]},{\"@type\":\"WebSite\",\"@id\":\"https:\/\/www.erresse-shop.it\/es\/#website\",\"url\":\"https:\/\/www.erresse-shop.it\/es\/\",\"name\":\"Erresse Shop\",\"description\":\"Articoli di qualit\u00e0 per la casa\",\"potentialAction\":[{\"@type\":\"SearchAction\",\"target\":{\"@type\":\"EntryPoint\",\"urlTemplate\":\"https:\/\/www.erresse-shop.it\/es\/?s={search_term_string}\"},\"query-input\":\"required name=search_term_string\"}],\"inLanguage\":\"es\"}]}<\/script>\n<!-- \/ Yoast SEO Premium plugin. -->","yoast_head_json":{"title":"FISSLER Palermo Conjunto de 5 piezas - Erresse Shop","description":"Descubra la calidad alemana de Fissler con el juego de cocina Palermo de 5 piezas, dise\u00f1ado para quienes buscan funcionalidad, durabilidad y un dise\u00f1o","robots":{"index":"index","follow":"follow","max-snippet":"max-snippet:-1","max-image-preview":"max-image-preview:large","max-video-preview":"max-video-preview:-1"},"canonical":"https:\/\/www.erresse-shop.it\/es\/shop\/sartenes-y-ollas\/juegos-de-ollas\/fissler-palermo-conjunto-de-5-piezas\/","og_locale":"es_ES","og_type":"article","og_title":"FISSLER Palermo Conjunto de 5 piezas","og_description":"Descubra la calidad alemana de Fissler con el juego de cocina Palermo de 5 piezas, dise\u00f1ado para quienes buscan funcionalidad, durabilidad y un dise\u00f1o","og_url":"https:\/\/www.erresse-shop.it\/es\/shop\/sartenes-y-ollas\/juegos-de-ollas\/fissler-palermo-conjunto-de-5-piezas\/","og_site_name":"Erresse Shop","article_modified_time":"2025-06-27T06:34:03+00:00","og_image":[{"width":1200,"height":1200,"url":"https:\/\/www.erresse-shop.it\/wp-content\/uploads\/2025\/06\/BARAZZONI-Palermo-Set-5-Pezzi.jpg","type":"image\/jpeg"}],"twitter_card":"summary_large_image","schema":{"@context":"https:\/\/schema.org","@graph":[{"@type":"WebPage","@id":"https:\/\/www.erresse-shop.it\/es\/shop\/sartenes-y-ollas\/juegos-de-ollas\/fissler-palermo-conjunto-de-5-piezas\/","url":"https:\/\/www.erresse-shop.it\/es\/shop\/sartenes-y-ollas\/juegos-de-ollas\/fissler-palermo-conjunto-de-5-piezas\/","name":"FISSLER Palermo Conjunto de 5 piezas - Erresse Shop","isPartOf":{"@id":"https:\/\/www.erresse-shop.it\/es\/#website"},"datePublished":"2025-06-27T06:02:35+00:00","dateModified":"2025-06-27T06:34:03+00:00","description":"Descubra la calidad alemana de Fissler con el juego de cocina Palermo de 5 piezas, dise\u00f1ado para quienes buscan funcionalidad, durabilidad y un dise\u00f1o","breadcrumb":{"@id":"https:\/\/www.erresse-shop.it\/es\/shop\/sartenes-y-ollas\/juegos-de-ollas\/fissler-palermo-conjunto-de-5-piezas\/#breadcrumb"},"inLanguage":"es","potentialAction":[{"@type":"ReadAction","target":["https:\/\/www.erresse-shop.it\/es\/shop\/sartenes-y-ollas\/juegos-de-ollas\/fissler-palermo-conjunto-de-5-piezas\/"]}]},{"@type":"BreadcrumbList","@id":"https:\/\/www.erresse-shop.it\/es\/shop\/sartenes-y-ollas\/juegos-de-ollas\/fissler-palermo-conjunto-de-5-piezas\/#breadcrumb","itemListElement":[{"@type":"ListItem","position":1,"name":"Home","item":"https:\/\/www.erresse-shop.it\/es\/"},{"@type":"ListItem","position":2,"name":"Shop","item":"https:\/\/www.erresse-shop.it\/es\/shop\/"},{"@type":"ListItem","position":3,"name":"FISSLER Palermo Conjunto de 5 piezas"}]},{"@type":"WebSite","@id":"https:\/\/www.erresse-shop.it\/es\/#website","url":"https:\/\/www.erresse-shop.it\/es\/","name":"Erresse Shop","description":"Articoli di qualit\u00e0 per la casa","potentialAction":[{"@type":"SearchAction","target":{"@type":"EntryPoint","urlTemplate":"https:\/\/www.erresse-shop.it\/es\/?s={search_term_string}"},"query-input":"required name=search_term_string"}],"inLanguage":"es"}]}},"df_price":199.95,"df_sale_price":199.95,"df_regular_price":239,"df_image_link":"https:\/\/www.erresse-shop.it\/wp-content\/uploads\/2025\/06\/FISSLER-Palermo-Set-5-Pezzi-300x300.jpg","_links":{"self":[{"href":"https:\/\/www.erresse-shop.it\/es\/wp-json\/wp\/v2\/product\/505310"}],"collection":[{"href":"https:\/\/www.erresse-shop.it\/es\/wp-json\/wp\/v2\/product"}],"about":[{"href":"https:\/\/www.erresse-shop.it\/es\/wp-json\/wp\/v2\/types\/product"}],"wp:featuredmedia":[{"embeddable":true,"href":"https:\/\/www.erresse-shop.it\/es\/wp-json\/wp\/v2\/media\/505339"}],"wp:attachment":[{"href":"https:\/\/www.erresse-shop.it\/es\/wp-json\/wp\/v2\/media?parent=505310"}],"wp:term":[{"taxonomy":"product_cat","embeddable":true,"href":"https:\/\/www.erresse-shop.it\/es\/wp-json\/wp\/v2\/product_cat?post=505310"},{"taxonomy":"product_tag","embeddable":true,"href":"https:\/\/www.erresse-shop.it\/es\/wp-json\/wp\/v2\/product_tag?post=505310"}],"curies":[{"name":"wp","href":"https:\/\/api.w.org\/{rel}","templated":true}]}}