{"id":505266,"date":"2025-06-26T09:50:47","date_gmt":"2025-06-26T09:50:49","guid":{"rendered":"https:\/\/www.erresse-shop.it\/?post_type=product&#038;p=505266"},"modified":"2025-06-26T10:05:08","modified_gmt":"2025-06-26T10:05:08","slug":"fissler-vitaquick-premium-olla-de-presion-25-l-18-cm","status":"publish","type":"product","link":"https:\/\/www.erresse-shop.it\/es\/shop\/sartenes-y-ollas\/ollas-y-cacerolas\/fissler-vitaquick-premium-olla-de-presion-25-l-18-cm\/","title":{"rendered":"FISSLER Vitaquick Premium Olla de presi\u00f3n 2,5 L 18 cm"},"content":{"rendered":"<p>Cocinar es a\u00fan m\u00e1s divertido con herramientas sencillas a mano. Con las ollas a presi\u00f3n Fissler f\u00e1ciles de usar, preparar esa comida saludable y sabrosa que tanto se te antoja es una experiencia absolutamente relajada.<\/p>\n<p>Adem\u00e1s de la pr\u00e1ctica ayuda de posicionamiento, el Vitaquick\u00ae f\u00e1cil de usar tambi\u00e9n ofrece una funci\u00f3n de indicador de estado de bloqueo, para que sepa cu\u00e1ndo la tapa est\u00e1 colocada correctamente. La base s\u00faper t\u00e9rmica de alta calidad garantiza una absorci\u00f3n, distribuci\u00f3n y mantenimiento uniforme del calor en todo tipo de placas de cocci\u00f3n, incluida la inducci\u00f3n.<\/p>\n<ul>\n<li>compatible con placas de inducci\u00f3n<\/li>\n<li>fondo supert\u00e9rmico<\/li>\n<li>Ayuda de posicionamiento Vitaquick\u00ae<\/li>\n<li>indicador de bloqueo<\/li>\n<li>asa extra\u00edble<\/li>\n<li>funci\u00f3n de apilamiento<\/li>\n<\/ul>\n<p><strong>Caracter\u00edsticas t\u00e9cnicas:<\/strong><\/p>\n<ul>\n<li>Capacidad 10 l<\/li>\n<li>Material: acero inoxidable 18\/10<\/li>\n<li>Di\u00e1metro de la base: 23 cm<\/li>\n<li>Hecho en Alemania<\/li>\n<li>Color: Acero inoxidable \/ Plata<\/li>\n<li>Material del mango: Pl\u00e1stico<\/li>\n<li>Superficie interior alisada<\/li>\n<li>Superficie exterior pulida<\/li>\n<li>Tama\u00f1o recomendado de la placa de cocci\u00f3n: 21 cm<\/li>\n<\/ul>\n<p><strong>Dimensiones:\u00a0<\/strong>21 x 39 x 16,5 cm<br \/>\n<strong>Peso: <\/strong>2 kg<\/p>\n<p><strong>Apto para lavavajillas, excepto las piezas extra\u00edbles<\/strong><\/p>\n","protected":false},"excerpt":{"rendered":"<p><br data-mce-bogus=\"1\"><\/p>\n","protected":false},"featured_media":505274,"template":"","meta":{"_acf_changed":false,"inline_featured_image":false},"product_cat":[16067,16058],"product_tag":[16211,21537,17644,22484,25023],"acf":[],"yoast_head":"<!-- This site is optimized with the Yoast SEO Premium plugin v18.6 (Yoast SEO v19.13) - https:\/\/yoast.com\/wordpress\/plugins\/seo\/ -->\n<title>FISSLER Vitaquick Premium Olla de presi\u00f3n 2,5 L 18 cm - Erresse Shop<\/title>\n<meta name=\"robots\" content=\"index, follow, max-snippet:-1, max-image-preview:large, max-video-preview:-1\" \/>\n<link rel=\"canonical\" href=\"https:\/\/www.erresse-shop.it\/es\/shop\/sartenes-y-ollas\/ollas-y-cacerolas\/fissler-vitaquick-premium-olla-de-presion-25-l-18-cm\/\" \/>\n<meta property=\"og:locale\" content=\"es_ES\" \/>\n<meta property=\"og:type\" content=\"article\" \/>\n<meta property=\"og:title\" content=\"FISSLER Vitaquick Premium Olla de presi\u00f3n 2,5 L 18 cm\" \/>\n<meta property=\"og:url\" content=\"https:\/\/www.erresse-shop.it\/es\/shop\/sartenes-y-ollas\/ollas-y-cacerolas\/fissler-vitaquick-premium-olla-de-presion-25-l-18-cm\/\" \/>\n<meta property=\"og:site_name\" content=\"Erresse Shop\" \/>\n<meta property=\"article:modified_time\" content=\"2025-06-26T10:05:08+00:00\" \/>\n<meta property=\"og:image\" content=\"https:\/\/www.erresse-shop.it\/wp-content\/uploads\/2025\/06\/FISSLER-Vitaquick-Premium-Pentola-a-Pressione-25-L-18-cm.jpg\" \/>\n\t<meta property=\"og:image:width\" content=\"1200\" \/>\n\t<meta property=\"og:image:height\" content=\"1200\" \/>\n\t<meta property=\"og:image:type\" content=\"image\/jpeg\" \/>\n<meta name=\"twitter:card\" content=\"summary_large_image\" \/>\n<script type=\"application\/ld+json\" class=\"yoast-schema-graph\">{\"@context\":\"https:\/\/schema.org\",\"@graph\":[{\"@type\":\"WebPage\",\"@id\":\"https:\/\/www.erresse-shop.it\/es\/shop\/sartenes-y-ollas\/ollas-y-cacerolas\/fissler-vitaquick-premium-olla-de-presion-25-l-18-cm\/\",\"url\":\"https:\/\/www.erresse-shop.it\/es\/shop\/sartenes-y-ollas\/ollas-y-cacerolas\/fissler-vitaquick-premium-olla-de-presion-25-l-18-cm\/\",\"name\":\"FISSLER Vitaquick Premium Olla de presi\u00f3n 2,5 L 18 cm - Erresse Shop\",\"isPartOf\":{\"@id\":\"https:\/\/www.erresse-shop.it\/es\/#website\"},\"datePublished\":\"2025-06-26T09:50:49+00:00\",\"dateModified\":\"2025-06-26T10:05:08+00:00\",\"breadcrumb\":{\"@id\":\"https:\/\/www.erresse-shop.it\/es\/shop\/sartenes-y-ollas\/ollas-y-cacerolas\/fissler-vitaquick-premium-olla-de-presion-25-l-18-cm\/#breadcrumb\"},\"inLanguage\":\"es\",\"potentialAction\":[{\"@type\":\"ReadAction\",\"target\":[\"https:\/\/www.erresse-shop.it\/es\/shop\/sartenes-y-ollas\/ollas-y-cacerolas\/fissler-vitaquick-premium-olla-de-presion-25-l-18-cm\/\"]}]},{\"@type\":\"BreadcrumbList\",\"@id\":\"https:\/\/www.erresse-shop.it\/es\/shop\/sartenes-y-ollas\/ollas-y-cacerolas\/fissler-vitaquick-premium-olla-de-presion-25-l-18-cm\/#breadcrumb\",\"itemListElement\":[{\"@type\":\"ListItem\",\"position\":1,\"name\":\"Home\",\"item\":\"https:\/\/www.erresse-shop.it\/es\/\"},{\"@type\":\"ListItem\",\"position\":2,\"name\":\"Shop\",\"item\":\"https:\/\/www.erresse-shop.it\/es\/shop\/\"},{\"@type\":\"ListItem\",\"position\":3,\"name\":\"FISSLER Vitaquick Premium Olla de presi\u00f3n 2,5 L 18 cm\"}]},{\"@type\":\"WebSite\",\"@id\":\"https:\/\/www.erresse-shop.it\/es\/#website\",\"url\":\"https:\/\/www.erresse-shop.it\/es\/\",\"name\":\"Erresse Shop\",\"description\":\"Articoli di qualit\u00e0 per la casa\",\"potentialAction\":[{\"@type\":\"SearchAction\",\"target\":{\"@type\":\"EntryPoint\",\"urlTemplate\":\"https:\/\/www.erresse-shop.it\/es\/?s={search_term_string}\"},\"query-input\":\"required name=search_term_string\"}],\"inLanguage\":\"es\"}]}<\/script>\n<!-- \/ Yoast SEO Premium plugin. -->","yoast_head_json":{"title":"FISSLER Vitaquick Premium Olla de presi\u00f3n 2,5 L 18 cm - Erresse Shop","robots":{"index":"index","follow":"follow","max-snippet":"max-snippet:-1","max-image-preview":"max-image-preview:large","max-video-preview":"max-video-preview:-1"},"canonical":"https:\/\/www.erresse-shop.it\/es\/shop\/sartenes-y-ollas\/ollas-y-cacerolas\/fissler-vitaquick-premium-olla-de-presion-25-l-18-cm\/","og_locale":"es_ES","og_type":"article","og_title":"FISSLER Vitaquick Premium Olla de presi\u00f3n 2,5 L 18 cm","og_url":"https:\/\/www.erresse-shop.it\/es\/shop\/sartenes-y-ollas\/ollas-y-cacerolas\/fissler-vitaquick-premium-olla-de-presion-25-l-18-cm\/","og_site_name":"Erresse Shop","article_modified_time":"2025-06-26T10:05:08+00:00","og_image":[{"width":1200,"height":1200,"url":"https:\/\/www.erresse-shop.it\/wp-content\/uploads\/2025\/06\/FISSLER-Vitaquick-Premium-Pentola-a-Pressione-25-L-18-cm.jpg","type":"image\/jpeg"}],"twitter_card":"summary_large_image","schema":{"@context":"https:\/\/schema.org","@graph":[{"@type":"WebPage","@id":"https:\/\/www.erresse-shop.it\/es\/shop\/sartenes-y-ollas\/ollas-y-cacerolas\/fissler-vitaquick-premium-olla-de-presion-25-l-18-cm\/","url":"https:\/\/www.erresse-shop.it\/es\/shop\/sartenes-y-ollas\/ollas-y-cacerolas\/fissler-vitaquick-premium-olla-de-presion-25-l-18-cm\/","name":"FISSLER Vitaquick Premium Olla de presi\u00f3n 2,5 L 18 cm - Erresse Shop","isPartOf":{"@id":"https:\/\/www.erresse-shop.it\/es\/#website"},"datePublished":"2025-06-26T09:50:49+00:00","dateModified":"2025-06-26T10:05:08+00:00","breadcrumb":{"@id":"https:\/\/www.erresse-shop.it\/es\/shop\/sartenes-y-ollas\/ollas-y-cacerolas\/fissler-vitaquick-premium-olla-de-presion-25-l-18-cm\/#breadcrumb"},"inLanguage":"es","potentialAction":[{"@type":"ReadAction","target":["https:\/\/www.erresse-shop.it\/es\/shop\/sartenes-y-ollas\/ollas-y-cacerolas\/fissler-vitaquick-premium-olla-de-presion-25-l-18-cm\/"]}]},{"@type":"BreadcrumbList","@id":"https:\/\/www.erresse-shop.it\/es\/shop\/sartenes-y-ollas\/ollas-y-cacerolas\/fissler-vitaquick-premium-olla-de-presion-25-l-18-cm\/#breadcrumb","itemListElement":[{"@type":"ListItem","position":1,"name":"Home","item":"https:\/\/www.erresse-shop.it\/es\/"},{"@type":"ListItem","position":2,"name":"Shop","item":"https:\/\/www.erresse-shop.it\/es\/shop\/"},{"@type":"ListItem","position":3,"name":"FISSLER Vitaquick Premium Olla de presi\u00f3n 2,5 L 18 cm"}]},{"@type":"WebSite","@id":"https:\/\/www.erresse-shop.it\/es\/#website","url":"https:\/\/www.erresse-shop.it\/es\/","name":"Erresse Shop","description":"Articoli di qualit\u00e0 per la casa","potentialAction":[{"@type":"SearchAction","target":{"@type":"EntryPoint","urlTemplate":"https:\/\/www.erresse-shop.it\/es\/?s={search_term_string}"},"query-input":"required name=search_term_string"}],"inLanguage":"es"}]}},"df_price":149.95,"df_sale_price":149.95,"df_regular_price":159,"df_image_link":"https:\/\/www.erresse-shop.it\/wp-content\/uploads\/2025\/06\/FISSLER-Vitaquick-Premium-Pentola-a-Pressione-25-L-18-cm-300x300.jpg","_links":{"self":[{"href":"https:\/\/www.erresse-shop.it\/es\/wp-json\/wp\/v2\/product\/505266"}],"collection":[{"href":"https:\/\/www.erresse-shop.it\/es\/wp-json\/wp\/v2\/product"}],"about":[{"href":"https:\/\/www.erresse-shop.it\/es\/wp-json\/wp\/v2\/types\/product"}],"wp:featuredmedia":[{"embeddable":true,"href":"https:\/\/www.erresse-shop.it\/es\/wp-json\/wp\/v2\/media\/505274"}],"wp:attachment":[{"href":"https:\/\/www.erresse-shop.it\/es\/wp-json\/wp\/v2\/media?parent=505266"}],"wp:term":[{"taxonomy":"product_cat","embeddable":true,"href":"https:\/\/www.erresse-shop.it\/es\/wp-json\/wp\/v2\/product_cat?post=505266"},{"taxonomy":"product_tag","embeddable":true,"href":"https:\/\/www.erresse-shop.it\/es\/wp-json\/wp\/v2\/product_tag?post=505266"}],"curies":[{"name":"wp","href":"https:\/\/api.w.org\/{rel}","templated":true}]}}