{"id":505072,"date":"2025-06-26T07:09:00","date_gmt":"2025-06-26T07:09:03","guid":{"rendered":"https:\/\/www.erresse-shop.it\/?post_type=product&#038;p=505072"},"modified":"2025-06-26T07:25:13","modified_gmt":"2025-06-26T07:25:13","slug":"fissler-vitavit-premium-olla-de-presion-35-l","status":"publish","type":"product","link":"https:\/\/www.erresse-shop.it\/es\/shop\/sartenes-y-ollas\/ollas-y-cacerolas\/fissler-vitavit-premium-olla-de-presion-35-l\/","title":{"rendered":"FISSLER Vitavit Premium Olla de presi\u00f3n 3,5 L"},"content":{"rendered":"<p>En 1953, la gama Vitavit\u00ae comenz\u00f3 su apogeo, siendo la primera en incorporar una v\u00e1lvula de cocci\u00f3n multietapa, lo que permiti\u00f3 cocinar a presi\u00f3n de forma segura en hogares de todo el mundo. Durante los \u00faltimos 65 a\u00f1os, la gama Vitavit\u00ae ha ganado numerosos premios por su dise\u00f1o y funcionalidad. Vitavit\u00ae Premium representa la evoluci\u00f3n de la ic\u00f3nica olla a presi\u00f3n de 1953 e impresiona con una variedad de funciones inteligentes.<\/p>\n<ul>\n<li>4 niveles de cocci\u00f3n<\/li>\n<li>Asa extra\u00edble con indicador de bloqueo<\/li>\n<li>Base Cookstar\u00ae apta para todo tipo de placas<\/li>\n<li>Graduaciones internas<\/li>\n<li>Apilable<\/li>\n<\/ul>\n<p>Fabricada en acero inoxidable 18\/10 de alta calidad con acabado satinado, es extremadamente duradera e insensible a la oxidaci\u00f3n.<\/p>\n<p>Cuatro niveles de cocci\u00f3n ajustables permiten una cocci\u00f3n suave o r\u00e1pida, garantizando la conservaci\u00f3n de las vitaminas esenciales. Tambi\u00e9n integra una fase de cocci\u00f3n al vapor sin presi\u00f3n.<\/p>\n<p>Gracias a la pantalla de cocci\u00f3n con funci\u00f3n de sem\u00e1foro, podr\u00e1 controlar f\u00e1cilmente la presi\u00f3n en la olla. Gracias a la funci\u00f3n de corte de vapor en la corona de cocci\u00f3n y el asa, la presi\u00f3n se puede reducir f\u00e1cil y c\u00f3modamente seg\u00fan sea necesario.<\/p>\n<p>La superficie de cocci\u00f3n Novogrill\u00ae es ideal para preparar verduras y carnes con poca grasa y un efecto de parrilla. Con el inserto, tambi\u00e9n puede cocinar comidas completas, guarniciones y postres al mismo tiempo.<\/p>\n<p>Vitavit\u00ae Premium es apta para todo tipo de placas y est\u00e1 equipada con la base Cookstar\u00ae, compatible con todas las placas. Como resultado, ofrece una absorci\u00f3n, distribuci\u00f3n y almacenamiento \u00f3ptimos del calor.<\/p>\n<p>\u00a1La olla a presi\u00f3n perfecta para los sibaritas m\u00e1s exigentes que desean cocinar de forma r\u00e1pida y saludable!<\/p>\n<p><strong>Dimensiones:<\/strong> 43 x 25 x 16 cm<\/p>\n<p><strong>Apto para lavavajillas, excepto las piezas extra\u00edbles<\/strong><\/p>\n","protected":false},"excerpt":{"rendered":"<p><br data-mce-bogus=\"1\"><\/p>\n","protected":false},"featured_media":505086,"template":"","meta":{"_acf_changed":false,"inline_featured_image":false},"product_cat":[16067,16058],"product_tag":[16211,21537,17644,22484,25023],"acf":[],"yoast_head":"<!-- This site is optimized with the Yoast SEO Premium plugin v18.6 (Yoast SEO v19.13) - https:\/\/yoast.com\/wordpress\/plugins\/seo\/ -->\n<title>FISSLER Vitavit Premium Olla de presi\u00f3n 3,5 L - Erresse Shop<\/title>\n<meta name=\"robots\" content=\"index, follow, max-snippet:-1, max-image-preview:large, max-video-preview:-1\" \/>\n<link rel=\"canonical\" href=\"https:\/\/www.erresse-shop.it\/es\/shop\/sartenes-y-ollas\/ollas-y-cacerolas\/fissler-vitavit-premium-olla-de-presion-35-l\/\" \/>\n<meta property=\"og:locale\" content=\"es_ES\" \/>\n<meta property=\"og:type\" content=\"article\" \/>\n<meta property=\"og:title\" content=\"FISSLER Vitavit Premium Olla de presi\u00f3n 3,5 L\" \/>\n<meta property=\"og:url\" content=\"https:\/\/www.erresse-shop.it\/es\/shop\/sartenes-y-ollas\/ollas-y-cacerolas\/fissler-vitavit-premium-olla-de-presion-35-l\/\" \/>\n<meta property=\"og:site_name\" content=\"Erresse Shop\" \/>\n<meta property=\"article:modified_time\" content=\"2025-06-26T07:25:13+00:00\" \/>\n<meta property=\"og:image\" content=\"https:\/\/www.erresse-shop.it\/wp-content\/uploads\/2025\/06\/FISSLER-Vitavit-Premium-Pentola-a-Pressione-35-L.jpg\" \/>\n\t<meta property=\"og:image:width\" content=\"1200\" \/>\n\t<meta property=\"og:image:height\" content=\"1200\" \/>\n\t<meta property=\"og:image:type\" content=\"image\/jpeg\" \/>\n<meta name=\"twitter:card\" content=\"summary_large_image\" \/>\n<script type=\"application\/ld+json\" class=\"yoast-schema-graph\">{\"@context\":\"https:\/\/schema.org\",\"@graph\":[{\"@type\":\"WebPage\",\"@id\":\"https:\/\/www.erresse-shop.it\/es\/shop\/sartenes-y-ollas\/ollas-y-cacerolas\/fissler-vitavit-premium-olla-de-presion-35-l\/\",\"url\":\"https:\/\/www.erresse-shop.it\/es\/shop\/sartenes-y-ollas\/ollas-y-cacerolas\/fissler-vitavit-premium-olla-de-presion-35-l\/\",\"name\":\"FISSLER Vitavit Premium Olla de presi\u00f3n 3,5 L - Erresse Shop\",\"isPartOf\":{\"@id\":\"https:\/\/www.erresse-shop.it\/es\/#website\"},\"datePublished\":\"2025-06-26T07:09:03+00:00\",\"dateModified\":\"2025-06-26T07:25:13+00:00\",\"breadcrumb\":{\"@id\":\"https:\/\/www.erresse-shop.it\/es\/shop\/sartenes-y-ollas\/ollas-y-cacerolas\/fissler-vitavit-premium-olla-de-presion-35-l\/#breadcrumb\"},\"inLanguage\":\"es\",\"potentialAction\":[{\"@type\":\"ReadAction\",\"target\":[\"https:\/\/www.erresse-shop.it\/es\/shop\/sartenes-y-ollas\/ollas-y-cacerolas\/fissler-vitavit-premium-olla-de-presion-35-l\/\"]}]},{\"@type\":\"BreadcrumbList\",\"@id\":\"https:\/\/www.erresse-shop.it\/es\/shop\/sartenes-y-ollas\/ollas-y-cacerolas\/fissler-vitavit-premium-olla-de-presion-35-l\/#breadcrumb\",\"itemListElement\":[{\"@type\":\"ListItem\",\"position\":1,\"name\":\"Home\",\"item\":\"https:\/\/www.erresse-shop.it\/es\/\"},{\"@type\":\"ListItem\",\"position\":2,\"name\":\"Shop\",\"item\":\"https:\/\/www.erresse-shop.it\/es\/shop\/\"},{\"@type\":\"ListItem\",\"position\":3,\"name\":\"FISSLER Vitavit Premium Olla de presi\u00f3n 3,5 L\"}]},{\"@type\":\"WebSite\",\"@id\":\"https:\/\/www.erresse-shop.it\/es\/#website\",\"url\":\"https:\/\/www.erresse-shop.it\/es\/\",\"name\":\"Erresse Shop\",\"description\":\"Articoli di qualit\u00e0 per la casa\",\"potentialAction\":[{\"@type\":\"SearchAction\",\"target\":{\"@type\":\"EntryPoint\",\"urlTemplate\":\"https:\/\/www.erresse-shop.it\/es\/?s={search_term_string}\"},\"query-input\":\"required name=search_term_string\"}],\"inLanguage\":\"es\"}]}<\/script>\n<!-- \/ Yoast SEO Premium plugin. -->","yoast_head_json":{"title":"FISSLER Vitavit Premium Olla de presi\u00f3n 3,5 L - Erresse Shop","robots":{"index":"index","follow":"follow","max-snippet":"max-snippet:-1","max-image-preview":"max-image-preview:large","max-video-preview":"max-video-preview:-1"},"canonical":"https:\/\/www.erresse-shop.it\/es\/shop\/sartenes-y-ollas\/ollas-y-cacerolas\/fissler-vitavit-premium-olla-de-presion-35-l\/","og_locale":"es_ES","og_type":"article","og_title":"FISSLER Vitavit Premium Olla de presi\u00f3n 3,5 L","og_url":"https:\/\/www.erresse-shop.it\/es\/shop\/sartenes-y-ollas\/ollas-y-cacerolas\/fissler-vitavit-premium-olla-de-presion-35-l\/","og_site_name":"Erresse Shop","article_modified_time":"2025-06-26T07:25:13+00:00","og_image":[{"width":1200,"height":1200,"url":"https:\/\/www.erresse-shop.it\/wp-content\/uploads\/2025\/06\/FISSLER-Vitavit-Premium-Pentola-a-Pressione-35-L.jpg","type":"image\/jpeg"}],"twitter_card":"summary_large_image","schema":{"@context":"https:\/\/schema.org","@graph":[{"@type":"WebPage","@id":"https:\/\/www.erresse-shop.it\/es\/shop\/sartenes-y-ollas\/ollas-y-cacerolas\/fissler-vitavit-premium-olla-de-presion-35-l\/","url":"https:\/\/www.erresse-shop.it\/es\/shop\/sartenes-y-ollas\/ollas-y-cacerolas\/fissler-vitavit-premium-olla-de-presion-35-l\/","name":"FISSLER Vitavit Premium Olla de presi\u00f3n 3,5 L - Erresse Shop","isPartOf":{"@id":"https:\/\/www.erresse-shop.it\/es\/#website"},"datePublished":"2025-06-26T07:09:03+00:00","dateModified":"2025-06-26T07:25:13+00:00","breadcrumb":{"@id":"https:\/\/www.erresse-shop.it\/es\/shop\/sartenes-y-ollas\/ollas-y-cacerolas\/fissler-vitavit-premium-olla-de-presion-35-l\/#breadcrumb"},"inLanguage":"es","potentialAction":[{"@type":"ReadAction","target":["https:\/\/www.erresse-shop.it\/es\/shop\/sartenes-y-ollas\/ollas-y-cacerolas\/fissler-vitavit-premium-olla-de-presion-35-l\/"]}]},{"@type":"BreadcrumbList","@id":"https:\/\/www.erresse-shop.it\/es\/shop\/sartenes-y-ollas\/ollas-y-cacerolas\/fissler-vitavit-premium-olla-de-presion-35-l\/#breadcrumb","itemListElement":[{"@type":"ListItem","position":1,"name":"Home","item":"https:\/\/www.erresse-shop.it\/es\/"},{"@type":"ListItem","position":2,"name":"Shop","item":"https:\/\/www.erresse-shop.it\/es\/shop\/"},{"@type":"ListItem","position":3,"name":"FISSLER Vitavit Premium Olla de presi\u00f3n 3,5 L"}]},{"@type":"WebSite","@id":"https:\/\/www.erresse-shop.it\/es\/#website","url":"https:\/\/www.erresse-shop.it\/es\/","name":"Erresse Shop","description":"Articoli di qualit\u00e0 per la casa","potentialAction":[{"@type":"SearchAction","target":{"@type":"EntryPoint","urlTemplate":"https:\/\/www.erresse-shop.it\/es\/?s={search_term_string}"},"query-input":"required name=search_term_string"}],"inLanguage":"es"}]}},"df_price":179,"df_sale_price":179,"df_regular_price":259,"df_image_link":"https:\/\/www.erresse-shop.it\/wp-content\/uploads\/2025\/06\/FISSLER-Vitavit-Premium-Pentola-a-Pressione-35-L-300x300.jpg","_links":{"self":[{"href":"https:\/\/www.erresse-shop.it\/es\/wp-json\/wp\/v2\/product\/505072"}],"collection":[{"href":"https:\/\/www.erresse-shop.it\/es\/wp-json\/wp\/v2\/product"}],"about":[{"href":"https:\/\/www.erresse-shop.it\/es\/wp-json\/wp\/v2\/types\/product"}],"wp:featuredmedia":[{"embeddable":true,"href":"https:\/\/www.erresse-shop.it\/es\/wp-json\/wp\/v2\/media\/505086"}],"wp:attachment":[{"href":"https:\/\/www.erresse-shop.it\/es\/wp-json\/wp\/v2\/media?parent=505072"}],"wp:term":[{"taxonomy":"product_cat","embeddable":true,"href":"https:\/\/www.erresse-shop.it\/es\/wp-json\/wp\/v2\/product_cat?post=505072"},{"taxonomy":"product_tag","embeddable":true,"href":"https:\/\/www.erresse-shop.it\/es\/wp-json\/wp\/v2\/product_tag?post=505072"}],"curies":[{"name":"wp","href":"https:\/\/api.w.org\/{rel}","templated":true}]}}