{"id":504912,"date":"2016-02-10T15:50:36","date_gmt":"2016-02-10T15:50:36","guid":{"rendered":"https:\/\/www.erresse-shop.it\/shop\/sin%20categor\u00eda\/seletti-lampara-mono-sentado-2\/"},"modified":"2025-06-26T06:33:08","modified_gmt":"2025-06-26T06:33:08","slug":"seletti-lampara-mono-sentado-2","status":"publish","type":"product","link":"https:\/\/www.erresse-shop.it\/es\/shop\/mobiliario\/lamparas\/seletti-lampara-mono-sentado-2\/","title":{"rendered":"SELETTI L\u00e1mpara Mono Sentado"},"content":{"rendered":"<p>Una familia loca y astuta. Las l\u00e1mparas Monkey tienen un fuerte impacto teatral en el que el arte, el dise\u00f1o y el mundo de la naturaleza se unen para crear productos m\u00e1gicos. El marco perfecto para su hogar.<\/p>\n<p>Dise\u00f1o: MArcantonio RAimondi MAlerba<br \/>\nMaterial: Resina<br \/>\nDimensiones: Cm.46&#215;27,5 h.54<br \/>\nS\u00f3lo para uso en interiores<br \/>\nBombilla LED incluida<br \/>\n230V &#8211; 50 Hz &#8211; E14 &#8211; 4W &#8211; 350 Lumen<\/p>\n","protected":false},"excerpt":{"rendered":"<p>Una familia loca y astuta. Las l\u00e1mparas Monkey tienen un fuerte impacto teatral en el que el arte, el dise\u00f1o<\/p>\n","protected":false},"featured_media":504913,"template":"","meta":{"_acf_changed":false,"inline_featured_image":false},"product_cat":[16017,16016],"product_tag":[16836,16840,16828,20707],"acf":[],"yoast_head":"<!-- This site is optimized with the Yoast SEO Premium plugin v18.6 (Yoast SEO v19.13) - https:\/\/yoast.com\/wordpress\/plugins\/seo\/ -->\n<title>SELETTI L\u00e1mpara Mono Sentado - Erresse Shop<\/title>\n<meta name=\"description\" content=\"Una familia loca y astuta. Las l\u00e1mparas Monkey tienen un fuerte impacto teatral en el que el arte, el dise\u00f1o y el mundo de la naturaleza se unen para\" \/>\n<meta name=\"robots\" content=\"index, follow, max-snippet:-1, max-image-preview:large, max-video-preview:-1\" \/>\n<link rel=\"canonical\" href=\"https:\/\/www.erresse-shop.it\/es\/shop\/mobiliario\/lamparas\/seletti-lampara-mono-sentado-2\/\" \/>\n<meta property=\"og:locale\" content=\"es_ES\" \/>\n<meta property=\"og:type\" content=\"article\" \/>\n<meta property=\"og:title\" content=\"SELETTI L\u00e1mpara Mono Sentado\" \/>\n<meta property=\"og:description\" content=\"Una familia loca y astuta. Las l\u00e1mparas Monkey tienen un fuerte impacto teatral en el que el arte, el dise\u00f1o y el mundo de la naturaleza se unen para\" \/>\n<meta property=\"og:url\" content=\"https:\/\/www.erresse-shop.it\/es\/shop\/mobiliario\/lamparas\/seletti-lampara-mono-sentado-2\/\" \/>\n<meta property=\"og:site_name\" content=\"Erresse Shop\" \/>\n<meta property=\"article:modified_time\" content=\"2025-06-26T06:33:08+00:00\" \/>\n<meta property=\"og:image\" content=\"https:\/\/www.erresse-shop.it\/wp-content\/uploads\/2016\/02\/products-monkey20lamp20stand1453734116.jpg\" \/>\n\t<meta property=\"og:image:width\" content=\"500\" \/>\n\t<meta property=\"og:image:height\" content=\"795\" \/>\n\t<meta property=\"og:image:type\" content=\"image\/jpeg\" \/>\n<meta name=\"twitter:card\" content=\"summary_large_image\" \/>\n<script type=\"application\/ld+json\" class=\"yoast-schema-graph\">{\"@context\":\"https:\/\/schema.org\",\"@graph\":[{\"@type\":\"WebPage\",\"@id\":\"https:\/\/www.erresse-shop.it\/es\/shop\/mobiliario\/lamparas\/seletti-lampara-mono-sentado-2\/\",\"url\":\"https:\/\/www.erresse-shop.it\/es\/shop\/mobiliario\/lamparas\/seletti-lampara-mono-sentado-2\/\",\"name\":\"SELETTI L\u00e1mpara Mono Sentado - Erresse Shop\",\"isPartOf\":{\"@id\":\"https:\/\/www.erresse-shop.it\/es\/#website\"},\"datePublished\":\"2016-02-10T15:50:36+00:00\",\"dateModified\":\"2025-06-26T06:33:08+00:00\",\"description\":\"Una familia loca y astuta. Las l\u00e1mparas Monkey tienen un fuerte impacto teatral en el que el arte, el dise\u00f1o y el mundo de la naturaleza se unen para\",\"breadcrumb\":{\"@id\":\"https:\/\/www.erresse-shop.it\/es\/shop\/mobiliario\/lamparas\/seletti-lampara-mono-sentado-2\/#breadcrumb\"},\"inLanguage\":\"es\",\"potentialAction\":[{\"@type\":\"ReadAction\",\"target\":[\"https:\/\/www.erresse-shop.it\/es\/shop\/mobiliario\/lamparas\/seletti-lampara-mono-sentado-2\/\"]}]},{\"@type\":\"BreadcrumbList\",\"@id\":\"https:\/\/www.erresse-shop.it\/es\/shop\/mobiliario\/lamparas\/seletti-lampara-mono-sentado-2\/#breadcrumb\",\"itemListElement\":[{\"@type\":\"ListItem\",\"position\":1,\"name\":\"Home\",\"item\":\"https:\/\/www.erresse-shop.it\/es\/\"},{\"@type\":\"ListItem\",\"position\":2,\"name\":\"Shop\",\"item\":\"https:\/\/www.erresse-shop.it\/es\/shop\/\"},{\"@type\":\"ListItem\",\"position\":3,\"name\":\"SELETTI L\u00e1mpara Mono Sentado\"}]},{\"@type\":\"WebSite\",\"@id\":\"https:\/\/www.erresse-shop.it\/es\/#website\",\"url\":\"https:\/\/www.erresse-shop.it\/es\/\",\"name\":\"Erresse Shop\",\"description\":\"Articoli di qualit\u00e0 per la casa\",\"potentialAction\":[{\"@type\":\"SearchAction\",\"target\":{\"@type\":\"EntryPoint\",\"urlTemplate\":\"https:\/\/www.erresse-shop.it\/es\/?s={search_term_string}\"},\"query-input\":\"required name=search_term_string\"}],\"inLanguage\":\"es\"}]}<\/script>\n<!-- \/ Yoast SEO Premium plugin. -->","yoast_head_json":{"title":"SELETTI L\u00e1mpara Mono Sentado - Erresse Shop","description":"Una familia loca y astuta. Las l\u00e1mparas Monkey tienen un fuerte impacto teatral en el que el arte, el dise\u00f1o y el mundo de la naturaleza se unen para","robots":{"index":"index","follow":"follow","max-snippet":"max-snippet:-1","max-image-preview":"max-image-preview:large","max-video-preview":"max-video-preview:-1"},"canonical":"https:\/\/www.erresse-shop.it\/es\/shop\/mobiliario\/lamparas\/seletti-lampara-mono-sentado-2\/","og_locale":"es_ES","og_type":"article","og_title":"SELETTI L\u00e1mpara Mono Sentado","og_description":"Una familia loca y astuta. Las l\u00e1mparas Monkey tienen un fuerte impacto teatral en el que el arte, el dise\u00f1o y el mundo de la naturaleza se unen para","og_url":"https:\/\/www.erresse-shop.it\/es\/shop\/mobiliario\/lamparas\/seletti-lampara-mono-sentado-2\/","og_site_name":"Erresse Shop","article_modified_time":"2025-06-26T06:33:08+00:00","og_image":[{"width":500,"height":795,"url":"https:\/\/www.erresse-shop.it\/wp-content\/uploads\/2016\/02\/products-monkey20lamp20stand1453734116.jpg","type":"image\/jpeg"}],"twitter_card":"summary_large_image","schema":{"@context":"https:\/\/schema.org","@graph":[{"@type":"WebPage","@id":"https:\/\/www.erresse-shop.it\/es\/shop\/mobiliario\/lamparas\/seletti-lampara-mono-sentado-2\/","url":"https:\/\/www.erresse-shop.it\/es\/shop\/mobiliario\/lamparas\/seletti-lampara-mono-sentado-2\/","name":"SELETTI L\u00e1mpara Mono Sentado - Erresse Shop","isPartOf":{"@id":"https:\/\/www.erresse-shop.it\/es\/#website"},"datePublished":"2016-02-10T15:50:36+00:00","dateModified":"2025-06-26T06:33:08+00:00","description":"Una familia loca y astuta. Las l\u00e1mparas Monkey tienen un fuerte impacto teatral en el que el arte, el dise\u00f1o y el mundo de la naturaleza se unen para","breadcrumb":{"@id":"https:\/\/www.erresse-shop.it\/es\/shop\/mobiliario\/lamparas\/seletti-lampara-mono-sentado-2\/#breadcrumb"},"inLanguage":"es","potentialAction":[{"@type":"ReadAction","target":["https:\/\/www.erresse-shop.it\/es\/shop\/mobiliario\/lamparas\/seletti-lampara-mono-sentado-2\/"]}]},{"@type":"BreadcrumbList","@id":"https:\/\/www.erresse-shop.it\/es\/shop\/mobiliario\/lamparas\/seletti-lampara-mono-sentado-2\/#breadcrumb","itemListElement":[{"@type":"ListItem","position":1,"name":"Home","item":"https:\/\/www.erresse-shop.it\/es\/"},{"@type":"ListItem","position":2,"name":"Shop","item":"https:\/\/www.erresse-shop.it\/es\/shop\/"},{"@type":"ListItem","position":3,"name":"SELETTI L\u00e1mpara Mono Sentado"}]},{"@type":"WebSite","@id":"https:\/\/www.erresse-shop.it\/es\/#website","url":"https:\/\/www.erresse-shop.it\/es\/","name":"Erresse Shop","description":"Articoli di qualit\u00e0 per la casa","potentialAction":[{"@type":"SearchAction","target":{"@type":"EntryPoint","urlTemplate":"https:\/\/www.erresse-shop.it\/es\/?s={search_term_string}"},"query-input":"required name=search_term_string"}],"inLanguage":"es"}]}},"df_price":144,"df_sale_price":144,"df_regular_price":320,"df_image_link":"https:\/\/www.erresse-shop.it\/wp-content\/uploads\/2016\/02\/products-monkey20lamp20stand1453734116-189x300.jpg","_links":{"self":[{"href":"https:\/\/www.erresse-shop.it\/es\/wp-json\/wp\/v2\/product\/504912"}],"collection":[{"href":"https:\/\/www.erresse-shop.it\/es\/wp-json\/wp\/v2\/product"}],"about":[{"href":"https:\/\/www.erresse-shop.it\/es\/wp-json\/wp\/v2\/types\/product"}],"wp:featuredmedia":[{"embeddable":true,"href":"https:\/\/www.erresse-shop.it\/es\/wp-json\/wp\/v2\/media\/504913"}],"wp:attachment":[{"href":"https:\/\/www.erresse-shop.it\/es\/wp-json\/wp\/v2\/media?parent=504912"}],"wp:term":[{"taxonomy":"product_cat","embeddable":true,"href":"https:\/\/www.erresse-shop.it\/es\/wp-json\/wp\/v2\/product_cat?post=504912"},{"taxonomy":"product_tag","embeddable":true,"href":"https:\/\/www.erresse-shop.it\/es\/wp-json\/wp\/v2\/product_tag?post=504912"}],"curies":[{"name":"wp","href":"https:\/\/api.w.org\/{rel}","templated":true}]}}