{"id":504896,"date":"2025-06-25T12:41:29","date_gmt":"2025-06-25T12:41:33","guid":{"rendered":"https:\/\/www.erresse-shop.it\/?post_type=product&#038;p=504896"},"modified":"2025-06-25T12:50:17","modified_gmt":"2025-06-25T12:50:17","slug":"zafferano-poldina-cubierta-de-ceramica-poisson-avio-bleu","status":"publish","type":"product","link":"https:\/\/www.erresse-shop.it\/es\/shop\/mobiliario\/lamparas\/zafferano-poldina-cubierta-de-ceramica-poisson-avio-bleu\/","title":{"rendered":"ZAFFERANO Poldina Cubierta de cer\u00e1mica Poisson Avio bleu"},"content":{"rendered":"<p>Renueva y personaliza tu l\u00e1mpara Poldina con las nuevas y elegantes y resistentes cubiertas met\u00e1licas, disponibles en diez vibrantes decoraciones seleccionadas por Federico de Majo.<\/p>\n<p>Estas cubiertas transforman por completo el aspecto de tu Poldina, aportando un toque de car\u00e1cter y color a cualquier estancia.<\/p>\n<p>Gracias a una innovadora tecnolog\u00eda de impresi\u00f3n que cubre toda la superficie, se garantiza una calidad excepcional y la nitidez de los detalles, convirtiendo cada cubierta en una pieza verdaderamente \u00fanica.<\/p>\n<p>Las cubiertas met\u00e1licas son perfectas para personalizar las versiones de sobremesa Poldina Pro (excepto el modelo Poldina x Peanuts), Mini de sobremesa, de pared, de suspensi\u00f3n y con punta.<\/p>\n<p>Descubre c\u00f3mo un simple detalle puede hacer especial tu Poldina y crear un efecto est\u00e9tico impactante: gracias a su atractivo dise\u00f1o, estas cubiertas a\u00f1aden color y alegr\u00eda a tus espacios, expresando al m\u00e1ximo tu estilo personal.<\/p>\n<p><strong>Las fundas no son aptas para exteriores.<\/strong><\/p>\n<p><strong>Caracter\u00edsticas:<\/strong><\/p>\n<ul>\n<li>Di\u00e1metro: 11,4 cm<\/li>\n<li>Altura total: 8,9 cm<\/li>\n<\/ul>\n","protected":false},"excerpt":{"rendered":"<p>Renueva y personaliza tu l\u00e1mpara Poldina con las nuevas y elegantes y resistentes cubiertas met\u00e1licas, disponibles en diez vibrantes decoraciones<\/p>\n","protected":false},"featured_media":504903,"template":"","meta":{"_acf_changed":false,"inline_featured_image":false},"product_cat":[16017,16016],"product_tag":[25029,22670,16328,21823,25023],"acf":[],"yoast_head":"<!-- This site is optimized with the Yoast SEO Premium plugin v18.6 (Yoast SEO v19.13) - https:\/\/yoast.com\/wordpress\/plugins\/seo\/ -->\n<title>ZAFFERANO Poldina Cubierta de cer\u00e1mica Poisson Avio bleu - Erresse Shop<\/title>\n<meta name=\"description\" content=\"Renueva y personaliza tu l\u00e1mpara Poldina con las nuevas y elegantes y resistentes cubiertas met\u00e1licas, disponibles en diez vibrantes decoraciones\" \/>\n<meta name=\"robots\" content=\"index, follow, max-snippet:-1, max-image-preview:large, max-video-preview:-1\" \/>\n<link rel=\"canonical\" href=\"https:\/\/www.erresse-shop.it\/es\/shop\/mobiliario\/lamparas\/zafferano-poldina-cubierta-de-ceramica-poisson-avio-bleu\/\" \/>\n<meta property=\"og:locale\" content=\"es_ES\" \/>\n<meta property=\"og:type\" content=\"article\" \/>\n<meta property=\"og:title\" content=\"ZAFFERANO Poldina Cubierta de cer\u00e1mica Poisson Avio bleu\" \/>\n<meta property=\"og:description\" content=\"Renueva y personaliza tu l\u00e1mpara Poldina con las nuevas y elegantes y resistentes cubiertas met\u00e1licas, disponibles en diez vibrantes decoraciones\" \/>\n<meta property=\"og:url\" content=\"https:\/\/www.erresse-shop.it\/es\/shop\/mobiliario\/lamparas\/zafferano-poldina-cubierta-de-ceramica-poisson-avio-bleu\/\" \/>\n<meta property=\"og:site_name\" content=\"Erresse Shop\" \/>\n<meta property=\"article:modified_time\" content=\"2025-06-25T12:50:17+00:00\" \/>\n<meta property=\"og:image\" content=\"https:\/\/www.erresse-shop.it\/wp-content\/uploads\/2025\/06\/ZAFFERANO-Poldina-Cover-in-Metallo-Pesci-Blu-Avio.jpg\" \/>\n\t<meta property=\"og:image:width\" content=\"1200\" \/>\n\t<meta property=\"og:image:height\" content=\"1200\" \/>\n\t<meta property=\"og:image:type\" content=\"image\/jpeg\" \/>\n<meta name=\"twitter:card\" content=\"summary_large_image\" \/>\n<script type=\"application\/ld+json\" class=\"yoast-schema-graph\">{\"@context\":\"https:\/\/schema.org\",\"@graph\":[{\"@type\":\"WebPage\",\"@id\":\"https:\/\/www.erresse-shop.it\/es\/shop\/mobiliario\/lamparas\/zafferano-poldina-cubierta-de-ceramica-poisson-avio-bleu\/\",\"url\":\"https:\/\/www.erresse-shop.it\/es\/shop\/mobiliario\/lamparas\/zafferano-poldina-cubierta-de-ceramica-poisson-avio-bleu\/\",\"name\":\"ZAFFERANO Poldina Cubierta de cer\u00e1mica Poisson Avio bleu - Erresse Shop\",\"isPartOf\":{\"@id\":\"https:\/\/www.erresse-shop.it\/es\/#website\"},\"datePublished\":\"2025-06-25T12:41:33+00:00\",\"dateModified\":\"2025-06-25T12:50:17+00:00\",\"description\":\"Renueva y personaliza tu l\u00e1mpara Poldina con las nuevas y elegantes y resistentes cubiertas met\u00e1licas, disponibles en diez vibrantes decoraciones\",\"breadcrumb\":{\"@id\":\"https:\/\/www.erresse-shop.it\/es\/shop\/mobiliario\/lamparas\/zafferano-poldina-cubierta-de-ceramica-poisson-avio-bleu\/#breadcrumb\"},\"inLanguage\":\"es\",\"potentialAction\":[{\"@type\":\"ReadAction\",\"target\":[\"https:\/\/www.erresse-shop.it\/es\/shop\/mobiliario\/lamparas\/zafferano-poldina-cubierta-de-ceramica-poisson-avio-bleu\/\"]}]},{\"@type\":\"BreadcrumbList\",\"@id\":\"https:\/\/www.erresse-shop.it\/es\/shop\/mobiliario\/lamparas\/zafferano-poldina-cubierta-de-ceramica-poisson-avio-bleu\/#breadcrumb\",\"itemListElement\":[{\"@type\":\"ListItem\",\"position\":1,\"name\":\"Home\",\"item\":\"https:\/\/www.erresse-shop.it\/es\/\"},{\"@type\":\"ListItem\",\"position\":2,\"name\":\"Shop\",\"item\":\"https:\/\/www.erresse-shop.it\/es\/shop\/\"},{\"@type\":\"ListItem\",\"position\":3,\"name\":\"ZAFFERANO Poldina Cubierta de cer\u00e1mica Poisson Avio bleu\"}]},{\"@type\":\"WebSite\",\"@id\":\"https:\/\/www.erresse-shop.it\/es\/#website\",\"url\":\"https:\/\/www.erresse-shop.it\/es\/\",\"name\":\"Erresse Shop\",\"description\":\"Articoli di qualit\u00e0 per la casa\",\"potentialAction\":[{\"@type\":\"SearchAction\",\"target\":{\"@type\":\"EntryPoint\",\"urlTemplate\":\"https:\/\/www.erresse-shop.it\/es\/?s={search_term_string}\"},\"query-input\":\"required name=search_term_string\"}],\"inLanguage\":\"es\"}]}<\/script>\n<!-- \/ Yoast SEO Premium plugin. -->","yoast_head_json":{"title":"ZAFFERANO Poldina Cubierta de cer\u00e1mica Poisson Avio bleu - Erresse Shop","description":"Renueva y personaliza tu l\u00e1mpara Poldina con las nuevas y elegantes y resistentes cubiertas met\u00e1licas, disponibles en diez vibrantes decoraciones","robots":{"index":"index","follow":"follow","max-snippet":"max-snippet:-1","max-image-preview":"max-image-preview:large","max-video-preview":"max-video-preview:-1"},"canonical":"https:\/\/www.erresse-shop.it\/es\/shop\/mobiliario\/lamparas\/zafferano-poldina-cubierta-de-ceramica-poisson-avio-bleu\/","og_locale":"es_ES","og_type":"article","og_title":"ZAFFERANO Poldina Cubierta de cer\u00e1mica Poisson Avio bleu","og_description":"Renueva y personaliza tu l\u00e1mpara Poldina con las nuevas y elegantes y resistentes cubiertas met\u00e1licas, disponibles en diez vibrantes decoraciones","og_url":"https:\/\/www.erresse-shop.it\/es\/shop\/mobiliario\/lamparas\/zafferano-poldina-cubierta-de-ceramica-poisson-avio-bleu\/","og_site_name":"Erresse Shop","article_modified_time":"2025-06-25T12:50:17+00:00","og_image":[{"width":1200,"height":1200,"url":"https:\/\/www.erresse-shop.it\/wp-content\/uploads\/2025\/06\/ZAFFERANO-Poldina-Cover-in-Metallo-Pesci-Blu-Avio.jpg","type":"image\/jpeg"}],"twitter_card":"summary_large_image","schema":{"@context":"https:\/\/schema.org","@graph":[{"@type":"WebPage","@id":"https:\/\/www.erresse-shop.it\/es\/shop\/mobiliario\/lamparas\/zafferano-poldina-cubierta-de-ceramica-poisson-avio-bleu\/","url":"https:\/\/www.erresse-shop.it\/es\/shop\/mobiliario\/lamparas\/zafferano-poldina-cubierta-de-ceramica-poisson-avio-bleu\/","name":"ZAFFERANO Poldina Cubierta de cer\u00e1mica Poisson Avio bleu - Erresse Shop","isPartOf":{"@id":"https:\/\/www.erresse-shop.it\/es\/#website"},"datePublished":"2025-06-25T12:41:33+00:00","dateModified":"2025-06-25T12:50:17+00:00","description":"Renueva y personaliza tu l\u00e1mpara Poldina con las nuevas y elegantes y resistentes cubiertas met\u00e1licas, disponibles en diez vibrantes decoraciones","breadcrumb":{"@id":"https:\/\/www.erresse-shop.it\/es\/shop\/mobiliario\/lamparas\/zafferano-poldina-cubierta-de-ceramica-poisson-avio-bleu\/#breadcrumb"},"inLanguage":"es","potentialAction":[{"@type":"ReadAction","target":["https:\/\/www.erresse-shop.it\/es\/shop\/mobiliario\/lamparas\/zafferano-poldina-cubierta-de-ceramica-poisson-avio-bleu\/"]}]},{"@type":"BreadcrumbList","@id":"https:\/\/www.erresse-shop.it\/es\/shop\/mobiliario\/lamparas\/zafferano-poldina-cubierta-de-ceramica-poisson-avio-bleu\/#breadcrumb","itemListElement":[{"@type":"ListItem","position":1,"name":"Home","item":"https:\/\/www.erresse-shop.it\/es\/"},{"@type":"ListItem","position":2,"name":"Shop","item":"https:\/\/www.erresse-shop.it\/es\/shop\/"},{"@type":"ListItem","position":3,"name":"ZAFFERANO Poldina Cubierta de cer\u00e1mica Poisson Avio bleu"}]},{"@type":"WebSite","@id":"https:\/\/www.erresse-shop.it\/es\/#website","url":"https:\/\/www.erresse-shop.it\/es\/","name":"Erresse Shop","description":"Articoli di qualit\u00e0 per la casa","potentialAction":[{"@type":"SearchAction","target":{"@type":"EntryPoint","urlTemplate":"https:\/\/www.erresse-shop.it\/es\/?s={search_term_string}"},"query-input":"required name=search_term_string"}],"inLanguage":"es"}]}},"df_price":20,"df_sale_price":20,"df_regular_price":36,"df_image_link":"https:\/\/www.erresse-shop.it\/wp-content\/uploads\/2025\/06\/ZAFFERANO-Poldina-Cover-in-Metallo-Pesci-Blu-Avio-300x300.jpg","_links":{"self":[{"href":"https:\/\/www.erresse-shop.it\/es\/wp-json\/wp\/v2\/product\/504896"}],"collection":[{"href":"https:\/\/www.erresse-shop.it\/es\/wp-json\/wp\/v2\/product"}],"about":[{"href":"https:\/\/www.erresse-shop.it\/es\/wp-json\/wp\/v2\/types\/product"}],"wp:featuredmedia":[{"embeddable":true,"href":"https:\/\/www.erresse-shop.it\/es\/wp-json\/wp\/v2\/media\/504903"}],"wp:attachment":[{"href":"https:\/\/www.erresse-shop.it\/es\/wp-json\/wp\/v2\/media?parent=504896"}],"wp:term":[{"taxonomy":"product_cat","embeddable":true,"href":"https:\/\/www.erresse-shop.it\/es\/wp-json\/wp\/v2\/product_cat?post=504896"},{"taxonomy":"product_tag","embeddable":true,"href":"https:\/\/www.erresse-shop.it\/es\/wp-json\/wp\/v2\/product_tag?post=504896"}],"curies":[{"name":"wp","href":"https:\/\/api.w.org\/{rel}","templated":true}]}}