{"id":504717,"date":"2021-05-03T10:14:38","date_gmt":"2021-05-03T10:14:38","guid":{"rendered":"https:\/\/www.erresse-shop.it\/shop\/sin%20categor\u00eda\/le-creuset-parrilla-cuadrada-con-asas-de-aluminio-28-cm-negro\/"},"modified":"2025-06-26T06:31:41","modified_gmt":"2025-06-26T06:31:41","slug":"le-creuset-parrilla-cuadrada-con-asas-de-aluminio-28-cm-negro","status":"publish","type":"product","link":"https:\/\/www.erresse-shop.it\/es\/shop\/sartenes-y-ollas\/parrillas\/le-creuset-parrilla-cuadrada-con-asas-de-aluminio-28-cm-negro\/","title":{"rendered":"LE CREUSET Parrilla Cuadrada con Asas de Aluminio 28 cm Negro"},"content":{"rendered":"<p>\u00bfLe gustar\u00eda vivir un poco m\u00e1s sano? Esta parrilla cuadrada antiadherente le permite cocinar su carne, pescado o verduras favoritos sin a\u00f1adir grasa. La superficie antiadherente colorea los ingredientes a la perfecci\u00f3n para obtener unos resultados deliciosos y llenos de sabor.<\/p>\n<p>Nuestro mejor revestimiento antiadherente: probado, fiable, garantizado de por vida y cuatro veces m\u00e1s resistente. (probado en laboratorio independiente para la resistencia a la abrasi\u00f3n de utensilios met\u00e1licos).<br \/>\nCalor uniforme: su estructura ayuda a conducir el calor de forma r\u00e1pida y uniforme, ideal para preparar comidas r\u00e1pidas y sabrosas. Todo lo que tiene que hacer es cocinar a temperaturas bajas o medias para obtener unos resultados extraordinarios.<br \/>\nCocina sana, limpieza f\u00e1cil: nuestro revestimiento antiadherente, tanto interior como exterior, minimiza la necesidad de aceite y garantiza una limpieza f\u00e1cil.<br \/>\nLarga duraci\u00f3n: nuestra colecci\u00f3n antiadherente cuenta con un acabado resistente y robusto, capaz de soportar el uso diario.<br \/>\nCapas de durabilidad: hemos reforzado las tres capas antiadherentes y las hemos fabricado para que duren a\u00f1os.<br \/>\nNuestros productos se fabrican con los mejores materiales en f\u00e1bricas de todo el mundo para garantizar la calidad que espera de Le Creuset.<\/p>\n<p>Material: aluminio antiadherente<br \/>\nFabricado en: Espa\u00f1a<br \/>\nGarant\u00eda: de por vida<\/p>\n<p>Fuente de calor:<br \/>\nHorno<br \/>\nModo grill del horno<br \/>\nPlaca el\u00e9ctrica<br \/>\nVitrocer\u00e1mica<br \/>\nPlaca de gas<br \/>\nPlaca de inducci\u00f3n<br \/>\nLimpieza y cuidados:<\/p>\n<p>Espere a que el producto se enfr\u00ede antes de empezar a limpiarlo.<br \/>\nLimpie los restos de comida de la base y los laterales del producto. Si hay comida pegada, llene el producto con agua tibia jabonosa y d\u00e9jelo en remojo durante 15-20 minutos antes de lavarlo como de costumbre.<br \/>\nNo utilice limpiadores abrasivos ni esponjas o cepillos met\u00e1licos muy duros en ninguna de las superficies.<br \/>\nS\u00e9quela bien despu\u00e9s de lavarla y gu\u00e1rdela en un lugar seco.<\/p>\n","protected":false},"excerpt":{"rendered":"<p>\u00bfLe gustar\u00eda vivir un poco m\u00e1s sano? Esta parrilla cuadrada antiadherente le permite cocinar su carne, pescado o verduras favoritos<\/p>\n","protected":false},"featured_media":180910,"template":"","meta":{"_acf_changed":false,"inline_featured_image":false},"product_cat":[16060,16058],"product_tag":[16110,16167,16369,16158,16138],"acf":[],"yoast_head":"<!-- This site is optimized with the Yoast SEO Premium plugin v18.6 (Yoast SEO v19.13) - https:\/\/yoast.com\/wordpress\/plugins\/seo\/ -->\n<title>LE CREUSET Parrilla Cuadrada con Asas de Aluminio 28 cm Negro - Erresse Shop<\/title>\n<meta name=\"description\" content=\"\u00bfLe gustar\u00eda vivir un poco m\u00e1s sano? Esta parrilla cuadrada antiadherente le permite cocinar su carne, pescado o verduras favoritos sin a\u00f1adir grasa. La\" \/>\n<meta name=\"robots\" content=\"index, follow, max-snippet:-1, max-image-preview:large, max-video-preview:-1\" \/>\n<link rel=\"canonical\" href=\"https:\/\/www.erresse-shop.it\/es\/shop\/sartenes-y-ollas\/parrillas\/le-creuset-parrilla-cuadrada-con-asas-de-aluminio-28-cm-negro\/\" \/>\n<meta property=\"og:locale\" content=\"es_ES\" \/>\n<meta property=\"og:type\" content=\"article\" \/>\n<meta property=\"og:title\" content=\"LE CREUSET Parrilla Cuadrada con Asas de Aluminio 28 cm Negro\" \/>\n<meta property=\"og:description\" content=\"\u00bfLe gustar\u00eda vivir un poco m\u00e1s sano? Esta parrilla cuadrada antiadherente le permite cocinar su carne, pescado o verduras favoritos sin a\u00f1adir grasa. La\" \/>\n<meta property=\"og:url\" content=\"https:\/\/www.erresse-shop.it\/es\/shop\/sartenes-y-ollas\/parrillas\/le-creuset-parrilla-cuadrada-con-asas-de-aluminio-28-cm-negro\/\" \/>\n<meta property=\"og:site_name\" content=\"Erresse Shop\" \/>\n<meta property=\"article:modified_time\" content=\"2025-06-26T06:31:41+00:00\" \/>\n<meta property=\"og:image\" content=\"https:\/\/www.erresse-shop.it\/wp-content\/uploads\/2021\/05\/LE-CREUSET-Grill-con-Manici-28-cm-Nero-2-1.jpg\" \/>\n\t<meta property=\"og:image:width\" content=\"800\" \/>\n\t<meta property=\"og:image:height\" content=\"800\" \/>\n\t<meta property=\"og:image:type\" content=\"image\/jpeg\" \/>\n<meta name=\"twitter:card\" content=\"summary_large_image\" \/>\n<script type=\"application\/ld+json\" class=\"yoast-schema-graph\">{\"@context\":\"https:\/\/schema.org\",\"@graph\":[{\"@type\":\"WebPage\",\"@id\":\"https:\/\/www.erresse-shop.it\/es\/shop\/sartenes-y-ollas\/parrillas\/le-creuset-parrilla-cuadrada-con-asas-de-aluminio-28-cm-negro\/\",\"url\":\"https:\/\/www.erresse-shop.it\/es\/shop\/sartenes-y-ollas\/parrillas\/le-creuset-parrilla-cuadrada-con-asas-de-aluminio-28-cm-negro\/\",\"name\":\"LE CREUSET Parrilla Cuadrada con Asas de Aluminio 28 cm Negro - Erresse Shop\",\"isPartOf\":{\"@id\":\"https:\/\/www.erresse-shop.it\/es\/#website\"},\"datePublished\":\"2021-05-03T10:14:38+00:00\",\"dateModified\":\"2025-06-26T06:31:41+00:00\",\"description\":\"\u00bfLe gustar\u00eda vivir un poco m\u00e1s sano? Esta parrilla cuadrada antiadherente le permite cocinar su carne, pescado o verduras favoritos sin a\u00f1adir grasa. La\",\"breadcrumb\":{\"@id\":\"https:\/\/www.erresse-shop.it\/es\/shop\/sartenes-y-ollas\/parrillas\/le-creuset-parrilla-cuadrada-con-asas-de-aluminio-28-cm-negro\/#breadcrumb\"},\"inLanguage\":\"es\",\"potentialAction\":[{\"@type\":\"ReadAction\",\"target\":[\"https:\/\/www.erresse-shop.it\/es\/shop\/sartenes-y-ollas\/parrillas\/le-creuset-parrilla-cuadrada-con-asas-de-aluminio-28-cm-negro\/\"]}]},{\"@type\":\"BreadcrumbList\",\"@id\":\"https:\/\/www.erresse-shop.it\/es\/shop\/sartenes-y-ollas\/parrillas\/le-creuset-parrilla-cuadrada-con-asas-de-aluminio-28-cm-negro\/#breadcrumb\",\"itemListElement\":[{\"@type\":\"ListItem\",\"position\":1,\"name\":\"Home\",\"item\":\"https:\/\/www.erresse-shop.it\/es\/\"},{\"@type\":\"ListItem\",\"position\":2,\"name\":\"Shop\",\"item\":\"https:\/\/www.erresse-shop.it\/es\/shop\/\"},{\"@type\":\"ListItem\",\"position\":3,\"name\":\"LE CREUSET Parrilla Cuadrada con Asas de Aluminio 28 cm Negro\"}]},{\"@type\":\"WebSite\",\"@id\":\"https:\/\/www.erresse-shop.it\/es\/#website\",\"url\":\"https:\/\/www.erresse-shop.it\/es\/\",\"name\":\"Erresse Shop\",\"description\":\"Articoli di qualit\u00e0 per la casa\",\"potentialAction\":[{\"@type\":\"SearchAction\",\"target\":{\"@type\":\"EntryPoint\",\"urlTemplate\":\"https:\/\/www.erresse-shop.it\/es\/?s={search_term_string}\"},\"query-input\":\"required name=search_term_string\"}],\"inLanguage\":\"es\"}]}<\/script>\n<!-- \/ Yoast SEO Premium plugin. -->","yoast_head_json":{"title":"LE CREUSET Parrilla Cuadrada con Asas de Aluminio 28 cm Negro - Erresse Shop","description":"\u00bfLe gustar\u00eda vivir un poco m\u00e1s sano? Esta parrilla cuadrada antiadherente le permite cocinar su carne, pescado o verduras favoritos sin a\u00f1adir grasa. La","robots":{"index":"index","follow":"follow","max-snippet":"max-snippet:-1","max-image-preview":"max-image-preview:large","max-video-preview":"max-video-preview:-1"},"canonical":"https:\/\/www.erresse-shop.it\/es\/shop\/sartenes-y-ollas\/parrillas\/le-creuset-parrilla-cuadrada-con-asas-de-aluminio-28-cm-negro\/","og_locale":"es_ES","og_type":"article","og_title":"LE CREUSET Parrilla Cuadrada con Asas de Aluminio 28 cm Negro","og_description":"\u00bfLe gustar\u00eda vivir un poco m\u00e1s sano? Esta parrilla cuadrada antiadherente le permite cocinar su carne, pescado o verduras favoritos sin a\u00f1adir grasa. La","og_url":"https:\/\/www.erresse-shop.it\/es\/shop\/sartenes-y-ollas\/parrillas\/le-creuset-parrilla-cuadrada-con-asas-de-aluminio-28-cm-negro\/","og_site_name":"Erresse Shop","article_modified_time":"2025-06-26T06:31:41+00:00","og_image":[{"width":800,"height":800,"url":"https:\/\/www.erresse-shop.it\/wp-content\/uploads\/2021\/05\/LE-CREUSET-Grill-con-Manici-28-cm-Nero-2-1.jpg","type":"image\/jpeg"}],"twitter_card":"summary_large_image","schema":{"@context":"https:\/\/schema.org","@graph":[{"@type":"WebPage","@id":"https:\/\/www.erresse-shop.it\/es\/shop\/sartenes-y-ollas\/parrillas\/le-creuset-parrilla-cuadrada-con-asas-de-aluminio-28-cm-negro\/","url":"https:\/\/www.erresse-shop.it\/es\/shop\/sartenes-y-ollas\/parrillas\/le-creuset-parrilla-cuadrada-con-asas-de-aluminio-28-cm-negro\/","name":"LE CREUSET Parrilla Cuadrada con Asas de Aluminio 28 cm Negro - Erresse Shop","isPartOf":{"@id":"https:\/\/www.erresse-shop.it\/es\/#website"},"datePublished":"2021-05-03T10:14:38+00:00","dateModified":"2025-06-26T06:31:41+00:00","description":"\u00bfLe gustar\u00eda vivir un poco m\u00e1s sano? Esta parrilla cuadrada antiadherente le permite cocinar su carne, pescado o verduras favoritos sin a\u00f1adir grasa. La","breadcrumb":{"@id":"https:\/\/www.erresse-shop.it\/es\/shop\/sartenes-y-ollas\/parrillas\/le-creuset-parrilla-cuadrada-con-asas-de-aluminio-28-cm-negro\/#breadcrumb"},"inLanguage":"es","potentialAction":[{"@type":"ReadAction","target":["https:\/\/www.erresse-shop.it\/es\/shop\/sartenes-y-ollas\/parrillas\/le-creuset-parrilla-cuadrada-con-asas-de-aluminio-28-cm-negro\/"]}]},{"@type":"BreadcrumbList","@id":"https:\/\/www.erresse-shop.it\/es\/shop\/sartenes-y-ollas\/parrillas\/le-creuset-parrilla-cuadrada-con-asas-de-aluminio-28-cm-negro\/#breadcrumb","itemListElement":[{"@type":"ListItem","position":1,"name":"Home","item":"https:\/\/www.erresse-shop.it\/es\/"},{"@type":"ListItem","position":2,"name":"Shop","item":"https:\/\/www.erresse-shop.it\/es\/shop\/"},{"@type":"ListItem","position":3,"name":"LE CREUSET Parrilla Cuadrada con Asas de Aluminio 28 cm Negro"}]},{"@type":"WebSite","@id":"https:\/\/www.erresse-shop.it\/es\/#website","url":"https:\/\/www.erresse-shop.it\/es\/","name":"Erresse Shop","description":"Articoli di qualit\u00e0 per la casa","potentialAction":[{"@type":"SearchAction","target":{"@type":"EntryPoint","urlTemplate":"https:\/\/www.erresse-shop.it\/es\/?s={search_term_string}"},"query-input":"required name=search_term_string"}],"inLanguage":"es"}]}},"df_price":67.05,"df_sale_price":67.05,"df_regular_price":149,"df_image_link":"https:\/\/www.erresse-shop.it\/wp-content\/uploads\/2021\/05\/LE-CREUSET-Grill-con-Manici-28-cm-Nero-2-1-300x300.jpg","_links":{"self":[{"href":"https:\/\/www.erresse-shop.it\/es\/wp-json\/wp\/v2\/product\/504717"}],"collection":[{"href":"https:\/\/www.erresse-shop.it\/es\/wp-json\/wp\/v2\/product"}],"about":[{"href":"https:\/\/www.erresse-shop.it\/es\/wp-json\/wp\/v2\/types\/product"}],"wp:featuredmedia":[{"embeddable":true,"href":"https:\/\/www.erresse-shop.it\/es\/wp-json\/wp\/v2\/media\/180910"}],"wp:attachment":[{"href":"https:\/\/www.erresse-shop.it\/es\/wp-json\/wp\/v2\/media?parent=504717"}],"wp:term":[{"taxonomy":"product_cat","embeddable":true,"href":"https:\/\/www.erresse-shop.it\/es\/wp-json\/wp\/v2\/product_cat?post=504717"},{"taxonomy":"product_tag","embeddable":true,"href":"https:\/\/www.erresse-shop.it\/es\/wp-json\/wp\/v2\/product_tag?post=504717"}],"curies":[{"name":"wp","href":"https:\/\/api.w.org\/{rel}","templated":true}]}}