{"id":503877,"date":"2025-06-19T12:25:51","date_gmt":"2025-06-19T12:25:55","guid":{"rendered":"https:\/\/www.erresse-shop.it\/?post_type=product&#038;p=503877"},"modified":"2025-06-19T12:36:09","modified_gmt":"2025-06-19T12:36:09","slug":"cookut-fuente-de-horno-40-x-30-cm-verde","status":"publish","type":"product","link":"https:\/\/www.erresse-shop.it\/es\/shop\/sartenes-y-ollas\/ollas-y-bandejas-de-horno\/cookut-fuente-de-horno-40-x-30-cm-verde\/","title":{"rendered":"COOKUT Fuente de horno 40 x 30 cm Verde"},"content":{"rendered":"<div class=\"elementor-element Elementor-element-02c3caf Elementor-widget Elementor-widget-product-name Elementor-widget-heading\" data-id=\"02c3caf\" data-element_type=\"widget\" data-widget_type=\"product-name.default\">\n<div class=\"elementor-widget-container\">\n<h1 class=\"ce-product-name Elementor-heading-title ce-display-large\"><span style=\"font-size: 14pt;\">La incre\u00edble bandeja ajustable para hornear<\/span><\/h1>\n<\/div>\n<\/div>\n<div class=\"elementor-element Elementor-element-4b0c4c3 Elementor-widget Elementor-widget-product-description-short Elementor-widget-text-editor\" data-id=\"4b0c4c3\" data-element_type=\"widget\" data-widget_type=\"product-description-short.default\">\n<div class=\"elementor-widget-container\">\n<div class=\"ce-product-description-short\">\n<h2><span style=\"font-size: 14pt;\">Una cazuela para todos los tama\u00f1os con revestimiento mineral sin PFAS<\/span><\/h2>\n<p>Esta cazuela \u00fanica sustituye a todas las dem\u00e1s: gracias a su divisor patentado, puedes ajustar f\u00e1cilmente el tama\u00f1o de tu cazuela seg\u00fan tus gustos y el n\u00famero de comensales.<\/p>\n<p>Con la cazuela Incroyable, puedes preparar de todo: desde peque\u00f1os gratinados hasta grandes tartas, quiches, pollo asado el domingo\u2026 \u00a1las posibilidades son infinitas!<\/p>\n<p>M\u00e1s que una simple cazuela, es una soluci\u00f3n completa e inteligente para todas tus necesidades de reposter\u00eda.<\/p>\n<ul>\n<li>Ultraligero<\/li>\n<li>Revestimiento mineral natural libre de PFAS*<\/li>\n<li>Cuerpo de metal 100 % reciclado<\/li>\n<li>Cocci\u00f3n sin grasa<\/li>\n<li>F\u00e1cil de limpiar<\/li>\n<li>Separador de silicona patentado y vidrio templado<\/li>\n<li>Apto para horno y lavavajillas<\/li>\n<li>No apto para microondas<\/li>\n<li>No apto para microondas<\/li>\n<li>No apto para placas de inducci\u00f3n, gas, vitrocer\u00e1mica, el\u00e9ctricas, etc.<\/li>\n<\/ul>\n<p>Dimensiones: 40 x 30 cm<\/p>\n<p>Revestimiento mineral a base de arena vitrificada. Un revestimiento altamente resistente sin PFAS (sustancias perfluoroalquiladas y polifluoroalquiladas, sustancias controvertidas que se utilizan a menudo en productos de cocina).<\/p>\n<\/div>\n<\/div>\n<\/div>\n","protected":false},"excerpt":{"rendered":"<p>La incre\u00edble bandeja ajustable para hornear Una cazuela para todos los tama\u00f1os con revestimiento mineral sin PFAS Esta cazuela \u00fanica<\/p>\n","protected":false},"featured_media":503895,"template":"","meta":{"_acf_changed":false,"inline_featured_image":false},"product_cat":[16068,16058],"product_tag":[25039,21537,17110,24605,25023],"acf":[],"yoast_head":"<!-- This site is optimized with the Yoast SEO Premium plugin v18.6 (Yoast SEO v19.13) - https:\/\/yoast.com\/wordpress\/plugins\/seo\/ -->\n<title>COOKUT Fuente de horno 40 x 30 cm Verde - Erresse Shop<\/title>\n<meta name=\"description\" content=\"La incre\u00edble bandeja ajustable para hornear Una cazuela para todos los tama\u00f1os con revestimiento mineral sin PFAS Esta cazuela \u00fanica sustituye a todas las\" \/>\n<meta name=\"robots\" content=\"index, follow, max-snippet:-1, max-image-preview:large, max-video-preview:-1\" \/>\n<link rel=\"canonical\" href=\"https:\/\/www.erresse-shop.it\/es\/shop\/sartenes-y-ollas\/ollas-y-bandejas-de-horno\/cookut-fuente-de-horno-40-x-30-cm-verde\/\" \/>\n<meta property=\"og:locale\" content=\"es_ES\" \/>\n<meta property=\"og:type\" content=\"article\" \/>\n<meta property=\"og:title\" content=\"COOKUT Fuente de horno 40 x 30 cm Verde\" \/>\n<meta property=\"og:description\" content=\"La incre\u00edble bandeja ajustable para hornear Una cazuela para todos los tama\u00f1os con revestimiento mineral sin PFAS Esta cazuela \u00fanica sustituye a todas las\" \/>\n<meta property=\"og:url\" content=\"https:\/\/www.erresse-shop.it\/es\/shop\/sartenes-y-ollas\/ollas-y-bandejas-de-horno\/cookut-fuente-de-horno-40-x-30-cm-verde\/\" \/>\n<meta property=\"og:site_name\" content=\"Erresse Shop\" \/>\n<meta property=\"article:modified_time\" content=\"2025-06-19T12:36:09+00:00\" \/>\n<meta property=\"og:image\" content=\"https:\/\/www.erresse-shop.it\/wp-content\/uploads\/2025\/06\/COOKUT-Pirofila-40-x-30-cm-Verde.jpg\" \/>\n\t<meta property=\"og:image:width\" content=\"1200\" \/>\n\t<meta property=\"og:image:height\" content=\"1200\" \/>\n\t<meta property=\"og:image:type\" content=\"image\/jpeg\" \/>\n<meta name=\"twitter:card\" content=\"summary_large_image\" \/>\n<script type=\"application\/ld+json\" class=\"yoast-schema-graph\">{\"@context\":\"https:\/\/schema.org\",\"@graph\":[{\"@type\":\"WebPage\",\"@id\":\"https:\/\/www.erresse-shop.it\/es\/shop\/sartenes-y-ollas\/ollas-y-bandejas-de-horno\/cookut-fuente-de-horno-40-x-30-cm-verde\/\",\"url\":\"https:\/\/www.erresse-shop.it\/es\/shop\/sartenes-y-ollas\/ollas-y-bandejas-de-horno\/cookut-fuente-de-horno-40-x-30-cm-verde\/\",\"name\":\"COOKUT Fuente de horno 40 x 30 cm Verde - Erresse Shop\",\"isPartOf\":{\"@id\":\"https:\/\/www.erresse-shop.it\/es\/#website\"},\"datePublished\":\"2025-06-19T12:25:55+00:00\",\"dateModified\":\"2025-06-19T12:36:09+00:00\",\"description\":\"La incre\u00edble bandeja ajustable para hornear Una cazuela para todos los tama\u00f1os con revestimiento mineral sin PFAS Esta cazuela \u00fanica sustituye a todas las\",\"breadcrumb\":{\"@id\":\"https:\/\/www.erresse-shop.it\/es\/shop\/sartenes-y-ollas\/ollas-y-bandejas-de-horno\/cookut-fuente-de-horno-40-x-30-cm-verde\/#breadcrumb\"},\"inLanguage\":\"es\",\"potentialAction\":[{\"@type\":\"ReadAction\",\"target\":[\"https:\/\/www.erresse-shop.it\/es\/shop\/sartenes-y-ollas\/ollas-y-bandejas-de-horno\/cookut-fuente-de-horno-40-x-30-cm-verde\/\"]}]},{\"@type\":\"BreadcrumbList\",\"@id\":\"https:\/\/www.erresse-shop.it\/es\/shop\/sartenes-y-ollas\/ollas-y-bandejas-de-horno\/cookut-fuente-de-horno-40-x-30-cm-verde\/#breadcrumb\",\"itemListElement\":[{\"@type\":\"ListItem\",\"position\":1,\"name\":\"Home\",\"item\":\"https:\/\/www.erresse-shop.it\/es\/\"},{\"@type\":\"ListItem\",\"position\":2,\"name\":\"Shop\",\"item\":\"https:\/\/www.erresse-shop.it\/es\/shop\/\"},{\"@type\":\"ListItem\",\"position\":3,\"name\":\"COOKUT Fuente de horno 40 x 30 cm Verde\"}]},{\"@type\":\"WebSite\",\"@id\":\"https:\/\/www.erresse-shop.it\/es\/#website\",\"url\":\"https:\/\/www.erresse-shop.it\/es\/\",\"name\":\"Erresse Shop\",\"description\":\"Articoli di qualit\u00e0 per la casa\",\"potentialAction\":[{\"@type\":\"SearchAction\",\"target\":{\"@type\":\"EntryPoint\",\"urlTemplate\":\"https:\/\/www.erresse-shop.it\/es\/?s={search_term_string}\"},\"query-input\":\"required name=search_term_string\"}],\"inLanguage\":\"es\"}]}<\/script>\n<!-- \/ Yoast SEO Premium plugin. -->","yoast_head_json":{"title":"COOKUT Fuente de horno 40 x 30 cm Verde - Erresse Shop","description":"La incre\u00edble bandeja ajustable para hornear Una cazuela para todos los tama\u00f1os con revestimiento mineral sin PFAS Esta cazuela \u00fanica sustituye a todas las","robots":{"index":"index","follow":"follow","max-snippet":"max-snippet:-1","max-image-preview":"max-image-preview:large","max-video-preview":"max-video-preview:-1"},"canonical":"https:\/\/www.erresse-shop.it\/es\/shop\/sartenes-y-ollas\/ollas-y-bandejas-de-horno\/cookut-fuente-de-horno-40-x-30-cm-verde\/","og_locale":"es_ES","og_type":"article","og_title":"COOKUT Fuente de horno 40 x 30 cm Verde","og_description":"La incre\u00edble bandeja ajustable para hornear Una cazuela para todos los tama\u00f1os con revestimiento mineral sin PFAS Esta cazuela \u00fanica sustituye a todas las","og_url":"https:\/\/www.erresse-shop.it\/es\/shop\/sartenes-y-ollas\/ollas-y-bandejas-de-horno\/cookut-fuente-de-horno-40-x-30-cm-verde\/","og_site_name":"Erresse Shop","article_modified_time":"2025-06-19T12:36:09+00:00","og_image":[{"width":1200,"height":1200,"url":"https:\/\/www.erresse-shop.it\/wp-content\/uploads\/2025\/06\/COOKUT-Pirofila-40-x-30-cm-Verde.jpg","type":"image\/jpeg"}],"twitter_card":"summary_large_image","schema":{"@context":"https:\/\/schema.org","@graph":[{"@type":"WebPage","@id":"https:\/\/www.erresse-shop.it\/es\/shop\/sartenes-y-ollas\/ollas-y-bandejas-de-horno\/cookut-fuente-de-horno-40-x-30-cm-verde\/","url":"https:\/\/www.erresse-shop.it\/es\/shop\/sartenes-y-ollas\/ollas-y-bandejas-de-horno\/cookut-fuente-de-horno-40-x-30-cm-verde\/","name":"COOKUT Fuente de horno 40 x 30 cm Verde - Erresse Shop","isPartOf":{"@id":"https:\/\/www.erresse-shop.it\/es\/#website"},"datePublished":"2025-06-19T12:25:55+00:00","dateModified":"2025-06-19T12:36:09+00:00","description":"La incre\u00edble bandeja ajustable para hornear Una cazuela para todos los tama\u00f1os con revestimiento mineral sin PFAS Esta cazuela \u00fanica sustituye a todas las","breadcrumb":{"@id":"https:\/\/www.erresse-shop.it\/es\/shop\/sartenes-y-ollas\/ollas-y-bandejas-de-horno\/cookut-fuente-de-horno-40-x-30-cm-verde\/#breadcrumb"},"inLanguage":"es","potentialAction":[{"@type":"ReadAction","target":["https:\/\/www.erresse-shop.it\/es\/shop\/sartenes-y-ollas\/ollas-y-bandejas-de-horno\/cookut-fuente-de-horno-40-x-30-cm-verde\/"]}]},{"@type":"BreadcrumbList","@id":"https:\/\/www.erresse-shop.it\/es\/shop\/sartenes-y-ollas\/ollas-y-bandejas-de-horno\/cookut-fuente-de-horno-40-x-30-cm-verde\/#breadcrumb","itemListElement":[{"@type":"ListItem","position":1,"name":"Home","item":"https:\/\/www.erresse-shop.it\/es\/"},{"@type":"ListItem","position":2,"name":"Shop","item":"https:\/\/www.erresse-shop.it\/es\/shop\/"},{"@type":"ListItem","position":3,"name":"COOKUT Fuente de horno 40 x 30 cm Verde"}]},{"@type":"WebSite","@id":"https:\/\/www.erresse-shop.it\/es\/#website","url":"https:\/\/www.erresse-shop.it\/es\/","name":"Erresse Shop","description":"Articoli di qualit\u00e0 per la casa","potentialAction":[{"@type":"SearchAction","target":{"@type":"EntryPoint","urlTemplate":"https:\/\/www.erresse-shop.it\/es\/?s={search_term_string}"},"query-input":"required name=search_term_string"}],"inLanguage":"es"}]}},"df_price":49.44500000000001,"df_sale_price":49.44500000000001,"df_regular_price":89.9,"df_image_link":"https:\/\/www.erresse-shop.it\/wp-content\/uploads\/2025\/06\/COOKUT-Pirofila-40-x-30-cm-Verde-300x300.jpg","_links":{"self":[{"href":"https:\/\/www.erresse-shop.it\/es\/wp-json\/wp\/v2\/product\/503877"}],"collection":[{"href":"https:\/\/www.erresse-shop.it\/es\/wp-json\/wp\/v2\/product"}],"about":[{"href":"https:\/\/www.erresse-shop.it\/es\/wp-json\/wp\/v2\/types\/product"}],"wp:featuredmedia":[{"embeddable":true,"href":"https:\/\/www.erresse-shop.it\/es\/wp-json\/wp\/v2\/media\/503895"}],"wp:attachment":[{"href":"https:\/\/www.erresse-shop.it\/es\/wp-json\/wp\/v2\/media?parent=503877"}],"wp:term":[{"taxonomy":"product_cat","embeddable":true,"href":"https:\/\/www.erresse-shop.it\/es\/wp-json\/wp\/v2\/product_cat?post=503877"},{"taxonomy":"product_tag","embeddable":true,"href":"https:\/\/www.erresse-shop.it\/es\/wp-json\/wp\/v2\/product_tag?post=503877"}],"curies":[{"name":"wp","href":"https:\/\/api.w.org\/{rel}","templated":true}]}}