{"id":503496,"date":"2025-06-17T14:03:38","date_gmt":"2025-06-17T14:03:41","guid":{"rendered":"https:\/\/www.erresse-shop.it\/?post_type=product&#038;p=503496"},"modified":"2025-06-17T14:18:06","modified_gmt":"2025-06-17T14:18:06","slug":"barazzoni-sapore-italiano-conjunto-de-11-piezas","status":"publish","type":"product","link":"https:\/\/www.erresse-shop.it\/es\/shop\/sartenes-y-ollas\/juegos-de-ollas\/barazzoni-sapore-italiano-conjunto-de-11-piezas\/","title":{"rendered":"BARAZZONI Sapore Italiano Conjunto de 11 piezas"},"content":{"rendered":"<p>Una placa de cocci\u00f3n con forma redondeada, elegante y curvada. Apto para todo tipo de cocinas, incluidas las de inducci\u00f3n. El exterior altamente pulido y el acabado satinado antideslizante del interior facilitan la limpieza. El manejo tambi\u00e9n est\u00e1 al m\u00e1s alto nivel.<\/p>\n<p>El conjunto consta de:<\/p>\n<p>1 cacerola de 18 cm de di\u00e1metro<\/p>\n<p>1 cacerola de \u00f8 18 cm<\/p>\n<p>1 cacerola de 22 cm de di\u00e1metro<\/p>\n<p>1 cacerola de \u00f8 22 cm<\/p>\n<p>1 cacerola con mango largo \u00f8 14 cm<\/p>\n<p>1 cacerola de \u00f8 24 cm<\/p>\n<p>1 hervidor de leche de \u00f8 12 cm<\/p>\n<p>tapa \u00f8 14\/18\/22\/24 cm<\/p>\n<div class=\"uk-accordion-title\" aria-expanded=\"false\"><strong>Fuentes de calor, temperatura y conservaci\u00f3n:<\/strong><\/div>\n<ul>\n<li aria-expanded=\"false\"><strong>Inducci\u00f3n:<\/strong> S\u00ed<\/li>\n<li aria-expanded=\"false\"><strong>Gas:<\/strong> S\u00ed<\/li>\n<li aria-expanded=\"false\"><strong>Hal\u00f3geno:<\/strong> S\u00ed<\/li>\n<li aria-expanded=\"false\"><strong>Cer\u00e1mica:<\/strong> S\u00ed<\/li>\n<li aria-expanded=\"false\"><strong>Electro:<\/strong> S\u00ed<\/li>\n<li aria-expanded=\"false\"><strong>Horno:<\/strong> S\u00ed<\/li>\n<li aria-expanded=\"false\"><strong>Microondas:<\/strong> No<\/li>\n<\/ul>\n<p>Apto para lavavajillas.<\/p>\n","protected":false},"excerpt":{"rendered":"<p>Una placa de cocci\u00f3n con forma redondeada, elegante y curvada. Apto para todo tipo de cocinas, incluidas las de inducci\u00f3n.<\/p>\n","protected":false},"featured_media":503504,"template":"","meta":{"_acf_changed":false,"inline_featured_image":false},"product_cat":[16064,16058],"product_tag":[21537,16307,22976,16703,25023],"acf":[],"yoast_head":"<!-- This site is optimized with the Yoast SEO Premium plugin v18.6 (Yoast SEO v19.13) - https:\/\/yoast.com\/wordpress\/plugins\/seo\/ -->\n<title>BARAZZONI Sapore Italiano Conjunto de 11 piezas - Erresse Shop<\/title>\n<meta name=\"description\" content=\"Una placa de cocci\u00f3n con forma redondeada, elegante y curvada. Apto para todo tipo de cocinas, incluidas las de inducci\u00f3n. El exterior altamente pulido y\" \/>\n<meta name=\"robots\" content=\"index, follow, max-snippet:-1, max-image-preview:large, max-video-preview:-1\" \/>\n<link rel=\"canonical\" href=\"https:\/\/www.erresse-shop.it\/es\/shop\/sartenes-y-ollas\/juegos-de-ollas\/barazzoni-sapore-italiano-conjunto-de-11-piezas\/\" \/>\n<meta property=\"og:locale\" content=\"es_ES\" \/>\n<meta property=\"og:type\" content=\"article\" \/>\n<meta property=\"og:title\" content=\"BARAZZONI Sapore Italiano Conjunto de 11 piezas\" \/>\n<meta property=\"og:description\" content=\"Una placa de cocci\u00f3n con forma redondeada, elegante y curvada. Apto para todo tipo de cocinas, incluidas las de inducci\u00f3n. El exterior altamente pulido y\" \/>\n<meta property=\"og:url\" content=\"https:\/\/www.erresse-shop.it\/es\/shop\/sartenes-y-ollas\/juegos-de-ollas\/barazzoni-sapore-italiano-conjunto-de-11-piezas\/\" \/>\n<meta property=\"og:site_name\" content=\"Erresse Shop\" \/>\n<meta property=\"article:modified_time\" content=\"2025-06-17T14:18:06+00:00\" \/>\n<meta property=\"og:image\" content=\"https:\/\/www.erresse-shop.it\/wp-content\/uploads\/2025\/06\/BARAZZONI-Sapore-Italiano-Set-11-Pezzi.jpg\" \/>\n\t<meta property=\"og:image:width\" content=\"1200\" \/>\n\t<meta property=\"og:image:height\" content=\"1200\" \/>\n\t<meta property=\"og:image:type\" content=\"image\/jpeg\" \/>\n<meta name=\"twitter:card\" content=\"summary_large_image\" \/>\n<script type=\"application\/ld+json\" class=\"yoast-schema-graph\">{\"@context\":\"https:\/\/schema.org\",\"@graph\":[{\"@type\":\"WebPage\",\"@id\":\"https:\/\/www.erresse-shop.it\/es\/shop\/sartenes-y-ollas\/juegos-de-ollas\/barazzoni-sapore-italiano-conjunto-de-11-piezas\/\",\"url\":\"https:\/\/www.erresse-shop.it\/es\/shop\/sartenes-y-ollas\/juegos-de-ollas\/barazzoni-sapore-italiano-conjunto-de-11-piezas\/\",\"name\":\"BARAZZONI Sapore Italiano Conjunto de 11 piezas - Erresse Shop\",\"isPartOf\":{\"@id\":\"https:\/\/www.erresse-shop.it\/es\/#website\"},\"datePublished\":\"2025-06-17T14:03:41+00:00\",\"dateModified\":\"2025-06-17T14:18:06+00:00\",\"description\":\"Una placa de cocci\u00f3n con forma redondeada, elegante y curvada. Apto para todo tipo de cocinas, incluidas las de inducci\u00f3n. El exterior altamente pulido y\",\"breadcrumb\":{\"@id\":\"https:\/\/www.erresse-shop.it\/es\/shop\/sartenes-y-ollas\/juegos-de-ollas\/barazzoni-sapore-italiano-conjunto-de-11-piezas\/#breadcrumb\"},\"inLanguage\":\"es\",\"potentialAction\":[{\"@type\":\"ReadAction\",\"target\":[\"https:\/\/www.erresse-shop.it\/es\/shop\/sartenes-y-ollas\/juegos-de-ollas\/barazzoni-sapore-italiano-conjunto-de-11-piezas\/\"]}]},{\"@type\":\"BreadcrumbList\",\"@id\":\"https:\/\/www.erresse-shop.it\/es\/shop\/sartenes-y-ollas\/juegos-de-ollas\/barazzoni-sapore-italiano-conjunto-de-11-piezas\/#breadcrumb\",\"itemListElement\":[{\"@type\":\"ListItem\",\"position\":1,\"name\":\"Home\",\"item\":\"https:\/\/www.erresse-shop.it\/es\/\"},{\"@type\":\"ListItem\",\"position\":2,\"name\":\"Shop\",\"item\":\"https:\/\/www.erresse-shop.it\/es\/shop\/\"},{\"@type\":\"ListItem\",\"position\":3,\"name\":\"BARAZZONI Sapore Italiano Conjunto de 11 piezas\"}]},{\"@type\":\"WebSite\",\"@id\":\"https:\/\/www.erresse-shop.it\/es\/#website\",\"url\":\"https:\/\/www.erresse-shop.it\/es\/\",\"name\":\"Erresse Shop\",\"description\":\"Articoli di qualit\u00e0 per la casa\",\"potentialAction\":[{\"@type\":\"SearchAction\",\"target\":{\"@type\":\"EntryPoint\",\"urlTemplate\":\"https:\/\/www.erresse-shop.it\/es\/?s={search_term_string}\"},\"query-input\":\"required name=search_term_string\"}],\"inLanguage\":\"es\"}]}<\/script>\n<!-- \/ Yoast SEO Premium plugin. -->","yoast_head_json":{"title":"BARAZZONI Sapore Italiano Conjunto de 11 piezas - Erresse Shop","description":"Una placa de cocci\u00f3n con forma redondeada, elegante y curvada. Apto para todo tipo de cocinas, incluidas las de inducci\u00f3n. El exterior altamente pulido y","robots":{"index":"index","follow":"follow","max-snippet":"max-snippet:-1","max-image-preview":"max-image-preview:large","max-video-preview":"max-video-preview:-1"},"canonical":"https:\/\/www.erresse-shop.it\/es\/shop\/sartenes-y-ollas\/juegos-de-ollas\/barazzoni-sapore-italiano-conjunto-de-11-piezas\/","og_locale":"es_ES","og_type":"article","og_title":"BARAZZONI Sapore Italiano Conjunto de 11 piezas","og_description":"Una placa de cocci\u00f3n con forma redondeada, elegante y curvada. Apto para todo tipo de cocinas, incluidas las de inducci\u00f3n. El exterior altamente pulido y","og_url":"https:\/\/www.erresse-shop.it\/es\/shop\/sartenes-y-ollas\/juegos-de-ollas\/barazzoni-sapore-italiano-conjunto-de-11-piezas\/","og_site_name":"Erresse Shop","article_modified_time":"2025-06-17T14:18:06+00:00","og_image":[{"width":1200,"height":1200,"url":"https:\/\/www.erresse-shop.it\/wp-content\/uploads\/2025\/06\/BARAZZONI-Sapore-Italiano-Set-11-Pezzi.jpg","type":"image\/jpeg"}],"twitter_card":"summary_large_image","schema":{"@context":"https:\/\/schema.org","@graph":[{"@type":"WebPage","@id":"https:\/\/www.erresse-shop.it\/es\/shop\/sartenes-y-ollas\/juegos-de-ollas\/barazzoni-sapore-italiano-conjunto-de-11-piezas\/","url":"https:\/\/www.erresse-shop.it\/es\/shop\/sartenes-y-ollas\/juegos-de-ollas\/barazzoni-sapore-italiano-conjunto-de-11-piezas\/","name":"BARAZZONI Sapore Italiano Conjunto de 11 piezas - Erresse Shop","isPartOf":{"@id":"https:\/\/www.erresse-shop.it\/es\/#website"},"datePublished":"2025-06-17T14:03:41+00:00","dateModified":"2025-06-17T14:18:06+00:00","description":"Una placa de cocci\u00f3n con forma redondeada, elegante y curvada. Apto para todo tipo de cocinas, incluidas las de inducci\u00f3n. El exterior altamente pulido y","breadcrumb":{"@id":"https:\/\/www.erresse-shop.it\/es\/shop\/sartenes-y-ollas\/juegos-de-ollas\/barazzoni-sapore-italiano-conjunto-de-11-piezas\/#breadcrumb"},"inLanguage":"es","potentialAction":[{"@type":"ReadAction","target":["https:\/\/www.erresse-shop.it\/es\/shop\/sartenes-y-ollas\/juegos-de-ollas\/barazzoni-sapore-italiano-conjunto-de-11-piezas\/"]}]},{"@type":"BreadcrumbList","@id":"https:\/\/www.erresse-shop.it\/es\/shop\/sartenes-y-ollas\/juegos-de-ollas\/barazzoni-sapore-italiano-conjunto-de-11-piezas\/#breadcrumb","itemListElement":[{"@type":"ListItem","position":1,"name":"Home","item":"https:\/\/www.erresse-shop.it\/es\/"},{"@type":"ListItem","position":2,"name":"Shop","item":"https:\/\/www.erresse-shop.it\/es\/shop\/"},{"@type":"ListItem","position":3,"name":"BARAZZONI Sapore Italiano Conjunto de 11 piezas"}]},{"@type":"WebSite","@id":"https:\/\/www.erresse-shop.it\/es\/#website","url":"https:\/\/www.erresse-shop.it\/es\/","name":"Erresse Shop","description":"Articoli di qualit\u00e0 per la casa","potentialAction":[{"@type":"SearchAction","target":{"@type":"EntryPoint","urlTemplate":"https:\/\/www.erresse-shop.it\/es\/?s={search_term_string}"},"query-input":"required name=search_term_string"}],"inLanguage":"es"}]}},"df_price":229,"df_sale_price":229,"df_regular_price":763.33,"df_image_link":"https:\/\/www.erresse-shop.it\/wp-content\/uploads\/2025\/06\/BARAZZONI-Sapore-Italiano-Set-11-Pezzi-300x300.jpg","_links":{"self":[{"href":"https:\/\/www.erresse-shop.it\/es\/wp-json\/wp\/v2\/product\/503496"}],"collection":[{"href":"https:\/\/www.erresse-shop.it\/es\/wp-json\/wp\/v2\/product"}],"about":[{"href":"https:\/\/www.erresse-shop.it\/es\/wp-json\/wp\/v2\/types\/product"}],"wp:featuredmedia":[{"embeddable":true,"href":"https:\/\/www.erresse-shop.it\/es\/wp-json\/wp\/v2\/media\/503504"}],"wp:attachment":[{"href":"https:\/\/www.erresse-shop.it\/es\/wp-json\/wp\/v2\/media?parent=503496"}],"wp:term":[{"taxonomy":"product_cat","embeddable":true,"href":"https:\/\/www.erresse-shop.it\/es\/wp-json\/wp\/v2\/product_cat?post=503496"},{"taxonomy":"product_tag","embeddable":true,"href":"https:\/\/www.erresse-shop.it\/es\/wp-json\/wp\/v2\/product_tag?post=503496"}],"curies":[{"name":"wp","href":"https:\/\/api.w.org\/{rel}","templated":true}]}}