{"id":502228,"date":"2025-06-09T13:38:36","date_gmt":"2025-06-09T13:38:39","guid":{"rendered":"https:\/\/www.erresse-shop.it\/?post_type=product&#038;p=502228"},"modified":"2025-06-09T13:51:26","modified_gmt":"2025-06-09T13:51:26","slug":"villeroy-boch-memphis-set-de-6-tazas-de-cafe","status":"publish","type":"product","link":"https:\/\/www.erresse-shop.it\/es\/shop\/tabla\/tazas\/villeroy-boch-memphis-set-de-6-tazas-de-cafe\/","title":{"rendered":"VILLEROY &#038; BOCH Memphis Set de 6 tazas de caf\u00e9"},"content":{"rendered":"<h3 class=\"chakra-heading css-1gab7be\"><span style=\"font-size: 14pt;\">Taza de Caf\u00e9 Memphis<\/span><\/h3>\n<ul>\n<li>Con su capacidad de 60 ml, esta taza es ideal para disfrutar de tu caf\u00e9 a diario.<\/li>\n<li>Dise\u00f1ada para durar: incluso despu\u00e9s de un largo periodo de uso, la porcelana premium no pierde su calidad. Su brillo se mantiene intacto durante mucho tiempo.<\/li>\n<li>Arte para el d\u00eda a d\u00eda: la colecci\u00f3n Memphis no solo es funcional, sino tambi\u00e9n una experiencia visual.<\/li>\n<li>F\u00e1cil de cuidar: no necesita lavarse a mano, ya que es apta para lavavajillas sin problemas.<\/li>\n<\/ul>\n<p><strong>Material:<\/strong> Porcelana premium<br \/>\n<strong>Apto para lavavajillas:<\/strong> S\u00ed<br \/>\n<strong>Apto para microondas:<\/strong> S\u00ed<br \/>\n<strong>Altura:<\/strong> 60 mm<br \/>\n<strong>Volumen:<\/strong> 60 ml<\/p>\n","protected":false},"excerpt":{"rendered":"<p>Taza de Caf\u00e9 Memphis Con su capacidad de 60 ml, esta taza es ideal para disfrutar de tu caf\u00e9 a<\/p>\n","protected":false},"featured_media":502242,"template":"","meta":{"_acf_changed":false,"inline_featured_image":false},"product_cat":[16027,16034],"product_tag":[25029,23574,21941,16354,16355,16475,16909,21940,25023],"acf":[],"yoast_head":"<!-- This site is optimized with the Yoast SEO Premium plugin v18.6 (Yoast SEO v19.13) - https:\/\/yoast.com\/wordpress\/plugins\/seo\/ -->\n<title>VILLEROY &amp; BOCH Memphis Set de 6 tazas de caf\u00e9 - Erresse Shop<\/title>\n<meta name=\"description\" content=\"Taza de Caf\u00e9 Memphis Con su capacidad de 60 ml, esta taza es ideal para disfrutar de tu caf\u00e9 a diario. Dise\u00f1ada para durar: incluso despu\u00e9s de un largo\" \/>\n<meta name=\"robots\" content=\"index, follow, max-snippet:-1, max-image-preview:large, max-video-preview:-1\" \/>\n<link rel=\"canonical\" href=\"https:\/\/www.erresse-shop.it\/es\/shop\/tabla\/tazas\/villeroy-boch-memphis-set-de-6-tazas-de-cafe\/\" \/>\n<meta property=\"og:locale\" content=\"es_ES\" \/>\n<meta property=\"og:type\" content=\"article\" \/>\n<meta property=\"og:title\" content=\"VILLEROY &amp; BOCH Memphis Set de 6 tazas de caf\u00e9\" \/>\n<meta property=\"og:description\" content=\"Taza de Caf\u00e9 Memphis Con su capacidad de 60 ml, esta taza es ideal para disfrutar de tu caf\u00e9 a diario. Dise\u00f1ada para durar: incluso despu\u00e9s de un largo\" \/>\n<meta property=\"og:url\" content=\"https:\/\/www.erresse-shop.it\/es\/shop\/tabla\/tazas\/villeroy-boch-memphis-set-de-6-tazas-de-cafe\/\" \/>\n<meta property=\"og:site_name\" content=\"Erresse Shop\" \/>\n<meta property=\"article:modified_time\" content=\"2025-06-09T13:51:26+00:00\" \/>\n<meta property=\"og:image\" content=\"https:\/\/www.erresse-shop.it\/wp-content\/uploads\/2025\/06\/VILLEROY-BOCH-Memphis-Set-6-Tazzine-da-caffe.jpg\" \/>\n\t<meta property=\"og:image:width\" content=\"1229\" \/>\n\t<meta property=\"og:image:height\" content=\"1229\" \/>\n\t<meta property=\"og:image:type\" content=\"image\/jpeg\" \/>\n<meta name=\"twitter:card\" content=\"summary_large_image\" \/>\n<script type=\"application\/ld+json\" class=\"yoast-schema-graph\">{\"@context\":\"https:\/\/schema.org\",\"@graph\":[{\"@type\":\"WebPage\",\"@id\":\"https:\/\/www.erresse-shop.it\/es\/shop\/tabla\/tazas\/villeroy-boch-memphis-set-de-6-tazas-de-cafe\/\",\"url\":\"https:\/\/www.erresse-shop.it\/es\/shop\/tabla\/tazas\/villeroy-boch-memphis-set-de-6-tazas-de-cafe\/\",\"name\":\"VILLEROY & BOCH Memphis Set de 6 tazas de caf\u00e9 - Erresse Shop\",\"isPartOf\":{\"@id\":\"https:\/\/www.erresse-shop.it\/es\/#website\"},\"datePublished\":\"2025-06-09T13:38:39+00:00\",\"dateModified\":\"2025-06-09T13:51:26+00:00\",\"description\":\"Taza de Caf\u00e9 Memphis Con su capacidad de 60 ml, esta taza es ideal para disfrutar de tu caf\u00e9 a diario. Dise\u00f1ada para durar: incluso despu\u00e9s de un largo\",\"breadcrumb\":{\"@id\":\"https:\/\/www.erresse-shop.it\/es\/shop\/tabla\/tazas\/villeroy-boch-memphis-set-de-6-tazas-de-cafe\/#breadcrumb\"},\"inLanguage\":\"es\",\"potentialAction\":[{\"@type\":\"ReadAction\",\"target\":[\"https:\/\/www.erresse-shop.it\/es\/shop\/tabla\/tazas\/villeroy-boch-memphis-set-de-6-tazas-de-cafe\/\"]}]},{\"@type\":\"BreadcrumbList\",\"@id\":\"https:\/\/www.erresse-shop.it\/es\/shop\/tabla\/tazas\/villeroy-boch-memphis-set-de-6-tazas-de-cafe\/#breadcrumb\",\"itemListElement\":[{\"@type\":\"ListItem\",\"position\":1,\"name\":\"Home\",\"item\":\"https:\/\/www.erresse-shop.it\/es\/\"},{\"@type\":\"ListItem\",\"position\":2,\"name\":\"Shop\",\"item\":\"https:\/\/www.erresse-shop.it\/es\/shop\/\"},{\"@type\":\"ListItem\",\"position\":3,\"name\":\"VILLEROY &#038; BOCH Memphis Set de 6 tazas de caf\u00e9\"}]},{\"@type\":\"WebSite\",\"@id\":\"https:\/\/www.erresse-shop.it\/es\/#website\",\"url\":\"https:\/\/www.erresse-shop.it\/es\/\",\"name\":\"Erresse Shop\",\"description\":\"Articoli di qualit\u00e0 per la casa\",\"potentialAction\":[{\"@type\":\"SearchAction\",\"target\":{\"@type\":\"EntryPoint\",\"urlTemplate\":\"https:\/\/www.erresse-shop.it\/es\/?s={search_term_string}\"},\"query-input\":\"required name=search_term_string\"}],\"inLanguage\":\"es\"}]}<\/script>\n<!-- \/ Yoast SEO Premium plugin. -->","yoast_head_json":{"title":"VILLEROY & BOCH Memphis Set de 6 tazas de caf\u00e9 - Erresse Shop","description":"Taza de Caf\u00e9 Memphis Con su capacidad de 60 ml, esta taza es ideal para disfrutar de tu caf\u00e9 a diario. Dise\u00f1ada para durar: incluso despu\u00e9s de un largo","robots":{"index":"index","follow":"follow","max-snippet":"max-snippet:-1","max-image-preview":"max-image-preview:large","max-video-preview":"max-video-preview:-1"},"canonical":"https:\/\/www.erresse-shop.it\/es\/shop\/tabla\/tazas\/villeroy-boch-memphis-set-de-6-tazas-de-cafe\/","og_locale":"es_ES","og_type":"article","og_title":"VILLEROY & BOCH Memphis Set de 6 tazas de caf\u00e9","og_description":"Taza de Caf\u00e9 Memphis Con su capacidad de 60 ml, esta taza es ideal para disfrutar de tu caf\u00e9 a diario. Dise\u00f1ada para durar: incluso despu\u00e9s de un largo","og_url":"https:\/\/www.erresse-shop.it\/es\/shop\/tabla\/tazas\/villeroy-boch-memphis-set-de-6-tazas-de-cafe\/","og_site_name":"Erresse Shop","article_modified_time":"2025-06-09T13:51:26+00:00","og_image":[{"width":1229,"height":1229,"url":"https:\/\/www.erresse-shop.it\/wp-content\/uploads\/2025\/06\/VILLEROY-BOCH-Memphis-Set-6-Tazzine-da-caffe.jpg","type":"image\/jpeg"}],"twitter_card":"summary_large_image","schema":{"@context":"https:\/\/schema.org","@graph":[{"@type":"WebPage","@id":"https:\/\/www.erresse-shop.it\/es\/shop\/tabla\/tazas\/villeroy-boch-memphis-set-de-6-tazas-de-cafe\/","url":"https:\/\/www.erresse-shop.it\/es\/shop\/tabla\/tazas\/villeroy-boch-memphis-set-de-6-tazas-de-cafe\/","name":"VILLEROY & BOCH Memphis Set de 6 tazas de caf\u00e9 - Erresse Shop","isPartOf":{"@id":"https:\/\/www.erresse-shop.it\/es\/#website"},"datePublished":"2025-06-09T13:38:39+00:00","dateModified":"2025-06-09T13:51:26+00:00","description":"Taza de Caf\u00e9 Memphis Con su capacidad de 60 ml, esta taza es ideal para disfrutar de tu caf\u00e9 a diario. Dise\u00f1ada para durar: incluso despu\u00e9s de un largo","breadcrumb":{"@id":"https:\/\/www.erresse-shop.it\/es\/shop\/tabla\/tazas\/villeroy-boch-memphis-set-de-6-tazas-de-cafe\/#breadcrumb"},"inLanguage":"es","potentialAction":[{"@type":"ReadAction","target":["https:\/\/www.erresse-shop.it\/es\/shop\/tabla\/tazas\/villeroy-boch-memphis-set-de-6-tazas-de-cafe\/"]}]},{"@type":"BreadcrumbList","@id":"https:\/\/www.erresse-shop.it\/es\/shop\/tabla\/tazas\/villeroy-boch-memphis-set-de-6-tazas-de-cafe\/#breadcrumb","itemListElement":[{"@type":"ListItem","position":1,"name":"Home","item":"https:\/\/www.erresse-shop.it\/es\/"},{"@type":"ListItem","position":2,"name":"Shop","item":"https:\/\/www.erresse-shop.it\/es\/shop\/"},{"@type":"ListItem","position":3,"name":"VILLEROY &#038; BOCH Memphis Set de 6 tazas de caf\u00e9"}]},{"@type":"WebSite","@id":"https:\/\/www.erresse-shop.it\/es\/#website","url":"https:\/\/www.erresse-shop.it\/es\/","name":"Erresse Shop","description":"Articoli di qualit\u00e0 per la casa","potentialAction":[{"@type":"SearchAction","target":{"@type":"EntryPoint","urlTemplate":"https:\/\/www.erresse-shop.it\/es\/?s={search_term_string}"},"query-input":"required name=search_term_string"}],"inLanguage":"es"}]}},"df_price":59.7,"df_sale_price":59.7,"df_regular_price":119.4,"df_image_link":"https:\/\/www.erresse-shop.it\/wp-content\/uploads\/2025\/06\/VILLEROY-BOCH-Memphis-Set-6-Tazzine-da-caffe-300x300.jpg","_links":{"self":[{"href":"https:\/\/www.erresse-shop.it\/es\/wp-json\/wp\/v2\/product\/502228"}],"collection":[{"href":"https:\/\/www.erresse-shop.it\/es\/wp-json\/wp\/v2\/product"}],"about":[{"href":"https:\/\/www.erresse-shop.it\/es\/wp-json\/wp\/v2\/types\/product"}],"wp:featuredmedia":[{"embeddable":true,"href":"https:\/\/www.erresse-shop.it\/es\/wp-json\/wp\/v2\/media\/502242"}],"wp:attachment":[{"href":"https:\/\/www.erresse-shop.it\/es\/wp-json\/wp\/v2\/media?parent=502228"}],"wp:term":[{"taxonomy":"product_cat","embeddable":true,"href":"https:\/\/www.erresse-shop.it\/es\/wp-json\/wp\/v2\/product_cat?post=502228"},{"taxonomy":"product_tag","embeddable":true,"href":"https:\/\/www.erresse-shop.it\/es\/wp-json\/wp\/v2\/product_tag?post=502228"}],"curies":[{"name":"wp","href":"https:\/\/api.w.org\/{rel}","templated":true}]}}