{"id":501756,"date":"2025-06-03T08:46:17","date_gmt":"2025-06-03T08:46:21","guid":{"rendered":"https:\/\/www.erresse-shop.it\/?post_type=product&#038;p=501756"},"modified":"2025-06-03T09:18:49","modified_gmt":"2025-06-03T09:18:49","slug":"olimpia-splendid-dolceclima-compact-12-wifi-aire-acondicionado-portatil","status":"publish","type":"product","link":"https:\/\/www.erresse-shop.it\/es\/shop\/pequenos-electrodomesticos\/ventiladores\/olimpia-splendid-dolceclima-compact-12-wifi-aire-acondicionado-portatil\/","title":{"rendered":"OLIMPIA SPLENDID Dolceclima Compact 12 WiFi Aire acondicionado port\u00e1til"},"content":{"rendered":"<p>Es un aire acondicionado port\u00e1til pr\u00e1ctico y compacto que ofrece la m\u00e1xima potencia. Equipado con Wi-Fi integrado, te permite controlar todas sus funciones incluso fuera de casa a trav\u00e9s de tu smartphone.<br \/>\nPotente, compacto e inteligente. <\/p>\n<div class=\"box-icona\">\n<h3 class=\"title\"><span style=\"font-size: 14pt;\">TECNOLOG\u00cdA COMPACTA<\/span><\/h3>\n<div class=\"abstract\">Pr\u00e1ctico y compacto, se integra discretamente en cualquier contexto gracias a su reducido tama\u00f1o, sin sacrificar potencia.<\/div>\n<h3 class=\"abstract\"><span style=\"color: #1b1919; font-size: 14pt;\">M\u00c1XIMA PRACTICIDAD<\/span><\/h3>\n<\/div>\n<div class=\"box-icona\">\n<div class=\"abstract\">Asas y ruedas para facilitar su desplazamiento.<\/div>\n<\/div>\n<div class=\"box-icona\">\n<h3 class=\"title\"><span style=\"font-size: 14pt;\">PANTALLA T\u00c1CTIL<\/span><\/h3>\n<div class=\"abstract\">Panel de control t\u00e1ctil, de m\u00ednimo impacto est\u00e9tico, que permite una precisi\u00f3n \u00f3ptima. Control.<\/div>\n<\/div>\n<h3><span style=\"font-size: 14pt;\">FUNCIONES<\/span><\/h3>\n<ul>\n<li>Refrigeraci\u00f3n, deshumidificaci\u00f3n y ventilaci\u00f3n (2 velocidades)<\/li>\n<li>Temporizador de 24 h<\/li>\n<li>Funci\u00f3n de suspensi\u00f3n: aumenta gradualmente la temperatura configurada para un mayor confort t\u00e9rmico, desactivando tambi\u00e9n el brillo de la pantalla.<\/li>\n<li>Funci\u00f3n de reinicio autom\u00e1tico: tras un apag\u00f3n, se reinicia con la \u00faltima funci\u00f3n configurada.<\/li>\n<li>Funci\u00f3n de bloqueo: para activar o desactivar el bloqueo infantil.<\/li>\n<\/ul>\n<h3><span style=\"font-size: 14pt;\">CARACTER\u00cdSTICAS<\/span><\/h3>\n<ul>\n<li><strong>Potencia frigor\u00edfica:<\/strong> 2,9 kW**<\/li>\n<li><strong>Clase energ\u00e9tica:<\/strong> A (en un rango entre A+++ y D)<\/li>\n<li><strong>Potencia ac\u00fastica:<\/strong> 65 dB(A)<\/li>\n<li><strong>\u00cdndice de eficiencia energ\u00e9tica nominal:<\/strong> EER 2.6**<\/li>\n<li><strong>Gas refrigerante:<\/strong> R290<\/li>\n<li><strong>Sin dep\u00f3sito:<\/strong> Eliminaci\u00f3n autom\u00e1tica de condensaci\u00f3n<\/li>\n<li><strong>Filtro de polvo<\/strong><\/li>\n<li><strong>Mando a distancia multifunci\u00f3n<\/strong><\/li>\n<li><strong>Pr\u00e1cticas asas laterales y ruedas<\/strong><\/li>\n<li><strong>Kit de ventana y tubo flexible de escape de aire incluidos<\/strong><\/li>\n<\/ul>\n<p>&nbsp;<\/p>\n","protected":false},"excerpt":{"rendered":"<p>Es un aire acondicionado port\u00e1til pr\u00e1ctico y compacto que ofrece la m\u00e1xima potencia. Equipado con Wi-Fi integrado, te permite controlar<\/p>\n","protected":false},"featured_media":501768,"template":"","meta":{"_acf_changed":false,"inline_featured_image":false},"product_cat":[16073,25277],"product_tag":[16259],"acf":[],"yoast_head":"<!-- This site is optimized with the Yoast SEO Premium plugin v18.6 (Yoast SEO v19.13) - https:\/\/yoast.com\/wordpress\/plugins\/seo\/ -->\n<title>OLIMPIA SPLENDID Dolceclima Compact 12 WiFi Aire acondicionado port\u00e1til - Erresse Shop<\/title>\n<meta name=\"description\" content=\"Es un aire acondicionado port\u00e1til pr\u00e1ctico y compacto que ofrece la m\u00e1xima potencia. Equipado con Wi-Fi integrado, te permite controlar todas sus\" \/>\n<meta name=\"robots\" content=\"index, follow, max-snippet:-1, max-image-preview:large, max-video-preview:-1\" \/>\n<link rel=\"canonical\" href=\"https:\/\/www.erresse-shop.it\/es\/shop\/pequenos-electrodomesticos\/ventiladores\/olimpia-splendid-dolceclima-compact-12-wifi-aire-acondicionado-portatil\/\" \/>\n<meta property=\"og:locale\" content=\"es_ES\" \/>\n<meta property=\"og:type\" content=\"article\" \/>\n<meta property=\"og:title\" content=\"OLIMPIA SPLENDID Dolceclima Compact 12 WiFi Aire acondicionado port\u00e1til\" \/>\n<meta property=\"og:description\" content=\"Es un aire acondicionado port\u00e1til pr\u00e1ctico y compacto que ofrece la m\u00e1xima potencia. Equipado con Wi-Fi integrado, te permite controlar todas sus\" \/>\n<meta property=\"og:url\" content=\"https:\/\/www.erresse-shop.it\/es\/shop\/pequenos-electrodomesticos\/ventiladores\/olimpia-splendid-dolceclima-compact-12-wifi-aire-acondicionado-portatil\/\" \/>\n<meta property=\"og:site_name\" content=\"Erresse Shop\" \/>\n<meta property=\"article:modified_time\" content=\"2025-06-03T09:18:49+00:00\" \/>\n<meta property=\"og:image\" content=\"https:\/\/www.erresse-shop.it\/wp-content\/uploads\/2025\/06\/OLIMPIA-SPLENDID-Compact-12-WiFi-Condizionatore.jpg\" \/>\n\t<meta property=\"og:image:width\" content=\"1200\" \/>\n\t<meta property=\"og:image:height\" content=\"1200\" \/>\n\t<meta property=\"og:image:type\" content=\"image\/jpeg\" \/>\n<meta name=\"twitter:card\" content=\"summary_large_image\" \/>\n<script type=\"application\/ld+json\" class=\"yoast-schema-graph\">{\"@context\":\"https:\/\/schema.org\",\"@graph\":[{\"@type\":\"WebPage\",\"@id\":\"https:\/\/www.erresse-shop.it\/es\/shop\/pequenos-electrodomesticos\/ventiladores\/olimpia-splendid-dolceclima-compact-12-wifi-aire-acondicionado-portatil\/\",\"url\":\"https:\/\/www.erresse-shop.it\/es\/shop\/pequenos-electrodomesticos\/ventiladores\/olimpia-splendid-dolceclima-compact-12-wifi-aire-acondicionado-portatil\/\",\"name\":\"OLIMPIA SPLENDID Dolceclima Compact 12 WiFi Aire acondicionado port\u00e1til - Erresse Shop\",\"isPartOf\":{\"@id\":\"https:\/\/www.erresse-shop.it\/es\/#website\"},\"datePublished\":\"2025-06-03T08:46:21+00:00\",\"dateModified\":\"2025-06-03T09:18:49+00:00\",\"description\":\"Es un aire acondicionado port\u00e1til pr\u00e1ctico y compacto que ofrece la m\u00e1xima potencia. Equipado con Wi-Fi integrado, te permite controlar todas sus\",\"breadcrumb\":{\"@id\":\"https:\/\/www.erresse-shop.it\/es\/shop\/pequenos-electrodomesticos\/ventiladores\/olimpia-splendid-dolceclima-compact-12-wifi-aire-acondicionado-portatil\/#breadcrumb\"},\"inLanguage\":\"es\",\"potentialAction\":[{\"@type\":\"ReadAction\",\"target\":[\"https:\/\/www.erresse-shop.it\/es\/shop\/pequenos-electrodomesticos\/ventiladores\/olimpia-splendid-dolceclima-compact-12-wifi-aire-acondicionado-portatil\/\"]}]},{\"@type\":\"BreadcrumbList\",\"@id\":\"https:\/\/www.erresse-shop.it\/es\/shop\/pequenos-electrodomesticos\/ventiladores\/olimpia-splendid-dolceclima-compact-12-wifi-aire-acondicionado-portatil\/#breadcrumb\",\"itemListElement\":[{\"@type\":\"ListItem\",\"position\":1,\"name\":\"Home\",\"item\":\"https:\/\/www.erresse-shop.it\/es\/\"},{\"@type\":\"ListItem\",\"position\":2,\"name\":\"Shop\",\"item\":\"https:\/\/www.erresse-shop.it\/es\/shop\/\"},{\"@type\":\"ListItem\",\"position\":3,\"name\":\"OLIMPIA SPLENDID Dolceclima Compact 12 WiFi Aire acondicionado port\u00e1til\"}]},{\"@type\":\"WebSite\",\"@id\":\"https:\/\/www.erresse-shop.it\/es\/#website\",\"url\":\"https:\/\/www.erresse-shop.it\/es\/\",\"name\":\"Erresse Shop\",\"description\":\"Articoli di qualit\u00e0 per la casa\",\"potentialAction\":[{\"@type\":\"SearchAction\",\"target\":{\"@type\":\"EntryPoint\",\"urlTemplate\":\"https:\/\/www.erresse-shop.it\/es\/?s={search_term_string}\"},\"query-input\":\"required name=search_term_string\"}],\"inLanguage\":\"es\"}]}<\/script>\n<!-- \/ Yoast SEO Premium plugin. -->","yoast_head_json":{"title":"OLIMPIA SPLENDID Dolceclima Compact 12 WiFi Aire acondicionado port\u00e1til - Erresse Shop","description":"Es un aire acondicionado port\u00e1til pr\u00e1ctico y compacto que ofrece la m\u00e1xima potencia. Equipado con Wi-Fi integrado, te permite controlar todas sus","robots":{"index":"index","follow":"follow","max-snippet":"max-snippet:-1","max-image-preview":"max-image-preview:large","max-video-preview":"max-video-preview:-1"},"canonical":"https:\/\/www.erresse-shop.it\/es\/shop\/pequenos-electrodomesticos\/ventiladores\/olimpia-splendid-dolceclima-compact-12-wifi-aire-acondicionado-portatil\/","og_locale":"es_ES","og_type":"article","og_title":"OLIMPIA SPLENDID Dolceclima Compact 12 WiFi Aire acondicionado port\u00e1til","og_description":"Es un aire acondicionado port\u00e1til pr\u00e1ctico y compacto que ofrece la m\u00e1xima potencia. Equipado con Wi-Fi integrado, te permite controlar todas sus","og_url":"https:\/\/www.erresse-shop.it\/es\/shop\/pequenos-electrodomesticos\/ventiladores\/olimpia-splendid-dolceclima-compact-12-wifi-aire-acondicionado-portatil\/","og_site_name":"Erresse Shop","article_modified_time":"2025-06-03T09:18:49+00:00","og_image":[{"width":1200,"height":1200,"url":"https:\/\/www.erresse-shop.it\/wp-content\/uploads\/2025\/06\/OLIMPIA-SPLENDID-Compact-12-WiFi-Condizionatore.jpg","type":"image\/jpeg"}],"twitter_card":"summary_large_image","schema":{"@context":"https:\/\/schema.org","@graph":[{"@type":"WebPage","@id":"https:\/\/www.erresse-shop.it\/es\/shop\/pequenos-electrodomesticos\/ventiladores\/olimpia-splendid-dolceclima-compact-12-wifi-aire-acondicionado-portatil\/","url":"https:\/\/www.erresse-shop.it\/es\/shop\/pequenos-electrodomesticos\/ventiladores\/olimpia-splendid-dolceclima-compact-12-wifi-aire-acondicionado-portatil\/","name":"OLIMPIA SPLENDID Dolceclima Compact 12 WiFi Aire acondicionado port\u00e1til - Erresse Shop","isPartOf":{"@id":"https:\/\/www.erresse-shop.it\/es\/#website"},"datePublished":"2025-06-03T08:46:21+00:00","dateModified":"2025-06-03T09:18:49+00:00","description":"Es un aire acondicionado port\u00e1til pr\u00e1ctico y compacto que ofrece la m\u00e1xima potencia. Equipado con Wi-Fi integrado, te permite controlar todas sus","breadcrumb":{"@id":"https:\/\/www.erresse-shop.it\/es\/shop\/pequenos-electrodomesticos\/ventiladores\/olimpia-splendid-dolceclima-compact-12-wifi-aire-acondicionado-portatil\/#breadcrumb"},"inLanguage":"es","potentialAction":[{"@type":"ReadAction","target":["https:\/\/www.erresse-shop.it\/es\/shop\/pequenos-electrodomesticos\/ventiladores\/olimpia-splendid-dolceclima-compact-12-wifi-aire-acondicionado-portatil\/"]}]},{"@type":"BreadcrumbList","@id":"https:\/\/www.erresse-shop.it\/es\/shop\/pequenos-electrodomesticos\/ventiladores\/olimpia-splendid-dolceclima-compact-12-wifi-aire-acondicionado-portatil\/#breadcrumb","itemListElement":[{"@type":"ListItem","position":1,"name":"Home","item":"https:\/\/www.erresse-shop.it\/es\/"},{"@type":"ListItem","position":2,"name":"Shop","item":"https:\/\/www.erresse-shop.it\/es\/shop\/"},{"@type":"ListItem","position":3,"name":"OLIMPIA SPLENDID Dolceclima Compact 12 WiFi Aire acondicionado port\u00e1til"}]},{"@type":"WebSite","@id":"https:\/\/www.erresse-shop.it\/es\/#website","url":"https:\/\/www.erresse-shop.it\/es\/","name":"Erresse Shop","description":"Articoli di qualit\u00e0 per la casa","potentialAction":[{"@type":"SearchAction","target":{"@type":"EntryPoint","urlTemplate":"https:\/\/www.erresse-shop.it\/es\/?s={search_term_string}"},"query-input":"required name=search_term_string"}],"inLanguage":"es"}]}},"df_price":399,"df_sale_price":399,"df_regular_price":399,"df_image_link":"https:\/\/www.erresse-shop.it\/wp-content\/uploads\/2025\/06\/OLIMPIA-SPLENDID-Compact-12-WiFi-Condizionatore-300x300.jpg","_links":{"self":[{"href":"https:\/\/www.erresse-shop.it\/es\/wp-json\/wp\/v2\/product\/501756"}],"collection":[{"href":"https:\/\/www.erresse-shop.it\/es\/wp-json\/wp\/v2\/product"}],"about":[{"href":"https:\/\/www.erresse-shop.it\/es\/wp-json\/wp\/v2\/types\/product"}],"wp:featuredmedia":[{"embeddable":true,"href":"https:\/\/www.erresse-shop.it\/es\/wp-json\/wp\/v2\/media\/501768"}],"wp:attachment":[{"href":"https:\/\/www.erresse-shop.it\/es\/wp-json\/wp\/v2\/media?parent=501756"}],"wp:term":[{"taxonomy":"product_cat","embeddable":true,"href":"https:\/\/www.erresse-shop.it\/es\/wp-json\/wp\/v2\/product_cat?post=501756"},{"taxonomy":"product_tag","embeddable":true,"href":"https:\/\/www.erresse-shop.it\/es\/wp-json\/wp\/v2\/product_tag?post=501756"}],"curies":[{"name":"wp","href":"https:\/\/api.w.org\/{rel}","templated":true}]}}